{"id":27134,"date":"2016-04-15T09:01:06","date_gmt":"2016-04-15T08:01:06","guid":{"rendered":"https:\/\/www.mondragon-assembly.com\/laminators\/"},"modified":"2025-05-14T10:51:20","modified_gmt":"2025-05-14T09:51:20","slug":"laminators","status":"publish","type":"page","link":"https:\/\/www.mondragon-assembly.com\/es-mx\/solar-automation-solutions\/individual-equipment-2\/laminators\/","title":{"rendered":"Laminadores"},"content":{"rendered":"<div class=\"wpb-content-wrapper\"><p>[vc_row][vc_column][vc_column_text el_class=&#8221;icon_list&#8221;]La laminaci\u00f3n es un proceso crucial en la fabricaci\u00f3n de paneles fotovoltaicos; asegura la calidad y durabilidad del m\u00f3dulo fotovoltaico. Podemos ofrecer laminadoras personalizadas para atender todas las necesidades productivas.[\/vc_column_text][\/vc_column][\/vc_row][vc_row][vc_column][vc_single_image image=&#8221;22535&#8243; img_size=&#8221;full&#8221; alignment=&#8221;center&#8221; style=&#8221;vc_box_outline&#8221; css_animation=&#8221;fadeIn&#8221;][\/vc_column][\/vc_row][vc_row][vc_column][vc_empty_space][\/vc_column][\/vc_row][vc_row full_width=&#8221;stretch_row_content&#8221;][vc_column width=&#8221;1\/6&#8243;][\/vc_column][vc_column width=&#8221;2\/6&#8243;][vc_column_text]<\/p>\n<h3><span style=\"color: #e20026;\"><img decoding=\"async\" class=\"alignnone size-full wp-image-22215\" src=\"https:\/\/www.mondragon-assembly.com\/wp-content\/uploads\/2019\/06\/icon-description.jpg\" alt=\"\" width=\"41\" height=\"41\" \/> Descripci\u00f3n<\/span><\/h3>\n<p>[\/vc_column_text][vc_column_text]Encapsulaci\u00f3n de las c\u00e9lulas fotovoltaicas por medio de la aplicaci\u00f3n controlada de presi\u00f3n y temperatura.[\/vc_column_text][\/vc_column][vc_column width=&#8221;2\/6&#8243;][vc_column_text]<\/p>\n<h3><span style=\"color: #e20026;\"><img decoding=\"async\" class=\"alignnone wp-image-22325 size-full\" src=\"https:\/\/www.mondragon-assembly.com\/wp-content\/uploads\/2019\/06\/icon-advantages.jpg\" alt=\"\" width=\"41\" height=\"41\" \/> Ventajas<\/span><\/h3>\n<p>[\/vc_column_text][vc_column_text]Soluciones personalizadas para todas las tecnolog\u00edas del mercado solar[\/vc_column_text][\/vc_column][vc_column width=&#8221;1\/6&#8243;][\/vc_column][\/vc_row][vc_row full_width=&#8221;stretch_row_content&#8221;][vc_column width=&#8221;1\/6&#8243;][\/vc_column][vc_column width=&#8221;2\/6&#8243;][vc_column_text]<\/p>\n<h3><span style=\"color: #e20026;\"><img decoding=\"async\" class=\"alignnone wp-image-22233 size-full\" src=\"https:\/\/www.mondragon-assembly.com\/wp-content\/uploads\/2019\/06\/icon-main-features.jpg\" alt=\"\" width=\"41\" height=\"41\" \/> Caracter\u00edsticas principales<\/span><\/h3>\n<p>[\/vc_column_text][vc_column_text el_class=&#8221;icon_list&#8221;]<\/p>\n<ul>\n<li>Tecnolog\u00edas de membrana y flat press<\/li>\n<li>Sistemas de calentamiento de aceite o h\u00edbridos<\/li>\n<\/ul>\n<p>[\/vc_column_text][\/vc_column][vc_column width=&#8221;2\/6&#8243;][\/vc_column][vc_column width=&#8221;1\/6&#8243;][\/vc_column][\/vc_row][vc_row][vc_column width=&#8221;1\/2&#8243;][vc_single_image image=&#8221;49964&#8243; img_size=&#8221;full&#8221; alignment=&#8221;center&#8221; onclick=&#8221;custom_link&#8221; css_animation=&#8221;fadeIn&#8221; css=&#8221;.vc_custom_1747215917036{border-top-width: 3px !important;border-right-width: 3px !important;border-bottom-width: 3px !important;border-left-width: 3px !important;border-left-style: solid !important;border-right-style: solid !important;border-top-style: solid !important;border-bottom-style: solid !important;border-color: #fce3e9 !important;}&#8221; link=&#8221;https:\/\/www.mondragon-assembly.com\/es-mx\/solar-automation-solutions\/individual-equipment-2\/laminators\/ml-membrane-best-value-laminator\/&#8221;][vc_column_text css=&#8221;.vc_custom_1616358410935{margin-top: -25px !important;}&#8221; el_class=&#8221;icon_list_subt&#8221;]<\/p>\n<h4>ML MEMBRANE: Laminador con mejor relaci\u00f3n calidad precio<\/h4>\n<p>[\/vc_column_text][\/vc_column][vc_column width=&#8221;1\/2&#8243;][vc_single_image image=&#8221;45349&#8243; img_size=&#8221;full&#8221; alignment=&#8221;center&#8221; onclick=&#8221;custom_link&#8221; css_animation=&#8221;fadeIn&#8221; css=&#8221;.vc_custom_1747216280567{border-top-width: 3px !important;border-right-width: 3px !important;border-bottom-width: 3px !important;border-left-width: 3px !important;border-left-style: solid !important;border-right-style: solid !important;border-top-style: solid !important;border-bottom-style: solid !important;border-color: #fce3e9 !important;}&#8221; link=&#8221;https:\/\/www.mondragon-assembly.com\/es-mx\/solar-automation-solutions\/individual-equipment-2\/laminators\/jt-inside-best-performance-laminator-on-the-market\/&#8221;][vc_column_text css=&#8221;.vc_custom_1616358426716{margin-top: -25px !important;}&#8221; el_class=&#8221;icon_list_subt&#8221;]<\/p>\n<h4>JT INSIDE: Laminador con el mejor rendimiento del mercado<\/h4>\n<h4><\/h4>\n<p>[\/vc_column_text][\/vc_column][\/vc_row][vc_row][vc_column width=&#8221;1\/4&#8243;][\/vc_column][vc_column width=&#8221;1\/2&#8243;][\/vc_column][vc_column width=&#8221;1\/4&#8243;][\/vc_column][\/vc_row]<\/p>\n<\/div>","protected":false},"excerpt":{"rendered":"<p>[vc_row][vc_column][vc_column_text el_class=&#8221;icon_list&#8221;]La laminaci\u00f3n es un proceso crucial en la fabricaci\u00f3n de paneles fotovoltaicos; asegura la calidad y durabilidad del m\u00f3dulo fotovoltaico. Podemos ofrecer laminadoras personalizadas para atender todas las necesidades productivas.[\/vc_column_text][\/vc_column][\/vc_row][vc_row][vc_column][vc_single_image image=&#8221;22535&#8243; img_size=&#8221;full&#8221; alignment=&#8221;center&#8221; style=&#8221;vc_box_outline&#8221; css_animation=&#8221;fadeIn&#8221;][\/vc_column][\/vc_row][vc_row][vc_column][vc_empty_space][\/vc_column][\/vc_row][vc_row full_width=&#8221;stretch_row_content&#8221;][vc_column width=&#8221;1\/6&#8243;][\/vc_column][vc_column width=&#8221;2\/6&#8243;][vc_column_text] Descripci\u00f3n [\/vc_column_text][vc_column_text]Encapsulaci\u00f3n de las c\u00e9lulas fotovoltaicas por medio de la aplicaci\u00f3n controlada de presi\u00f3n y temperatura.[\/vc_column_text][\/vc_column][vc_column [&hellip;]<\/p>\n","protected":false},"author":4,"featured_media":0,"parent":29933,"menu_order":0,"comment_status":"closed","ping_status":"closed","template":"sectors.php","meta":{"_lmt_disableupdate":"no","_lmt_disable":"","footnotes":""},"yst_prominent_words":[2253,2255,2363,554,740,743,1039,2120,2121,2191],"class_list":["post-27134","page","type-page","status-publish","hentry"],"acf":[],"_links":{"self":[{"href":"https:\/\/www.mondragon-assembly.com\/es-mx\/wp-json\/wp\/v2\/pages\/27134","targetHints":{"allow":["GET"]}}],"collection":[{"href":"https:\/\/www.mondragon-assembly.com\/es-mx\/wp-json\/wp\/v2\/pages"}],"about":[{"href":"https:\/\/www.mondragon-assembly.com\/es-mx\/wp-json\/wp\/v2\/types\/page"}],"author":[{"embeddable":true,"href":"https:\/\/www.mondragon-assembly.com\/es-mx\/wp-json\/wp\/v2\/users\/4"}],"replies":[{"embeddable":true,"href":"https:\/\/www.mondragon-assembly.com\/es-mx\/wp-json\/wp\/v2\/comments?post=27134"}],"version-history":[{"count":19,"href":"https:\/\/www.mondragon-assembly.com\/es-mx\/wp-json\/wp\/v2\/pages\/27134\/revisions"}],"predecessor-version":[{"id":77737,"href":"https:\/\/www.mondragon-assembly.com\/es-mx\/wp-json\/wp\/v2\/pages\/27134\/revisions\/77737"}],"up":[{"embeddable":true,"href":"https:\/\/www.mondragon-assembly.com\/es-mx\/wp-json\/wp\/v2\/pages\/29933"}],"wp:attachment":[{"href":"https:\/\/www.mondragon-assembly.com\/es-mx\/wp-json\/wp\/v2\/media?parent=27134"}],"wp:term":[{"taxonomy":"yst_prominent_words","embeddable":true,"href":"https:\/\/www.mondragon-assembly.com\/es-mx\/wp-json\/wp\/v2\/yst_prominent_words?post=27134"}],"curies":[{"name":"wp","href":"https:\/\/api.w.org\/{rel}","templated":true}]}}