{"id":27214,"date":"2020-11-01T20:40:23","date_gmt":"2020-11-01T19:40:23","guid":{"rendered":"https:\/\/www.mondragon-assembly.com\/other-equipment\/"},"modified":"2025-05-14T10:43:36","modified_gmt":"2025-05-14T09:43:36","slug":"other-equipment","status":"publish","type":"page","link":"https:\/\/www.mondragon-assembly.com\/es-mx\/solar-automation-solutions\/individual-equipment-2\/other-equipment\/","title":{"rendered":"Equipos auxiliares"},"content":{"rendered":"<div class=\"wpb-content-wrapper\"><p>[vc_row][vc_column width=&#8221;1\/2&#8243;][vc_single_image image=&#8221;23688&#8243; img_size=&#8221;full&#8221; onclick=&#8221;custom_link&#8221; css_animation=&#8221;fadeIn&#8221; css=&#8221;.vc_custom_1745820756028{border-top-width: 3px !important;border-right-width: 3px !important;border-bottom-width: 3px !important;border-left-width: 3px !important;border-left-style: solid !important;border-right-style: solid !important;border-top-style: solid !important;border-bottom-style: solid !important;border-color: #fce3e9 !important;}&#8221; link=&#8221;https:\/\/www.mondragon-assembly.com\/es-mx\/solar-automation-solutions\/individual-equipment-2\/other-equipment\/automatic-glass-loading\/&#8221;][vc_column_text css=&#8221;.vc_custom_1613540887275{margin-top: -10px !important;}&#8221; el_class=&#8221;icon_list_subt&#8221;]<\/p>\n<h4>Carga autom\u00e1tica del cristal<\/h4>\n<p>[\/vc_column_text][\/vc_column][vc_column width=&#8221;1\/2&#8243;][vc_single_image image=&#8221;25747&#8243; img_size=&#8221;full&#8221; onclick=&#8221;custom_link&#8221; css_animation=&#8221;fadeIn&#8221; css=&#8221;.vc_custom_1745831536176{border-top-width: 3px !important;border-right-width: 3px !important;border-bottom-width: 3px !important;border-left-width: 3px !important;border-left-style: solid !important;border-right-style: solid !important;border-top-style: solid !important;border-bottom-style: solid !important;border-color: #fce3e9 !important;}&#8221; link=&#8221;https:\/\/www.mondragon-assembly.com\/es-mx\/solar-automation-solutions\/individual-equipment-2\/other-equipment\/encapsulant-and-backsheet-cut-and-place\/&#8221;][vc_column_text css=&#8221;.vc_custom_1614101672060{margin-top: -10px !important;}&#8221; el_class=&#8221;icon_list_subt&#8221;]<\/p>\n<h4>Corte y colocaci\u00f3n de encapsulante y backsheet<\/h4>\n<p>[\/vc_column_text][\/vc_column][\/vc_row][vc_row][vc_column width=&#8221;1\/2&#8243;][vc_single_image image=&#8221;49676&#8243; img_size=&#8221;full&#8221; onclick=&#8221;custom_link&#8221; css_animation=&#8221;fadeIn&#8221; css=&#8221;.vc_custom_1745831748150{border-top-width: 3px !important;border-right-width: 3px !important;border-bottom-width: 3px !important;border-left-width: 3px !important;border-left-style: solid !important;border-right-style: solid !important;border-top-style: solid !important;border-bottom-style: solid !important;border-color: #fce3e9 !important;}&#8221; link=&#8221;https:\/\/www.mondragon-assembly.com\/es-mx\/solar-automation-solutions\/individual-equipment-2\/other-equipment\/second-glass-loading\/&#8221;][vc_column_text css=&#8221;.vc_custom_1611843046206{margin-top: -10px !important;}&#8221; el_class=&#8221;icon_list_subt&#8221;]<\/p>\n<h4>Carga del segundo cristal<\/h4>\n<p>[\/vc_column_text][\/vc_column][vc_column width=&#8221;1\/2&#8243;][vc_single_image image=&#8221;49692&#8243; img_size=&#8221;full&#8221; onclick=&#8221;custom_link&#8221; css_animation=&#8221;fadeIn&#8221; css=&#8221;.vc_custom_1745831946835{border-top-width: 3px !important;border-right-width: 3px !important;border-bottom-width: 3px !important;border-left-width: 3px !important;border-left-style: solid !important;border-right-style: solid !important;border-top-style: solid !important;border-bottom-style: solid !important;border-color: #fce3e9 !important;}&#8221; link=&#8221;https:\/\/www.mondragon-assembly.com\/es-mx\/solar-automation-solutions\/individual-equipment-2\/other-equipment\/buffer\/&#8221;][vc_column_text css=&#8221;.vc_custom_1604254503027{margin-top: -10px !important;}&#8221; el_class=&#8221;icon_list_subt&#8221;]<\/p>\n<h4>Buffer<\/h4>\n<p>[\/vc_column_text][\/vc_column][\/vc_row][vc_row][vc_column width=&#8221;1\/2&#8243;][vc_single_image image=&#8221;25767&#8243; img_size=&#8221;full&#8221; onclick=&#8221;custom_link&#8221; css_animation=&#8221;fadeIn&#8221; css=&#8221;.vc_custom_1747215815134{border-top-width: 3px !important;border-right-width: 3px !important;border-bottom-width: 3px !important;border-left-width: 3px !important;border-left-style: solid !important;border-right-style: solid !important;border-top-style: solid !important;border-bottom-style: solid !important;border-color: #fce3e9 !important;}&#8221; link=&#8221;https:\/\/www.mondragon-assembly.com\/es-mx\/solar-automation-solutions\/individual-equipment-2\/other-equipment\/edge-trimming\/&#8221;][vc_column_text css=&#8221;.vc_custom_1604254513655{margin-top: -10px !important;}&#8221; el_class=&#8221;icon_list_subt&#8221;]<\/p>\n<h4>Recorte de bordes<\/h4>\n<p>[\/vc_column_text][\/vc_column][vc_column width=&#8221;1\/2&#8243;][vc_single_image image=&#8221;23715&#8243; img_size=&#8221;full&#8221; onclick=&#8221;custom_link&#8221; css_animation=&#8221;fadeIn&#8221; css=&#8221;.vc_custom_1745919367089{border-top-width: 3px !important;border-right-width: 3px !important;border-bottom-width: 3px !important;border-left-width: 3px !important;border-left-style: solid !important;border-right-style: solid !important;border-top-style: solid !important;border-bottom-style: solid !important;border-color: #fce3e9 !important;}&#8221; link=&#8221;https:\/\/www.mondragon-assembly.com\/es-mx\/solar-automation-solutions\/individual-equipment-2\/other-equipment\/auto-framing\/&#8221;][vc_column_text css=&#8221;.vc_custom_1604254528209{margin-top: -10px !important;}&#8221; el_class=&#8221;icon_list_subt&#8221;]<\/p>\n<h4>Enmarcado autom\u00e1tico<\/h4>\n<p>[\/vc_column_text][\/vc_column][\/vc_row][vc_row][vc_column width=&#8221;1\/2&#8243;][vc_single_image image=&#8221;45365&#8243; img_size=&#8221;full&#8221; onclick=&#8221;custom_link&#8221; css_animation=&#8221;fadeIn&#8221; css=&#8221;.vc_custom_1745920135895{border-top-width: 3px !important;border-right-width: 3px !important;border-bottom-width: 3px !important;border-left-width: 3px !important;border-left-style: solid !important;border-right-style: solid !important;border-top-style: solid !important;border-bottom-style: solid !important;border-color: #fce3e9 !important;}&#8221; link=&#8221;https:\/\/www.mondragon-assembly.com\/es-mx\/solar-automation-solutions\/individual-equipment-2\/other-equipment\/potting\/&#8221;][vc_column_text css=&#8221;.vc_custom_1614101728366{margin-top: -10px !important;}&#8221; el_class=&#8221;icon_list_subt&#8221;]<\/p>\n<h4>Potting autom\u00e1tico<\/h4>\n<p>[\/vc_column_text][\/vc_column][vc_column width=&#8221;1\/2&#8243;][vc_single_image image=&#8221;23724&#8243; img_size=&#8221;full&#8221; onclick=&#8221;custom_link&#8221; css_animation=&#8221;fadeIn&#8221; css=&#8221;.vc_custom_1745920146918{border-top-width: 3px !important;border-right-width: 3px !important;border-bottom-width: 3px !important;border-left-width: 3px !important;border-left-style: solid !important;border-right-style: solid !important;border-top-style: solid !important;border-bottom-style: solid !important;border-color: #fce3e9 !important;}&#8221; link=&#8221;https:\/\/www.mondragon-assembly.com\/es-mx\/solar-automation-solutions\/individual-equipment-2\/other-equipment\/curing-line\/&#8221;][vc_column_text css=&#8221;.vc_custom_1604254554395{margin-top: -10px !important;}&#8221; el_class=&#8221;icon_list_subt&#8221;]<\/p>\n<h4>L\u00ednea de curado<\/h4>\n<p>[\/vc_column_text][\/vc_column][\/vc_row][vc_row][vc_column width=&#8221;1\/2&#8243;][vc_single_image image=&#8221;25822&#8243; img_size=&#8221;full&#8221; onclick=&#8221;custom_link&#8221; css_animation=&#8221;fadeIn&#8221; css=&#8221;.vc_custom_1745920156146{border-top-width: 3px !important;border-right-width: 3px !important;border-bottom-width: 3px !important;border-left-width: 3px !important;border-left-style: solid !important;border-right-style: solid !important;border-top-style: solid !important;border-bottom-style: solid !important;border-color: #fce3e9 !important;}&#8221; link=&#8221;https:\/\/www.mondragon-assembly.com\/es-mx\/solar-automation-solutions\/individual-equipment-2\/other-equipment\/corner-grinding\/&#8221;][vc_column_text css=&#8221;.vc_custom_1604254563835{margin-top: -10px !important;}&#8221; el_class=&#8221;icon_list_subt&#8221;]<\/p>\n<h4>Rectificado de esquinas<\/h4>\n<p>[\/vc_column_text][\/vc_column][vc_column width=&#8221;1\/2&#8243;][vc_single_image image=&#8221;45357&#8243; img_size=&#8221;full&#8221; onclick=&#8221;custom_link&#8221; css_animation=&#8221;fadeIn&#8221; css=&#8221;.vc_custom_1745920165085{border-top-width: 3px !important;border-right-width: 3px !important;border-bottom-width: 3px !important;border-left-width: 3px !important;border-left-style: solid !important;border-right-style: solid !important;border-top-style: solid !important;border-bottom-style: solid !important;border-color: #fce3e9 !important;}&#8221; link=&#8221;https:\/\/www.mondragon-assembly.com\/es-mx\/solar-automation-solutions\/individual-equipment-2\/other-equipment\/labelling-machine\/&#8221;][vc_column_text css=&#8221;.vc_custom_1604254579772{margin-top: -10px !important;}&#8221; el_class=&#8221;icon_list_subt&#8221;]<\/p>\n<h4>M\u00e1quina de etiquetado<\/h4>\n<p>[\/vc_column_text][\/vc_column][\/vc_row][vc_row][vc_column width=&#8221;1\/2&#8243;][vc_single_image image=&#8221;25526&#8243; img_size=&#8221;full&#8221; onclick=&#8221;custom_link&#8221; css_animation=&#8221;fadeIn&#8221; css=&#8221;.vc_custom_1745920174283{border-top-width: 3px !important;border-right-width: 3px !important;border-bottom-width: 3px !important;border-left-width: 3px !important;border-left-style: solid !important;border-right-style: solid !important;border-top-style: solid !important;border-bottom-style: solid !important;border-color: #fce3e9 !important;}&#8221; link=&#8221;https:\/\/www.mondragon-assembly.com\/es-mx\/solar-automation-solutions\/individual-equipment-2\/other-equipment\/automatic-module-sorting\/&#8221;][vc_column_text css=&#8221;.vc_custom_1604254588612{margin-top: -10px !important;}&#8221; el_class=&#8221;icon_list_subt&#8221;]<\/p>\n<h4>Clasificaci\u00f3n autom\u00e1tica de m\u00f3dulos<\/h4>\n<p>[\/vc_column_text][\/vc_column][vc_column width=&#8221;1\/2&#8243;][\/vc_column][\/vc_row]<\/p>\n<\/div>","protected":false},"excerpt":{"rendered":"<p>[vc_row][vc_column width=&#8221;1\/2&#8243;][vc_single_image image=&#8221;23688&#8243; img_size=&#8221;full&#8221; onclick=&#8221;custom_link&#8221; css_animation=&#8221;fadeIn&#8221; css=&#8221;.vc_custom_1745820756028{border-top-width: 3px !important;border-right-width: 3px !important;border-bottom-width: 3px !important;border-left-width: 3px !important;border-left-style: solid !important;border-right-style: solid !important;border-top-style: solid !important;border-bottom-style: solid !important;border-color: #fce3e9 !important;}&#8221; link=&#8221;https:\/\/www.mondragon-assembly.com\/es-mx\/solar-automation-solutions\/individual-equipment-2\/other-equipment\/automatic-glass-loading\/&#8221;][vc_column_text css=&#8221;.vc_custom_1613540887275{margin-top: -10px !important;}&#8221; el_class=&#8221;icon_list_subt&#8221;] Carga autom\u00e1tica del cristal [\/vc_column_text][\/vc_column][vc_column width=&#8221;1\/2&#8243;][vc_single_image image=&#8221;25747&#8243; img_size=&#8221;full&#8221; onclick=&#8221;custom_link&#8221; css_animation=&#8221;fadeIn&#8221; css=&#8221;.vc_custom_1745831536176{border-top-width: 3px !important;border-right-width: 3px !important;border-bottom-width: 3px !important;border-left-width: 3px !important;border-left-style: solid !important;border-right-style: solid !important;border-top-style: solid !important;border-bottom-style: [&hellip;]<\/p>\n","protected":false},"author":4,"featured_media":0,"parent":29933,"menu_order":0,"comment_status":"closed","ping_status":"closed","template":"sectors.php","meta":{"_lmt_disableupdate":"no","_lmt_disable":"","footnotes":""},"yst_prominent_words":[2253,1596,2120],"class_list":["post-27214","page","type-page","status-publish","hentry"],"acf":[],"_links":{"self":[{"href":"https:\/\/www.mondragon-assembly.com\/es-mx\/wp-json\/wp\/v2\/pages\/27214","targetHints":{"allow":["GET"]}}],"collection":[{"href":"https:\/\/www.mondragon-assembly.com\/es-mx\/wp-json\/wp\/v2\/pages"}],"about":[{"href":"https:\/\/www.mondragon-assembly.com\/es-mx\/wp-json\/wp\/v2\/types\/page"}],"author":[{"embeddable":true,"href":"https:\/\/www.mondragon-assembly.com\/es-mx\/wp-json\/wp\/v2\/users\/4"}],"replies":[{"embeddable":true,"href":"https:\/\/www.mondragon-assembly.com\/es-mx\/wp-json\/wp\/v2\/comments?post=27214"}],"version-history":[{"count":32,"href":"https:\/\/www.mondragon-assembly.com\/es-mx\/wp-json\/wp\/v2\/pages\/27214\/revisions"}],"predecessor-version":[{"id":77722,"href":"https:\/\/www.mondragon-assembly.com\/es-mx\/wp-json\/wp\/v2\/pages\/27214\/revisions\/77722"}],"up":[{"embeddable":true,"href":"https:\/\/www.mondragon-assembly.com\/es-mx\/wp-json\/wp\/v2\/pages\/29933"}],"wp:attachment":[{"href":"https:\/\/www.mondragon-assembly.com\/es-mx\/wp-json\/wp\/v2\/media?parent=27214"}],"wp:term":[{"taxonomy":"yst_prominent_words","embeddable":true,"href":"https:\/\/www.mondragon-assembly.com\/es-mx\/wp-json\/wp\/v2\/yst_prominent_words?post=27214"}],"curies":[{"name":"wp","href":"https:\/\/api.w.org\/{rel}","templated":true}]}}