{"id":27388,"date":"2020-11-01T21:13:34","date_gmt":"2020-11-01T20:13:34","guid":{"rendered":"https:\/\/www.mondragon-assembly.com\/other-equipment\/labelling-machine\/"},"modified":"2021-03-25T11:36:16","modified_gmt":"2021-03-25T09:36:16","slug":"labelling-machine","status":"publish","type":"page","link":"https:\/\/www.mondragon-assembly.com\/es-mx\/solar-automation-solutions\/individual-equipment-2\/other-equipment\/labelling-machine\/","title":{"rendered":"M\u00e1quina de etiquetado"},"content":{"rendered":"<div class=\"wpb-content-wrapper\"><p>[vc_row][vc_column][vc_single_image image=&#8221;31171&#8243; img_size=&#8221;full&#8221; alignment=&#8221;center&#8221; style=&#8221;vc_box_shadow_border&#8221; css_animation=&#8221;fadeIn&#8221;][\/vc_column][\/vc_row][vc_row full_width=&#8221;stretch_row_content&#8221;][vc_column width=&#8221;1\/5&#8243;][\/vc_column][vc_column width=&#8221;2\/5&#8243;][vc_column_text]<\/p>\n<h3><span style=\"color: #e20026;\"><img decoding=\"async\" class=\"alignnone size-full wp-image-22215\" src=\"https:\/\/www.mondragon-assembly.com\/wp-content\/uploads\/2019\/06\/icon-description.jpg\" alt=\"\" width=\"41\" height=\"41\" \/> Descripci\u00f3n<\/span><\/h3>\n<p>[\/vc_column_text][vc_column_text]La m\u00e1quina de etiquetado autom\u00e1tico coloca las diferentes etiquetas necesarias durante la producci\u00f3n de m\u00f3dulos fotovoltaicos.[\/vc_column_text][\/vc_column][vc_column width=&#8221;2\/5&#8243;][vc_column_text]<\/p>\n<h3><span style=\"color: #e20026;\"><img decoding=\"async\" class=\"alignnone wp-image-22325 size-full\" src=\"https:\/\/www.mondragon-assembly.com\/wp-content\/uploads\/2019\/06\/icon-advantages.jpg\" alt=\"\" width=\"41\" height=\"41\" \/> Ventajas<\/span><\/h3>\n<p>[\/vc_column_text][vc_column_text el_class=&#8221;icon_list&#8221;]<\/p>\n<ul>\n<li>F\u00e1cil integraci\u00f3n con el sistema MES<\/li>\n<li>Precisi\u00f3n &lt; 2mm y &lt; 0,5\u00ba<\/li>\n<li>Elevada productividad<\/li>\n<li>Uptime &gt; 95%<\/li>\n<li>M\u00e1quina completamente autom\u00e1tica<\/li>\n<\/ul>\n<p>[\/vc_column_text][\/vc_column][\/vc_row][vc_row full_width=&#8221;stretch_row_content&#8221;][vc_column width=&#8221;1\/5&#8243;][\/vc_column][vc_column width=&#8221;2\/5&#8243;][vc_column_text]<\/p>\n<h3><span style=\"color: #e20026;\"><img decoding=\"async\" class=\"alignnone wp-image-22233 size-full\" src=\"https:\/\/www.mondragon-assembly.com\/wp-content\/uploads\/2019\/06\/icon-main-features.jpg\" alt=\"\" width=\"41\" height=\"41\" \/> Caracter\u00edsticas principales<\/span><\/h3>\n<p>[\/vc_column_text][vc_column_text el_class=&#8221;icon_list&#8221;]<\/p>\n<ul>\n<li>Adecuada para m\u00f3dulos con marco y sin marco<\/li>\n<li>Tiempo de ciclo &lt; 22 segundos<\/li>\n<li>Capacidad de funcionar con una o dos etiquetas por m\u00f3dulo<\/li>\n<\/ul>\n<p>[\/vc_column_text][\/vc_column][vc_column width=&#8221;2\/5&#8243;][\/vc_column][\/vc_row]<\/p>\n<\/div>","protected":false},"excerpt":{"rendered":"<p>[vc_row][vc_column][vc_single_image image=&#8221;31171&#8243; img_size=&#8221;full&#8221; alignment=&#8221;center&#8221; style=&#8221;vc_box_shadow_border&#8221; css_animation=&#8221;fadeIn&#8221;][\/vc_column][\/vc_row][vc_row full_width=&#8221;stretch_row_content&#8221;][vc_column width=&#8221;1\/5&#8243;][\/vc_column][vc_column width=&#8221;2\/5&#8243;][vc_column_text] Descripci\u00f3n [\/vc_column_text][vc_column_text]La m\u00e1quina de etiquetado autom\u00e1tico coloca las diferentes etiquetas necesarias durante la producci\u00f3n de m\u00f3dulos fotovoltaicos.[\/vc_column_text][\/vc_column][vc_column width=&#8221;2\/5&#8243;][vc_column_text] Ventajas [\/vc_column_text][vc_column_text el_class=&#8221;icon_list&#8221;] F\u00e1cil integraci\u00f3n con el sistema MES Precisi\u00f3n &lt; 2mm y &lt; 0,5\u00ba Elevada productividad Uptime &gt; 95% M\u00e1quina completamente autom\u00e1tica [\/vc_column_text][\/vc_column][\/vc_row][vc_row full_width=&#8221;stretch_row_content&#8221;][vc_column width=&#8221;1\/5&#8243;][\/vc_column][vc_column width=&#8221;2\/5&#8243;][vc_column_text] Caracter\u00edsticas [&hellip;]<\/p>\n","protected":false},"author":4,"featured_media":0,"parent":27214,"menu_order":0,"comment_status":"closed","ping_status":"closed","template":"sectors.php","meta":{"_lmt_disableupdate":"","_lmt_disable":"","footnotes":""},"yst_prominent_words":[],"class_list":["post-27388","page","type-page","status-publish","hentry"],"acf":[],"_links":{"self":[{"href":"https:\/\/www.mondragon-assembly.com\/es-mx\/wp-json\/wp\/v2\/pages\/27388","targetHints":{"allow":["GET"]}}],"collection":[{"href":"https:\/\/www.mondragon-assembly.com\/es-mx\/wp-json\/wp\/v2\/pages"}],"about":[{"href":"https:\/\/www.mondragon-assembly.com\/es-mx\/wp-json\/wp\/v2\/types\/page"}],"author":[{"embeddable":true,"href":"https:\/\/www.mondragon-assembly.com\/es-mx\/wp-json\/wp\/v2\/users\/4"}],"replies":[{"embeddable":true,"href":"https:\/\/www.mondragon-assembly.com\/es-mx\/wp-json\/wp\/v2\/comments?post=27388"}],"version-history":[{"count":6,"href":"https:\/\/www.mondragon-assembly.com\/es-mx\/wp-json\/wp\/v2\/pages\/27388\/revisions"}],"predecessor-version":[{"id":37269,"href":"https:\/\/www.mondragon-assembly.com\/es-mx\/wp-json\/wp\/v2\/pages\/27388\/revisions\/37269"}],"up":[{"embeddable":true,"href":"https:\/\/www.mondragon-assembly.com\/es-mx\/wp-json\/wp\/v2\/pages\/27214"}],"wp:attachment":[{"href":"https:\/\/www.mondragon-assembly.com\/es-mx\/wp-json\/wp\/v2\/media?parent=27388"}],"wp:term":[{"taxonomy":"yst_prominent_words","embeddable":true,"href":"https:\/\/www.mondragon-assembly.com\/es-mx\/wp-json\/wp\/v2\/yst_prominent_words?post=27388"}],"curies":[{"name":"wp","href":"https:\/\/api.w.org\/{rel}","templated":true}]}}