{"id":28408,"date":"2021-01-21T15:07:25","date_gmt":"2021-01-21T13:07:25","guid":{"rendered":"https:\/\/www.mondragon-assembly.com\/?page_id=28408"},"modified":"2024-01-24T22:57:11","modified_gmt":"2024-01-24T20:57:11","slug":"sobre-mondragon-assembly","status":"publish","type":"page","link":"https:\/\/www.mondragon-assembly.com\/es-mx\/sobre-mondragon-assembly\/","title":{"rendered":"Sobre Mondragon Assembly"},"content":{"rendered":"<div class=\"wpb-content-wrapper\"><p>[vc_row][vc_column][vc_column_text]Mondragon Assembly es un grupo internacional especializado en el desarrollo de soluciones de automatizaci\u00f3n y de ensamble. La empresa matriz en Espa\u00f1a, que es una cooperativa, se cre\u00f3 en 1977, siendo uno de los pioneros en el desarrollo de tecnolog\u00edas de produccion y de ensamble.<\/p>\n<p>Nos dividimos en tres \u00e1mbitos de actividad: Solar, E-movilidad y Almacenamiento de energ\u00eda, y Automatizaci\u00f3n. Nuestras principales actividades en cada uno de estos \u00e1mbitos incluyen el desarrollo de m\u00e1quinas y l\u00edneas llave en mano y el contract manufacturing, siendo capaces de ofrecer soluciones en cualquier parte del mundo a trav\u00e9s de nuestras seis plantas de producci\u00f3n y tres oficinas t\u00e9cnicas y comerciales.[\/vc_column_text][\/vc_column][\/vc_row][vc_row][vc_column][vc_single_image image=&#8221;51228&#8243; img_size=&#8221;500&#215;500&#8243; alignment=&#8221;center&#8221;][\/vc_column][\/vc_row][vc_row][vc_column][vc_column_text]Lo que nos une como equipo es nuestra pasi\u00f3n por la automatizaci\u00f3n. En Mondragon Assembly, exprimimos cada proyecto al m\u00e1ximo porque la automatizaci\u00f3n es nuestra raz\u00f3n de ser. En todos los proyectos que desarrollamos, ponemos toda nuestra experiencia al servicio de cada cliente. En otras palabras, aprovechamos todo nuestro potencial para ser capaces de ofrecer las mejores soluciones y m\u00e1s innovadoras para cada cliente.[\/vc_column_text][\/vc_column][\/vc_row][vc_row full_width=&#8221;stretch_row&#8221; css=&#8221;.vc_custom_1609836261542{background-color: #f7f7f7 !important;}&#8221;][vc_column width=&#8221;1\/2&#8243;][vc_custom_heading text=&#8221;V\u00cdDEO CORPORATIVO&#8221; font_container=&#8221;tag:h3|text_align:left&#8221; google_fonts=&#8221;font_family:Roboto%3A100%2C100italic%2C300%2C300italic%2Cregular%2Citalic%2C500%2C500italic%2C700%2C700italic%2C900%2C900italic|font_style:700%20bold%20regular%3A700%3Anormal&#8221; el_class=&#8221;linea_inferior_title&#8221;][vc_column_text]Descubra m\u00e1s sobre Mondragon Assembly a trav\u00e9s de nuestro v\u00eddeo corporativo.[\/vc_column_text][\/vc_column][vc_column width=&#8221;1\/2&#8243;][vc_row_inner][vc_column_inner][vc_video link=&#8221;https:\/\/www.youtube.com\/watch?v=Wufh7QnY9PA&#8221;][\/vc_column_inner][\/vc_row_inner][\/vc_column][\/vc_row][vc_row][vc_column][vc_empty_space][\/vc_column][\/vc_row][vc_row css=&#8221;.vc_custom_1610364024464{background-color: #f7f7f7 !important;}&#8221;][vc_column width=&#8221;2\/5&#8243;][vc_single_image image=&#8221;45081&#8243; img_size=&#8221;full&#8221;][\/vc_column][vc_column width=&#8221;3\/5&#8243; css=&#8221;.vc_custom_1610363925452{background-color: #f7f7f7 !important;}&#8221;][vc_column_text]<\/p>\n<h4 style=\"text-align: center; font-weight: bold; padding: 50px 0;\"><b>FORMAMOS PARTE DEL MAYOR GRUPO COOPERATIVO DEL MUNDO<\/b><\/h4>\n<p style=\"text-align: center;\">Pertenecemos a la Corporaci\u00f3n MONDRAGON, uno de los grupos empresariales m\u00e1s importantes de Europa. Fundado en 1954, este grupo en constante expansi\u00f3n integra a m\u00e1s de 280 empresas que dan empleo a m\u00e1s de 81\u00a0000 personas.<\/p>\n<p>[\/vc_column_text][\/vc_column][\/vc_row][vc_row][vc_column][vc_empty_space][\/vc_column][\/vc_row][vc_row css=&#8221;.vc_custom_1610364024464{background-color: #f7f7f7 !important;}&#8221;][vc_column width=&#8221;3\/5&#8243;][vc_column_text]<\/p>\n<h4 style=\"text-align: center; font-weight: bold; padding: 20px 0;\"><b>EN MONDRAGON ASSEMBLY, LA CALIDAD ES NUESTRA PRIORIDAD<br \/>\n<\/b><\/h4>\n<p style=\"text-align: center;\">Desarrollamos l\u00edneas de producci\u00f3n autom\u00e1ticas en las que la calidad es un factor clave. Todos nuestros productos se fabrican seg\u00fan las normas de calidad m\u00e1s exigentes y se someten a unos rigurosos controles de calidad; adem\u00e1s, garantizamos la seguridad de las personas que interact\u00faan con nuestras l\u00edneas y la calidad de todos nuestros procesos a trav\u00e9s de la colaboraci\u00f3n con empresas e instituciones que acreditan la calidad de nuestros productos.<\/p>\n<p style=\"text-align: center;\">Durante a\u00f1os, hemos implantado unos procesos de calidad claros en nuestra organizaci\u00f3n, lo cual se refleja en la satisfacci\u00f3n de nuestras personas y clientes.<\/p>\n<p>[\/vc_column_text][\/vc_column][vc_column width=&#8221;2\/5&#8243; css=&#8221;.vc_custom_1610363925452{background-color: #f7f7f7 !important;}&#8221;][vc_single_image image=&#8221;45373&#8243; img_size=&#8221;full&#8221;][\/vc_column][\/vc_row][vc_row][vc_column][vc_empty_space][\/vc_column][\/vc_row][vc_row css=&#8221;.vc_custom_1610364024464{background-color: #f7f7f7 !important;}&#8221;][vc_column width=&#8221;2\/5&#8243;][vc_single_image image=&#8221;45381&#8243; img_size=&#8221;full&#8221;][\/vc_column][vc_column width=&#8221;3\/5&#8243; css=&#8221;.vc_custom_1610363925452{background-color: #f7f7f7 !important;}&#8221;][vc_column_text css=&#8221;.vc_custom_1614683304355{margin-top: 25px !important;}&#8221;]<\/p>\n<h4 style=\"text-align: center; font-weight: bold; padding: 20px 0;\"><b>NUESTROS CLIENTES<br \/>\n<\/b><\/h4>\n<p style=\"text-align: center;\">Gracias a nuestro car\u00e1cter innovador, honesto, transparente, centrado en el cliente y de excelencia en la gesti\u00f3n, nos hemos ganado la confianza de nuestros clientes, lo que nos ha permitido convertirnos en un grupo de referencia internacional para todos ellos. Ofrecemos soluciones en las que suministramos un alto nivel de conocimientos tecnol\u00f3gicos, lo cual nos permite desarrollar relaciones duraderas con nuestros clientes y aprovechar nuestras ideas innovadoras para cumplir sus expectativas.<\/p>\n<p>[\/vc_column_text][\/vc_column][\/vc_row]<\/p>\n<\/div>","protected":false},"excerpt":{"rendered":"<p>[vc_row][vc_column][vc_column_text]Mondragon Assembly es un grupo internacional especializado en el desarrollo de soluciones de automatizaci\u00f3n y de ensamble. La empresa matriz en Espa\u00f1a, que es una cooperativa, se cre\u00f3 en 1977, siendo uno de los pioneros en el desarrollo de tecnolog\u00edas de produccion y de ensamble. Nos dividimos en tres \u00e1mbitos de actividad: Solar, E-movilidad y [&hellip;]<\/p>\n","protected":false},"author":4,"featured_media":0,"parent":0,"menu_order":0,"comment_status":"closed","ping_status":"closed","template":"sectors.php","meta":{"_lmt_disableupdate":"","_lmt_disable":"","footnotes":""},"yst_prominent_words":[2141,2142,2148,2149,2320,230,730,732,1830,1851,1987,2137,2138,2140],"class_list":["post-28408","page","type-page","status-publish","hentry"],"acf":[],"_links":{"self":[{"href":"https:\/\/www.mondragon-assembly.com\/es-mx\/wp-json\/wp\/v2\/pages\/28408","targetHints":{"allow":["GET"]}}],"collection":[{"href":"https:\/\/www.mondragon-assembly.com\/es-mx\/wp-json\/wp\/v2\/pages"}],"about":[{"href":"https:\/\/www.mondragon-assembly.com\/es-mx\/wp-json\/wp\/v2\/types\/page"}],"author":[{"embeddable":true,"href":"https:\/\/www.mondragon-assembly.com\/es-mx\/wp-json\/wp\/v2\/users\/4"}],"replies":[{"embeddable":true,"href":"https:\/\/www.mondragon-assembly.com\/es-mx\/wp-json\/wp\/v2\/comments?post=28408"}],"version-history":[{"count":22,"href":"https:\/\/www.mondragon-assembly.com\/es-mx\/wp-json\/wp\/v2\/pages\/28408\/revisions"}],"predecessor-version":[{"id":67081,"href":"https:\/\/www.mondragon-assembly.com\/es-mx\/wp-json\/wp\/v2\/pages\/28408\/revisions\/67081"}],"wp:attachment":[{"href":"https:\/\/www.mondragon-assembly.com\/es-mx\/wp-json\/wp\/v2\/media?parent=28408"}],"wp:term":[{"taxonomy":"yst_prominent_words","embeddable":true,"href":"https:\/\/www.mondragon-assembly.com\/es-mx\/wp-json\/wp\/v2\/yst_prominent_words?post=28408"}],"curies":[{"name":"wp","href":"https:\/\/api.w.org\/{rel}","templated":true}]}}