{"id":29933,"date":"2016-04-15T08:54:25","date_gmt":"2016-04-15T07:54:25","guid":{"rendered":"https:\/\/www.mondragon-assembly.com\/solar-automation-solutions\/individual-equipment\/"},"modified":"2025-01-22T15:54:54","modified_gmt":"2025-01-22T14:54:54","slug":"individual-equipment-2","status":"publish","type":"page","link":"https:\/\/www.mondragon-assembly.com\/es-mx\/solar-automation-solutions\/individual-equipment-2\/","title":{"rendered":"M\u00e1quinas individuales"},"content":{"rendered":"<div class=\"wpb-content-wrapper\"><p>[vc_row][vc_column][vc_column_text]Mondragon Assembly ofrece soluciones flexibles, de alta tecnolog\u00eda y m\u00e1xima eficacia para equipos individuales. Nuestras m\u00e1quinas est\u00e1n dise\u00f1adas de acuerdo con las normas europeas m\u00e1s estrictas, garantizando la fortaleza, seguridad y durabilidad de las soluciones desarrolladas.[\/vc_column_text][\/vc_column][\/vc_row][vc_row gap=&#8221;35&#8243;][vc_column width=&#8221;1\/2&#8243; css=&#8221;.vc_custom_1731062278114{padding-top: 150px !important;background-image: url(https:\/\/www.mondragon-assembly.com\/wp-content\/uploads\/2024\/11\/tabber-and-stringers-v2.webp?id=72540) !important;background-position: 0 0 !important;background-repeat: no-repeat !important;}&#8221; el_class=&#8221;columna_margen_izq&#8221;][vc_column_text css=&#8221;.vc_custom_1737540113964{margin-bottom: 15px !important;}&#8221;]<\/p>\n<h2 style=\"font-weight: bold;\"><span style=\"color: #ffffff;\">Tabber &amp; Stringers<\/span><\/h2>\n<p><span style=\"color: #ffffff;\">\u00a0Una amplia variedad para satisfacer todas las necesidades de producci\u00f3n<\/span>[\/vc_column_text][vc_btn title=&#8221;&gt; Busque su Stringer&#8221; style=&#8221;custom&#8221; custom_background=&#8221;#E20026&#8243; custom_text=&#8221;#FFFFFF&#8221; size=&#8221;sm&#8221; css=&#8221;&#8221; link=&#8221;url:https%3A%2F%2Fwww.mondragon-assembly.com%2Fes-mx%2Fsolar-automation-solutions%2Findividual-equipment%2Ftabber-and-stringer%2F&#8221; el_class=&#8221;resaltar_texto_btn&#8221;][\/vc_column][vc_column width=&#8221;1\/2&#8243; css=&#8221;.vc_custom_1731062294245{padding-top: 150px !important;background-image: url(https:\/\/www.mondragon-assembly.com\/wp-content\/uploads\/2024\/11\/automatic-lay-up-v2.webp?id=72548) !important;background-position: 0 0 !important;background-repeat: no-repeat !important;}&#8221;][vc_column_text css=&#8221;.vc_custom_1737557116540{margin-bottom: 15px !important;}&#8221;]<\/p>\n<h2 style=\"font-weight: bold;\"><span style=\"color: #ffffff;\">Lay-up Autom\u00e1tico<\/span><\/h2>\n<p><span style=\"color: #ffffff;\">Alta velocidad y precisi\u00f3n\u00a0<\/span>[\/vc_column_text][vc_btn title=&#8221;&gt; Busque su Lay-up&#8221; style=&#8221;custom&#8221; custom_background=&#8221;#E20026&#8243; custom_text=&#8221;#FFFFFF&#8221; size=&#8221;sm&#8221; css=&#8221;&#8221; link=&#8221;url:https%3A%2F%2Fwww.mondragon-assembly.com%2Fes-mx%2Fsolar-automation-solutions%2Findividual-equipment%2Fautomatic-lay-up%2F&#8221; el_class=&#8221;resaltar_texto_btn&#8221;][\/vc_column][\/vc_row][vc_row gap=&#8221;35&#8243;][vc_column width=&#8221;1\/2&#8243; css=&#8221;.vc_custom_1731062307986{padding-top: 150px !important;background-image: url(https:\/\/www.mondragon-assembly.com\/wp-content\/uploads\/2024\/11\/interconnection-machine-v2.webp?id=72575) !important;background-position: 0 0 !important;background-repeat: no-repeat !important;}&#8221; el_class=&#8221;columna_margen_izq&#8221;][vc_column_text css=&#8221;.vc_custom_1737557255138{margin-bottom: 15px !important;}&#8221; el_class=&#8221;txt_interconnection&#8221;]<\/p>\n<h2 style=\"font-weight: bold;\"><span style=\"color: #ffffff;\">M\u00e1quina de interconexi\u00f3n<\/span><\/h2>\n<p><span style=\"color: #ffffff;\">La m\u00e1quina que carga, corta y dobla autom\u00e1ticamente el ribbon<\/span>[\/vc_column_text][vc_btn title=&#8221;&gt; Descubra su IC-120&#8243; style=&#8221;custom&#8221; custom_background=&#8221;#E20026&#8243; custom_text=&#8221;#FFFFFF&#8221; size=&#8221;sm&#8221; css=&#8221;&#8221; link=&#8221;url:https%3A%2F%2Fwww.mondragon-assembly.com%2Fes-mx%2Fsolar-automation-solutions%2Findividual-equipment%2Finterconnection-machine%2F&#8221; el_class=&#8221;resaltar_texto_btn&#8221;][\/vc_column][vc_column width=&#8221;1\/2&#8243; css=&#8221;.vc_custom_1731062320794{padding-top: 150px !important;background-image: url(https:\/\/www.mondragon-assembly.com\/wp-content\/uploads\/2024\/11\/laminators-v2.webp?id=72583) !important;background-position: 0 0 !important;background-repeat: no-repeat !important;}&#8221;][vc_column_text css=&#8221;.vc_custom_1737536366265{margin-bottom: 15px !important;}&#8221;]<\/p>\n<h2 style=\"font-weight: bold;\"><span style=\"color: #ffffff;\">Laminadores<\/span><\/h2>\n<p><span style=\"color: #ffffff;\">Laminadoras personalizadas para adaptarse a t<\/span><span style=\"color: #ffffff;\">odas las necesidades de producci\u00f3n<\/span>[\/vc_column_text][vc_btn title=&#8221;&gt; Descubra su laminadora&#8221; style=&#8221;custom&#8221; custom_background=&#8221;#E20026&#8243; custom_text=&#8221;#FFFFFF&#8221; size=&#8221;sm&#8221; css=&#8221;&#8221; link=&#8221;url:https%3A%2F%2Fwww.mondragon-assembly.com%2Fes-mx%2Fsolar-automation-solutions%2Findividual-equipment%2Flaminators%2F&#8221; el_class=&#8221;resaltar_texto_btn&#8221;][\/vc_column][\/vc_row][vc_row gap=&#8221;35&#8243;][vc_column width=&#8221;1\/2&#8243; css=&#8221;.vc_custom_1731062367966{padding-top: 150px !important;background-image: url(https:\/\/www.mondragon-assembly.com\/wp-content\/uploads\/2024\/11\/pv-module-testing-v2.webp?id=72591) !important;background-position: 0 0 !important;background-repeat: no-repeat !important;}&#8221; el_class=&#8221;columna_margen_izq&#8221;][vc_column_text css=&#8221;.vc_custom_1737557548296{margin-bottom: 15px !important;}&#8221;]<\/p>\n<h2 style=\"font-weight: bold;\"><span style=\"color: #ffffff;\">Testeo de m\u00f3dulos fotovoltaicos<\/span><\/h2>\n<p><span style=\"color: #ffffff;\">Para garantizar el rendimiento \u00f3ptimo de los m\u00f3dulos fotovoltaicos<\/span>[\/vc_column_text][vc_btn title=&#8221;&gt; Busque su tecnolog\u00eda&#8221; style=&#8221;custom&#8221; custom_background=&#8221;#E20026&#8243; custom_text=&#8221;#FFFFFF&#8221; size=&#8221;sm&#8221; css=&#8221;&#8221; link=&#8221;url:https%3A%2F%2Fwww.mondragon-assembly.com%2Fes-mx%2Fsolar-automation-solutions%2Findividual-equipment%2Fpv-module-testing%2F&#8221; el_class=&#8221;resaltar_texto_btn&#8221;][\/vc_column][vc_column width=&#8221;1\/2&#8243; css=&#8221;.vc_custom_1731062377285{padding-top: 150px !important;background-image: url(https:\/\/www.mondragon-assembly.com\/wp-content\/uploads\/2024\/11\/second-glass-loading-v2.webp?id=72599) !important;background-position: 0 0 !important;background-repeat: no-repeat !important;}&#8221;][vc_column_text css=&#8221;.vc_custom_1737536582171{margin-bottom: 15px !important;}&#8221;]<\/p>\n<h2 style=\"font-weight: bold;\"><span style=\"color: #ffffff;\">Equipos auxiliares<\/span><\/h2>\n<p><span style=\"color: #ffffff;\">Todo lo que necesita para automatizar su producci\u00f3n<\/span>[\/vc_column_text][vc_btn title=&#8221;&gt; Busque su equipo&#8221; style=&#8221;custom&#8221; custom_background=&#8221;#E20026&#8243; custom_text=&#8221;#FFFFFF&#8221; size=&#8221;sm&#8221; css=&#8221;&#8221; link=&#8221;url:https%3A%2F%2Fwww.mondragon-assembly.com%2Fes-mx%2Fsolar-automation-solutions%2Findividual-equipment%2Fother-equipment%2F&#8221; el_class=&#8221;resaltar_texto_btn&#8221;][\/vc_column][\/vc_row]<\/p>\n<\/div>","protected":false},"excerpt":{"rendered":"<p>[vc_row][vc_column][vc_column_text]Mondragon Assembly ofrece soluciones flexibles, de alta tecnolog\u00eda y m\u00e1xima eficacia para equipos individuales. Nuestras m\u00e1quinas est\u00e1n dise\u00f1adas de acuerdo con las normas europeas m\u00e1s estrictas, garantizando la fortaleza, seguridad y durabilidad de las soluciones desarrolladas.[\/vc_column_text][\/vc_column][\/vc_row][vc_row gap=&#8221;35&#8243;][vc_column width=&#8221;1\/2&#8243; css=&#8221;.vc_custom_1731062278114{padding-top: 150px !important;background-image: url(https:\/\/www.mondragon-assembly.com\/wp-content\/uploads\/2024\/11\/tabber-and-stringers-v2.webp?id=72540) !important;background-position: 0 0 !important;background-repeat: no-repeat !important;}&#8221; el_class=&#8221;columna_margen_izq&#8221;][vc_column_text css=&#8221;.vc_custom_1737540113964{margin-bottom: 15px !important;}&#8221;] Tabber &amp; Stringers [&hellip;]<\/p>\n","protected":false},"author":4,"featured_media":0,"parent":31258,"menu_order":0,"comment_status":"closed","ping_status":"closed","template":"sectors.php","meta":{"_lmt_disableupdate":"","_lmt_disable":"","footnotes":""},"yst_prominent_words":[554,652,746,1012,1431,2120,2121,2147,2186,2363,3837,4176],"class_list":["post-29933","page","type-page","status-publish","hentry"],"acf":[],"_links":{"self":[{"href":"https:\/\/www.mondragon-assembly.com\/es-mx\/wp-json\/wp\/v2\/pages\/29933","targetHints":{"allow":["GET"]}}],"collection":[{"href":"https:\/\/www.mondragon-assembly.com\/es-mx\/wp-json\/wp\/v2\/pages"}],"about":[{"href":"https:\/\/www.mondragon-assembly.com\/es-mx\/wp-json\/wp\/v2\/types\/page"}],"author":[{"embeddable":true,"href":"https:\/\/www.mondragon-assembly.com\/es-mx\/wp-json\/wp\/v2\/users\/4"}],"replies":[{"embeddable":true,"href":"https:\/\/www.mondragon-assembly.com\/es-mx\/wp-json\/wp\/v2\/comments?post=29933"}],"version-history":[{"count":23,"href":"https:\/\/www.mondragon-assembly.com\/es-mx\/wp-json\/wp\/v2\/pages\/29933\/revisions"}],"predecessor-version":[{"id":74012,"href":"https:\/\/www.mondragon-assembly.com\/es-mx\/wp-json\/wp\/v2\/pages\/29933\/revisions\/74012"}],"up":[{"embeddable":true,"href":"https:\/\/www.mondragon-assembly.com\/es-mx\/wp-json\/wp\/v2\/pages\/31258"}],"wp:attachment":[{"href":"https:\/\/www.mondragon-assembly.com\/es-mx\/wp-json\/wp\/v2\/media?parent=29933"}],"wp:term":[{"taxonomy":"yst_prominent_words","embeddable":true,"href":"https:\/\/www.mondragon-assembly.com\/es-mx\/wp-json\/wp\/v2\/yst_prominent_words?post=29933"}],"curies":[{"name":"wp","href":"https:\/\/api.w.org\/{rel}","templated":true}]}}