{"id":30084,"date":"2021-01-02T21:45:55","date_gmt":"2021-01-02T19:45:55","guid":{"rendered":"https:\/\/www.mondragon-assembly.com\/purchasing\/"},"modified":"2024-01-04T12:40:21","modified_gmt":"2024-01-04T10:40:21","slug":"purchasing","status":"publish","type":"page","link":"https:\/\/www.mondragon-assembly.com\/es-mx\/purchasing\/","title":{"rendered":"Compras"},"content":{"rendered":"<div class=\"wpb-content-wrapper\"><p>[vc_row css=&#8221;.vc_custom_1604064744834{margin-top: -25px !important;}&#8221;][vc_column][vc_empty_space height=&#8221;40&#8243;][\/vc_column][\/vc_row][vc_row][vc_column][vc_column_text]Contamos con presencia internacional gracias a las 6 plantas de producci\u00f3n en las que se cubre toda la cadena de valor. Este es el motivo por el que queremos continuar disponiendo de una red de proveedores capaces de ofrecernos soluciones en cualquier lugar del mundo. Soluciones que cumplan nuestros est\u00e1ndares de calidad.<\/p>\n<p>Nuestro trabajado cotidiano se basa en la colaboraci\u00f3n con nuestros proveedores, ya que entendemos que son nuestro gran aliado a la hora de ofrecer la mejor soluci\u00f3n a nuestros clientes. Estamos siempre buscando nuevos socios que nos ayuden a proporcionar a nuestros clientes las soluciones de m\u00e1s calidad en las mejores condiciones.<\/p>\n<p>En nuestros socios no solo buscamos cualidades tales como soluciones de gran calidad, precios competitivos, log\u00edstica bien organizada, fiabilidad y flexibilidad, sino que tambi\u00e9n buscamos proveedores que sean responsables con su gente y el medio ambiente. Puesto que somos un grupo socialmente responsable, comprometido con nuestra gente y con la sociedad, buscamos estas mismas caracter\u00edsticas en nuestros proveedores.<\/p>\n<p>Nuestro objetivo es ampliar los principios aplicados en Mondragon Assembly a nuestros proveedores. Deseamos colaborar con empresas que integren la salud y la seguridad en el lugar de trabajo en todas sus actividades, que sean respetuosas con el medioambiente y responsables desde un punto de vista \u00e9tico y social.[\/vc_column_text][\/vc_column][\/vc_row][vc_row][vc_column][vc_text_separator title=&#8221;CONDICIONES GENERALES DE COMPRA&#8221; el_class=&#8221;title_gr&#8221;][\/vc_column][\/vc_row][vc_row][vc_column][vc_column_text]Esta secci\u00f3n incluye las condiciones generales de compra de los pa\u00edses en los que est\u00e1 presente el Grupo Mondragon Assembly.[\/vc_column_text][\/vc_column][\/vc_row][vc_row][vc_column][vc_column_text]<\/p>\n<table width=\"100%\" cellspacing=\"3\" cellpadding=\"3\">\n<tbody>\n<tr style=\"border-bottom: 1px solid #f64747; height: 40px;\">\n<td style=\"text-align: center; border-right: 1px solid #f64747; font-size: 14px;\" bgcolor=\"#f7f7f7\" width=\"452\">Mondragon Assembly S.Coop Aretxabaleta (Espa\u00f1a)<\/td>\n<td style=\"text-align: center; border-right: 1px solid #f64747;\" bgcolor=\"#f7f7f7\" width=\"452\">\n<p style=\"text-align: center; color: #666666; font-size: 14px;\">Condiciones generales de compra en espa\u00f1ol<\/p>\n<p style=\"text-align: center; color: #666666; font-size: 14px;\"><span style=\"color: #e40521;\"><a href=\"https:\/\/www.mondragon-assembly.com\/pdf\/condiciones_generales_compra_ES.pdf\" target=\"_blank\" rel=\"noopener noreferrer\"><img decoding=\"async\" class=\"aligncenter wp-image-27924\" style=\"margin-bottom: 5px;\" src=\"https:\/\/www.mondragon-assembly.com\/wp-content\/uploads\/2021\/01\/icon-pdf.png\" alt=\"\" width=\"30\" height=\"37\" \/><\/a><\/span><\/p>\n<p style=\"text-align: center; color: #666666; font-size: 14px;\">Condiciones generales de compra en euskera<\/p>\n<p style=\"text-align: center; color: #666666; font-size: 14px;\"><span style=\"color: #e40521;\"><a href=\"https:\/\/www.mondragon-assembly.com\/pdf\/eu\/Erosketa_Baldintza_Orokorrak_EU.pdf\" target=\"_blank\" rel=\"noopener noreferrer\"><img decoding=\"async\" class=\"aligncenter wp-image-27924\" style=\"margin-bottom: 5px;\" src=\"https:\/\/www.mondragon-assembly.com\/wp-content\/uploads\/2021\/01\/icon-pdf.png\" alt=\"\" width=\"30\" height=\"37\" \/><\/a><\/span><\/p>\n<\/td>\n<td style=\"text-align: center;\" bgcolor=\"#f7f7f7\" width=\"452\">\n<p style=\"color: #e40521;\"><span style=\"text-align: center; color: #666666; font-size: 14px;\">Condiciones generales de compra en ingl\u00e9s<br \/>\n<\/span><\/p>\n<p style=\"color: #e40521;\"><span style=\"color: #e40521;\"><a href=\"https:\/\/www.mondragon-assembly.com\/pdf\/en\/General_Purchasing_Conditions_EN.pdf\" target=\"_blank\" rel=\"noopener noreferrer\"><img decoding=\"async\" class=\"aligncenter wp-image-27924\" style=\"margin-bottom: 5px;\" src=\"https:\/\/www.mondragon-assembly.com\/wp-content\/uploads\/2021\/01\/icon-pdf.png\" alt=\"\" width=\"30\" height=\"37\" \/><\/a><\/span><\/p>\n<\/td>\n<\/tr>\n<tr style=\"border-bottom: 1px solid #f64747; height: 40px;\">\n<td style=\"text-align: center; border-right: 1px solid #f64747; font-size: 14px;\" bgcolor=\"#dddddd\">Mondragon Assembly Francia<\/td>\n<td style=\"text-align: center; border-right: 1px solid #f64747;\" bgcolor=\"#dddddd\">\n<p style=\"text-align: center; color: #666666; font-size: 14px;\">Condiciones generales de compra en franc\u00e9s<\/p>\n<p style=\"text-align: center; color: #666666; font-size: 14px;\"><span style=\"color: #e40521;\"><img decoding=\"async\" class=\"wp-image-27924 aligncenter\" style=\"margin-bottom: 5px;\" src=\"https:\/\/www.mondragon-assembly.com\/wp-content\/uploads\/2021\/01\/icon-pdf.png\" alt=\"\" width=\"30\" height=\"37\" \/><\/span><\/p>\n<\/td>\n<td style=\"text-align: center;\" bgcolor=\"#dddddd\">\n<p style=\"color: #e40521;\"><span style=\"text-align: center; color: #666666; font-size: 14px;\">Condiciones generales de compra en ingl\u00e9s<br \/>\n<\/span><\/p>\n<p style=\"color: #e40521;\"><span style=\"color: #e40521;\"><a href=\"https:\/\/www.mondragon-assembly.com\/pdf\/purchasing\/CondicionesGeneralesCompraMA_EN.pdf\" target=\"_blank\" rel=\"noopener noreferrer\"><img decoding=\"async\" class=\"aligncenter wp-image-27924\" style=\"margin-bottom: 5px;\" src=\"https:\/\/www.mondragon-assembly.com\/wp-content\/uploads\/2021\/01\/icon-pdf.png\" alt=\"\" width=\"30\" height=\"37\" \/><\/a><\/span><\/p>\n<\/td>\n<\/tr>\n<tr style=\"border-bottom: 1px solid #f64747; height: 40px;\">\n<td style=\"text-align: center; border-right: 1px solid #f64747; font-size: 14px;\" bgcolor=\"#f7f7f7\">Mondragon Assembly GmbH<\/td>\n<td style=\"text-align: center; border-right: 1px solid #f64747;\" bgcolor=\"#f7f7f7\">\n<p style=\"text-align: center; color: #666666; font-size: 14px;\">Condiciones generales de compra en alem\u00e1n<\/p>\n<p style=\"text-align: center; color: #666666; font-size: 14px;\"><span style=\"color: #e40521;\"><a href=\"https:\/\/www.mondragon-assembly.com\/pdf\/de\/Allgemeine_Einkaufsbedingungen_DE.pdf\" target=\"_blank\" rel=\"noopener noreferrer\"><img decoding=\"async\" class=\"aligncenter wp-image-27924\" style=\"margin-bottom: 5px;\" src=\"https:\/\/www.mondragon-assembly.com\/wp-content\/uploads\/2021\/01\/icon-pdf.png\" alt=\"\" width=\"30\" height=\"37\" \/><\/a><\/span><\/p>\n<\/td>\n<td style=\"text-align: center;\" bgcolor=\"#f7f7f7\">\n<p style=\"color: #e40521;\"><span style=\"text-align: center; color: #666666; font-size: 14px;\">Condiciones generales de compra en ingl\u00e9s<br \/>\n<\/span><\/p>\n<p style=\"color: #e40521;\"><span style=\"color: #e40521;\"><a href=\"https:\/\/www.mondragon-assembly.com\/pdf\/de\/General_purchasing_conditions_DE-EN.pdf\" target=\"_blank\" rel=\"noopener noreferrer\"><img decoding=\"async\" class=\"aligncenter wp-image-27924\" style=\"margin-bottom: 5px;\" src=\"https:\/\/www.mondragon-assembly.com\/wp-content\/uploads\/2021\/01\/icon-pdf.png\" alt=\"\" width=\"30\" height=\"37\" \/><\/a><\/span><\/p>\n<\/td>\n<\/tr>\n<tr style=\"border-bottom: 1px solid #f64747; height: 40px;\">\n<td style=\"text-align: center; border-right: 1px solid #f64747; font-size: 14px;\" bgcolor=\"#dddddd\">Mondragon Assembly Brasil<\/td>\n<td style=\"text-align: center; border-right: 1px solid #f64747;\" bgcolor=\"#dddddd\">\n<p style=\"text-align: center; color: #666666; font-size: 14px;\">Condiciones generales de compra en portugu\u00e9s<\/p>\n<p style=\"text-align: center; color: #666666; font-size: 14px;\"><span style=\"color: #e40521;\"><a href=\"https:\/\/www.mondragon-assembly.com\/pdf\/pt\/Condi\u00e7oes_Gerais_De_Compra_BR.pdf\" target=\"_blank\" rel=\"noopener noreferrer\"><img decoding=\"async\" class=\"aligncenter wp-image-27924\" style=\"margin-bottom: 5px;\" src=\"https:\/\/www.mondragon-assembly.com\/wp-content\/uploads\/2021\/01\/icon-pdf.png\" alt=\"\" width=\"30\" height=\"37\" \/><\/a><\/span><\/p>\n<\/td>\n<td style=\"text-align: center;\" bgcolor=\"#dddddd\">\n<p style=\"color: #e40521;\"><span style=\"text-align: center; color: #666666; font-size: 14px;\">Condiciones generales de compra en ingl\u00e9s<br \/>\n<\/span><\/p>\n<p style=\"color: #e40521;\"><span style=\"color: #e40521;\"><img decoding=\"async\" class=\"wp-image-27924 aligncenter\" style=\"margin-bottom: 5px;\" src=\"https:\/\/www.mondragon-assembly.com\/wp-content\/uploads\/2021\/01\/icon-pdf.png\" alt=\"\" width=\"30\" height=\"37\" \/><\/span><\/p>\n<\/td>\n<\/tr>\n<tr style=\"border-bottom: 1px solid #f64747; height: 40px;\">\n<td style=\"text-align: center; border-right: 1px solid #f64747; font-size: 14px;\" bgcolor=\"#f7f7f7\">Mondragon Assembly S.A. M\u00e9xico<\/td>\n<td style=\"text-align: center; border-right: 1px solid #f64747;\" bgcolor=\"#f7f7f7\">\n<p style=\"text-align: center; color: #666666; font-size: 14px;\">Condiciones generales de compra en espa\u00f1ol<\/p>\n<p style=\"text-align: center; color: #666666; font-size: 14px;\"><span style=\"color: #e40521;\"><a href=\"https:\/\/www.mondragon-assembly.com\/pdf\/mx\/Condiciones_Generales_De_Compra_ES-MX.pdf\" target=\"_blank\" rel=\"noopener noreferrer\"><img decoding=\"async\" class=\"aligncenter wp-image-27924\" style=\"margin-bottom: 5px;\" src=\"https:\/\/www.mondragon-assembly.com\/wp-content\/uploads\/2021\/01\/icon-pdf.png\" alt=\"\" width=\"30\" height=\"37\" \/><\/a><\/span><\/p>\n<\/td>\n<td style=\"text-align: center;\" bgcolor=\"#f7f7f7\">\n<p style=\"color: #e40521;\"><span style=\"text-align: center; color: #666666; font-size: 14px;\">Condiciones generales de compra en ingl\u00e9s<br \/>\n<\/span><\/p>\n<p style=\"color: #e40521;\"><span style=\"color: #e40521;\"><a href=\"https:\/\/www.mondragon-assembly.com\/pdf\/en\/General_Purchasing_Conditions_ES-MX.pdf\" target=\"_blank\" rel=\"noopener noreferrer\"><img decoding=\"async\" class=\"aligncenter wp-image-27924\" style=\"margin-bottom: 5px;\" src=\"https:\/\/www.mondragon-assembly.com\/wp-content\/uploads\/2021\/01\/icon-pdf.png\" alt=\"\" width=\"30\" height=\"37\" \/><\/a><\/span><\/p>\n<\/td>\n<\/tr>\n<tr style=\"border-bottom: 1px solid #f64747; height: 40px;\">\n<td style=\"text-align: center; border-right: 1px solid #f64747; font-size: 14px;\" bgcolor=\"#dddddd\">Mondragon Assembly China<\/td>\n<td style=\"text-align: center; border-right: 1px solid #f64747;\" bgcolor=\"#dddddd\">\n<p style=\"text-align: center; color: #666666; font-size: 14px;\">Condiciones generales de compra en chino<\/p>\n<p style=\"text-align: center; color: #666666; font-size: 14px;\"><span style=\"color: #e40521;\"><a href=\"https:\/\/www.mondragon-assembly.com\/pdf\/en\/Gral_Purchases_Conditions_customize_ZH_EN.pdf\" target=\"_blank\" rel=\"noopener noreferrer\"><img decoding=\"async\" class=\"aligncenter wp-image-27924\" style=\"margin-bottom: 5px;\" src=\"https:\/\/www.mondragon-assembly.com\/wp-content\/uploads\/2021\/01\/icon-pdf.png\" alt=\"\" width=\"30\" height=\"37\" \/><\/a><\/span><\/p>\n<\/td>\n<td style=\"text-align: center;\" bgcolor=\"#dddddd\">\n<p style=\"color: #e40521;\"><span style=\"text-align: center; color: #666666; font-size: 14px;\">Condiciones generales de compra en ingl\u00e9s<br \/>\n<\/span><\/p>\n<p style=\"color: #e40521;\"><span style=\"color: #e40521;\"><a href=\"https:\/\/www.mondragon-assembly.com\/pdf\/en\/General_Purchasing_Conditions_ZH-HANS-EN.pdf\" target=\"_blank\" rel=\"noopener noreferrer\"><img decoding=\"async\" class=\"aligncenter wp-image-27924\" style=\"margin-bottom: 5px;\" src=\"https:\/\/www.mondragon-assembly.com\/wp-content\/uploads\/2021\/01\/icon-pdf.png\" alt=\"\" width=\"30\" height=\"37\" \/><\/a><\/span><\/p>\n<\/td>\n<\/tr>\n<\/tbody>\n<\/table>\n<p>[\/vc_column_text][\/vc_column][\/vc_row][vc_row][vc_column][vc_text_separator title=&#8221;C\u00d3DIGO DE CONDUCTA DEL PROVEEDOR&#8221; el_class=&#8221;title_gr&#8221;][\/vc_column][\/vc_row][vc_row][vc_column][vc_column_text]<\/p>\n<p style=\"text-align: center;\">En esta secci\u00f3n puede consultar el c\u00f3digo de conducta del proveedor<\/p>\n<p>[\/vc_column_text][\/vc_column][\/vc_row][vc_row][vc_column][vc_column_text]<\/p>\n<table width=\"60%\" cellspacing=\"3\" cellpadding=\"3\" align=\"center\">\n<tbody>\n<tr style=\"border-top: 1px solid #f64747; border-bottom: 1px solid #f64747; height: 40px;\">\n<td style=\"text-align: center;\" bgcolor=\"#f7f7f7\" width=\"278\" height=\"55\">C\u00f3digo de conducta del proveedor en espa\u00f1ol<\/td>\n<td style=\"font-size: 14px; text-align: center;\" bgcolor=\"#f7f7f7\" width=\"162\"><a href=\"https:\/\/www.mondragon-assembly.com\/pdf\/codigo_de_conducta_ES.pdf\" target=\"_blank\" rel=\"noopener noreferrer\"><img decoding=\"async\" class=\"aligncenter wp-image-27924\" src=\"https:\/\/www.mondragon-assembly.com\/wp-content\/uploads\/2021\/01\/icon-pdf.png\" alt=\"\" width=\"30\" height=\"37\" \/><\/a><\/td>\n<\/tr>\n<tr style=\"border-top: 1px solid #f64747; border-bottom: 1px solid #f64747; height: 40px;\">\n<td style=\"text-align: center;\" bgcolor=\"#f7f7f7\" width=\"278\" height=\"55\">C\u00f3digo de conducta del proveedor en euskera<\/td>\n<td style=\"font-size: 14px; text-align: center;\" bgcolor=\"#f7f7f7\" width=\"162\"><a href=\"https:\/\/www.mondragon-assembly.com\/pdf\/eu\/Hornitzaileen_Jokabide_Kodea_EU.pdf\" target=\"_blank\" rel=\"noopener noreferrer\"><img decoding=\"async\" class=\"aligncenter wp-image-27924\" src=\"https:\/\/www.mondragon-assembly.com\/wp-content\/uploads\/2021\/01\/icon-pdf.png\" alt=\"\" width=\"30\" height=\"37\" \/><\/a><\/td>\n<\/tr>\n<tr style=\"border-bottom: 1px solid #f64747; height: 40px;\">\n<td style=\"text-align: center;\" bgcolor=\"#dddddd\" height=\"55\">C\u00f3digo de conducta del proveedor en ingl\u00e9s<\/td>\n<td style=\"text-align: center;\" bgcolor=\"#dddddd\"><a href=\"https:\/\/www.mondragon-assembly.com\/pdf\/en\/Supplier_Code_Of_Conduct_EN.pdf\" target=\"_blank\" rel=\"noopener noreferrer\"><img decoding=\"async\" class=\"aligncenter wp-image-27924\" src=\"https:\/\/www.mondragon-assembly.com\/wp-content\/uploads\/2021\/01\/icon-pdf.png\" alt=\"\" width=\"30\" height=\"37\" \/><\/a><\/td>\n<\/tr>\n<tr style=\"border-bottom: 1px solid #f64747; height: 40px;\">\n<td style=\"text-align: center;\" bgcolor=\"#f7f7f7\" height=\"55\">C\u00f3digo de conducta del proveedor en franc\u00e9s<\/td>\n<td style=\"text-align: center;\" bgcolor=\"#f7f7f7\"><a href=\"https:\/\/www.mondragon-assembly.com\/pdf\/fr\/Code_De_Conduite_Des_Fournisseurs.pdf\" target=\"_blank\" rel=\"noopener noreferrer\"><img decoding=\"async\" class=\"aligncenter wp-image-27924\" src=\"https:\/\/www.mondragon-assembly.com\/wp-content\/uploads\/2021\/01\/icon-pdf.png\" alt=\"\" width=\"30\" height=\"37\" \/><\/a><\/td>\n<\/tr>\n<tr style=\"border-bottom: 1px solid #f64747; height: 40px;\">\n<td style=\"text-align: center;\" bgcolor=\"#dddddd\" height=\"55\">C\u00f3digo de conducta del proveedor en alem\u00e1n<\/td>\n<td style=\"text-align: center;\" bgcolor=\"#dddddd\"><a href=\"https:\/\/www.mondragon-assembly.com\/pdf\/de\/Verhaltenskodex_F\u00fcr_Lieferanten_DE.pdf\" target=\"_blank\" rel=\"noopener noreferrer\"><img decoding=\"async\" class=\"aligncenter wp-image-27924\" src=\"https:\/\/www.mondragon-assembly.com\/wp-content\/uploads\/2021\/01\/icon-pdf.png\" alt=\"\" width=\"30\" height=\"37\" \/><\/a><\/td>\n<\/tr>\n<tr style=\"border-bottom: 1px solid #f64747; height: 40px;\">\n<td style=\"text-align: center;\" bgcolor=\"#f7f7f7\" height=\"55\">C\u00f3digo de conducta del proveedor en portugu\u00e9s<\/td>\n<td style=\"text-align: center;\" bgcolor=\"#f7f7f7\"><a href=\"https:\/\/www.mondragon-assembly.com\/pdf\/pt\/Codigo_De_Conducta_Do_Fornecedor_PT-BR.pdf\" target=\"_blank\" rel=\"noopener noreferrer\"><img decoding=\"async\" class=\"aligncenter wp-image-27924\" src=\"https:\/\/www.mondragon-assembly.com\/wp-content\/uploads\/2021\/01\/icon-pdf.png\" alt=\"\" width=\"30\" height=\"37\" \/><\/a><\/td>\n<\/tr>\n<tr style=\"border-bottom: 1px solid #f64747; height: 40px;\">\n<td style=\"text-align: center;\" bgcolor=\"#dddddd\" height=\"55\">C\u00f3digo de conducta del proveedor en chino<\/td>\n<td style=\"text-align: center;\" bgcolor=\"#dddddd\"><a href=\"https:\/\/www.mondragon-assembly.com\/pdf\/zh\/Supplier_Code_Of_Conduct_ZH-HANS.pdf\" target=\"_blank\" rel=\"noopener noreferrer\"><img decoding=\"async\" class=\"aligncenter wp-image-27924\" src=\"https:\/\/www.mondragon-assembly.com\/wp-content\/uploads\/2021\/01\/icon-pdf.png\" alt=\"\" width=\"30\" height=\"37\" \/><\/a><\/td>\n<\/tr>\n<\/tbody>\n<\/table>\n<p>[\/vc_column_text][\/vc_column][\/vc_row]<\/p>\n<\/div>","protected":false},"excerpt":{"rendered":"<p>[vc_row css=&#8221;.vc_custom_1604064744834{margin-top: -25px !important;}&#8221;][vc_column][vc_empty_space height=&#8221;40&#8243;][\/vc_column][\/vc_row][vc_row][vc_column][vc_column_text]Contamos con presencia internacional gracias a las 6 plantas de producci\u00f3n en las que se cubre toda la cadena de valor. Este es el motivo por el que queremos continuar disponiendo de una red de proveedores capaces de ofrecernos soluciones en cualquier lugar del mundo. Soluciones que cumplan nuestros est\u00e1ndares de [&hellip;]<\/p>\n","protected":false},"author":4,"featured_media":0,"parent":0,"menu_order":0,"comment_status":"closed","ping_status":"closed","template":"sectors.php","meta":{"_lmt_disableupdate":"","_lmt_disable":"","footnotes":""},"yst_prominent_words":[230],"class_list":["post-30084","page","type-page","status-publish","hentry"],"acf":[],"_links":{"self":[{"href":"https:\/\/www.mondragon-assembly.com\/es-mx\/wp-json\/wp\/v2\/pages\/30084","targetHints":{"allow":["GET"]}}],"collection":[{"href":"https:\/\/www.mondragon-assembly.com\/es-mx\/wp-json\/wp\/v2\/pages"}],"about":[{"href":"https:\/\/www.mondragon-assembly.com\/es-mx\/wp-json\/wp\/v2\/types\/page"}],"author":[{"embeddable":true,"href":"https:\/\/www.mondragon-assembly.com\/es-mx\/wp-json\/wp\/v2\/users\/4"}],"replies":[{"embeddable":true,"href":"https:\/\/www.mondragon-assembly.com\/es-mx\/wp-json\/wp\/v2\/comments?post=30084"}],"version-history":[{"count":36,"href":"https:\/\/www.mondragon-assembly.com\/es-mx\/wp-json\/wp\/v2\/pages\/30084\/revisions"}],"predecessor-version":[{"id":66348,"href":"https:\/\/www.mondragon-assembly.com\/es-mx\/wp-json\/wp\/v2\/pages\/30084\/revisions\/66348"}],"wp:attachment":[{"href":"https:\/\/www.mondragon-assembly.com\/es-mx\/wp-json\/wp\/v2\/media?parent=30084"}],"wp:term":[{"taxonomy":"yst_prominent_words","embeddable":true,"href":"https:\/\/www.mondragon-assembly.com\/es-mx\/wp-json\/wp\/v2\/yst_prominent_words?post=30084"}],"curies":[{"name":"wp","href":"https:\/\/api.w.org\/{rel}","templated":true}]}}