{"id":30101,"date":"2020-11-29T20:14:18","date_gmt":"2020-11-29T18:14:18","guid":{"rendered":"https:\/\/www.mondragon-assembly.com\/global-projects\/"},"modified":"2021-03-24T23:00:33","modified_gmt":"2021-03-24T21:00:33","slug":"global-projects","status":"publish","type":"page","link":"https:\/\/www.mondragon-assembly.com\/es-mx\/global-projects\/","title":{"rendered":"Proyectos globales"},"content":{"rendered":"<div class=\"wpb-content-wrapper\"><p>[vc_row][vc_column][vc_column_text]El desarrollo de m\u00e1s de 1000\u00a0proyectos, la capacidad de potenciar un desarrollo sostenible y nuestra presencia internacional son las fortalezas de Mondragon Assembly. Esta \u00faltima es la raz\u00f3n por la que hemos creado un equipo de trabajo internacional que, actualmente, recorre nuestras seis plantas de producci\u00f3n con el fin de desarrollar un conocimiento \u00fanico.[\/vc_column_text][\/vc_column][\/vc_row][vc_row][vc_column][vc_text_separator title=&#8221;SOLUCIONES GLOBALES PARA CLIENTES INTERNACIONALES&#8221; el_class=&#8221;title_gr&#8221;][\/vc_column][\/vc_row][vc_row][vc_column][vc_column_text css_animation=&#8221;fadeIn&#8221; css=&#8221;.vc_custom_1613457981708{border-right-width: 3px !important;border-left-width: 3px !important;padding-top: 7px !important;padding-right: 20px !important;padding-bottom: 20px !important;padding-left: 20px !important;background-color: #f7f7f7 !important;border-left-color: #f7f7f7 !important;border-left-style: solid !important;border-right-color: #f7f7f7 !important;border-right-style: solid !important;border-radius: 35px !important;}&#8221;]<!-- wpml:html_fragment --><\/p>\n<h4><span style=\"color: #6f6f6f; font-weight: bold;\">EQUIPO INTERNACIONAL<\/span><\/h4>\n<p>Nuestro equipo internacional se dedica exclusivamente a proyectos internacionales y a transmitir el conocimiento t\u00e9cnico entre plantas.[\/vc_column_text][\/vc_column][\/vc_row][vc_row][vc_column][vc_column_text css_animation=&#8221;fadeIn&#8221; css=&#8221;.vc_custom_1614682855083{border-right-width: 3px !important;border-left-width: 3px !important;padding-top: 7px !important;padding-right: 20px !important;padding-bottom: 20px !important;padding-left: 20px !important;background-color: #67686b !important;border-left-color: #f7f7f7 !important;border-left-style: solid !important;border-right-color: #f7f7f7 !important;border-right-style: solid !important;border-radius: 35px !important;}&#8221;]<!-- wpml:html_fragment --><\/p>\n<h4><span style=\"color: #ffffff; font-weight: bold;\">EXPERIENCIA Y CONOCIMIENTO<\/span><\/h4>\n<p><span style=\"color: #ffffff;\">Tenemos una amplia experiencia y conocimiento de una gran variedad de productos y procesos de montaje.<\/span>[\/vc_column_text][\/vc_column][\/vc_row][vc_row][vc_column][vc_column_text css_animation=&#8221;fadeIn&#8221; css=&#8221;.vc_custom_1614682866938{border-right-width: 3px !important;border-left-width: 3px !important;padding-top: 7px !important;padding-right: 20px !important;padding-bottom: 20px !important;padding-left: 20px !important;background-color: #f7f7f7 !important;border-left-color: #f7f7f7 !important;border-left-style: solid !important;border-right-color: #f7f7f7 !important;border-right-style: solid !important;border-radius: 35px !important;}&#8221;]<!-- wpml:html_fragment --><\/p>\n<h4><span style=\"color: #6f6f6f; font-weight: bold;\">INGENIER\u00cdA \u00daNICA<\/span><\/h4>\n<p>Mondragon Assembly ofrece una ingenier\u00eda \u00fanica que desarrolla los mismos est\u00e1ndares en todo el mundo adapt\u00e1ndose a las necesidades locales espec\u00edficas.[\/vc_column_text][\/vc_column][\/vc_row][vc_row][vc_column][vc_column_text css_animation=&#8221;fadeIn&#8221; css=&#8221;.vc_custom_1614682894867{border-right-width: 3px !important;border-left-width: 3px !important;padding-top: 7px !important;padding-right: 20px !important;padding-bottom: 20px !important;padding-left: 20px !important;background-color: #67686b !important;border-left-color: #f7f7f7 !important;border-left-style: solid !important;border-right-color: #f7f7f7 !important;border-right-style: solid !important;border-radius: 35px !important;}&#8221;]<!-- wpml:html_fragment --><\/p>\n<h4><span style=\"color: #ffffff; font-weight: bold;\">ADAPTACI\u00d3N A LAS NECESIDADES DE NUESTROS CLIENTES <\/span><\/h4>\n<p><span style=\"color: #ffffff;\">Somos un interlocutor global y un equipo de ingenier\u00eda internacional que se adapta en todo momento a los requisitos globales y locales de nuestros clientes, proporcionando fabricaci\u00f3n, instalaci\u00f3n y servicio postventa local con t\u00e9cnicos locales capacitados.<\/span><\/p>\n<p><span style=\"color: #ffffff;\">Podemos colaborar con nuestros clientes en el dise\u00f1o conforme a la normativa europea y su posterior adaptaci\u00f3n a los diferentes pa\u00edses y configuraciones de l\u00ednea.<\/span>[\/vc_column_text][\/vc_column][\/vc_row][vc_row][vc_column][vc_column_text css_animation=&#8221;fadeIn&#8221; css=&#8221;.vc_custom_1614682951435{border-right-width: 3px !important;border-left-width: 3px !important;padding-top: 7px !important;padding-right: 20px !important;padding-bottom: 20px !important;padding-left: 20px !important;background-color: #f7f7f7 !important;border-left-color: #f7f7f7 !important;border-left-style: solid !important;border-right-color: #f7f7f7 !important;border-right-style: solid !important;border-radius: 35px !important;}&#8221; el_class=&#8221;icon_list&#8221;]<!-- wpml:html_fragment --><\/p>\n<h4><span style=\"color: #6f6f6f; font-weight: bold;\">ASISTENCIA Y COLABORACI\u00d3N<\/span><\/h4>\n<p>Adem\u00e1s de los servicios de ingenier\u00eda de proyectos, tambi\u00e9n ofrecemos a nuestros clientes asistencia y colaboraci\u00f3n:<\/p>\n<ul>\n<li>Asesoramiento para obtener las mejores soluciones<\/li>\n<li>Dise\u00f1o e ingenier\u00eda de propuestas conceptuales<\/li>\n<li>Desarrollo de prototipos<\/li>\n<\/ul>\n<p class=\"Standard\">Todas nuestras soluciones son probadas antes de su implementaci\u00f3n final, pudiendo desarrollar prototipos para las operaciones m\u00e1s cr\u00edticas.<\/p>\n<p>[\/vc_column_text][\/vc_column][\/vc_row][vc_row full_width=&#8221;stretch_row&#8221; css=&#8221;.vc_custom_1609836261542{background-color: #f7f7f7 !important;}&#8221;][vc_column width=&#8221;1\/2&#8243;][vc_custom_heading text=&#8221;V\u00cdDEO&#8221; font_container=&#8221;tag:h3|text_align:left&#8221; google_fonts=&#8221;font_family:Roboto%3A100%2C100italic%2C300%2C300italic%2Cregular%2Citalic%2C500%2C500italic%2C700%2C700italic%2C900%2C900italic|font_style:700%20bold%20regular%3A700%3Anormal&#8221; el_class=&#8221;linea_inferior_title&#8221;][vc_column_text]Conozca que es lo que puede ofrecerle nuestro equipo internacional.[\/vc_column_text][\/vc_column][vc_column width=&#8221;1\/2&#8243;][vc_row_inner][vc_column_inner][vc_video link=&#8221;https:\/\/www.youtube.com\/watch?v=0goCmifDwtM&#8221;][\/vc_column_inner][\/vc_row_inner][\/vc_column][\/vc_row][vc_row][vc_column][vc_empty_space][\/vc_column][\/vc_row][vc_row][vc_column][vc_column_text]<!-- wpml:html_fragment -->[\/vc_column_text][\/vc_column][\/vc_row]<\/p>\n<\/div>","protected":false},"excerpt":{"rendered":"<p>[vc_row][vc_column][vc_column_text]El desarrollo de m\u00e1s de 1000\u00a0proyectos, la capacidad de potenciar un desarrollo sostenible y nuestra presencia internacional son las fortalezas de Mondragon Assembly. Esta \u00faltima es la raz\u00f3n por la que hemos creado un equipo de trabajo internacional que, actualmente, recorre nuestras seis plantas de producci\u00f3n con el fin de desarrollar un conocimiento \u00fanico.[\/vc_column_text][\/vc_column][\/vc_row][vc_row][vc_column][vc_text_separator title=&#8221;SOLUCIONES [&hellip;]<\/p>\n","protected":false},"author":4,"featured_media":0,"parent":0,"menu_order":0,"comment_status":"closed","ping_status":"closed","template":"sectors.php","meta":{"_lmt_disableupdate":"","_lmt_disable":"","footnotes":""},"yst_prominent_words":[233,234,854,1017,1289,2014,2303,2483,2699,3192,3245,4527],"class_list":["post-30101","page","type-page","status-publish","hentry"],"acf":[],"_links":{"self":[{"href":"https:\/\/www.mondragon-assembly.com\/es-mx\/wp-json\/wp\/v2\/pages\/30101","targetHints":{"allow":["GET"]}}],"collection":[{"href":"https:\/\/www.mondragon-assembly.com\/es-mx\/wp-json\/wp\/v2\/pages"}],"about":[{"href":"https:\/\/www.mondragon-assembly.com\/es-mx\/wp-json\/wp\/v2\/types\/page"}],"author":[{"embeddable":true,"href":"https:\/\/www.mondragon-assembly.com\/es-mx\/wp-json\/wp\/v2\/users\/4"}],"replies":[{"embeddable":true,"href":"https:\/\/www.mondragon-assembly.com\/es-mx\/wp-json\/wp\/v2\/comments?post=30101"}],"version-history":[{"count":9,"href":"https:\/\/www.mondragon-assembly.com\/es-mx\/wp-json\/wp\/v2\/pages\/30101\/revisions"}],"predecessor-version":[{"id":37138,"href":"https:\/\/www.mondragon-assembly.com\/es-mx\/wp-json\/wp\/v2\/pages\/30101\/revisions\/37138"}],"wp:attachment":[{"href":"https:\/\/www.mondragon-assembly.com\/es-mx\/wp-json\/wp\/v2\/media?parent=30101"}],"wp:term":[{"taxonomy":"yst_prominent_words","embeddable":true,"href":"https:\/\/www.mondragon-assembly.com\/es-mx\/wp-json\/wp\/v2\/yst_prominent_words?post=30101"}],"curies":[{"name":"wp","href":"https:\/\/api.w.org\/{rel}","templated":true}]}}