{"id":30133,"date":"2020-11-09T22:50:42","date_gmt":"2020-11-09T20:50:42","guid":{"rendered":"https:\/\/www.mondragon-assembly.com\/energy-storage\/turnkey-lines-for-batteries-modules-packs-assembly\/"},"modified":"2024-09-09T10:16:00","modified_gmt":"2024-09-09T08:16:00","slug":"turnkey-lines-for-batteries-modules-packs-assembly","status":"publish","type":"page","link":"https:\/\/www.mondragon-assembly.com\/es-mx\/e-mobility-and-energy-storage\/turnkey-lines-for-batteries-modules-packs-assembly\/","title":{"rendered":"L\u00edneas de producci\u00f3n para tecnolog\u00edas de battery packs"},"content":{"rendered":"<div class=\"wpb-content-wrapper\"><p>[vc_row][vc_column][vc_empty_space][\/vc_column][\/vc_row][vc_row][vc_column][vc_column_text]<\/p>\n<p style=\"background: white; margin: 0cm 0cm 7.5pt 0cm;\"><span style=\"font-family: Roboto; color: #494a4c;\">Ofrecemos soluciones modulares y flexibles que abarcan una gran variedad de campos, desde proyectos de investigaci\u00f3n y desarrollo hasta l\u00edneas de montaje completas para la producci\u00f3n de battery packs.<\/span><\/p>\n<p style=\"margin: 0cm; background: white;\"><span style=\"font-family: Roboto; color: #494a4c;\">Contamos con los recursos necesarios para poder ofrecer una amplia gama de soluciones aplicables a diferentes tipos de celdas: cil\u00edndricas, prism\u00e1ticas y pouch.<\/span><\/p>\n<p>[\/vc_column_text][\/vc_column][\/vc_row][vc_row][vc_column][vc_empty_space][\/vc_column][\/vc_row][vc_row][vc_column][vc_column_text el_class=&#8221;icon_list&#8221;]<\/p>\n<h3 style=\"text-align: center; font-size: 18px; color: #2b3c46; font-weight: bold;\">La l\u00ednea de montaje de battery packs est\u00e1 compuesta por distintos procesos de montaje:<\/h3>\n<p>[\/vc_column_text][vc_row_inner][vc_column_inner width=&#8221;1\/2&#8243;][vc_single_image image=&#8221;25628&#8243; img_size=&#8221;1074&#215;452&#8243; alignment=&#8221;center&#8221;][\/vc_column_inner][vc_column_inner width=&#8221;1\/4&#8243;][vc_column_text el_class=&#8221;icon_list&#8221;]<\/p>\n<p style=\"font-weight: bold;\">Montaje del m\u00f3dulo de bater\u00eda<\/p>\n<ul>\n<li>Alimentaci\u00f3n y clasificaci\u00f3n de celdas<\/li>\n<li>Configuraci\u00f3n del conjunto de celdas<\/li>\n<li>Carga y montaje de carcasas y placas terminales<\/li>\n<li>Dosificado de pegamento<\/li>\n<li>Carga y soldadura de busbar<\/li>\n<\/ul>\n<p>[\/vc_column_text][\/vc_column_inner][vc_column_inner width=&#8221;1\/4&#8243;][vc_column_text el_class=&#8221;icon_list&#8221;]<\/p>\n<p style=\"font-weight: bold;\">Montaje de conjuntos de bater\u00edas<\/p>\n<ul>\n<li>Carga de la carcasa<\/li>\n<li>Montaje del sistema t\u00e9rmico<\/li>\n<li>Carga y montaje del m\u00f3dulo<\/li>\n<li>Montaje del sistema de alta y baja tensi\u00f3n<\/li>\n<li>Carga y ruteado de BMS y cables<\/li>\n<li>Montaje de las cubiertas<\/li>\n<li>Pruebas de fugas, aislamiento y EOL<\/li>\n<\/ul>\n<p>[\/vc_column_text][\/vc_column_inner][\/vc_row_inner][\/vc_column][\/vc_row][vc_row][vc_column][vc_column_text css_animation=&#8221;appear&#8221; css=&#8221;.vc_custom_1616918501939{padding-top: 7px !important;padding-right: 20px !important;padding-bottom: 20px !important;padding-left: 20px !important;background-color: #f7f7f7 !important;}&#8221;]<\/p>\n<h4 style=\"text-align: center;\">Todas nuestras soluciones se pueden adaptar a las necesidades de cada cliente y cuentan con la experiencia de nuestro equipo de ingenier\u00eda<br \/>\npara ayudar a desarrollar tu proyecto.<\/h4>\n<p>[\/vc_column_text][\/vc_column][\/vc_row][vc_row][vc_column][vc_empty_space][\/vc_column][\/vc_row][vc_row][vc_column][vc_text_separator title=&#8221;COMPONENTES AUXILIARES DE LOS M\u00d3DULOS DE BATER\u00cdAS&#8221; el_class=&#8221;title_gr&#8221;][\/vc_column][\/vc_row][vc_row][vc_column][vc_column_text el_class=&#8221;icon_list_subt&#8221;]<\/p>\n<h4><span style=\"color: #2b3c46; font-weight: bold;\">SISTEMA DE CONEXI\u00d3N DE CELDAS DE M\u00d3DULOS DE BATER\u00cdAS<\/span><\/h4>\n<p>[\/vc_column_text][\/vc_column][\/vc_row][vc_row][vc_column][vc_column_text css_animation=&#8221;none&#8221;]Tambi\u00e9n desarrollamos l\u00edneas de montaje de componentes auxiliares de m\u00f3dulos de bater\u00edas.[\/vc_column_text][\/vc_column][\/vc_row][vc_row][vc_column width=&#8221;1\/2&#8243;][vc_column_text]<\/p>\n<h3><span style=\"color: #e20026;\"><img decoding=\"async\" class=\"alignnone wp-image-22233 size-full\" src=\"https:\/\/www.mondragon-assembly.com\/wp-content\/uploads\/2019\/06\/icon-main-features.jpg\" alt=\"\" width=\"41\" height=\"41\" \/> Caracter\u00edsticas principales<\/span><\/h3>\n<p>[\/vc_column_text][vc_column_text el_class=&#8221;icon_list&#8221;]<\/p>\n<ul>\n<li>Transporte de piezas sobre platillos en FMS<\/li>\n<li>Trazabilidad de producto a trav\u00e9s de DMC o c\u00f3digo de barras<\/li>\n<li>Estaci\u00f3n de reprocesado con pantalla gr\u00e1fica para t\u00e9cnicas de retrabajo<\/li>\n<li>Conexi\u00f3n a sistemas MES a nivel superior<\/li>\n<\/ul>\n<p>[\/vc_column_text][\/vc_column][vc_column width=&#8221;1\/2&#8243;][vc_column_text]<\/p>\n<h3><span style=\"color: #e20026;\"><img decoding=\"async\" class=\"alignnone wp-image-22334 size-full\" src=\"https:\/\/www.mondragon-assembly.com\/wp-content\/uploads\/2019\/06\/icon-function.jpg\" alt=\"\" width=\"41\" height=\"41\" \/> Proceso de montaje<\/span><\/h3>\n<p>[\/vc_column_text][vc_column_text el_class=&#8221;icon_list&#8221;]<\/p>\n<ul>\n<li>Los robots Scara, mediante el sistema de paletizaci\u00f3n, cargan el polo P, el polo M y el conector de celdas en el transportador. Los componentes se sellan en caliente<\/li>\n<li>Los robots Scara montan los NTC sobre el PCB mediante almohadillas t\u00e9rmicas y el PCB se carga en el platillo. El PCB tambi\u00e9n se sella en caliente<\/li>\n<li>Limpieza por plasma de todos los puntos de uni\u00f3n. A continuaci\u00f3n, se une el circuito impreso y el conector de la celda.<\/li>\n<li>Revestimiento de las zonas de uni\u00f3n con barniz UV. Curado del revestimiento en un horno UV<\/li>\n<li>Inspecci\u00f3n de final de l\u00ednea: inspecci\u00f3n visual del revestimiento UV mediante visi\u00f3n artificial, inspecci\u00f3n visual de los puntos de sellado mediante c\u00e1mara, pruebas el\u00e9ctricas de los puntos de uni\u00f3n y de los NTC.<\/li>\n<li>Marcado por l\u00e1ser<\/li>\n<li>Descarga autom\u00e1tica de piezas NOK o reprocesadas. El personal de servicio extrae las piezas IO<\/li>\n<\/ul>\n<p>[\/vc_column_text][\/vc_column][\/vc_row]<\/p>\n<\/div>","protected":false},"excerpt":{"rendered":"<p>[vc_row][vc_column][vc_empty_space][\/vc_column][\/vc_row][vc_row][vc_column][vc_column_text] Ofrecemos soluciones modulares y flexibles que abarcan una gran variedad de campos, desde proyectos de investigaci\u00f3n y desarrollo hasta l\u00edneas de montaje completas para la producci\u00f3n de battery packs. Contamos con los recursos necesarios para poder ofrecer una amplia gama de soluciones aplicables a diferentes tipos de celdas: cil\u00edndricas, prism\u00e1ticas y pouch. [\/vc_column_text][\/vc_column][\/vc_row][vc_row][vc_column][vc_empty_space][\/vc_column][\/vc_row][vc_row][vc_column][vc_column_text el_class=&#8221;icon_list&#8221;] [&hellip;]<\/p>\n","protected":false},"author":4,"featured_media":0,"parent":30036,"menu_order":0,"comment_status":"closed","ping_status":"closed","template":"sectors.php","meta":{"_lmt_disableupdate":"","_lmt_disable":"","footnotes":""},"yst_prominent_words":[632],"class_list":["post-30133","page","type-page","status-publish","hentry"],"acf":[],"_links":{"self":[{"href":"https:\/\/www.mondragon-assembly.com\/es-mx\/wp-json\/wp\/v2\/pages\/30133","targetHints":{"allow":["GET"]}}],"collection":[{"href":"https:\/\/www.mondragon-assembly.com\/es-mx\/wp-json\/wp\/v2\/pages"}],"about":[{"href":"https:\/\/www.mondragon-assembly.com\/es-mx\/wp-json\/wp\/v2\/types\/page"}],"author":[{"embeddable":true,"href":"https:\/\/www.mondragon-assembly.com\/es-mx\/wp-json\/wp\/v2\/users\/4"}],"replies":[{"embeddable":true,"href":"https:\/\/www.mondragon-assembly.com\/es-mx\/wp-json\/wp\/v2\/comments?post=30133"}],"version-history":[{"count":22,"href":"https:\/\/www.mondragon-assembly.com\/es-mx\/wp-json\/wp\/v2\/pages\/30133\/revisions"}],"predecessor-version":[{"id":71035,"href":"https:\/\/www.mondragon-assembly.com\/es-mx\/wp-json\/wp\/v2\/pages\/30133\/revisions\/71035"}],"up":[{"embeddable":true,"href":"https:\/\/www.mondragon-assembly.com\/es-mx\/wp-json\/wp\/v2\/pages\/30036"}],"wp:attachment":[{"href":"https:\/\/www.mondragon-assembly.com\/es-mx\/wp-json\/wp\/v2\/media?parent=30133"}],"wp:term":[{"taxonomy":"yst_prominent_words","embeddable":true,"href":"https:\/\/www.mondragon-assembly.com\/es-mx\/wp-json\/wp\/v2\/yst_prominent_words?post=30133"}],"curies":[{"name":"wp","href":"https:\/\/api.w.org\/{rel}","templated":true}]}}