{"id":31258,"date":"2016-04-04T08:06:25","date_gmt":"2016-04-04T06:06:25","guid":{"rendered":"https:\/\/www.mondragon-assembly.com\/solar-automation-solutions\/"},"modified":"2021-03-24T23:46:52","modified_gmt":"2021-03-24T21:46:52","slug":"solar-automation-solutions","status":"publish","type":"page","link":"https:\/\/www.mondragon-assembly.com\/es-mx\/solar-automation-solutions\/","title":{"rendered":"Solar"},"content":{"rendered":"<div class=\"wpb-content-wrapper\"><p>[vc_row full_width=&#8221;stretch_row_content_no_spaces&#8221;][vc_column][vc_column_text]<div id=\"home-slider-2019\" class=\"homeslidersolar\"><div id=\"home-slider-2019-icons\" class=\"homesolar\"><h3>We are specialist in high added value applications for the solar business sector<\/h3><ul><li class=\"turnkey\" data-target=\"turnkey\"><a href=\"https:\/\/www.mondragon-assembly.com\/solar-automation-solutions\/turnkey-lines-for-pv-module-manufacturing\/\" title=\" \"><div class=\"imagen\"><\/div><h2>Turnkey lines for PV module manufacturing<\/h2><\/a><\/li><li class=\"individual\" data-target=\"individual\"><a href=\"https:\/\/www.mondragon-assembly.com\/solar-automation-solutions\/individual-equipment\/\" title=\" \"><div class=\"imagen\"><\/div><h2>Individual equipment<\/h2><\/a><\/li><li class=\"module\" data-target=\"module\"><a href=\"https:\/\/www.mondragon-assembly.com\/?page_id=775\" title=\" \"><div class=\"imagen\"><\/div><h2>Module Technology<\/h2><\/a><\/li><li class=\"getready\" data-target=\"getready\"><a href=\"https:\/\/www.mondragon-assembly.com\/solar-automation-solutions\/get-ready-for-manufacturing\/\" title=\" \"><div class=\"imagen\"><\/div><h2>Get ready for manufacturing!<\/h2><\/a><\/li><\/ul><\/div><\/div>[\/vc_column_text][\/vc_column][\/vc_row][vc_row][vc_column css=&#8221;.vc_custom_1561111632984{margin-bottom: -20px !important;padding-top: 10px !important;}&#8221;][vc_column_text css_animation=&#8221;appear&#8221; css=&#8221;.vc_custom_1616561144938{padding-top: 7px !important;padding-right: 20px !important;padding-bottom: 20px !important;padding-left: 20px !important;background-color: #f7f7f7 !important;}&#8221;]<\/p>\n<h3 style=\"text-align: center;\"><span style=\"color: #494a4c;\">Mondragon Assembly es l\u00edder en Europa en la producci\u00f3n de equipos tecnol\u00f3gicos para la fabricaci\u00f3n de m\u00f3dulos solares gracias a la implementaci\u00f3n de diversas tecnolog\u00edas de vanguardia. Dise\u00f1amos y proporcionamos maquinaria y l\u00edneas de producci\u00f3n llave en mano de alta tecnolog\u00eda para sistemas fotovoltaicos.<\/span><\/h3>\n<p>[\/vc_column_text][\/vc_column][\/vc_row][vc_row][vc_column css=&#8221;.vc_custom_1561111632984{margin-bottom: -20px !important;padding-top: 10px !important;}&#8221;][vc_empty_space][\/vc_column][\/vc_row][vc_row full_width=&#8221;stretch_row_content_no_spaces&#8221;][vc_column el_id=&#8221;solarinfigures&#8221;][visualmodo_wpbakery_counter value=&#8221;15&#8243; value_interval=&#8221;1&#8243; el_id=&#8221;countergw&#8221; counter_color=&#8221;#e40521&#8243; value_speed=&#8221;300&#8243;][visualmodo_wpbakery_counter value=&#8221;2001&#8243; value_speed=&#8221;10000&#8243; value_interval=&#8221;50&#8243; el_id=&#8221;counteryear&#8221; counter_color=&#8221;#e40521&#8243;][visualmodo_wpbakery_counter value=&#8221;14&#8243; value_interval=&#8221;1&#8243; el_id=&#8221;counterprojects&#8221; counter_color=&#8221;#e40521&#8243; value_speed=&#8221;300&#8243;][vc_single_image image=&#8221;34560&#8243; img_size=&#8221;full&#8221; alignment=&#8221;center&#8221;][\/vc_column][\/vc_row][vc_row][vc_column css=&#8221;.vc_custom_1561111632984{margin-bottom: -20px !important;padding-top: 10px !important;}&#8221;][vc_empty_space][\/vc_column][\/vc_row][vc_row css_animation=&#8221;fadeIn&#8221;][vc_column][vc_text_separator title=&#8221;HISTORIA DE MONDRAGON ASSEMBLY SOLAR&#8221; el_class=&#8221;title_gr&#8221;][vc_column_text css=&#8221;.vc_custom_1607196485517{margin-top: -20px !important;}&#8221;]<\/p>\n<h3 style=\"text-align: center; font-weight: bold;\">Un s\u00f3lido crecimiento en el sector solar<\/h3>\n<p>[\/vc_column_text][\/vc_column][\/vc_row][vc_row full_width=&#8221;stretch_row_content&#8221;][vc_column][vc_column_text]\t\t<div class=\"wpostahs-slider-wrp \" data-conf=\"{&quot;dots&quot;:&quot;true&quot;,&quot;arrows&quot;:&quot;true&quot;,&quot;loop&quot;:&quot;true&quot;,&quot;autoplay&quot;:&quot;true&quot;,&quot;autoplayInterval&quot;:3000,&quot;speed&quot;:300,&quot;fade&quot;:&quot;false&quot;,&quot;rtl&quot;:&quot;false&quot;,&quot;centermode&quot;:&quot;false&quot;,&quot;slidestoshow&quot;:3,&quot;lazyload&quot;:&quot;&quot;}\">\r\n\t\t\t<div class=\"wpostahs-slider wpostahs-slider-inner-wrp wpostahs-slider-design-2\">\r\n\t\t\t\t\n<div id=\"wpostahs-slider-nav-1\" class=\"wpostahs-slider-nav-1 wpostahs-slider-nav wpostahs-slick-slider\" data-slider-nav-for='wpostahs-slider-for-1'>\n\t\t\t\t<div class=\"wpostahs-slider-nav-title\">\n\t\t\t<div class=\"wpostahs-main-title\">\n\t\t\t\t<button><\/button>\n\t\t\t<\/div>\n\t\t\t<div class=\"wpostahs-title\">2001<\/div>\n\t\t<\/div>\n\t\t\t<div class=\"wpostahs-slider-nav-title\">\n\t\t\t<div class=\"wpostahs-main-title\">\n\t\t\t\t<button><\/button>\n\t\t\t<\/div>\n\t\t\t<div class=\"wpostahs-title\">2002<\/div>\n\t\t<\/div>\n\t\t\t<div class=\"wpostahs-slider-nav-title\">\n\t\t\t<div class=\"wpostahs-main-title\">\n\t\t\t\t<button><\/button>\n\t\t\t<\/div>\n\t\t\t<div class=\"wpostahs-title\">2003<\/div>\n\t\t<\/div>\n\t\t\t<div class=\"wpostahs-slider-nav-title\">\n\t\t\t<div class=\"wpostahs-main-title\">\n\t\t\t\t<button><\/button>\n\t\t\t<\/div>\n\t\t\t<div class=\"wpostahs-title\">2004<\/div>\n\t\t<\/div>\n\t\t\t<div class=\"wpostahs-slider-nav-title\">\n\t\t\t<div class=\"wpostahs-main-title\">\n\t\t\t\t<button><\/button>\n\t\t\t<\/div>\n\t\t\t<div class=\"wpostahs-title\">2015<\/div>\n\t\t<\/div>\n\t\t\t<div class=\"wpostahs-slider-nav-title\">\n\t\t\t<div class=\"wpostahs-main-title\">\n\t\t\t\t<button><\/button>\n\t\t\t<\/div>\n\t\t\t<div class=\"wpostahs-title\">2016<\/div>\n\t\t<\/div>\n\t\t\t<div class=\"wpostahs-slider-nav-title\">\n\t\t\t<div class=\"wpostahs-main-title\">\n\t\t\t\t<button><\/button>\n\t\t\t<\/div>\n\t\t\t<div class=\"wpostahs-title\">2017<\/div>\n\t\t<\/div>\n\t\t\t<div class=\"wpostahs-slider-nav-title\">\n\t\t\t<div class=\"wpostahs-main-title\">\n\t\t\t\t<button><\/button>\n\t\t\t<\/div>\n\t\t\t<div class=\"wpostahs-title\">2018<\/div>\n\t\t<\/div>\n\t\t\t<div class=\"wpostahs-slider-nav-title\">\n\t\t\t<div class=\"wpostahs-main-title\">\n\t\t\t\t<button><\/button>\n\t\t\t<\/div>\n\t\t\t<div class=\"wpostahs-title\">2019<\/div>\n\t\t<\/div>\n\t\t\t<div class=\"wpostahs-slider-nav-title\">\n\t\t\t<div class=\"wpostahs-main-title\">\n\t\t\t\t<button><\/button>\n\t\t\t<\/div>\n\t\t\t<div class=\"wpostahs-title\">2020<\/div>\n\t\t<\/div>\n\t<\/div>\n\n<div class=\"wpostahs-slider-for-1 wpostahs-slider-for wpostahs-slick-slider\">\n\t\t\t\n\t\t<div class=\"wpostahs-slider-nav-content\">\n\t\t<h2 class=\"wpostahs-centent-title\">2001<\/h2>\n\t\t\t<div class=\"wpostahs-centent\">\n\t\t\t\t<div class=\"wpb-content-wrapper\"><p>[vc_row][vc_column][vc_column_text]<\/p>\n<h2 style=\"text-align: center;\"><span style=\"color: #e40521;\">2001<\/span><\/h2>\n<p>[\/vc_column_text][vc_row_inner][vc_column_inner width=&#8221;1\/2&#8243;][vc_single_image image=&#8221;34709&#8243; img_size=&#8221;full&#8221; style=&#8221;vc_box_shadow_3d&#8221;][\/vc_column_inner][vc_column_inner width=&#8221;1\/2&#8243;][vc_column_text el_class=&#8221;frases_histograma&#8221;]<\/p>\n<p style=\"text-align: center;\">Primer equipo para solar instalado con \u00e9xito en las instalaciones del cliente<\/p>\n<p>[\/vc_column_text][\/vc_column_inner][\/vc_row_inner][\/vc_column][\/vc_row]<\/p>\n<\/div>\t\t\t<\/div>\n\n\t\t\t\t<\/div>\n\t\t\t\n\t\t<div class=\"wpostahs-slider-nav-content\">\n\t\t<h2 class=\"wpostahs-centent-title\">2002<\/h2>\n\t\t\t<div class=\"wpostahs-centent\">\n\t\t\t\t<div class=\"wpb-content-wrapper\"><p>[vc_row][vc_column][vc_column_text]<\/p>\n<h2 style=\"text-align: center;\"><span style=\"color: #e40521;\">2002<\/span><\/h2>\n<p>[\/vc_column_text][vc_row_inner][vc_column_inner width=&#8221;1\/2&#8243;][vc_single_image image=&#8221;34710&#8243; img_size=&#8221;full&#8221; style=&#8221;vc_box_shadow_3d&#8221;][\/vc_column_inner][vc_column_inner width=&#8221;1\/2&#8243;][vc_column_text el_class=&#8221;frases_histograma&#8221;]<\/p>\n<p style=\"text-align: center;\">Primera Tabber &amp; Stringer desarrollada e instalada en las instalaciones del cliente<\/p>\n<p>[\/vc_column_text][\/vc_column_inner][\/vc_row_inner][\/vc_column][\/vc_row]<\/p>\n<\/div>\t\t\t<\/div>\n\n\t\t\t\t<\/div>\n\t\t\t\n\t\t<div class=\"wpostahs-slider-nav-content\">\n\t\t<h2 class=\"wpostahs-centent-title\">2003<\/h2>\n\t\t\t<div class=\"wpostahs-centent\">\n\t\t\t\t<div class=\"wpb-content-wrapper\"><p>[vc_row][vc_column][vc_column_text]<\/p>\n<h2 style=\"text-align: center;\"><span style=\"color: #e40521;\">2003<\/span><\/h2>\n<p>[\/vc_column_text][vc_row_inner][vc_column_inner width=&#8221;1\/2&#8243;][vc_single_image image=&#8221;34711&#8243; img_size=&#8221;full&#8221; style=&#8221;vc_box_shadow_3d&#8221;][\/vc_column_inner][vc_column_inner width=&#8221;1\/2&#8243;][vc_column_text el_class=&#8221;frases_histograma&#8221;]<\/p>\n<p style=\"text-align: center;\">Desarrollo de la primera Interconexi\u00f3n (IC) y m\u00e1quina de enmarcado autom\u00e1tico<\/p>\n<p>[\/vc_column_text][\/vc_column_inner][\/vc_row_inner][\/vc_column][\/vc_row]<\/p>\n<\/div>\t\t\t<\/div>\n\n\t\t\t\t<\/div>\n\t\t\t\n\t\t<div class=\"wpostahs-slider-nav-content\">\n\t\t<h2 class=\"wpostahs-centent-title\">2004<\/h2>\n\t\t\t<div class=\"wpostahs-centent\">\n\t\t\t\t<div class=\"wpb-content-wrapper\"><p>[vc_row][vc_column][vc_column_text]<\/p>\n<h2 style=\"text-align: center;\"><span style=\"color: #e40521;\">2004<\/span><\/h2>\n<p>[\/vc_column_text][vc_row_inner][vc_column_inner width=&#8221;1\/2&#8243;][vc_single_image image=&#8221;34712&#8243; img_size=&#8221;full&#8221; style=&#8221;vc_box_shadow_3d&#8221;][\/vc_column_inner][vc_column_inner width=&#8221;1\/2&#8243;][vc_column_text el_class=&#8221;frases_histograma2&#8243;]<\/p>\n<p style=\"text-align: center;\">Primera l\u00ednea llave en mano entregada<\/p>\n<p>[\/vc_column_text][\/vc_column_inner][\/vc_row_inner][\/vc_column][\/vc_row]<\/p>\n<\/div>\t\t\t<\/div>\n\n\t\t\t\t<\/div>\n\t\t\t\n\t\t<div class=\"wpostahs-slider-nav-content\">\n\t\t<h2 class=\"wpostahs-centent-title\">2015<\/h2>\n\t\t\t<div class=\"wpostahs-centent\">\n\t\t\t\t<div class=\"wpb-content-wrapper\"><p>[vc_row][vc_column][vc_column_text]<\/p>\n<h2 style=\"text-align: center;\"><span style=\"color: #e40521;\">2005<\/span><\/h2>\n<p>[\/vc_column_text][vc_row_inner][vc_column_inner width=&#8221;1\/2&#8243;][vc_single_image image=&#8221;34714&#8243; img_size=&#8221;full&#8221; style=&#8221;vc_box_shadow_3d&#8221;][\/vc_column_inner][vc_column_inner width=&#8221;1\/2&#8243;][vc_column_text el_class=&#8221;frases_histograma2&#8243;]<\/p>\n<p style=\"text-align: center;\">Adquisici\u00f3n del negocio Solar de Gorosabel<\/p>\n<p>[\/vc_column_text][\/vc_column_inner][\/vc_row_inner][\/vc_column][\/vc_row]<\/p>\n<\/div>\t\t\t<\/div>\n\n\t\t\t\t<\/div>\n\t\t\t\n\t\t<div class=\"wpostahs-slider-nav-content\">\n\t\t<h2 class=\"wpostahs-centent-title\">2016<\/h2>\n\t\t\t<div class=\"wpostahs-centent\">\n\t\t\t\t<div class=\"wpb-content-wrapper\"><p>[vc_row][vc_column][vc_column_text]<\/p>\n<h2 style=\"text-align: center;\"><span style=\"color: #e40521;\">2016<\/span><\/h2>\n<p>[\/vc_column_text][vc_row_inner][vc_column_inner width=&#8221;1\/2&#8243;][vc_single_image image=&#8221;34715&#8243; img_size=&#8221;full&#8221; style=&#8221;vc_box_shadow_3d&#8221;][\/vc_column_inner][vc_column_inner width=&#8221;1\/2&#8243;][vc_column_text el_class=&#8221;frases_histograma&#8221;]<\/p>\n<p style=\"text-align: center;\">Establecimiento de Mondragon Assembly India Pvt. Ldt.<\/p>\n<p>[\/vc_column_text][\/vc_column_inner][\/vc_row_inner][\/vc_column][\/vc_row]<\/p>\n<\/div>\t\t\t<\/div>\n\n\t\t\t\t<\/div>\n\t\t\t\n\t\t<div class=\"wpostahs-slider-nav-content\">\n\t\t<h2 class=\"wpostahs-centent-title\">2017<\/h2>\n\t\t\t<div class=\"wpostahs-centent\">\n\t\t\t\t<div class=\"wpb-content-wrapper\"><p>[vc_row][vc_column][vc_column_text]<\/p>\n<h2 style=\"text-align: center;\"><span style=\"color: #e40521;\">2017<\/span><\/h2>\n<p>[\/vc_column_text][vc_row_inner][vc_column_inner width=&#8221;1\/2&#8243;][vc_single_image image=&#8221;34716&#8243; img_size=&#8221;full&#8221; style=&#8221;vc_box_shadow_3d&#8221;][\/vc_column_inner][vc_column_inner width=&#8221;1\/2&#8243;][vc_column_text el_class=&#8221;frases_histograma2&#8243;]<\/p>\n<p style=\"text-align: center;\">Nueva Tabber &amp; Stringer MTS 2500<\/p>\n<p>[\/vc_column_text][\/vc_column_inner][\/vc_row_inner][\/vc_column][\/vc_row]<\/p>\n<\/div>\t\t\t<\/div>\n\n\t\t\t\t<\/div>\n\t\t\t\n\t\t<div class=\"wpostahs-slider-nav-content\">\n\t\t<h2 class=\"wpostahs-centent-title\">2018<\/h2>\n\t\t\t<div class=\"wpostahs-centent\">\n\t\t\t\t<div class=\"wpb-content-wrapper\"><p>[vc_row][vc_column][vc_column_text]<\/p>\n<h2 style=\"text-align: center;\"><span style=\"color: #e40521;\">2018<\/span><\/h2>\n<p>[\/vc_column_text][vc_row_inner][vc_column_inner][vc_single_image image=&#8221;34717&#8243; img_size=&#8221;full&#8221; alignment=&#8221;center&#8221; style=&#8221;vc_box_shadow_3d&#8221;][\/vc_column_inner][\/vc_row_inner][vc_row_inner][vc_column_inner][vc_column_text el_class=&#8221;txt_timeline_slider&#8221;]<\/p>\n<p style=\"text-align: center;\">Acuerdo de asociaci\u00f3n preferente con Meyer Burger<\/p>\n<p style=\"text-align: center;\">Nuevos conceptos de enmarcado autom\u00e1tico y m\u00e1quinas autom\u00e1ticas auxiliares<\/p>\n<p style=\"text-align: center;\">Nuevo concepto de Interconexi\u00f3n (IC) full auto para c\u00e9lulas cortadas y tecnolog\u00eda multibusbar en una \u00fanica m\u00e1quina<\/p>\n<p style=\"text-align: center;\">Primera m\u00e1quina de battery packs instalada en las instalaciones del cliente<\/p>\n<p>[\/vc_column_text][\/vc_column_inner][\/vc_row_inner][\/vc_column][\/vc_row]<\/p>\n<\/div>\t\t\t<\/div>\n\n\t\t\t\t<\/div>\n\t\t\t\n\t\t<div class=\"wpostahs-slider-nav-content\">\n\t\t<h2 class=\"wpostahs-centent-title\">2019<\/h2>\n\t\t\t<div class=\"wpostahs-centent\">\n\t\t\t\t<div class=\"wpb-content-wrapper\"><p>[vc_row][vc_column][vc_column_text]<\/p>\n<h2 style=\"text-align: center;\"><span style=\"color: #e40521;\">2019<\/span><\/h2>\n<p>[\/vc_column_text][vc_row_inner][vc_column_inner width=&#8221;2\/5&#8243;][vc_single_image image=&#8221;37079&#8243; img_size=&#8221;full&#8221; style=&#8221;vc_box_shadow_3d&#8221;][\/vc_column_inner][vc_column_inner width=&#8221;3\/5&#8243;][vc_column_text el_class=&#8221;frases_histograma&#8221;]<\/p>\n<p style=\"text-align: center;\">Establecimiento de Mondragon Assembly en MENA<br \/>\nDesarrollo de la primera m\u00e1quina Tabber&amp;Stringer ECA (GOPV Proyecto Europeo)<\/p>\n<p>[\/vc_column_text][\/vc_column_inner][\/vc_row_inner][\/vc_column][\/vc_row]<\/p>\n<\/div>\t\t\t<\/div>\n\n\t\t\t\t<\/div>\n\t\t\t\n\t\t<div class=\"wpostahs-slider-nav-content\">\n\t\t<h2 class=\"wpostahs-centent-title\">2020<\/h2>\n\t\t\t<div class=\"wpostahs-centent\">\n\t\t\t\t<div class=\"wpb-content-wrapper\"><p>[vc_row][vc_column][vc_column_text]<\/p>\n<h2 style=\"text-align: center;\"><span style=\"color: #e40521;\">2020<\/span><\/h2>\n<p>[\/vc_column_text][vc_row_inner][vc_column_inner width=&#8221;1\/2&#8243;][vc_single_image image=&#8221;34721&#8243; img_size=&#8221;full&#8221; style=&#8221;vc_box_shadow_3d&#8221;][\/vc_column_inner][vc_column_inner width=&#8221;1\/2&#8243;][vc_column_text el_class=&#8221;frases_histograma&#8221;]<\/p>\n<p style=\"text-align: center;\">Primera l\u00ednea BIPV<\/p>\n<p style=\"text-align: center;\">Nueva Tabber &amp; Stringer: MTS 3000<\/p>\n<p>[\/vc_column_text][\/vc_column_inner][\/vc_row_inner][\/vc_column][\/vc_row]<\/p>\n<\/div>\t\t\t<\/div>\n\n\t\t\t\t<\/div>\n\t<\/div>\t\t\t<\/div>\r\n\t\t<\/div>\r\n\t\t[\/vc_column_text][\/vc_column][\/vc_row]<\/p>\n<\/div>","protected":false},"excerpt":{"rendered":"<p>[vc_row full_width=&#8221;stretch_row_content_no_spaces&#8221;][vc_column][vc_column_text][\/vc_column_text][\/vc_column][\/vc_row][vc_row][vc_column css=&#8221;.vc_custom_1561111632984{margin-bottom: -20px !important;padding-top: 10px !important;}&#8221;][vc_column_text css_animation=&#8221;appear&#8221; css=&#8221;.vc_custom_1616561144938{padding-top: 7px !important;padding-right: 20px !important;padding-bottom: 20px !important;padding-left: 20px !important;background-color: #f7f7f7 !important;}&#8221;] Mondragon Assembly es l\u00edder en Europa en la producci\u00f3n de equipos tecnol\u00f3gicos para la fabricaci\u00f3n de m\u00f3dulos solares gracias a la implementaci\u00f3n de diversas tecnolog\u00edas de vanguardia. Dise\u00f1amos y proporcionamos maquinaria y l\u00edneas de producci\u00f3n llave [&hellip;]<\/p>\n","protected":false},"author":4,"featured_media":17045,"parent":0,"menu_order":0,"comment_status":"closed","ping_status":"closed","template":"sectors.php","meta":{"_lmt_disableupdate":"","_lmt_disable":"","footnotes":""},"yst_prominent_words":[5316,5317,5318,5319,5338,5396,5397,230,5398,234,5399,244,1007,1068,2152,2693,5037,5315],"class_list":["post-31258","page","type-page","status-publish","has-post-thumbnail","hentry"],"acf":[],"_links":{"self":[{"href":"https:\/\/www.mondragon-assembly.com\/es-mx\/wp-json\/wp\/v2\/pages\/31258","targetHints":{"allow":["GET"]}}],"collection":[{"href":"https:\/\/www.mondragon-assembly.com\/es-mx\/wp-json\/wp\/v2\/pages"}],"about":[{"href":"https:\/\/www.mondragon-assembly.com\/es-mx\/wp-json\/wp\/v2\/types\/page"}],"author":[{"embeddable":true,"href":"https:\/\/www.mondragon-assembly.com\/es-mx\/wp-json\/wp\/v2\/users\/4"}],"replies":[{"embeddable":true,"href":"https:\/\/www.mondragon-assembly.com\/es-mx\/wp-json\/wp\/v2\/comments?post=31258"}],"version-history":[{"count":16,"href":"https:\/\/www.mondragon-assembly.com\/es-mx\/wp-json\/wp\/v2\/pages\/31258\/revisions"}],"predecessor-version":[{"id":37193,"href":"https:\/\/www.mondragon-assembly.com\/es-mx\/wp-json\/wp\/v2\/pages\/31258\/revisions\/37193"}],"wp:featuredmedia":[{"embeddable":true,"href":"https:\/\/www.mondragon-assembly.com\/es-mx\/wp-json\/wp\/v2\/media\/17045"}],"wp:attachment":[{"href":"https:\/\/www.mondragon-assembly.com\/es-mx\/wp-json\/wp\/v2\/media?parent=31258"}],"wp:term":[{"taxonomy":"yst_prominent_words","embeddable":true,"href":"https:\/\/www.mondragon-assembly.com\/es-mx\/wp-json\/wp\/v2\/yst_prominent_words?post=31258"}],"curies":[{"name":"wp","href":"https:\/\/api.w.org\/{rel}","templated":true}]}}