{"id":33290,"date":"2021-01-07T11:44:38","date_gmt":"2021-01-07T09:44:38","guid":{"rendered":"https:\/\/www.mondragon-assembly.com\/turnkey-lines-for-bipolar-plate-fuell-cells\/"},"modified":"2021-03-24T23:44:21","modified_gmt":"2021-03-24T21:44:21","slug":"turnkey-lines-for-bipolar-plate-fuell-cells","status":"publish","type":"page","link":"https:\/\/www.mondragon-assembly.com\/es-mx\/e-mobility-and-energy-storage\/turnkey-lines-for-bipolar-plate-fuell-cells\/","title":{"rendered":"L\u00edneas de producci\u00f3n de celdas de combustible de placa bipolar"},"content":{"rendered":"<div class=\"wpb-content-wrapper\"><p>[vc_row][vc_column][vc_empty_space][\/vc_column][\/vc_row][vc_row][vc_column][vc_text_separator title=&#8221;L\u00cdNEAS DE PRODUCCI\u00d3N DE CELDAS DE COMBUSTIBLE DE PLACA BIPOLAR&#8221; el_class=&#8221;title_gr&#8221;][\/vc_column][\/vc_row][vc_row][vc_column][vc_column_text css_animation=&#8221;none&#8221;]<\/p>\n<p style=\"margin: 0cm; background: white;\"><span style=\"font-family: Roboto; color: #494a4c;\">En Mondragon Assembly, trabajamos con gran intensidad en el desarrollo de soluciones de alta productividad para la producci\u00f3n de pilas de combustible.<\/span><\/p>\n<p>[\/vc_column_text][\/vc_column][\/vc_row][vc_row][vc_column width=&#8221;1\/2&#8243;][vc_column_text]<\/p>\n<h3><span style=\"color: #e20026;\"><img decoding=\"async\" class=\"alignnone wp-image-22233 size-full\" src=\"https:\/\/www.mondragon-assembly.com\/wp-content\/uploads\/2019\/06\/icon-main-features.jpg\" alt=\"\" width=\"41\" height=\"41\" \/> Caracter\u00edsticas principales<\/span><\/h3>\n<p>[\/vc_column_text][vc_column_text el_class=&#8221;icon_list&#8221;]<\/p>\n<ul>\n<li>Sistemas de ejes f\u00e1cilmente calibrables. Sistema de medici\u00f3n complementario para un posicionamiento preciso del eje<\/li>\n<li>Base de granito para reducir al m\u00ednimo las vibraciones durante la soldadura l\u00e1ser<\/li>\n<li>Sistema de rodillos KANBAN<\/li>\n<li>Testeo mediante control de la fuerza<\/li>\n<li>Sistemas de manipulaci\u00f3n r\u00e1pidos para reducir al m\u00ednimo los tiempos de los ciclo<\/li>\n<\/ul>\n<p>[\/vc_column_text][\/vc_column][vc_column width=&#8221;1\/2&#8243;][vc_column_text]<\/p>\n<h3><span style=\"color: #e20026;\"><img decoding=\"async\" class=\"alignnone wp-image-22334 size-full\" src=\"https:\/\/www.mondragon-assembly.com\/wp-content\/uploads\/2019\/06\/icon-function.jpg\" alt=\"\" width=\"41\" height=\"41\" \/> Proceso de montaje<\/span><\/h3>\n<p>[\/vc_column_text][vc_column_text el_class=&#8221;icon_list&#8221;]<\/p>\n<ul>\n<li>Posicionamiento del \u00e1nodo y el c\u00e1todo en la soldadora<\/li>\n<li>Soldadura l\u00e1ser<\/li>\n<li>Inspecci\u00f3n el\u00e9ctrica de las soldaduras mediante el control de la fuerza y la medici\u00f3n de la resistencia<\/li>\n<li>Prueba de fuga de los canales correspondientes<\/li>\n<li>Marcado por l\u00e1ser DMC<\/li>\n<li>Descarga final y clasificaci\u00f3n<\/li>\n<\/ul>\n<p>[\/vc_column_text][\/vc_column][\/vc_row]<\/p>\n<\/div>","protected":false},"excerpt":{"rendered":"<p>[vc_row][vc_column][vc_empty_space][\/vc_column][\/vc_row][vc_row][vc_column][vc_text_separator title=&#8221;L\u00cdNEAS DE PRODUCCI\u00d3N DE CELDAS DE COMBUSTIBLE DE PLACA BIPOLAR&#8221; el_class=&#8221;title_gr&#8221;][\/vc_column][\/vc_row][vc_row][vc_column][vc_column_text css_animation=&#8221;none&#8221;] En Mondragon Assembly, trabajamos con gran intensidad en el desarrollo de soluciones de alta productividad para la producci\u00f3n de pilas de combustible. [\/vc_column_text][\/vc_column][\/vc_row][vc_row][vc_column width=&#8221;1\/2&#8243;][vc_column_text] Caracter\u00edsticas principales [\/vc_column_text][vc_column_text el_class=&#8221;icon_list&#8221;] Sistemas de ejes f\u00e1cilmente calibrables. Sistema de medici\u00f3n complementario para un posicionamiento preciso del [&hellip;]<\/p>\n","protected":false},"author":4,"featured_media":0,"parent":30036,"menu_order":0,"comment_status":"closed","ping_status":"closed","template":"sectors.php","meta":{"_lmt_disableupdate":"","_lmt_disable":"","footnotes":""},"yst_prominent_words":[234,305,928,1214,1293,4805,5062],"class_list":["post-33290","page","type-page","status-publish","hentry"],"acf":[],"_links":{"self":[{"href":"https:\/\/www.mondragon-assembly.com\/es-mx\/wp-json\/wp\/v2\/pages\/33290","targetHints":{"allow":["GET"]}}],"collection":[{"href":"https:\/\/www.mondragon-assembly.com\/es-mx\/wp-json\/wp\/v2\/pages"}],"about":[{"href":"https:\/\/www.mondragon-assembly.com\/es-mx\/wp-json\/wp\/v2\/types\/page"}],"author":[{"embeddable":true,"href":"https:\/\/www.mondragon-assembly.com\/es-mx\/wp-json\/wp\/v2\/users\/4"}],"replies":[{"embeddable":true,"href":"https:\/\/www.mondragon-assembly.com\/es-mx\/wp-json\/wp\/v2\/comments?post=33290"}],"version-history":[{"count":10,"href":"https:\/\/www.mondragon-assembly.com\/es-mx\/wp-json\/wp\/v2\/pages\/33290\/revisions"}],"predecessor-version":[{"id":37192,"href":"https:\/\/www.mondragon-assembly.com\/es-mx\/wp-json\/wp\/v2\/pages\/33290\/revisions\/37192"}],"up":[{"embeddable":true,"href":"https:\/\/www.mondragon-assembly.com\/es-mx\/wp-json\/wp\/v2\/pages\/30036"}],"wp:attachment":[{"href":"https:\/\/www.mondragon-assembly.com\/es-mx\/wp-json\/wp\/v2\/media?parent=33290"}],"wp:term":[{"taxonomy":"yst_prominent_words","embeddable":true,"href":"https:\/\/www.mondragon-assembly.com\/es-mx\/wp-json\/wp\/v2\/yst_prominent_words?post=33290"}],"curies":[{"name":"wp","href":"https:\/\/api.w.org\/{rel}","templated":true}]}}