{"id":7738,"date":"2016-04-04T08:06:42","date_gmt":"2016-04-04T06:06:42","guid":{"rendered":"https:\/\/www.mondragon-assembly.com\/es-mx\/?page_id=7738"},"modified":"2016-05-26T12:23:27","modified_gmt":"2016-05-26T12:23:27","slug":"automovil","status":"publish","type":"page","link":"https:\/\/www.mondragon-assembly.com\/es-mx\/automovil\/","title":{"rendered":"Autom\u00f3vil"},"content":{"rendered":"<div class=\"wpb-content-wrapper\"><p>[vc_row][vc_column width=&#8221;1\/2&#8243;][vc_column_text]Mondragon Assembly es una empresa l\u00edder en el dise\u00f1o y fabricaci\u00f3n de soluciones autom\u00e1ticas para el ensamble de componentes industriales. Proporcionamos soluciones autom\u00e1ticas, l\u00edneas de ensamble y testers de fin de l\u00ednea para componentes del sector de automoci\u00f3n.<\/p>\n<p>La industria del autom\u00f3vil es uno de los sectores clave para el Grupo Mondragon Assembly. 40 a\u00f1os de experiencia en este sector nos han convertido en uno de los principales proveedores de sistemas de ensamble para componentes de automoci\u00f3n.[\/vc_column_text][vc_column_text el_class=&#8221;icon_list&#8221;]<\/p>\n<ul>\n<li>Soluciones llave en mano y maquinaria a medida para soluciones autom\u00e1ticas<\/li>\n<li>Fabricaci\u00f3n de maquinaria autom\u00e1tica y\/o semiautom\u00e1tica para componentes de automoci\u00f3n<\/li>\n<li>Dise\u00f1o, montaje, programaci\u00f3n e instalaci\u00f3n de la l\u00ednea de fabricaci\u00f3n hasta la recepci\u00f3n final del proyecto, ofreciendo un servicio integral.<\/li>\n<li>Soluciones de alta productividad, flexibilidad y excelente calidad<\/li>\n<li>Soluciones personalizadas: el equipo de ingenier\u00eda de Mondragon Assembly pone a su disposici\u00f3n su experiencia para ayudarle a desarrollar su proyecto<\/li>\n<\/ul>\n<p>[\/vc_column_text][\/vc_column][vc_column width=&#8221;1\/2&#8243;][vc_gallery type=&#8221;flexslider_slide&#8221; interval=&#8221;3&#8243; images=&#8221;10124,11301,11310&#8243; img_size=&#8221;full&#8221;][\/vc_column][\/vc_row]<\/p>\n<\/div>","protected":false},"excerpt":{"rendered":"<p>[vc_row][vc_column width=&#8221;1\/2&#8243;][vc_column_text]Mondragon Assembly es una empresa l\u00edder en el dise\u00f1o y fabricaci\u00f3n de soluciones autom\u00e1ticas para el ensamble de componentes industriales. Proporcionamos soluciones autom\u00e1ticas, l\u00edneas de ensamble y testers de fin de l\u00ednea para componentes del sector de automoci\u00f3n. La industria del autom\u00f3vil es uno de los sectores clave para el Grupo Mondragon Assembly. 40 [&hellip;]<\/p>\n","protected":false},"author":3,"featured_media":0,"parent":0,"menu_order":0,"comment_status":"closed","ping_status":"closed","template":"sectors.php","meta":{"_lmt_disableupdate":"","_lmt_disable":"","footnotes":""},"yst_prominent_words":[1867,1869,1876,1880,230,234,554,987,1431,1822,1833,1860,1864],"class_list":["post-7738","page","type-page","status-publish","hentry"],"acf":[],"_links":{"self":[{"href":"https:\/\/www.mondragon-assembly.com\/es-mx\/wp-json\/wp\/v2\/pages\/7738","targetHints":{"allow":["GET"]}}],"collection":[{"href":"https:\/\/www.mondragon-assembly.com\/es-mx\/wp-json\/wp\/v2\/pages"}],"about":[{"href":"https:\/\/www.mondragon-assembly.com\/es-mx\/wp-json\/wp\/v2\/types\/page"}],"author":[{"embeddable":true,"href":"https:\/\/www.mondragon-assembly.com\/es-mx\/wp-json\/wp\/v2\/users\/3"}],"replies":[{"embeddable":true,"href":"https:\/\/www.mondragon-assembly.com\/es-mx\/wp-json\/wp\/v2\/comments?post=7738"}],"version-history":[{"count":4,"href":"https:\/\/www.mondragon-assembly.com\/es-mx\/wp-json\/wp\/v2\/pages\/7738\/revisions"}],"predecessor-version":[{"id":11320,"href":"https:\/\/www.mondragon-assembly.com\/es-mx\/wp-json\/wp\/v2\/pages\/7738\/revisions\/11320"}],"wp:attachment":[{"href":"https:\/\/www.mondragon-assembly.com\/es-mx\/wp-json\/wp\/v2\/media?parent=7738"}],"wp:term":[{"taxonomy":"yst_prominent_words","embeddable":true,"href":"https:\/\/www.mondragon-assembly.com\/es-mx\/wp-json\/wp\/v2\/yst_prominent_words?post=7738"}],"curies":[{"name":"wp","href":"https:\/\/api.w.org\/{rel}","templated":true}]}}