{"id":8807,"date":"2016-04-15T08:59:42","date_gmt":"2016-04-15T06:59:42","guid":{"rendered":"https:\/\/www.mondragon-assembly.com\/es-mx\/?page_id=8807"},"modified":"2016-05-21T11:28:02","modified_gmt":"2016-05-21T11:28:02","slug":"exterior","status":"publish","type":"page","link":"https:\/\/www.mondragon-assembly.com\/es-mx\/automovil\/aplicaciones\/exterior\/","title":{"rendered":"Exterior"},"content":{"rendered":"<div class=\"wpb-content-wrapper\"><p>[vc_row][vc_column][vc_column_text el_class=&#8221;title_lineas&#8221;]<\/p>\n<h4><span style=\"color: #e20026;\">Productos<\/span><\/h4>\n<p>[\/vc_column_text][vc_row_inner][vc_column_inner width=&#8221;1\/2&#8243;][vc_column_text el_class=&#8221;icon_list&#8221;]<\/p>\n<ul>\n<li>Luces\n<ul>\n<li>Frontales<\/li>\n<li>Traseras<\/li>\n<li>De maletero<\/li>\n<li>Tiras de LED<\/li>\n<\/ul>\n<\/li>\n<li>Techo solar<\/li>\n<li>Parabrisas<\/li>\n<\/ul>\n<p>[\/vc_column_text][\/vc_column_inner][vc_column_inner width=&#8221;1\/2&#8243;][vc_column_text el_class=&#8221;icon_list&#8221;]<\/p>\n<ul>\n<li>PCBs<\/li>\n<li>Sensores\n<ul>\n<li>Presi\u00f3n de ruedas<\/li>\n<li>Posici\u00f3n de pedal<\/li>\n<li>Par-\u00e1ngulo<\/li>\n<li>Transmisi\u00f3n<\/li>\n<\/ul>\n<\/li>\n<li>Espejos retrovisores<\/li>\n<\/ul>\n<p>[\/vc_column_text][\/vc_column_inner][\/vc_row_inner][\/vc_column][\/vc_row][vc_row][vc_column][vc_column_text css=&#8221;.vc_custom_1462266305359{padding-bottom: 3px !important;padding-left: 15px !important;background-color: #e8e8e8 !important;}&#8221;]<\/p>\n<h3><span style=\"color: #e20026; line-height: 35px;\">Luces delanteras y traseras<\/span><\/h3>\n<p>[\/vc_column_text][vc_row_inner][vc_column_inner][vc_gallery type=&#8221;image_grid&#8221; images=&#8221;2311,2310,2312&#8243; el_class=&#8221;foto_margen&#8221;][\/vc_column_inner][\/vc_row_inner][vc_row_inner][vc_column_inner width=&#8221;1\/3&#8243;][vc_column_text el_class=&#8221;title_lineas&#8221;]<\/p>\n<h4><span style=\"color: #e20026;\">Configuraci\u00f3n de la soluci\u00f3n<\/span><\/h4>\n<p>[\/vc_column_text][vc_column_text el_class=&#8221;icon_list&#8221;]<\/p>\n<ul>\n<li>M\u00faltiples estaciones semiautom\u00e1ticas<\/li>\n<li>Operaciones de atornillado y ensamble<\/li>\n<li>Test el\u00e9ctrico y de fuga<\/li>\n<\/ul>\n<p>[\/vc_column_text][\/vc_column_inner][vc_column_inner width=&#8221;1\/3&#8243;][vc_column_text el_class=&#8221;title_lineas&#8221;]<\/p>\n<h4><span style=\"color: #e20026;\">Proceso<\/span><\/h4>\n<p>[\/vc_column_text][vc_column_text el_class=&#8221;icon_list&#8221;]<\/p>\n<ul>\n<li>Atornillado manual \/ autom\u00e1tico<\/li>\n<li>Ensamble manual de componentes<\/li>\n<li>Prueba de fuga<\/li>\n<li>Colocaci\u00f3n manual de bombillas<\/li>\n<li>Test el\u00e9ctrico<\/li>\n<li>Test de visi\u00f3n<\/li>\n<\/ul>\n<p>[\/vc_column_text][\/vc_column_inner][vc_column_inner width=&#8221;1\/3&#8243;][vc_column_text el_class=&#8221;title_lineas&#8221;]<\/p>\n<h4><span style=\"color: #e20026;\">Datos t\u00e9cnicos<\/span><\/h4>\n<p>[\/vc_column_text][vc_column_text el_class=&#8221;icon_list&#8221;]<\/p>\n<ul>\n<li>Tiempo de ciclo: 25s<\/li>\n<li>Par de atornillado = 1-6Nm<\/li>\n<li>Tiempo de prueba de fuga: 15 s<\/li>\n<li>Presi\u00f3n de prueba = 1 psi<\/li>\n<li>Rango de presi\u00f3n = 10 sccm<\/li>\n<li>Medici\u00f3n de corriente = 0.5-6 A<\/li>\n<\/ul>\n<p>[\/vc_column_text][\/vc_column_inner][\/vc_row_inner][\/vc_column][\/vc_row][vc_row][vc_column][vc_column_text css=&#8221;.vc_custom_1462266586250{padding-bottom: 3px !important;padding-left: 15px !important;background-color: #e8e8e8 !important;}&#8221;]<\/p>\n<h3><span style=\"color: #e20026; line-height: 35px;\">Techo solar<\/span><\/h3>\n<p>[\/vc_column_text][vc_gallery type=&#8221;image_grid&#8221; images=&#8221;2315,2313,2318,2316&#8243; img_size=&#8221;&#8221; el_class=&#8221;foto_margen&#8221;][vc_row_inner][vc_column_inner width=&#8221;1\/3&#8243;][vc_column_text el_class=&#8221;title_lineas&#8221;]<\/p>\n<h4><span style=\"color: #e20026;\">Configuraci\u00f3n de la soluci\u00f3n<\/span><\/h4>\n<p>[\/vc_column_text][vc_column_text el_class=&#8221;icon_list&#8221;]<\/p>\n<ul>\n<li>3 estaciones fuera de l\u00ednea de preensamble<\/li>\n<li>3 estaciones en l\u00ednea de ensamble<\/li>\n<li>2 celdas rob\u00f3ticas, una para limpieza y otra para aplicaci\u00f3n de hot melt y ensamble final<\/li>\n<li>Estaci\u00f3n de ajuste de cristal<\/li>\n<li>Test funcional<\/li>\n<\/ul>\n<p>[\/vc_column_text][\/vc_column_inner][vc_column_inner width=&#8221;1\/3&#8243;][vc_column_text el_class=&#8221;title_lineas&#8221;]<\/p>\n<h4><span style=\"color: #e20026;\">Proceso<\/span><\/h4>\n<p>[\/vc_column_text][vc_column_text el_class=&#8221;icon_list&#8221;]<\/p>\n<ul>\n<li>Preparaci\u00f3n de ra\u00edles y rollo<\/li>\n<li>Ensamble de mecanismos de ra\u00edles<\/li>\n<li>Normalizaci\u00f3n y ensamble del motor<\/li>\n<li>Limpieza y aplicaci\u00f3n de primer mediante robot<\/li>\n<li>Curado<\/li>\n<li>Dosificaci\u00f3n de adhesivo y pegado de PC cover<\/li>\n<li>Ajuste y atornillado de cristal<\/li>\n<li>Test de consumo, fuerza y ruido del movimiento del cristal<\/li>\n<li>Descarga<\/li>\n<\/ul>\n<p>[\/vc_column_text][\/vc_column_inner][vc_column_inner width=&#8221;1\/3&#8243;][vc_column_text el_class=&#8221;title_lineas&#8221;]<\/p>\n<h4><span style=\"color: #e20026;\">Datos t\u00e9cnicos<\/span><\/h4>\n<p>[\/vc_column_text][vc_column_text el_class=&#8221;icon_list&#8221;]<\/p>\n<ul>\n<li>Tiempo de ciclo: 5 minutos<\/li>\n<li>2x robots de 6 ejes<\/li>\n<li>Trazabilidad de producto<\/li>\n<li>Ensamble de marco y PC cover con una tolerancia inferior a 0,2 mm<\/li>\n<li>Tolerancia permitida para el ensamble de cristal: 0,1mm<\/li>\n<\/ul>\n<p>[\/vc_column_text][\/vc_column_inner][\/vc_row_inner][\/vc_column][\/vc_row][vc_row][vc_column][vc_column_text css=&#8221;.vc_custom_1462266930711{padding-bottom: 3px !important;padding-left: 15px !important;background-color: #e8e8e8 !important;}&#8221;]<\/p>\n<h3><span style=\"color: #e20026; line-height: 35px;\">Microactuador de la tapa de combustible<\/span><\/h3>\n<p>[\/vc_column_text][vc_gallery type=&#8221;image_grid&#8221; images=&#8221;2326,2324,2325,2327&#8243; img_size=&#8221;&#8221; el_class=&#8221;foto_margen&#8221;][vc_row_inner][vc_column_inner width=&#8221;1\/3&#8243;][vc_column_text el_class=&#8221;title_lineas&#8221;]<\/p>\n<h4><span style=\"color: #e20026;\">Configuraci\u00f3n de la soluci\u00f3n<\/span><\/h4>\n<p>[\/vc_column_text][vc_column_text el_class=&#8221;icon_list&#8221;]<\/p>\n<ul>\n<li>3 estaciones semiautom\u00e1ticas de ensamble<\/li>\n<li>1 prueba de fuga y marcado l\u00e1ser<\/li>\n<li>1 test de fin de l\u00ednea<\/li>\n<\/ul>\n<p>[\/vc_column_text][\/vc_column_inner][vc_column_inner width=&#8221;1\/3&#8243;][vc_column_text el_class=&#8221;title_lineas&#8221;]<\/p>\n<h4><span style=\"color: #e20026;\">Proceso<\/span><\/h4>\n<p>[\/vc_column_text][vc_column_text el_class=&#8221;icon_list&#8221;]<\/p>\n<ul>\n<li>Inserci\u00f3n de motor y terminales en el cuerpo de pl\u00e1stico (control de fuerza vs distancia)<\/li>\n<li>Engrasado de engranes y eje<\/li>\n<li>Soldadura l\u00e1ser de cuerpo y tapa pl\u00e1sticos<\/li>\n<li>Prueba de fuga y marcado l\u00e1ser<\/li>\n<li>Prensado de gatillos en el eje<\/li>\n<li>Test funcional: tiempo de activaci\u00f3n y desactivaci\u00f3n, medici\u00f3n de corriente y voltaje. Interfaz VB NET<\/li>\n<\/ul>\n<p>[\/vc_column_text][\/vc_column_inner][vc_column_inner width=&#8221;1\/3&#8243;][vc_column_text el_class=&#8221;title_lineas&#8221;]<\/p>\n<h4><span style=\"color: #e20026;\">Datos t\u00e9cnicos<\/span><\/h4>\n<p>[\/vc_column_text][vc_column_text el_class=&#8221;icon_list&#8221;]<\/p>\n<ul>\n<li>Tiempo de ciclo: 16 s.<\/li>\n<li>Pokayokes para todos los componentes<\/li>\n<li>Detecci\u00f3n de versi\u00f3n<\/li>\n<li>Control de fuerza vs distancia<\/li>\n<li>Pull test en l\u00ednea<\/li>\n<li>Evaluaci\u00f3n de la posici\u00f3n angular con adquisiciones en milisegundos<\/li>\n<\/ul>\n<p>[\/vc_column_text][\/vc_column_inner][\/vc_row_inner][\/vc_column][\/vc_row][vc_row][vc_column][vc_column_text css=&#8221;.vc_custom_1462267229292{padding-bottom: 3px !important;padding-left: 15px !important;background-color: #e8e8e8 !important;}&#8221;]<\/p>\n<h3><span style=\"color: #e20026; line-height: 35px;\">Sensor de presi\u00f3n de aire<\/span><\/h3>\n<p>[\/vc_column_text][vc_gallery type=&#8221;image_grid&#8221; images=&#8221;2329,2330,8431&#8243; img_size=&#8221;&#8221; el_class=&#8221;foto_margen&#8221;][vc_row_inner][vc_column_inner width=&#8221;1\/3&#8243;][vc_column_text el_class=&#8221;title_lineas&#8221;]<\/p>\n<h4><span style=\"color: #e20026;\">Configuraci\u00f3n de la soluci\u00f3n<\/span><\/h4>\n<p>[\/vc_column_text][vc_column_text el_class=&#8221;icon_list&#8221;]<\/p>\n<ul>\n<li>L\u00edneas totalmente autom\u00e1ticas<\/li>\n<li>Varias estaciones autom\u00e1ticas unidas por cintas autom\u00e1ticas<\/li>\n<li>Transporte de producto en pallets sobre cinta<\/li>\n<\/ul>\n<p>[\/vc_column_text][\/vc_column_inner][vc_column_inner width=&#8221;1\/3&#8243;][vc_column_text el_class=&#8221;title_lineas&#8221;]<\/p>\n<h4><span style=\"color: #e20026;\">Proceso<\/span><\/h4>\n<p>[\/vc_column_text][vc_column_text el_class=&#8221;icon_list&#8221;]<\/p>\n<ul>\n<li>Carga de cuerpo<\/li>\n<li>Carga de PCBs<\/li>\n<li>Carga de bater\u00edas<\/li>\n<li>Estaci\u00f3n de soldadura y control por visi\u00f3n<\/li>\n<li>Enfriado<\/li>\n<li>Estaci\u00f3n de prueba y marcado l\u00e1ser<\/li>\n<li>Carga de tapa<\/li>\n<li>Ensamble de tapa, soldadura l\u00e1ser y prueba de fuga<\/li>\n<li>Test final<\/li>\n<li>Descarga de producto terminado<\/li>\n<\/ul>\n<p>[\/vc_column_text][\/vc_column_inner][vc_column_inner width=&#8221;1\/3&#8243;][vc_column_text el_class=&#8221;title_lineas&#8221;]<\/p>\n<h4><span style=\"color: #e20026;\">Datos t\u00e9cnicos<\/span><\/h4>\n<p>[\/vc_column_text][vc_column_text el_class=&#8221;icon_list&#8221;]<\/p>\n<ul>\n<li>Tiempo de ciclo: 5s<\/li>\n<li>OEE: 99,75%<\/li>\n<li>Autonom\u00eda: 20 min<\/li>\n<li>M\u00faltiples recetas de proceso<\/li>\n<li>Cambio de modelo r\u00e1pido y sencillo<\/li>\n<li>F\u00e1cil mantenimiento<\/li>\n<\/ul>\n<p>[\/vc_column_text][\/vc_column_inner][\/vc_row_inner][\/vc_column][\/vc_row]<\/p>\n<\/div>","protected":false},"excerpt":{"rendered":"<p>[vc_row][vc_column][vc_column_text el_class=&#8221;title_lineas&#8221;] Productos [\/vc_column_text][vc_row_inner][vc_column_inner width=&#8221;1\/2&#8243;][vc_column_text el_class=&#8221;icon_list&#8221;] Luces Frontales Traseras De maletero Tiras de LED Techo solar Parabrisas [\/vc_column_text][\/vc_column_inner][vc_column_inner width=&#8221;1\/2&#8243;][vc_column_text el_class=&#8221;icon_list&#8221;] PCBs Sensores Presi\u00f3n de ruedas Posici\u00f3n de pedal Par-\u00e1ngulo Transmisi\u00f3n Espejos retrovisores [\/vc_column_text][\/vc_column_inner][\/vc_row_inner][\/vc_column][\/vc_row][vc_row][vc_column][vc_column_text css=&#8221;.vc_custom_1462266305359{padding-bottom: 3px !important;padding-left: 15px !important;background-color: #e8e8e8 !important;}&#8221;] Luces delanteras y traseras [\/vc_column_text][vc_row_inner][vc_column_inner][vc_gallery type=&#8221;image_grid&#8221; images=&#8221;2311,2310,2312&#8243; el_class=&#8221;foto_margen&#8221;][\/vc_column_inner][\/vc_row_inner][vc_row_inner][vc_column_inner width=&#8221;1\/3&#8243;][vc_column_text el_class=&#8221;title_lineas&#8221;] Configuraci\u00f3n de la soluci\u00f3n [\/vc_column_text][vc_column_text [&hellip;]<\/p>\n","protected":false},"author":4,"featured_media":0,"parent":8139,"menu_order":0,"comment_status":"closed","ping_status":"closed","template":"sectors.php","meta":{"_lmt_disableupdate":"","_lmt_disable":"","footnotes":""},"yst_prominent_words":[],"class_list":["post-8807","page","type-page","status-publish","hentry"],"acf":[],"_links":{"self":[{"href":"https:\/\/www.mondragon-assembly.com\/es-mx\/wp-json\/wp\/v2\/pages\/8807","targetHints":{"allow":["GET"]}}],"collection":[{"href":"https:\/\/www.mondragon-assembly.com\/es-mx\/wp-json\/wp\/v2\/pages"}],"about":[{"href":"https:\/\/www.mondragon-assembly.com\/es-mx\/wp-json\/wp\/v2\/types\/page"}],"author":[{"embeddable":true,"href":"https:\/\/www.mondragon-assembly.com\/es-mx\/wp-json\/wp\/v2\/users\/4"}],"replies":[{"embeddable":true,"href":"https:\/\/www.mondragon-assembly.com\/es-mx\/wp-json\/wp\/v2\/comments?post=8807"}],"version-history":[{"count":1,"href":"https:\/\/www.mondragon-assembly.com\/es-mx\/wp-json\/wp\/v2\/pages\/8807\/revisions"}],"predecessor-version":[{"id":8809,"href":"https:\/\/www.mondragon-assembly.com\/es-mx\/wp-json\/wp\/v2\/pages\/8807\/revisions\/8809"}],"up":[{"embeddable":true,"href":"https:\/\/www.mondragon-assembly.com\/es-mx\/wp-json\/wp\/v2\/pages\/8139"}],"wp:attachment":[{"href":"https:\/\/www.mondragon-assembly.com\/es-mx\/wp-json\/wp\/v2\/media?parent=8807"}],"wp:term":[{"taxonomy":"yst_prominent_words","embeddable":true,"href":"https:\/\/www.mondragon-assembly.com\/es-mx\/wp-json\/wp\/v2\/yst_prominent_words?post=8807"}],"curies":[{"name":"wp","href":"https:\/\/api.w.org\/{rel}","templated":true}]}}