{"id":8824,"date":"2016-04-15T08:57:36","date_gmt":"2016-04-15T06:57:36","guid":{"rendered":"https:\/\/www.mondragon-assembly.com\/es-mx\/?page_id=8824"},"modified":"2016-05-21T11:31:46","modified_gmt":"2016-05-21T11:31:46","slug":"soluciones-de-testing","status":"publish","type":"page","link":"https:\/\/www.mondragon-assembly.com\/es-mx\/automovil\/productosservicios\/soluciones-de-testing\/","title":{"rendered":"Soluciones de Testing"},"content":{"rendered":"<div class=\"wpb-content-wrapper\"><p>[vc_row][vc_column width=&#8221;1\/2&#8243;][vc_column_text el_class=&#8221;title_lineas&#8221;]<\/p>\n<h4><span style=\"color: #e20026;\">Medici\u00f3n y control<\/span><\/h4>\n<p>[\/vc_column_text][vc_column_text el_class=&#8221;icon_list&#8221;]<\/p>\n<ul>\n<li>Tests el\u00e9ctricos: voltaje, corriente, resistencia, Hi-Pot, inductancia, capacitivos, frecuencia, etc.<\/li>\n<li>Tests mec\u00e1nicos: Baja presi\u00f3n, alta presi\u00f3n, vac\u00edo, tensi\u00f3n, compresi\u00f3n, durabilidad, etc&#8230;<\/li>\n<li>Tests electr\u00f3nicos: funcionalidad de protocolos de comunicaci\u00f3n (LIN, CAN), tests en circuito (In-circuit), etc\u2026<\/li>\n<li>Testers de final de l\u00ednea para presencia de componentes y tests de funcionalidad<\/li>\n<\/ul>\n<p>[\/vc_column_text][\/vc_column][vc_column width=&#8221;1\/2&#8243;][vc_column_text el_class=&#8221;title_lineas&#8221;]<\/p>\n<h4><span style=\"color: #e20026;\">Trazabilidad de l\u00edneas de ensamble<\/span><\/h4>\n<p>[\/vc_column_text][vc_column_text el_class=&#8221;icon_list&#8221;]<\/p>\n<ul>\n<li>Trazabilidad mediante c\u00f3digos de barras o datamatrix<\/li>\n<li>Trazabilidad en l\u00ednea (datos embebidos en producto, RFID)<\/li>\n<li>Recogida de datos<\/li>\n<li>Comunicaci\u00f3n con sistemas MES (sistemas de control de la producci\u00f3n)<\/li>\n<\/ul>\n<p>[\/vc_column_text][\/vc_column][vc_column][vc_separator][\/vc_column][\/vc_row][vc_row][vc_column][vc_column_text css=&#8221;.vc_custom_1462795191678{padding-bottom: 3px !important;padding-left: 15px !important;background-color: #e8e8e8 !important;}&#8221;]<\/p>\n<h3><span style=\"color: #e20026; line-height: 35px;\">Aire acondicionado &#8211; Test de fin de l\u00ednea<\/span><\/h3>\n<p>[\/vc_column_text][vc_gallery type=&#8221;image_grid&#8221; images=&#8221;2228,2229,2227&#8243; img_size=&#8221;&#8221; el_class=&#8221;foto_margen&#8221;][vc_row_inner][vc_column_inner width=&#8221;1\/3&#8243;][vc_column_text el_class=&#8221;title_lineas&#8221;]<\/p>\n<h4><span style=\"color: #e20026;\">Configuraci\u00f3n de la soluci\u00f3n<\/span><\/h4>\n<p>[\/vc_column_text][vc_column_text el_class=&#8221;icon_list&#8221;]<\/p>\n<ul>\n<li>Tester de final de l\u00ednea<\/li>\n<li>Estaci\u00f3n semiautom\u00e1tica<\/li>\n<li>Control basado en PC<\/li>\n<\/ul>\n<p>[\/vc_column_text][\/vc_column_inner][vc_column_inner width=&#8221;1\/3&#8243;][vc_column_text el_class=&#8221;title_lineas&#8221;]<\/p>\n<h4><span style=\"color: #e20026;\">Proceso<\/span><\/h4>\n<p>[\/vc_column_text][vc_column_text el_class=&#8221;icon_list&#8221;]<\/p>\n<ul>\n<li>Programaci\u00f3n de motores a paso mediante LIN<\/li>\n<li>Medici\u00f3n de corriente \/ voltaje<\/li>\n<li>Test del motor<\/li>\n<li>Test de vibraci\u00f3n y ruido<\/li>\n<li>Comprobaci\u00f3n del caudal y encendido del soplador<\/li>\n<li>Curva termorresistiva<\/li>\n<li>Detecci\u00f3n de movimiento de aletas<\/li>\n<li>Control de presencia y posici\u00f3n de componentes<\/li>\n<li>Exportaci\u00f3n de datos (Excel, etc\u2026)<\/li>\n<\/ul>\n<p>[\/vc_column_text][\/vc_column_inner][vc_column_inner width=&#8221;1\/3&#8243;][vc_column_text el_class=&#8221;title_lineas&#8221;]<\/p>\n<h4><span style=\"color: #e20026;\">Datos t\u00e9cnicos<\/span><\/h4>\n<p>[\/vc_column_text][vc_column_text el_class=&#8221;icon_list&#8221;]<\/p>\n<ul>\n<li>Tiempo de ciclo= 45 s<\/li>\n<li>Sistema de visi\u00f3n por Ethernet<\/li>\n<li>Profibus para entradas \/ salidas remotas<\/li>\n<li>LIN bus con el aire acondicionado<\/li>\n<\/ul>\n<p>[\/vc_column_text][\/vc_column_inner][\/vc_row_inner][vc_separator][\/vc_column][\/vc_row][vc_row][vc_column][vc_column_text css=&#8221;.vc_custom_1462795158163{padding-bottom: 3px !important;padding-left: 15px !important;background-color: #e8e8e8 !important;}&#8221;]<\/p>\n<h3><span style=\"color: #e20026; line-height: 35px;\">Bomba de asistencia de frenada &#8211; Test de fin de l\u00ednea<\/span><\/h3>\n<p>[\/vc_column_text][vc_gallery type=&#8221;image_grid&#8221; images=&#8221;2236,2237,2238,2235&#8243; img_size=&#8221;&#8221; el_class=&#8221;foto_margen&#8221;][vc_row_inner][vc_column_inner width=&#8221;1\/3&#8243;][vc_column_text el_class=&#8221;title_lineas&#8221;]<\/p>\n<h4><span style=\"color: #e20026;\">Configuraci\u00f3n de la soluci\u00f3n<\/span><\/h4>\n<p>[\/vc_column_text][vc_column_text el_class=&#8221;icon_list&#8221;]<\/p>\n<ul>\n<li>Tester de final de l\u00ednea<\/li>\n<li>Estaci\u00f3n semiautom\u00e1tica<\/li>\n<li>Eje el\u00e9ctrico para ejercitar la bomba<\/li>\n<li>Adquisici\u00f3n de datos por medio de c\u00e9lula de carga y transductores lineales<\/li>\n<li>Control basado en PC<\/li>\n<li>Adquisici\u00f3n de datos simult\u00e1nea<\/li>\n<li>Simulaci\u00f3n de la fuerza de salida<\/li>\n<li>An\u00e1lisis de las fuerzas de entrada y salida<\/li>\n<\/ul>\n<p>[\/vc_column_text][\/vc_column_inner][vc_column_inner width=&#8221;1\/3&#8243;][vc_column_text el_class=&#8221;title_lineas&#8221;]<\/p>\n<h4><span style=\"color: #e20026;\">Proceso<\/span><\/h4>\n<p>[\/vc_column_text][vc_column_text el_class=&#8221;icon_list&#8221;]<\/p>\n<ul>\n<li>La m\u00e1quina ejercita la bomba para liberar cualquier estr\u00e9s generado en el proceso de ensamble<\/li>\n<li>Se aplica vac\u00edo dentro de la bomba y se monitorea durante la prueba<\/li>\n<li>La fuerza de entrada es controlado por medio de un servomotor y una c\u00e9lula de carga<\/li>\n<li>La fuerza de salida amplificada es analizada frente a la fuerza de entrada para evaluar el desempe\u00f1o en diferentes puntos<\/li>\n<\/ul>\n<p>[\/vc_column_text][\/vc_column_inner][vc_column_inner width=&#8221;1\/3&#8243;][vc_column_text el_class=&#8221;title_lineas&#8221;]<\/p>\n<h4><span style=\"color: #e20026;\">Datos t\u00e9cnicos<\/span><\/h4>\n<p>[\/vc_column_text][vc_column_text el_class=&#8221;icon_list&#8221;]<\/p>\n<ul>\n<li>Tiempo de ciclo: 35 s<\/li>\n<li>Prueba de fuga en est\u00e1tico (&lt; 1.33mb\/s)<\/li>\n<li>An\u00e1lisis de fuerzas de entrada frente a las de salida<\/li>\n<li>Verificaci\u00f3n de la velocidad y desplazamiento de los ejes de entrada y salida<\/li>\n<\/ul>\n<p>[\/vc_column_text][\/vc_column_inner][\/vc_row_inner][\/vc_column][\/vc_row][vc_row][vc_column][vc_column_text css=&#8221;.vc_custom_1462189671867{padding-bottom: 3px !important;padding-left: 15px !important;background-color: #e8e8e8 !important;}&#8221;]<\/p>\n<h3><span style=\"color: #e20026; line-height: 35px;\">Aplicaci\u00f3n de trazabilidad<\/span><\/h3>\n<p>[\/vc_column_text][vc_row_inner][vc_column_inner][vc_single_image image=&#8221;2241&#8243;][\/vc_column_inner][\/vc_row_inner][vc_row_inner][vc_column_inner width=&#8221;1\/3&#8243;][vc_column_text el_class=&#8221;title_lineas&#8221;]<\/p>\n<h4><span style=\"color: #e20026;\">Caracter\u00edsticas<\/span><\/h4>\n<p>[\/vc_column_text][vc_column_text el_class=&#8221;icon_list&#8221;]<\/p>\n<ul>\n<li>Impresi\u00f3n de etiqueta de trazabilidad<\/li>\n<li>Monitoreo del estado general<\/li>\n<li>Gesti\u00f3n de maestros<\/li>\n<li>Recolecci\u00f3n de medidas y poka-yokes<\/li>\n<li>Control del flujo de l\u00ednea<\/li>\n<li>Ajuste de par\u00e1metros de l\u00ednea<\/li>\n<li>Base de datos de piezas producidas<\/li>\n<li>Informes personalizados<\/li>\n<li>Exportaci\u00f3n de datos ( Excel, etc\u2026)<\/li>\n<\/ul>\n<p>[\/vc_column_text][\/vc_column_inner][\/vc_row_inner][\/vc_column][\/vc_row][vc_row][vc_column][vc_column_text css=&#8221;.vc_custom_1462189681794{padding-bottom: 3px !important;padding-left: 15px !important;background-color: #e8e8e8 !important;}&#8221;]<\/p>\n<h3><span style=\"color: #e20026; line-height: 35px;\">Casete de ignici\u00f3n &#8211; test de fin de l\u00ednea<\/span><\/h3>\n<p>[\/vc_column_text][vc_gallery type=&#8221;image_grid&#8221; images=&#8221;2243,2244&#8243; img_size=&#8221;&#8221; el_class=&#8221;foto_margen&#8221;][vc_row_inner][vc_column_inner width=&#8221;1\/3&#8243;][vc_column_text el_class=&#8221;title_lineas&#8221;]<\/p>\n<h4><span style=\"color: #e20026;\">Configuraci\u00f3n de la soluci\u00f3n<\/span><\/h4>\n<p>[\/vc_column_text][vc_column_text el_class=&#8221;icon_list&#8221;]<\/p>\n<ul>\n<li>Tester de final de l\u00ednea<\/li>\n<li>Estaci\u00f3n semiautom\u00e1tica<\/li>\n<li>Control basado en PC<\/li>\n<li>Adquisici\u00f3n de datos simult\u00e1nea<\/li>\n<\/ul>\n<p>[\/vc_column_text][\/vc_column_inner][vc_column_inner width=&#8221;1\/3&#8243;][vc_column_text el_class=&#8221;title_lineas&#8221;]<\/p>\n<h4><span style=\"color: #e20026;\">Proceso<\/span><\/h4>\n<p>[\/vc_column_text][vc_column_text el_class=&#8221;icon_list&#8221;]<\/p>\n<ul>\n<li>Evaluaci\u00f3n de las curvas de voltaje \/ corriente<\/li>\n<li>Base de datos de piezas producidas<\/li>\n<li>Ajuste de par\u00e1metros de test<\/li>\n<li>Control de 6 operaciones simult\u00e1neas<\/li>\n<li>Carga, test de estr\u00e9s, prueba de funcionamiento<\/li>\n<li>Marcado l\u00e1ser de piezas buenas, pick &amp; place de descarga<\/li>\n<\/ul>\n<p>[\/vc_column_text][\/vc_column_inner][vc_column_inner width=&#8221;1\/3&#8243;][vc_column_text el_class=&#8221;title_lineas&#8221;]<\/p>\n<h4><span style=\"color: #e20026;\">Datos t\u00e9cnicos<\/span><\/h4>\n<p>[\/vc_column_text][vc_column_text el_class=&#8221;icon_list&#8221;]<\/p>\n<ul>\n<li>Control de la secuencia de test<\/li>\n<li>Instrumentaci\u00f3n de control<\/li>\n<li>Instruments control<\/li>\n<li>Exportaci\u00f3n de datos ( Excel, etc\u2026)<\/li>\n<\/ul>\n<p>[\/vc_column_text][\/vc_column_inner][\/vc_row_inner][\/vc_column][\/vc_row][vc_row][vc_column][vc_column_text css=&#8221;.vc_custom_1462190393085{padding-bottom: 3px !important;padding-left: 15px !important;background-color: #e8e8e8 !important;}&#8221;]<\/p>\n<h3><span style=\"color: #e20026; line-height: 35px;\">Luz trasera &#8211; Test de iluminaci\u00f3n y c\u00e1mara de v\u00eddeo<\/span><\/h3>\n<p>[\/vc_column_text][vc_gallery type=&#8221;image_grid&#8221; images=&#8221;2253,2252,2254&#8243; img_size=&#8221;&#8221; el_class=&#8221;foto_margen&#8221;][vc_row_inner][vc_column_inner width=&#8221;1\/3&#8243;][vc_column_text el_class=&#8221;title_lineas&#8221;]<\/p>\n<h4><span style=\"color: #e20026;\">Configuraci\u00f3n de la soluci\u00f3n<\/span><\/h4>\n<p>[\/vc_column_text][vc_column_text el_class=&#8221;icon_list&#8221;]<\/p>\n<ul>\n<li>Tester de final de l\u00ednea<\/li>\n<li>Estaci\u00f3n semiautom\u00e1tica<\/li>\n<li>Sistema de visi\u00f3n sobre eje servocontrolado<\/li>\n<li>Control basado en PC<\/li>\n<li>Adquisici\u00f3n de datos simult\u00e1nea<\/li>\n<\/ul>\n<p>[\/vc_column_text][\/vc_column_inner][vc_column_inner width=&#8221;1\/3&#8243;][vc_column_text el_class=&#8221;title_lineas&#8221;]<\/p>\n<h4><span style=\"color: #e20026;\">Proceso<\/span><\/h4>\n<p>[\/vc_column_text][vc_column_text el_class=&#8221;icon_list&#8221;]<\/p>\n<ul>\n<li>Impresi\u00f3n de etiqueta de trazabilidad<\/li>\n<li>Edici\u00f3n de los par\u00e1metros de prueba<\/li>\n<li>Monitores de corriente y voltaje<\/li>\n<li>Adquisici\u00f3n de la imagen en vivo<\/li>\n<li>Guardado de las im\u00e1genes de la c\u00e1mara para trazabilidad<\/li>\n<li>Exportaci\u00f3n de datos ( Excel, csv, etc\u2026)<\/li>\n<\/ul>\n<p>[\/vc_column_text][\/vc_column_inner][vc_column_inner width=&#8221;1\/3&#8243;][vc_column_text el_class=&#8221;title_lineas&#8221;]<\/p>\n<h4><span style=\"color: #e20026;\">Datos t\u00e9cnicos<\/span><\/h4>\n<p>[\/vc_column_text][vc_column_text el_class=&#8221;icon_list&#8221;]<\/p>\n<ul>\n<li>Tiempo de ciclo= 30 s<\/li>\n<li>Control de corriente y voltaje<\/li>\n<li>Funcionalidad de la c\u00e1mara de v\u00eddeo<\/li>\n<li>Base de datos MS SQL<\/li>\n<li>Comunicaci\u00f3n Ethernet<\/li>\n<li>Interfaz de usuaria en VB NET<\/li>\n<\/ul>\n<p>[\/vc_column_text][\/vc_column_inner][\/vc_row_inner][\/vc_column][\/vc_row]<\/p>\n<\/div>","protected":false},"excerpt":{"rendered":"<p>[vc_row][vc_column width=&#8221;1\/2&#8243;][vc_column_text el_class=&#8221;title_lineas&#8221;] Medici\u00f3n y control [\/vc_column_text][vc_column_text el_class=&#8221;icon_list&#8221;] Tests el\u00e9ctricos: voltaje, corriente, resistencia, Hi-Pot, inductancia, capacitivos, frecuencia, etc. Tests mec\u00e1nicos: Baja presi\u00f3n, alta presi\u00f3n, vac\u00edo, tensi\u00f3n, compresi\u00f3n, durabilidad, etc&#8230; Tests electr\u00f3nicos: funcionalidad de protocolos de comunicaci\u00f3n (LIN, CAN), tests en circuito (In-circuit), etc\u2026 Testers de final de l\u00ednea para presencia de componentes y tests de [&hellip;]<\/p>\n","protected":false},"author":4,"featured_media":0,"parent":8818,"menu_order":0,"comment_status":"closed","ping_status":"closed","template":"sectors.php","meta":{"_lmt_disableupdate":"","_lmt_disable":"","footnotes":""},"yst_prominent_words":[],"class_list":["post-8824","page","type-page","status-publish","hentry"],"acf":[],"_links":{"self":[{"href":"https:\/\/www.mondragon-assembly.com\/es-mx\/wp-json\/wp\/v2\/pages\/8824","targetHints":{"allow":["GET"]}}],"collection":[{"href":"https:\/\/www.mondragon-assembly.com\/es-mx\/wp-json\/wp\/v2\/pages"}],"about":[{"href":"https:\/\/www.mondragon-assembly.com\/es-mx\/wp-json\/wp\/v2\/types\/page"}],"author":[{"embeddable":true,"href":"https:\/\/www.mondragon-assembly.com\/es-mx\/wp-json\/wp\/v2\/users\/4"}],"replies":[{"embeddable":true,"href":"https:\/\/www.mondragon-assembly.com\/es-mx\/wp-json\/wp\/v2\/comments?post=8824"}],"version-history":[{"count":1,"href":"https:\/\/www.mondragon-assembly.com\/es-mx\/wp-json\/wp\/v2\/pages\/8824\/revisions"}],"predecessor-version":[{"id":8825,"href":"https:\/\/www.mondragon-assembly.com\/es-mx\/wp-json\/wp\/v2\/pages\/8824\/revisions\/8825"}],"up":[{"embeddable":true,"href":"https:\/\/www.mondragon-assembly.com\/es-mx\/wp-json\/wp\/v2\/pages\/8818"}],"wp:attachment":[{"href":"https:\/\/www.mondragon-assembly.com\/es-mx\/wp-json\/wp\/v2\/media?parent=8824"}],"wp:term":[{"taxonomy":"yst_prominent_words","embeddable":true,"href":"https:\/\/www.mondragon-assembly.com\/es-mx\/wp-json\/wp\/v2\/yst_prominent_words?post=8824"}],"curies":[{"name":"wp","href":"https:\/\/api.w.org\/{rel}","templated":true}]}}