{"id":8841,"date":"2016-04-20T09:47:06","date_gmt":"2016-04-20T07:47:06","guid":{"rendered":"https:\/\/www.mondragon-assembly.com\/es-mx\/?page_id=8841"},"modified":"2016-05-27T08:02:15","modified_gmt":"2016-05-27T08:02:15","slug":"componentes-electricos","status":"publish","type":"page","link":"https:\/\/www.mondragon-assembly.com\/es-mx\/componentes-electricos\/","title":{"rendered":"Componentes El\u00e9ctricos"},"content":{"rendered":"<div class=\"wpb-content-wrapper\"><p>[vc_row][vc_column width=&#8221;1\/2&#8243;][vc_column_text]Mondragon Assembly es una empresa l\u00edder en el dise\u00f1o y fabricaci\u00f3n de soluciones autom\u00e1ticas para el ensamble de componentes el\u00e9ctricos. Somos expertos en el desarrollo de l\u00edneas r\u00e1pidas de ensamble de componentes el\u00e9ctricos<\/p>\n<p>Proporcionamos soluciones autom\u00e1ticas y l\u00edneas de ensamble con tecnolog\u00edas de vanguardia para componentes el\u00e9ctricos.[\/vc_column_text][vc_column_text el_class=&#8221;icon_list&#8221;]<\/p>\n<ul>\n<li>Soluciones llave en mano y maquinaria a medida para soluciones autom\u00e1ticas.<\/li>\n<li>Fabricaci\u00f3n de maquinaria autom\u00e1tica y\/o semiautom\u00e1tica para diversos componentes el\u00e9ctricos.<\/li>\n<li>Dise\u00f1o, montaje, programaci\u00f3n e instalaci\u00f3n de las l\u00edneas de fabricaci\u00f3n hasta la recepci\u00f3n final del proyecto, \u00a0ofreciendo un servicio integral.<\/li>\n<li>Soluciones de alta productividad, flexibilidad y excelente calidad.<\/li>\n<li>Soluciones de alta velocidad para el ensamble y control de calidad de diversos productos.<\/li>\n<li>Soluciones personalizadas: el equipo de ingenier\u00eda de Mondragon Assembly pone a su disposici\u00f3n su experiencia para ayudarle a desarrollar su proyecto.<\/li>\n<\/ul>\n<p>[\/vc_column_text][\/vc_column][vc_column width=&#8221;1\/2&#8243;][vc_gallery type=&#8221;flexslider_slide&#8221; interval=&#8221;3&#8243; images=&#8221;10149,11352,11361&#8243; img_size=&#8221;full&#8221;][\/vc_column][\/vc_row]<\/p>\n<\/div>","protected":false},"excerpt":{"rendered":"<p>[vc_row][vc_column width=&#8221;1\/2&#8243;][vc_column_text]Mondragon Assembly es una empresa l\u00edder en el dise\u00f1o y fabricaci\u00f3n de soluciones autom\u00e1ticas para el ensamble de componentes el\u00e9ctricos. Somos expertos en el desarrollo de l\u00edneas r\u00e1pidas de ensamble de componentes el\u00e9ctricos Proporcionamos soluciones autom\u00e1ticas y l\u00edneas de ensamble con tecnolog\u00edas de vanguardia para componentes el\u00e9ctricos.[\/vc_column_text][vc_column_text el_class=&#8221;icon_list&#8221;] Soluciones llave en mano y maquinaria [&hellip;]<\/p>\n","protected":false},"author":4,"featured_media":0,"parent":0,"menu_order":0,"comment_status":"closed","ping_status":"closed","template":"sectors.php","meta":{"_lmt_disableupdate":"","_lmt_disable":"","footnotes":""},"yst_prominent_words":[],"class_list":["post-8841","page","type-page","status-publish","hentry"],"acf":[],"_links":{"self":[{"href":"https:\/\/www.mondragon-assembly.com\/es-mx\/wp-json\/wp\/v2\/pages\/8841","targetHints":{"allow":["GET"]}}],"collection":[{"href":"https:\/\/www.mondragon-assembly.com\/es-mx\/wp-json\/wp\/v2\/pages"}],"about":[{"href":"https:\/\/www.mondragon-assembly.com\/es-mx\/wp-json\/wp\/v2\/types\/page"}],"author":[{"embeddable":true,"href":"https:\/\/www.mondragon-assembly.com\/es-mx\/wp-json\/wp\/v2\/users\/4"}],"replies":[{"embeddable":true,"href":"https:\/\/www.mondragon-assembly.com\/es-mx\/wp-json\/wp\/v2\/comments?post=8841"}],"version-history":[{"count":4,"href":"https:\/\/www.mondragon-assembly.com\/es-mx\/wp-json\/wp\/v2\/pages\/8841\/revisions"}],"predecessor-version":[{"id":11373,"href":"https:\/\/www.mondragon-assembly.com\/es-mx\/wp-json\/wp\/v2\/pages\/8841\/revisions\/11373"}],"wp:attachment":[{"href":"https:\/\/www.mondragon-assembly.com\/es-mx\/wp-json\/wp\/v2\/media?parent=8841"}],"wp:term":[{"taxonomy":"yst_prominent_words","embeddable":true,"href":"https:\/\/www.mondragon-assembly.com\/es-mx\/wp-json\/wp\/v2\/yst_prominent_words?post=8841"}],"curies":[{"name":"wp","href":"https:\/\/api.w.org\/{rel}","templated":true}]}}