{"id":8856,"date":"2016-04-22T11:56:18","date_gmt":"2016-04-22T09:56:18","guid":{"rendered":"https:\/\/www.mondragon-assembly.com\/es-mx\/?page_id=8856"},"modified":"2016-05-21T11:39:06","modified_gmt":"2016-05-21T11:39:06","slug":"aplicaciones","status":"publish","type":"page","link":"https:\/\/www.mondragon-assembly.com\/es-mx\/componentes-electrodomesticos\/aplicaciones\/","title":{"rendered":"Aplicaciones"},"content":{"rendered":"<div class=\"wpb-content-wrapper\"><p>[vc_row][vc_column][vc_column_text el_class=&#8221;title_lineas&#8221;]<\/p>\n<h4><span style=\"color: #e20026;\">Productos<\/span><\/h4>\n<p>[\/vc_column_text][vc_row_inner][vc_column_inner width=&#8221;1\/2&#8243;][vc_column_text el_class=&#8221;icon_list&#8221;]<\/p>\n<ul>\n<li>V\u00e1lvula de gas<\/li>\n<li>Termopar de hilo<\/li>\n<li>Seguridad magn\u00e9tica<\/li>\n<li>Bomba de agua<\/li>\n<li>Vitrocer\u00e1mica<\/li>\n<\/ul>\n<p>[\/vc_column_text][\/vc_column_inner][vc_column_inner width=&#8221;1\/2&#8243;][\/vc_column_inner][\/vc_row_inner][\/vc_column][\/vc_row][vc_row][vc_column][vc_column_text css=&#8221;.vc_custom_1462364014817{padding-bottom: 3px !important;padding-left: 15px !important;background-color: #e8e8e8 !important;}&#8221;]<\/p>\n<h3><span style=\"color: #e20026; line-height: 35px;\">V\u00e1lvula de gas<\/span><\/h3>\n<p>[\/vc_column_text][vc_row_inner][vc_column_inner][vc_gallery type=&#8221;image_grid&#8221; images=&#8221;2581,2582&#8243; el_class=&#8221;foto_margen&#8221;][\/vc_column_inner][\/vc_row_inner][vc_row_inner][vc_column_inner width=&#8221;1\/3&#8243;][vc_column_text el_class=&#8221;title_lineas&#8221;]<\/p>\n<h4><span style=\"color: #e20026;\">Configuraci\u00f3n de la soluci\u00f3n<\/span><\/h4>\n<p>[\/vc_column_text][vc_column_text el_class=&#8221;icon_list&#8221;]<\/p>\n<ul>\n<li>M\u00e1quina de ensamble autom\u00e1tica<\/li>\n<li>Transporte de piezas en platillos sobre cinta<\/li>\n<li>Plato rotativo de test de 8 posiciones<\/li>\n<\/ul>\n<p>[\/vc_column_text][\/vc_column_inner][vc_column_inner width=&#8221;1\/3&#8243;][vc_column_text el_class=&#8221;title_lineas&#8221;]<\/p>\n<h4><span style=\"color: #e20026;\">Proceso<\/span><\/h4>\n<p>[\/vc_column_text][vc_column_text el_class=&#8221;icon_list&#8221;]<\/p>\n<ul>\n<li>Alimentaciones manuales y autom\u00e1ticas<\/li>\n<li>Engrasado<\/li>\n<li>Atornillado<\/li>\n<li>Comprobaci\u00f3n de modelo por visi\u00f3n<\/li>\n<li>Comprobaci\u00f3n de atornillado por visi\u00f3n<\/li>\n<li>Test de resorte<\/li>\n<li>Calibraci\u00f3n autom\u00e1tica de v\u00e1lvula<\/li>\n<li>Tests autom\u00e1ticos: 2 pruebas de fuga, 2 pruebas de caudal<\/li>\n<li>Marcado por chorro de tinta y descarga<\/li>\n<\/ul>\n<p>[\/vc_column_text][\/vc_column_inner][vc_column_inner width=&#8221;1\/3&#8243;][vc_column_text el_class=&#8221;title_lineas&#8221;]<\/p>\n<h4><span style=\"color: #e20026;\">Datos t\u00e9cnicos<\/span><\/h4>\n<p>[\/vc_column_text][vc_column_text el_class=&#8221;icon_list&#8221;]<\/p>\n<ul>\n<li>Tiempo de ciclo: 3.5s<\/li>\n<li>M\u00e1s de 300 modelos<\/li>\n<li>Atornillados el\u00e9ctricos y neum\u00e1ticos<\/li>\n<li>Checkers de visi\u00f3n<\/li>\n<li>Cuadal\u00edmetros<\/li>\n<li>Pruebas de fuga<\/li>\n<li>Marcado por chorro de tinta<\/li>\n<\/ul>\n<p>[\/vc_column_text][\/vc_column_inner][\/vc_row_inner][\/vc_column][\/vc_row][vc_row][vc_column][vc_column_text css=&#8221;.vc_custom_1462364166547{padding-bottom: 3px !important;padding-left: 15px !important;background-color: #e8e8e8 !important;}&#8221;]<\/p>\n<h3><span style=\"color: #e20026; line-height: 35px;\">Termopar de hilo<\/span><\/h3>\n<p>[\/vc_column_text][vc_gallery type=&#8221;image_grid&#8221; images=&#8221;2683,2685,2684&#8243; img_size=&#8221;&#8221; el_class=&#8221;foto_margen&#8221;][vc_row_inner][vc_column_inner width=&#8221;1\/3&#8243;][vc_column_text el_class=&#8221;title_lineas&#8221;]<\/p>\n<h4><span style=\"color: #e20026;\">Configuraci\u00f3n de la soluci\u00f3n<\/span><\/h4>\n<p>[\/vc_column_text][vc_column_text el_class=&#8221;icon_list&#8221;]<\/p>\n<ul>\n<li>68 estaciones autom\u00e1ticas<\/li>\n<li>2 estaciones de desbobinado, corte y carga de hilo<\/li>\n<li>2 estaciones de formado de terminales<\/li>\n<li>1 estaci\u00f3n de desbobinado, corte e inserci\u00f3n de vaina<\/li>\n<li>1 soldadura l\u00e1ser y 2 estaciones de soldadura TIG<\/li>\n<li>Todos los modelos de conducto con verificados por sistemas de visi\u00f3n<\/li>\n<li>2 prensas servocontroladas<\/li>\n<li>2 controles de tracci\u00f3n<\/li>\n<\/ul>\n<p>[\/vc_column_text][\/vc_column_inner][vc_column_inner width=&#8221;1\/3&#8243;][vc_column_text el_class=&#8221;title_lineas&#8221;]<\/p>\n<h4><span style=\"color: #e20026;\">Datos t\u00e9cnicos<\/span><\/h4>\n<p>[\/vc_column_text][vc_column_text el_class=&#8221;icon_list&#8221;]<\/p>\n<ul>\n<li>Tiempo de ciclo: 1.4 s<\/li>\n<li>Manipulaci\u00f3n mediante motores lineales<\/li>\n<li>Diferentes controles mediante visi\u00f3n artificial: dimensi\u00f3n, posici\u00f3n, soldadura, etc\u2026<\/li>\n<li>Sistema de control de la producci\u00f3n integrado<\/li>\n<li>Cambio de modelo r\u00e1pido y sencillo<\/li>\n<li>F\u00e1cil mantenimiento<\/li>\n<\/ul>\n<p>[\/vc_column_text][\/vc_column_inner][vc_column_inner width=&#8221;1\/3&#8243;][\/vc_column_inner][\/vc_row_inner][\/vc_column][\/vc_row][vc_row][vc_column][vc_column_text css=&#8221;.vc_custom_1462364403409{padding-bottom: 3px !important;padding-left: 15px !important;background-color: #e8e8e8 !important;}&#8221;]<\/p>\n<h3><span style=\"color: #e20026; line-height: 35px;\">Seguridad magn\u00e9tica<\/span><\/h3>\n<p>[\/vc_column_text][vc_gallery type=&#8221;image_grid&#8221; images=&#8221;2687,2688,2689&#8243; img_size=&#8221;&#8221; el_class=&#8221;foto_margen&#8221;][vc_row_inner][vc_column_inner width=&#8221;1\/3&#8243;][vc_column_text el_class=&#8221;title_lineas&#8221;]<\/p>\n<h4><span style=\"color: #e20026;\">Configuraci\u00f3n de la soluci\u00f3n<\/span><\/h4>\n<p>[\/vc_column_text][vc_column_text el_class=&#8221;icon_list&#8221;]<\/p>\n<ul>\n<li>M\u00e1quinas de levas<\/li>\n<li>110 estaciones autom\u00e1ticas<\/li>\n<li>12 alimentaciones autom\u00e1ticas<\/li>\n<li>2 despaletizados autom\u00e1ticos con control por visi\u00f3n<\/li>\n<li>Carga y formado de bobina integradas<\/li>\n<li>2 soldaduras por resistencia<\/li>\n<li>2 estaciones de soldadura por plasma<\/li>\n<li>Sistema de limpieza de componentes<\/li>\n<\/ul>\n<p>[\/vc_column_text][\/vc_column_inner][vc_column_inner width=&#8221;1\/3&#8243;][vc_column_text el_class=&#8221;title_lineas&#8221;]<\/p>\n<h4><span style=\"color: #e20026;\">Datos t\u00e9cnicos<\/span><\/h4>\n<p>[\/vc_column_text][vc_column_text el_class=&#8221;icon_list&#8221;]<\/p>\n<ul>\n<li>Tiempo de ciclo: 0.5 s<\/li>\n<li>Diferentes controles mediante visi\u00f3n artificial: dimensiones, posici\u00f3n, contorno, marcado&#8230;<\/li>\n<li>Prueba de fuga<\/li>\n<li>Diferentes controles de operaci\u00f3n: resistencia, enganche, desenganche\u2026<\/li>\n<li>Sistema de control de la producci\u00f3n integrado<\/li>\n<li>Cambio de modelo r\u00e1pido y sencillo<\/li>\n<li>F\u00e1cil mantenimiento<\/li>\n<\/ul>\n<p>[\/vc_column_text][\/vc_column_inner][\/vc_row_inner][\/vc_column][\/vc_row][vc_row][vc_column][vc_column_text css=&#8221;.vc_custom_1462364520217{padding-bottom: 3px !important;padding-left: 15px !important;background-color: #e8e8e8 !important;}&#8221;]<\/p>\n<h3><span style=\"color: #e20026; line-height: 35px;\">Bypass<\/span><\/h3>\n<p>[\/vc_column_text][vc_gallery type=&#8221;image_grid&#8221; images=&#8221;2586,2585,2587&#8243; el_class=&#8221;foto_margen&#8221;][vc_row_inner][vc_column_inner width=&#8221;1\/3&#8243;][vc_column_text el_class=&#8221;title_lineas&#8221;]<\/p>\n<h4><span style=\"color: #e20026;\">Configuraci\u00f3n de la soluci\u00f3n<\/span><\/h4>\n<p>[\/vc_column_text][vc_column_text el_class=&#8221;icon_list&#8221;]<\/p>\n<ul>\n<li>Alimentaci\u00f3n autom\u00e1tica de componentes<\/li>\n<li>Plato rotativo de 4 posiciones<\/li>\n<\/ul>\n<p>[\/vc_column_text][\/vc_column_inner][vc_column_inner width=&#8221;1\/3&#8243;][vc_column_text el_class=&#8221;title_lineas&#8221;]<\/p>\n<h4><span style=\"color: #e20026;\">Proceso<\/span><\/h4>\n<p>[\/vc_column_text][vc_column_text el_class=&#8221;icon_list&#8221;]<\/p>\n<ul>\n<li>Carga autom\u00e1tica de bypass<\/li>\n<li>Carga autom\u00e1tica de anillo met\u00e1lico.<\/li>\n<li>Ensamble de anillo en bypass<\/li>\n<li>Control de di\u00e1metro por visi\u00f3n<\/li>\n<li>Rechazo autom\u00e1tico<\/li>\n<li>Marcado con pintura y descarga de buenas<\/li>\n<\/ul>\n<p>[\/vc_column_text][\/vc_column_inner][vc_column_inner width=&#8221;1\/3&#8243;][vc_column_text el_class=&#8221;title_lineas&#8221;]<\/p>\n<h4><span style=\"color: #e20026;\">Datos t\u00e9cnicos<\/span><\/h4>\n<p>[\/vc_column_text][vc_column_text el_class=&#8221;icon_list&#8221;]<\/p>\n<ul>\n<li>Tiempo de ciclo: 1,2 s<\/li>\n<li>M\u00e1s de 300 modelos<\/li>\n<li>Autonom\u00eda de 1 hora<\/li>\n<li>Repetitividad del robot de 0,03mm<\/li>\n<li>Precisi\u00f3n de c\u00e1mara de visi\u00f3n de 0,001 pulgadas<\/li>\n<\/ul>\n<p>[\/vc_column_text][\/vc_column_inner][\/vc_row_inner][\/vc_column][\/vc_row]<\/p>\n<\/div>","protected":false},"excerpt":{"rendered":"<p>[vc_row][vc_column][vc_column_text el_class=&#8221;title_lineas&#8221;] Productos [\/vc_column_text][vc_row_inner][vc_column_inner width=&#8221;1\/2&#8243;][vc_column_text el_class=&#8221;icon_list&#8221;] V\u00e1lvula de gas Termopar de hilo Seguridad magn\u00e9tica Bomba de agua Vitrocer\u00e1mica [\/vc_column_text][\/vc_column_inner][vc_column_inner width=&#8221;1\/2&#8243;][\/vc_column_inner][\/vc_row_inner][\/vc_column][\/vc_row][vc_row][vc_column][vc_column_text css=&#8221;.vc_custom_1462364014817{padding-bottom: 3px !important;padding-left: 15px !important;background-color: #e8e8e8 !important;}&#8221;] V\u00e1lvula de gas [\/vc_column_text][vc_row_inner][vc_column_inner][vc_gallery type=&#8221;image_grid&#8221; images=&#8221;2581,2582&#8243; el_class=&#8221;foto_margen&#8221;][\/vc_column_inner][\/vc_row_inner][vc_row_inner][vc_column_inner width=&#8221;1\/3&#8243;][vc_column_text el_class=&#8221;title_lineas&#8221;] Configuraci\u00f3n de la soluci\u00f3n [\/vc_column_text][vc_column_text el_class=&#8221;icon_list&#8221;] M\u00e1quina de ensamble autom\u00e1tica Transporte de piezas en platillos sobre cinta Plato rotativo [&hellip;]<\/p>\n","protected":false},"author":4,"featured_media":0,"parent":8854,"menu_order":0,"comment_status":"closed","ping_status":"closed","template":"sectors.php","meta":{"_lmt_disableupdate":"","_lmt_disable":"","footnotes":""},"yst_prominent_words":[],"class_list":["post-8856","page","type-page","status-publish","hentry"],"acf":[],"_links":{"self":[{"href":"https:\/\/www.mondragon-assembly.com\/es-mx\/wp-json\/wp\/v2\/pages\/8856","targetHints":{"allow":["GET"]}}],"collection":[{"href":"https:\/\/www.mondragon-assembly.com\/es-mx\/wp-json\/wp\/v2\/pages"}],"about":[{"href":"https:\/\/www.mondragon-assembly.com\/es-mx\/wp-json\/wp\/v2\/types\/page"}],"author":[{"embeddable":true,"href":"https:\/\/www.mondragon-assembly.com\/es-mx\/wp-json\/wp\/v2\/users\/4"}],"replies":[{"embeddable":true,"href":"https:\/\/www.mondragon-assembly.com\/es-mx\/wp-json\/wp\/v2\/comments?post=8856"}],"version-history":[{"count":1,"href":"https:\/\/www.mondragon-assembly.com\/es-mx\/wp-json\/wp\/v2\/pages\/8856\/revisions"}],"predecessor-version":[{"id":8858,"href":"https:\/\/www.mondragon-assembly.com\/es-mx\/wp-json\/wp\/v2\/pages\/8856\/revisions\/8858"}],"up":[{"embeddable":true,"href":"https:\/\/www.mondragon-assembly.com\/es-mx\/wp-json\/wp\/v2\/pages\/8854"}],"wp:attachment":[{"href":"https:\/\/www.mondragon-assembly.com\/es-mx\/wp-json\/wp\/v2\/media?parent=8856"}],"wp:term":[{"taxonomy":"yst_prominent_words","embeddable":true,"href":"https:\/\/www.mondragon-assembly.com\/es-mx\/wp-json\/wp\/v2\/yst_prominent_words?post=8856"}],"curies":[{"name":"wp","href":"https:\/\/api.w.org\/{rel}","templated":true}]}}