{"id":8863,"date":"2016-04-20T10:56:15","date_gmt":"2016-04-20T08:56:15","guid":{"rendered":"https:\/\/www.mondragon-assembly.com\/es-mx\/?page_id=8863"},"modified":"2017-04-10T10:20:32","modified_gmt":"2017-04-10T08:20:32","slug":"tecnologias","status":"publish","type":"page","link":"https:\/\/www.mondragon-assembly.com\/es-mx\/componentes-electrodomesticos\/productosservicios\/tecnologias\/","title":{"rendered":"Tecnolog\u00edas"},"content":{"rendered":"<div class=\"wpb-content-wrapper\"><p>[vc_row][vc_column][vc_gallery type=&#8221;flexslider_slide&#8221; interval=&#8221;3&#8243; images=&#8221;10870,10861,10852&#8243; img_size=&#8221;full&#8221;][vc_separator color=&#8221;black&#8221;][\/vc_column][\/vc_row][vc_row][vc_column][vc_tta_accordion style=&#8221;flat&#8221; color=&#8221;white&#8221; c_position=&#8221;right&#8221; active_section=&#8221;0&#8243; collapsible_all=&#8221;true&#8221;][vc_tta_section title=&#8221;T\u00e9cnicas de alimentaci\u00f3n&#8221; tab_id=&#8221;1461053881569-94715fc9-4ef7&#8243;][vc_column_text css_animation=&#8221;top-to-bottom&#8221; el_class=&#8221;icon_list&#8221;]<\/p>\n<ul>\n<li>Alimentadores vibratorios<\/li>\n<li>Alimentadores centr\u00edfugos<\/li>\n<li>Otras soluciones (alimentadores verticales, etc.)<\/li>\n<\/ul>\n<p>[\/vc_column_text][vc_gallery type=&#8221;image_grid&#8221; images=&#8221;1879&#8243; img_size=&#8221;&#8221; el_class=&#8221;foto_margen&#8221;][\/vc_tta_section][vc_tta_section title=&#8221;Sistemas de manipulaci\u00f3n&#8221; tab_id=&#8221;1461053881626-7a57108e-5a37&#8243;][vc_column_text css_animation=&#8221;top-to-bottom&#8221; el_class=&#8221;icon_list&#8221;]<\/p>\n<ul>\n<li>Pick&amp;place neum\u00e1ticos<\/li>\n<li>Pick&amp;place servocontrolados<\/li>\n<li>Pick&amp;place \u00a0con motores lineales<\/li>\n<\/ul>\n<p>[\/vc_column_text][vc_gallery type=&#8221;image_grid&#8221; images=&#8221;11903,11894,11885,11876&#8243; img_size=&#8221;&#8221; el_class=&#8221;foto_margen&#8221;][\/vc_tta_section][vc_tta_section title=&#8221;Rob\u00f3tica&#8221; tab_id=&#8221;1461054147928-cf873369-b862&#8243;][vc_column_text css_animation=&#8221;top-to-bottom&#8221; el_class=&#8221;icon_list&#8221;]<\/p>\n<ul>\n<li>Scaras<\/li>\n<li>Robots cartesianos<\/li>\n<li>Robots de seis ejes y s\u00e9ptimo eje<\/li>\n<li>Robots delta<\/li>\n<\/ul>\n<p>[\/vc_column_text][vc_gallery type=&#8221;image_grid&#8221; images=&#8221;1891,1896,1899&#8243; img_size=&#8221;&#8221; el_class=&#8221;foto_margen&#8221;][\/vc_tta_section][vc_tta_section title=&#8221;T\u00e9cnicas de uni\u00f3n formado&#8221; tab_id=&#8221;1461661663306-37d24182-9735&#8243;][vc_column_text css_animation=&#8221;top-to-bottom&#8221; el_class=&#8221;icon_list&#8221;]<\/p>\n<ul>\n<li>Atornillado\n<ul>\n<li>Neum\u00e1tico<\/li>\n<li>El\u00e9ctrico<\/li>\n<li>Pintura<\/li>\n<\/ul>\n<\/li>\n<li>Prensado\n<ul>\n<li>Neum\u00e1tico<\/li>\n<li>Oleo-neum\u00e1tico<\/li>\n<li>Hidr\u00e1ulico<\/li>\n<li>Servo-prensa<\/li>\n<\/ul>\n<\/li>\n<li>Remachado<\/li>\n<li>Punzonado<\/li>\n<li>Estampado<\/li>\n<li>Uni\u00f3n (epoxy)<\/li>\n<li>Limpieza por plasma<\/li>\n<li>Formado de alambre<\/li>\n<li>Troquelado<\/li>\n<li>Uni\u00f3n por deformaci\u00f3n<\/li>\n<\/ul>\n<p>[\/vc_column_text][vc_gallery type=&#8221;image_grid&#8221; images=&#8221;1901,1902,1903,1904&#8243; img_size=&#8221;&#8221; el_class=&#8221;foto_margen&#8221;][\/vc_tta_section][vc_tta_section title=&#8221;Dosificado&#8221; tab_id=&#8221;1461661696633-02d7a033-545c&#8221;][vc_column_text css_animation=&#8221;top-to-bottom&#8221; el_class=&#8221;icon_list&#8221;]<\/p>\n<ul>\n<li>Tecnolog\u00edas\n<ul>\n<li>Por tiempo<\/li>\n<li>Volum\u00e9trico<\/li>\n<li>Continuo (Husillo)<\/li>\n<\/ul>\n<\/li>\n<li>Materiales\n<ul>\n<li>Grasa<\/li>\n<li>Aceite<\/li>\n<li>Cianoacrilato<\/li>\n<li>Primer<\/li>\n<li>Hot melt<\/li>\n<li>Silicona<\/li>\n<li>Flux<\/li>\n<li>Conformal coating<\/li>\n<li>Pintura<\/li>\n<\/ul>\n<\/li>\n<\/ul>\n<p>[\/vc_column_text][vc_gallery type=&#8221;image_grid&#8221; images=&#8221;1939,1940,1941,1942&#8243; img_size=&#8221;&#8221; el_class=&#8221;foto_margen&#8221;][\/vc_tta_section][vc_tta_section title=&#8221;Marcado e identificaci\u00f3n&#8221; tab_id=&#8221;1461661711789-174b4c5a-704c&#8221;][vc_column_text css_animation=&#8221;top-to-bottom&#8221; el_class=&#8221;icon_list&#8221;]<\/p>\n<ul>\n<li>L\u00e1ser<\/li>\n<li>Chorro de tinta<\/li>\n<li>Marcado por micro-percusi\u00f3n<\/li>\n<li>Impresi\u00f3n y alimentaci\u00f3n de etiquetas<\/li>\n<li>Tampograf\u00edado<\/li>\n<li>Puntos de colores<\/li>\n<li>Marcado de un solo punto<\/li>\n<li>Termo-estampado<\/li>\n<\/ul>\n<p>[\/vc_column_text][vc_gallery type=&#8221;image_grid&#8221; images=&#8221;1906&#8243;][\/vc_tta_section][vc_tta_section title=&#8221;Sistemas de transferencia&#8221; tab_id=&#8221;1461661734077-46f76d34-21bc&#8221;][vc_column_text css_animation=&#8221;top-to-bottom&#8221; el_class=&#8221;icon_list&#8221;]<\/p>\n<ul>\n<li>Estaci\u00f3n lean<\/li>\n<li>Conveyor + pallets<\/li>\n<li>Sistemas rotativos (mec\u00e1nicos de levas, programables, etc.)<\/li>\n<li>Sistema lineal (sistemas FMS, transfer lineal r\u00edgida de 12, 18 y 22 posiciones)<\/li>\n<li>C\u00e9lulas rob\u00f3ticas<\/li>\n<\/ul>\n<p>[\/vc_column_text][\/vc_tta_section][vc_tta_section title=&#8221;Sistema de visi\u00f3n&#8221; tab_id=&#8221;1461661747961-f7d3080e-0192&#8243;][vc_column_text css_animation=&#8221;top-to-bottom&#8221; el_class=&#8221;icon_list&#8221;]<\/p>\n<ul>\n<li>C\u00e1maras de alta resoluci\u00f3n<\/li>\n<li>C\u00e1maras de alta velocidad<\/li>\n<li>Reconstrucci\u00f3n 3D<\/li>\n<li>Checkers de visi\u00f3n<\/li>\n<li>Sensores de visi\u00f3n\u2026<\/li>\n<\/ul>\n<p>[\/vc_column_text][vc_gallery type=&#8221;image_grid&#8221; images=&#8221;1943,1944,1945,1946,1947&#8243; img_size=&#8221;&#8221; el_class=&#8221;foto_margen&#8221;][\/vc_tta_section][vc_tta_section title=&#8221;Medici\u00f3n y control&#8221; tab_id=&#8221;1461661774750-4dfb97a3-5862&#8243;][vc_column_text css_animation=&#8221;top-to-bottom&#8221; el_class=&#8221;icon_list&#8221;]<\/p>\n<ul>\n<li>Pruebas de fuga\n<ul>\n<li>Ca\u00edda de presi\u00f3n (alta y baja presi\u00f3n)<\/li>\n<li>Vac\u00edo<\/li>\n<li>Helio<\/li>\n<\/ul>\n<\/li>\n<li>Medici\u00f3n de caudal<\/li>\n<li>Transductores lineales<\/li>\n<li>Transductores rotativos<\/li>\n<li>C\u00e9lulas de carga (tensi\u00f3n, compresi\u00f3n, par de giro)<\/li>\n<li>C\u00e1maras de visi\u00f3n<\/li>\n<li>Aceler\u00f3metros (vibraci\u00f3n y ruido)<\/li>\n<li>Hipot<\/li>\n<li>Evaluaci\u00f3n de la curva de tensi\u00f3n y corriente<\/li>\n<li>Consumo de corriente<\/li>\n<li>Inspecci\u00f3n de soldadura<\/li>\n<li>Inspecci\u00f3n de dosificado<\/li>\n<li>Protocolo de comunicaci\u00f3n con los productos basado en Linbus\/CAN<\/li>\n<li>Aislamiento<\/li>\n<li>Prueba de Efecto Hall<\/li>\n<\/ul>\n<p>[\/vc_column_text][vc_gallery type=&#8221;image_grid&#8221; images=&#8221;1948,1949&#8243; img_size=&#8221;&#8221; el_class=&#8221;foto_margen&#8221;][\/vc_tta_section][vc_tta_section title=&#8221;Soldadura&#8221; tab_id=&#8221;1461661814225-4add7de5-726f&#8221;][vc_column_text css_animation=&#8221;top-to-bottom&#8221; el_class=&#8221;icon_list&#8221;]<\/p>\n<ul>\n<li>L\u00e1ser<\/li>\n<li>Infrarrojos<\/li>\n<li>Inducci\u00f3n<\/li>\n<li>Ultrasonido<\/li>\n<li>Vibraci\u00f3n<\/li>\n<li>Soldadura bajo protecci\u00f3n de gas (TIG, MIG, MAG)<\/li>\n<li>Soldadura t\u00e9rmica<\/li>\n<\/ul>\n<p>[\/vc_column_text][vc_gallery type=&#8221;image_grid&#8221; images=&#8221;1950,1951,1952,1953,1954&#8243; img_size=&#8221;&#8221; el_class=&#8221;foto_margen&#8221;][\/vc_tta_section][vc_tta_section title=&#8221;Sistema de trazabilidad de productos&#8221; tab_id=&#8221;1461661830670-b97f5611-f49d&#8221;][vc_column_text css_animation=&#8221;top-to-bottom&#8221; el_class=&#8221;icon_list&#8221;]<\/p>\n<ul>\n<li>Bases de datos<\/li>\n<li>Sistemas MES (sistemas de gesti\u00f3n de fabricaci\u00f3n<\/li>\n<\/ul>\n<p>[\/vc_column_text][\/vc_tta_section][vc_tta_section title=&#8221;Redes&#8221; tab_id=&#8221;1461661867645-db396446-e45a&#8221;][vc_column_text css_animation=&#8221;top-to-bottom&#8221; el_class=&#8221;icon_list&#8221;]<\/p>\n<ul>\n<li>Profibus \/ Profinet<\/li>\n<li>EtherCAT<\/li>\n<li>DeviceNet<\/li>\n<li>EtherNet\/IP<\/li>\n<li>CANopen<\/li>\n<li>SAI<\/li>\n<\/ul>\n<p>[\/vc_column_text][\/vc_tta_section][\/vc_tta_accordion][\/vc_column][\/vc_row]<\/p>\n<\/div>","protected":false},"excerpt":{"rendered":"<p>[vc_row][vc_column][vc_gallery type=&#8221;flexslider_slide&#8221; interval=&#8221;3&#8243; images=&#8221;10870,10861,10852&#8243; img_size=&#8221;full&#8221;][vc_separator color=&#8221;black&#8221;][\/vc_column][\/vc_row][vc_row][vc_column][vc_tta_accordion style=&#8221;flat&#8221; color=&#8221;white&#8221; c_position=&#8221;right&#8221; active_section=&#8221;0&#8243; collapsible_all=&#8221;true&#8221;][vc_tta_section title=&#8221;T\u00e9cnicas de alimentaci\u00f3n&#8221; tab_id=&#8221;1461053881569-94715fc9-4ef7&#8243;][vc_column_text css_animation=&#8221;top-to-bottom&#8221; el_class=&#8221;icon_list&#8221;] Alimentadores vibratorios Alimentadores centr\u00edfugos Otras soluciones (alimentadores verticales, etc.) [\/vc_column_text][vc_gallery type=&#8221;image_grid&#8221; images=&#8221;1879&#8243; img_size=&#8221;&#8221; el_class=&#8221;foto_margen&#8221;][\/vc_tta_section][vc_tta_section title=&#8221;Sistemas de manipulaci\u00f3n&#8221; tab_id=&#8221;1461053881626-7a57108e-5a37&#8243;][vc_column_text css_animation=&#8221;top-to-bottom&#8221; el_class=&#8221;icon_list&#8221;] Pick&amp;place neum\u00e1ticos Pick&amp;place servocontrolados Pick&amp;place \u00a0con motores lineales [\/vc_column_text][vc_gallery type=&#8221;image_grid&#8221; images=&#8221;11903,11894,11885,11876&#8243; img_size=&#8221;&#8221; el_class=&#8221;foto_margen&#8221;][\/vc_tta_section][vc_tta_section title=&#8221;Rob\u00f3tica&#8221; tab_id=&#8221;1461054147928-cf873369-b862&#8243;][vc_column_text css_animation=&#8221;top-to-bottom&#8221; el_class=&#8221;icon_list&#8221;] Scaras [&hellip;]<\/p>\n","protected":false},"author":4,"featured_media":0,"parent":8857,"menu_order":0,"comment_status":"closed","ping_status":"closed","template":"sectors.php","meta":{"_lmt_disableupdate":"","_lmt_disable":"","footnotes":""},"yst_prominent_words":[],"class_list":["post-8863","page","type-page","status-publish","hentry"],"acf":[],"_links":{"self":[{"href":"https:\/\/www.mondragon-assembly.com\/es-mx\/wp-json\/wp\/v2\/pages\/8863","targetHints":{"allow":["GET"]}}],"collection":[{"href":"https:\/\/www.mondragon-assembly.com\/es-mx\/wp-json\/wp\/v2\/pages"}],"about":[{"href":"https:\/\/www.mondragon-assembly.com\/es-mx\/wp-json\/wp\/v2\/types\/page"}],"author":[{"embeddable":true,"href":"https:\/\/www.mondragon-assembly.com\/es-mx\/wp-json\/wp\/v2\/users\/4"}],"replies":[{"embeddable":true,"href":"https:\/\/www.mondragon-assembly.com\/es-mx\/wp-json\/wp\/v2\/comments?post=8863"}],"version-history":[{"count":5,"href":"https:\/\/www.mondragon-assembly.com\/es-mx\/wp-json\/wp\/v2\/pages\/8863\/revisions"}],"predecessor-version":[{"id":15970,"href":"https:\/\/www.mondragon-assembly.com\/es-mx\/wp-json\/wp\/v2\/pages\/8863\/revisions\/15970"}],"up":[{"embeddable":true,"href":"https:\/\/www.mondragon-assembly.com\/es-mx\/wp-json\/wp\/v2\/pages\/8857"}],"wp:attachment":[{"href":"https:\/\/www.mondragon-assembly.com\/es-mx\/wp-json\/wp\/v2\/media?parent=8863"}],"wp:term":[{"taxonomy":"yst_prominent_words","embeddable":true,"href":"https:\/\/www.mondragon-assembly.com\/es-mx\/wp-json\/wp\/v2\/yst_prominent_words?post=8863"}],"curies":[{"name":"wp","href":"https:\/\/api.w.org\/{rel}","templated":true}]}}