{"id":8868,"date":"2016-04-22T12:02:41","date_gmt":"2016-04-22T10:02:41","guid":{"rendered":"https:\/\/www.mondragon-assembly.com\/es-mx\/?page_id=8868"},"modified":"2016-05-22T10:00:27","modified_gmt":"2016-05-22T10:00:27","slug":"aplicaciones","status":"publish","type":"page","link":"https:\/\/www.mondragon-assembly.com\/es-mx\/cosmeticos\/aplicaciones\/","title":{"rendered":"Aplicaciones"},"content":{"rendered":"<div class=\"wpb-content-wrapper\"><p>[vc_row][vc_column][vc_column_text el_class=&#8221;title_lineas&#8221;]<\/p>\n<h4><span style=\"color: #e20026;\">Productos<\/span><\/h4>\n<p>[\/vc_column_text][vc_row_inner][vc_column_inner width=&#8221;1\/2&#8243;][vc_column_text el_class=&#8221;icon_list&#8221;]<\/p>\n<ul>\n<li>Perfumes<\/li>\n<li>L\u00e1piz de labios<\/li>\n<li>Estuches de maquillaje<\/li>\n<\/ul>\n<p>[\/vc_column_text][\/vc_column_inner][vc_column_inner width=&#8221;1\/2&#8243;][\/vc_column_inner][\/vc_row_inner][vc_gallery type=&#8221;image_grid&#8221; images=&#8221;2817,2818&#8243; el_class=&#8221;foto_margen&#8221;][\/vc_column][\/vc_row][vc_row][vc_column][vc_column_text css=&#8221;.vc_custom_1462447733829{padding-bottom: 3px !important;padding-left: 15px !important;background-color: #e8e8e8 !important;}&#8221;]<\/p>\n<h3><span style=\"color: #e20026; line-height: 35px;\">Perfume<\/span><\/h3>\n<p>[\/vc_column_text][vc_row_inner][vc_column_inner][vc_gallery type=&#8221;image_grid&#8221; images=&#8221;2783,2784&#8243; el_class=&#8221;foto_margen&#8221;][\/vc_column_inner][\/vc_row_inner][vc_row_inner][vc_column_inner width=&#8221;1\/3&#8243;][vc_column_text el_class=&#8221;title_lineas&#8221;]<\/p>\n<h4><span style=\"color: #e20026;\">Configuraci\u00f3n de la soluci\u00f3n<\/span><\/h4>\n<p>[\/vc_column_text][vc_column_text el_class=&#8221;icon_list&#8221;]<\/p>\n<ul>\n<li>L\u00ednea totalmente autom\u00e1tica<\/li>\n<li>Carga autom\u00e1tica de componentes<\/li>\n<li>Transporte de producto sobre cinta<\/li>\n<\/ul>\n<p>[\/vc_column_text][\/vc_column_inner][vc_column_inner width=&#8221;1\/3&#8243;][vc_column_text el_class=&#8221;title_lineas&#8221;]<\/p>\n<h4><span style=\"color: #e20026;\">Proceso<\/span><\/h4>\n<p>[\/vc_column_text][vc_column_text el_class=&#8221;icon_list&#8221;]<\/p>\n<ul>\n<li>Carga de botella: desde bandeja o caja con divisores<\/li>\n<li>Alimentaci\u00f3n y selecci\u00f3n de bomba, tap\u00f3n, reducci\u00f3n: vibrador, alimentador vertical, etc\u2026<\/li>\n<li>Crimpado y ensamble de bomba<\/li>\n<li>Ensamble de tap\u00f3n<\/li>\n<li>Control por visi\u00f3n<\/li>\n<li>Etiquetado<\/li>\n<li>Marcado l\u00e1ser: YAG, CO\u00b2, UV\u2026<\/li>\n<\/ul>\n<p>[\/vc_column_text][\/vc_column_inner][vc_column_inner width=&#8221;1\/3&#8243;][vc_column_text el_class=&#8221;title_lineas&#8221;]<\/p>\n<h4><span style=\"color: #e20026;\">Datos t\u00e9cnicos<\/span><\/h4>\n<p>[\/vc_column_text][vc_column_text el_class=&#8221;icon_list&#8221;]<\/p>\n<ul>\n<li>Producci\u00f3n: 40 piezas\/min<\/li>\n<li>Cambio de modelo r\u00e1pido y sencillo<\/li>\n<li>F\u00e1cil mantenimiento<\/li>\n<\/ul>\n<p>[\/vc_column_text][\/vc_column_inner][\/vc_row_inner][\/vc_column][\/vc_row][vc_row][vc_column][vc_column_text css=&#8221;.vc_custom_1462447924842{padding-bottom: 3px !important;padding-left: 15px !important;background-color: #e8e8e8 !important;}&#8221;]<\/p>\n<h3><span style=\"color: #e20026; line-height: 35px;\">Estuche de maquillaje<\/span><\/h3>\n<p>[\/vc_column_text][vc_gallery type=&#8221;image_grid&#8221; images=&#8221;2786&#8243; img_size=&#8221;&#8221; el_class=&#8221;foto_margen&#8221;][vc_row_inner][vc_column_inner width=&#8221;1\/3&#8243;][vc_column_text el_class=&#8221;title_lineas&#8221;]<\/p>\n<h4><span style=\"color: #e20026;\">Configuraci\u00f3n de la soluci\u00f3n<\/span><\/h4>\n<p>[\/vc_column_text][vc_column_text el_class=&#8221;icon_list&#8221;]<\/p>\n<ul>\n<li>L\u00ednea autom\u00e1tica<\/li>\n<li>Carga autom\u00e1tica de componentes<\/li>\n<li>Transporte del producto en pallets sobre cinta<\/li>\n<\/ul>\n<p>[\/vc_column_text][\/vc_column_inner][vc_column_inner width=&#8221;1\/3&#8243;][vc_column_text el_class=&#8221;title_lineas&#8221;]<\/p>\n<h4><span style=\"color: #e20026;\">Proceso<\/span><\/h4>\n<p>[\/vc_column_text][vc_column_text el_class=&#8221;icon_list&#8221;]<\/p>\n<ul>\n<li>Carga de estuches robotizada.<\/li>\n<li>Apertura autom\u00e1tica de estuches<\/li>\n<li>Dosificado de pegamento para fijar el maquillaje<\/li>\n<li>Carga robotizada de pastillas: 1, 2, 3, 4 o 5<\/li>\n<li>Carga de aplicador, cepillo, esponja<\/li>\n<li>Carga autom\u00e1tica de l\u00e1mina transparente<\/li>\n<li>Cierre autom\u00e1tico de estuches<\/li>\n<li>Etiquetado autom\u00e1tico<\/li>\n<li>Tampografiado<\/li>\n<li>Empaque autom\u00e1tico<\/li>\n<\/ul>\n<p>[\/vc_column_text][\/vc_column_inner][vc_column_inner width=&#8221;1\/3&#8243;][vc_column_text el_class=&#8221;title_lineas&#8221;]<\/p>\n<h4><span style=\"color: #e20026;\">Datos t\u00e9cnicos<\/span><\/h4>\n<p>[\/vc_column_text][vc_column_text el_class=&#8221;icon_list&#8221;]<\/p>\n<ul>\n<li>Producci\u00f3n: 40 piezas\/min<\/li>\n<li>100 diferentes referencias<\/li>\n<li>Controles de calidad: visi\u00f3n, altura, etc\u2026<\/li>\n<li>Cambio de modelo r\u00e1pido y sencillo<\/li>\n<li>F\u00e1cil mantenimiento<\/li>\n<\/ul>\n<p>[\/vc_column_text][\/vc_column_inner][\/vc_row_inner][\/vc_column][\/vc_row][vc_row][vc_column][vc_column_text css=&#8221;.vc_custom_1462448220249{padding-bottom: 3px !important;padding-left: 15px !important;background-color: #e8e8e8 !important;}&#8221;]<\/p>\n<h3><span style=\"color: #e20026; line-height: 35px;\">L\u00e1piz de labios<\/span><\/h3>\n<p>[\/vc_column_text][vc_gallery type=&#8221;image_grid&#8221; images=&#8221;2790,2788,2789&#8243; img_size=&#8221;&#8221; el_class=&#8221;foto_margen&#8221;][vc_row_inner][vc_column_inner width=&#8221;1\/3&#8243;][vc_column_text el_class=&#8221;title_lineas&#8221;]<\/p>\n<h4><span style=\"color: #e20026;\">Configuraci\u00f3n de la soluci\u00f3n<\/span><\/h4>\n<p>[\/vc_column_text][vc_column_text el_class=&#8221;icon_list&#8221;]<\/p>\n<ul>\n<li>C\u00e9lula robotizada de carga de mecanismo y carcasa<\/li>\n<li>Almac\u00e9n de termoconformados para mecanismos<\/li>\n<li>Alimentaci\u00f3n de mecanismos a granel<\/li>\n<li>Plato rotativo de montaje n\u00ba 1.<\/li>\n<li>C\u00e9lula robotizada de colocaci\u00f3n de capuch\u00f3n y descarga<\/li>\n<li>Almacenes de termoconformados para carcasas y capuchones<\/li>\n<\/ul>\n<p>[\/vc_column_text][\/vc_column_inner][vc_column_inner width=&#8221;1\/3&#8243;][vc_column_text el_class=&#8221;title_lineas&#8221;]<\/p>\n<h4><span style=\"color: #e20026;\">Proceso<\/span><\/h4>\n<p>[\/vc_column_text][vc_column_text el_class=&#8221;icon_list&#8221;]<\/p>\n<ul>\n<li>Integraci\u00f3n de m\u00e1quina de llenado NANYO: llenado superior y\/o trasero<\/li>\n<li>Alimentaci\u00f3n de mecanismo: vibrador, alimentador vertical, etc\u2026<\/li>\n<li>Ensamble de l\u00e1piz con su mecanismo<\/li>\n<li>Ensamble final: carga y roscado de tapa<\/li>\n<li>Marcado l\u00e1ser<\/li>\n<li>Etiqueta de identificaci\u00f3n<\/li>\n<li>Empaque autom\u00e1tico<\/li>\n<\/ul>\n<p>[\/vc_column_text][\/vc_column_inner][vc_column_inner width=&#8221;1\/3&#8243;][vc_column_text el_class=&#8221;title_lineas&#8221;]<\/p>\n<h4><span style=\"color: #e20026;\">Datos t\u00e9cnicos<\/span><\/h4>\n<p>[\/vc_column_text][vc_column_text el_class=&#8221;icon_list&#8221;]<\/p>\n<ul>\n<li>Producci\u00f3n: 50 piezas\/min<\/li>\n<li>Control de calidad: sistemas de visi\u00f3n, control de altura, par de atornillado, etc\u2026<\/li>\n<li>95 diferentes referencias<\/li>\n<li>Cambio de modelo r\u00e1pido y sencillo<\/li>\n<li>F\u00e1cil mantenimiento<\/li>\n<\/ul>\n<p>[\/vc_column_text][\/vc_column_inner][\/vc_row_inner][\/vc_column][\/vc_row]<\/p>\n<\/div>","protected":false},"excerpt":{"rendered":"<p>[vc_row][vc_column][vc_column_text el_class=&#8221;title_lineas&#8221;] Productos [\/vc_column_text][vc_row_inner][vc_column_inner width=&#8221;1\/2&#8243;][vc_column_text el_class=&#8221;icon_list&#8221;] Perfumes L\u00e1piz de labios Estuches de maquillaje [\/vc_column_text][\/vc_column_inner][vc_column_inner width=&#8221;1\/2&#8243;][\/vc_column_inner][\/vc_row_inner][vc_gallery type=&#8221;image_grid&#8221; images=&#8221;2817,2818&#8243; el_class=&#8221;foto_margen&#8221;][\/vc_column][\/vc_row][vc_row][vc_column][vc_column_text css=&#8221;.vc_custom_1462447733829{padding-bottom: 3px !important;padding-left: 15px !important;background-color: #e8e8e8 !important;}&#8221;] Perfume [\/vc_column_text][vc_row_inner][vc_column_inner][vc_gallery type=&#8221;image_grid&#8221; images=&#8221;2783,2784&#8243; el_class=&#8221;foto_margen&#8221;][\/vc_column_inner][\/vc_row_inner][vc_row_inner][vc_column_inner width=&#8221;1\/3&#8243;][vc_column_text el_class=&#8221;title_lineas&#8221;] Configuraci\u00f3n de la soluci\u00f3n [\/vc_column_text][vc_column_text el_class=&#8221;icon_list&#8221;] L\u00ednea totalmente autom\u00e1tica Carga autom\u00e1tica de componentes Transporte de producto sobre cinta [\/vc_column_text][\/vc_column_inner][vc_column_inner width=&#8221;1\/3&#8243;][vc_column_text el_class=&#8221;title_lineas&#8221;] Proceso [\/vc_column_text][vc_column_text [&hellip;]<\/p>\n","protected":false},"author":4,"featured_media":0,"parent":8866,"menu_order":0,"comment_status":"closed","ping_status":"closed","template":"sectors.php","meta":{"_lmt_disableupdate":"","_lmt_disable":"","footnotes":""},"yst_prominent_words":[],"class_list":["post-8868","page","type-page","status-publish","hentry"],"acf":[],"_links":{"self":[{"href":"https:\/\/www.mondragon-assembly.com\/es-mx\/wp-json\/wp\/v2\/pages\/8868","targetHints":{"allow":["GET"]}}],"collection":[{"href":"https:\/\/www.mondragon-assembly.com\/es-mx\/wp-json\/wp\/v2\/pages"}],"about":[{"href":"https:\/\/www.mondragon-assembly.com\/es-mx\/wp-json\/wp\/v2\/types\/page"}],"author":[{"embeddable":true,"href":"https:\/\/www.mondragon-assembly.com\/es-mx\/wp-json\/wp\/v2\/users\/4"}],"replies":[{"embeddable":true,"href":"https:\/\/www.mondragon-assembly.com\/es-mx\/wp-json\/wp\/v2\/comments?post=8868"}],"version-history":[{"count":1,"href":"https:\/\/www.mondragon-assembly.com\/es-mx\/wp-json\/wp\/v2\/pages\/8868\/revisions"}],"predecessor-version":[{"id":8869,"href":"https:\/\/www.mondragon-assembly.com\/es-mx\/wp-json\/wp\/v2\/pages\/8868\/revisions\/8869"}],"up":[{"embeddable":true,"href":"https:\/\/www.mondragon-assembly.com\/es-mx\/wp-json\/wp\/v2\/pages\/8866"}],"wp:attachment":[{"href":"https:\/\/www.mondragon-assembly.com\/es-mx\/wp-json\/wp\/v2\/media?parent=8868"}],"wp:term":[{"taxonomy":"yst_prominent_words","embeddable":true,"href":"https:\/\/www.mondragon-assembly.com\/es-mx\/wp-json\/wp\/v2\/yst_prominent_words?post=8868"}],"curies":[{"name":"wp","href":"https:\/\/api.w.org\/{rel}","templated":true}]}}