{"id":8878,"date":"2016-04-04T08:07:20","date_gmt":"2016-04-04T06:07:20","guid":{"rendered":"https:\/\/www.mondragon-assembly.com\/es-mx\/?page_id=8878"},"modified":"2021-02-11T12:44:36","modified_gmt":"2021-02-11T10:44:36","slug":"equipo-medico","status":"publish","type":"page","link":"https:\/\/www.mondragon-assembly.com\/es-mx\/equipo-medico\/","title":{"rendered":"Equipo m\u00e9dico"},"content":{"rendered":"<div class=\"wpb-content-wrapper\"><p>[vc_row][vc_column width=&#8221;1\/2&#8243;][vc_column_text]Mondragon Assembly es una empresa l\u00edder en el dise\u00f1o y fabricaci\u00f3n de soluciones autom\u00e1ticas para el ensamble de dispositivos m\u00e9dicos y farmac\u00e9uticos. Proporcionamos soluciones autom\u00e1ticas y l\u00edneas de ensamble con tecnolog\u00edas de vanguardia para componentes del sector m\u00e9dico y farmac\u00e9utico.[\/vc_column_text][vc_column_text el_class=&#8221;icon_list&#8221;]<\/p>\n<ul>\n<li>Soluciones llave en mano y maquinaria a medida para soluciones autom\u00e1ticas<\/li>\n<li>Fabricaci\u00f3n de maquinaria autom\u00e1tica y\/o semiautom\u00e1tica para componentes de dispositivos m\u00e9dicos y farmac\u00e9uticos<\/li>\n<li>Dise\u00f1o, montaje, programaci\u00f3n e instalaci\u00f3n de las l\u00edneas de fabricaci\u00f3n hasta la recepci\u00f3n final del proyecto, \u00a0ofreciendo un servicio integral<\/li>\n<li>Soluciones personalizadas: el equipo de ingenier\u00eda de Mondragon Assembly pone a su disposici\u00f3n su experiencia para ayudarle a desarrollar su proyecto.<\/li>\n<li>Cumplimiento de los est\u00e1ndares internacionales de higiene<\/li>\n<\/ul>\n<p>[\/vc_column_text][\/vc_column][vc_column width=&#8221;1\/2&#8243;][vc_gallery type=&#8221;flexslider_slide&#8221; interval=&#8221;3&#8243; images=&#8221;8902,11384,11393&#8243; img_size=&#8221;640&#215;480&#8243;][\/vc_column][\/vc_row]<\/p>\n<\/div>","protected":false},"excerpt":{"rendered":"<p>[vc_row][vc_column width=&#8221;1\/2&#8243;][vc_column_text]Mondragon Assembly es una empresa l\u00edder en el dise\u00f1o y fabricaci\u00f3n de soluciones autom\u00e1ticas para el ensamble de dispositivos m\u00e9dicos y farmac\u00e9uticos. Proporcionamos soluciones autom\u00e1ticas y l\u00edneas de ensamble con tecnolog\u00edas de vanguardia para componentes del sector m\u00e9dico y farmac\u00e9utico.[\/vc_column_text][vc_column_text el_class=&#8221;icon_list&#8221;] Soluciones llave en mano y maquinaria a medida para soluciones autom\u00e1ticas Fabricaci\u00f3n de [&hellip;]<\/p>\n","protected":false},"author":4,"featured_media":0,"parent":0,"menu_order":0,"comment_status":"closed","ping_status":"closed","template":"sectors.php","meta":{"_lmt_disableupdate":"","_lmt_disable":"","footnotes":""},"yst_prominent_words":[],"class_list":["post-8878","page","type-page","status-publish","hentry"],"acf":[],"_links":{"self":[{"href":"https:\/\/www.mondragon-assembly.com\/es-mx\/wp-json\/wp\/v2\/pages\/8878","targetHints":{"allow":["GET"]}}],"collection":[{"href":"https:\/\/www.mondragon-assembly.com\/es-mx\/wp-json\/wp\/v2\/pages"}],"about":[{"href":"https:\/\/www.mondragon-assembly.com\/es-mx\/wp-json\/wp\/v2\/types\/page"}],"author":[{"embeddable":true,"href":"https:\/\/www.mondragon-assembly.com\/es-mx\/wp-json\/wp\/v2\/users\/4"}],"replies":[{"embeddable":true,"href":"https:\/\/www.mondragon-assembly.com\/es-mx\/wp-json\/wp\/v2\/comments?post=8878"}],"version-history":[{"count":5,"href":"https:\/\/www.mondragon-assembly.com\/es-mx\/wp-json\/wp\/v2\/pages\/8878\/revisions"}],"predecessor-version":[{"id":32763,"href":"https:\/\/www.mondragon-assembly.com\/es-mx\/wp-json\/wp\/v2\/pages\/8878\/revisions\/32763"}],"wp:attachment":[{"href":"https:\/\/www.mondragon-assembly.com\/es-mx\/wp-json\/wp\/v2\/media?parent=8878"}],"wp:term":[{"taxonomy":"yst_prominent_words","embeddable":true,"href":"https:\/\/www.mondragon-assembly.com\/es-mx\/wp-json\/wp\/v2\/yst_prominent_words?post=8878"}],"curies":[{"name":"wp","href":"https:\/\/api.w.org\/{rel}","templated":true}]}}