{"id":8880,"date":"2016-04-22T11:33:14","date_gmt":"2016-04-22T09:33:14","guid":{"rendered":"https:\/\/www.mondragon-assembly.com\/es-mx\/?page_id=8880"},"modified":"2016-05-22T10:12:19","modified_gmt":"2016-05-22T10:12:19","slug":"aplicaciones","status":"publish","type":"page","link":"https:\/\/www.mondragon-assembly.com\/es-mx\/equipo-medico\/aplicaciones\/","title":{"rendered":"Aplicaciones"},"content":{"rendered":"<div class=\"wpb-content-wrapper\"><p>[vc_row][vc_column][vc_column_text el_class=&#8221;title_lineas&#8221;]<\/p>\n<h4><span style=\"color: #e20026;\">Productos<\/span><\/h4>\n<p>[\/vc_column_text][vc_row_inner][vc_column_inner width=&#8221;1\/2&#8243;][vc_column_text el_class=&#8221;icon_list&#8221;]<\/p>\n<ul>\n<li>Bolsa de colostom\u00eda<\/li>\n<li>Dispositivo de sujeci\u00f3n de cat\u00e9ter<\/li>\n<li>Dispositivo de limpieza<\/li>\n<li>Escobilla dental de succi\u00f3n<\/li>\n<li>Escobilla dental<\/li>\n<li>Botella de alto vac\u00edo<\/li>\n<li>Viales est\u00e9riles<\/li>\n<li>Tubos de limpieza de sangre<\/li>\n<\/ul>\n<p>[\/vc_column_text][\/vc_column_inner][vc_column_inner width=&#8221;1\/2&#8243;][\/vc_column_inner][\/vc_row_inner][\/vc_column][\/vc_row][vc_row][vc_column][vc_column_text css=&#8221;.vc_custom_1462362670873{padding-bottom: 3px !important;padding-left: 15px !important;background-color: #e8e8e8 !important;}&#8221;]<\/p>\n<h3><span style=\"color: #e20026; line-height: 35px;\">Dispositivo de sujeci\u00f3n de cat\u00e9ter<\/span><\/h3>\n<p>[\/vc_column_text][vc_row_inner][vc_column_inner][vc_gallery type=&#8221;image_grid&#8221; images=&#8221;2569,2568,2672&#8243; el_class=&#8221;foto_margen&#8221;][\/vc_column_inner][\/vc_row_inner][vc_row_inner][vc_column_inner width=&#8221;1\/3&#8243;][vc_column_text el_class=&#8221;title_lineas&#8221;]<\/p>\n<h4><span style=\"color: #e20026;\">Configuraci\u00f3n de la soluci\u00f3n<\/span><\/h4>\n<p>[\/vc_column_text][vc_column_text el_class=&#8221;icon_list&#8221;]<\/p>\n<ul>\n<li>M\u00e1quina totalmente autom\u00e1tica<\/li>\n<li>Alimentaci\u00f3n autom\u00e1tica de componentes<\/li>\n<li>Transporte de producto en platillos sobre cinta servo-controlada<\/li>\n<\/ul>\n<p>[\/vc_column_text][\/vc_column_inner][vc_column_inner width=&#8221;1\/3&#8243;][vc_column_text el_class=&#8221;title_lineas&#8221;]<\/p>\n<h4><span style=\"color: #e20026;\">Proceso<\/span><\/h4>\n<p>[\/vc_column_text][vc_column_text el_class=&#8221;icon_list&#8221;]<\/p>\n<ul>\n<li>Alimentaci\u00f3n autom\u00e1tica del cuerpo de pl\u00e1stico<\/li>\n<li>Dosificado de cianocrilato mediante robot cartesiano<\/li>\n<li>Inspecci\u00f3n del dosificado de primer mediante c\u00e1mara de visi\u00f3n<\/li>\n<li>Inspecci\u00f3n dimensional de todos los productos mediante visi\u00f3n artificial<\/li>\n<\/ul>\n<p>[\/vc_column_text][\/vc_column_inner][vc_column_inner width=&#8221;1\/3&#8243;][vc_column_text el_class=&#8221;title_lineas&#8221;]<\/p>\n<h4><span style=\"color: #e20026;\">Datos t\u00e9cnicos<\/span><\/h4>\n<p>[\/vc_column_text][vc_column_text el_class=&#8221;icon_list&#8221;]<\/p>\n<ul>\n<li>Tiempo de ciclo: 2 s<\/li>\n<li>Control por visi\u00f3n de buenas \/ malas<\/li>\n<li>Dise\u00f1o bajo los est\u00e1ndares de salas limpias<\/li>\n<\/ul>\n<p>[\/vc_column_text][\/vc_column_inner][\/vc_row_inner][\/vc_column][\/vc_row][vc_row][vc_column][vc_column_text css=&#8221;.vc_custom_1462363216625{padding-bottom: 3px !important;padding-left: 15px !important;background-color: #e8e8e8 !important;}&#8221;]<\/p>\n<h3><span style=\"color: #e20026; line-height: 35px;\">Dispositivo de limpieza<\/span><\/h3>\n<p>[\/vc_column_text][vc_gallery type=&#8221;image_grid&#8221; images=&#8221;2574,2572,2573,2575&#8243; img_size=&#8221;&#8221; el_class=&#8221;foto_margen&#8221;][vc_row_inner][vc_column_inner width=&#8221;1\/3&#8243;][vc_column_text el_class=&#8221;title_lineas&#8221;]<\/p>\n<h4><span style=\"color: #e20026;\">Configuraci\u00f3n de la soluci\u00f3n<\/span><\/h4>\n<p>[\/vc_column_text][vc_column_text el_class=&#8221;icon_list&#8221;]<\/p>\n<ul>\n<li>M\u00e1quina totalmente autom\u00e1tica<\/li>\n<li>Alimentaci\u00f3n autom\u00e1tica de piezas<\/li>\n<li>Transporte de piezas en cinta servocontrolada<\/li>\n<li>Estaciones guiadas por levas para una perfecta sincronizaci\u00f3n<\/li>\n<\/ul>\n<p>[\/vc_column_text][\/vc_column_inner][vc_column_inner width=&#8221;1\/3&#8243;][vc_column_text el_class=&#8221;title_lineas&#8221;]<\/p>\n<h4><span style=\"color: #e20026;\">Proceso<\/span><\/h4>\n<p>[\/vc_column_text][vc_column_text el_class=&#8221;icon_list&#8221;]<\/p>\n<ul>\n<li>Alimentaci\u00f3n de recipiente de pl\u00e1stico y esponja mediante vibradores<\/li>\n<li>Separaci\u00f3n mediante husillo para carga r\u00e1pida de recipiente<\/li>\n<li>2 robots delta (paralelos) trabajando al 80 piezas \/ minuto, con posicionado de piezas mediante visi\u00f3n y tracking<\/li>\n<li>Dosificado de alcohol<\/li>\n<li>Alimentaci\u00f3n de papel pl\u00e1stico e impresi\u00f3n de fecha<\/li>\n<li>Soldado de recipiente y papel pl\u00e1stico<\/li>\n<li>Troquel de corte de papel pl\u00e1stico<\/li>\n<li>Descarga final<\/li>\n<\/ul>\n<p>[\/vc_column_text][\/vc_column_inner][vc_column_inner width=&#8221;1\/3&#8243;][vc_column_text el_class=&#8221;title_lineas&#8221;]<\/p>\n<h4><span style=\"color: #e20026;\">Datos t\u00e9cnicos<\/span><\/h4>\n<p>[\/vc_column_text][vc_column_text el_class=&#8221;icon_list&#8221;]<\/p>\n<ul>\n<li>Producci\u00f3n: 160 piezas\/min<\/li>\n<li>Dispensado preciso de 0,2 ml de IPA con cpk 1.3<\/li>\n<li>Correcci\u00f3n din\u00e1mica de la posici\u00f3n de soldadura dependiendo de la posici\u00f3n de las marcas impresas de f\u00e1brica<\/li>\n<li>Troquel con 2 micras de juego<\/li>\n<li>Dise\u00f1o bajo los est\u00e1ndares de salas limpias<\/li>\n<\/ul>\n<p>[\/vc_column_text][\/vc_column_inner][\/vc_row_inner][\/vc_column][\/vc_row][vc_row][vc_column][vc_column_text css=&#8221;.vc_custom_1462363442769{padding-bottom: 3px !important;padding-left: 15px !important;background-color: #e8e8e8 !important;}&#8221;]<\/p>\n<h3><span style=\"color: #e20026; line-height: 35px;\">Preparaci\u00f3n de productos farmac\u00e9uticos<\/span><\/h3>\n<p>[\/vc_column_text][vc_gallery type=&#8221;image_grid&#8221; images=&#8221;2766,2767,2768&#8243; img_size=&#8221;&#8221; el_class=&#8221;foto_margen&#8221;][vc_row_inner][vc_column_inner width=&#8221;1\/3&#8243;][vc_column_text el_class=&#8221;title_lineas&#8221;]<\/p>\n<h4><span style=\"color: #e20026;\">Configuraci\u00f3n de la soluci\u00f3n<\/span><\/h4>\n<p>[\/vc_column_text][vc_column_text el_class=&#8221;icon_list&#8221;]<\/p>\n<ul>\n<li>Verificaci\u00f3n del proceso y trazabilidad de los productos manipulados<\/li>\n<li>Alta flexibilidad y velocidad \u00f3ptima para procesos simples y complejos<\/li>\n<li>Interconectividad con diversos sistemas de informaci\u00f3n de hospitales y laboratorios.<\/li>\n<\/ul>\n<p>[\/vc_column_text][\/vc_column_inner][vc_column_inner width=&#8221;1\/3&#8243;][vc_column_text el_class=&#8221;title_lineas&#8221;]<\/p>\n<h4><span style=\"color: #e20026;\">Proceso<\/span><\/h4>\n<p>[\/vc_column_text][vc_column_text el_class=&#8221;icon_list&#8221;]<\/p>\n<ul>\n<li>2 brazos rob\u00f3ticos<\/li>\n<li>Plato de 12 posiciones para los viales en uso<\/li>\n<li>Preparaci\u00f3n para hasta 8 bolsas de infusi\u00f3n, casetes o bombas elastom\u00e9ricas<\/li>\n<li>Almac\u00e9n de hasta 8 jeringas<\/li>\n<li>Estaci\u00f3n de taponado de jeringa con 4 diferentes tapones<\/li>\n<li>Almac\u00e9n provisional para hasta 10 viales en proceso<\/li>\n<li>Dispositivo gravim\u00e9trico para pesado en l\u00ednea<\/li>\n<li>2 bombas perist\u00e1lticas para dispensado de disolvente y reconstituci\u00f3n<\/li>\n<li>2 c\u00e1maras de identificaci\u00f3n de jeringa y vial<\/li>\n<li>Lector de c\u00f3digo de barras para identificaci\u00f3n de producto<\/li>\n<\/ul>\n<p>[\/vc_column_text][\/vc_column_inner][vc_column_inner width=&#8221;1\/3&#8243;][vc_column_text el_class=&#8221;title_lineas&#8221;]<\/p>\n<h4><span style=\"color: #e20026;\">Datos t\u00e9cnicos<\/span><\/h4>\n<p>[\/vc_column_text][vc_column_text el_class=&#8221;icon_list&#8221;]<\/p>\n<ul>\n<li>Trabajos en entornos limpios ISO5 \/ limpieza microbiol\u00f3gica<\/li>\n<li>Protecci\u00f3n ambiental mediante filtros HEPA y presi\u00f3n negativa en la c\u00e1mara de recirculaci\u00f3n<\/li>\n<li>Protecci\u00f3n del usuario mediante ambiente de manipulaci\u00f3n con presi\u00f3n negativa<\/li>\n<li>Cumplimiento de normas internacionales<\/li>\n<\/ul>\n<p>[\/vc_column_text][\/vc_column_inner][\/vc_row_inner][\/vc_column][\/vc_row][vc_row][vc_column][vc_column_text css=&#8221;.vc_custom_1462363580232{padding-bottom: 3px !important;padding-left: 15px !important;background-color: #e8e8e8 !important;}&#8221;]<\/p>\n<h3><span style=\"color: #e20026; line-height: 35px;\">Bolsa de colostom\u00eda<\/span><\/h3>\n<p>[\/vc_column_text][vc_gallery type=&#8221;image_grid&#8221; images=&#8221;2676,2680,2678,2677,2679&#8243; el_class=&#8221;foto_margen&#8221;][vc_row_inner][vc_column_inner width=&#8221;1\/3&#8243;][vc_column_text el_class=&#8221;title_lineas&#8221;]<\/p>\n<h4><span style=\"color: #e20026;\">Configuraci\u00f3n de la soluci\u00f3n<\/span><\/h4>\n<p>[\/vc_column_text][vc_column_text el_class=&#8221;icon_list&#8221;]<\/p>\n<ul>\n<li>Cintas de carga y descarga<\/li>\n<li>Mesa rotativa con 2 robots y 2 sistemas de visi\u00f3n<\/li>\n<\/ul>\n<p>[\/vc_column_text][\/vc_column_inner][vc_column_inner width=&#8221;1\/3&#8243;][vc_column_text el_class=&#8221;title_lineas&#8221;]<\/p>\n<h4><span style=\"color: #e20026;\">Proceso<\/span><\/h4>\n<p>[\/vc_column_text][vc_column_text el_class=&#8221;icon_list&#8221;]<\/p>\n<ul>\n<li>Sistema de precalentamiento por infrarrojos<\/li>\n<li>Soldadura de pl\u00e1stico<\/li>\n<li>Servoprensa para el corte de goma<\/li>\n<li>Sistema de visi\u00f3n para control dimensional<\/li>\n<li>Impresi\u00f3n de etiqueta personalizada<\/li>\n<\/ul>\n<p>[\/vc_column_text][\/vc_column_inner][vc_column_inner width=&#8221;1\/3&#8243;][vc_column_text el_class=&#8221;title_lineas&#8221;]<\/p>\n<h4><span style=\"color: #e20026;\">Datos t\u00e9cnicos<\/span><\/h4>\n<p>[\/vc_column_text][vc_column_text el_class=&#8221;icon_list&#8221;]<\/p>\n<ul>\n<li>Producci\u00f3n: 4 s<\/li>\n<li>12 referencias diferentes y 3 modelos<\/li>\n<li>Dise\u00f1o bajo los est\u00e1ndares de salas limpias<\/li>\n<li>Cambio de modelo r\u00e1pido y sencillo<\/li>\n<li>F\u00e1cil mantenimiento<\/li>\n<\/ul>\n<p>[\/vc_column_text][\/vc_column_inner][\/vc_row_inner][\/vc_column][\/vc_row][vc_row][vc_column][vc_column_text css=&#8221;.vc_custom_1462363742360{padding-bottom: 3px !important;padding-left: 15px !important;background-color: #e8e8e8 !important;}&#8221;]<\/p>\n<h3><span style=\"color: #e20026; line-height: 35px;\">M\u00e1quina modular en l\u00ednea de detecci\u00f3n de fugas para recipientes Blow-Fill-Seal<\/span><\/h3>\n<p>[\/vc_column_text][vc_gallery type=&#8221;image_grid&#8221; images=&#8221;2770,2772,2778,2777,2578&#8243; el_class=&#8221;foto_margen&#8221;][vc_row_inner][vc_column_inner width=&#8221;1\/3&#8243;][vc_column_text el_class=&#8221;title_lineas&#8221;]<\/p>\n<h4><span style=\"color: #e20026;\">Configuraci\u00f3n de la soluci\u00f3n<\/span><\/h4>\n<p>[\/vc_column_text][vc_column_text el_class=&#8221;icon_list&#8221;]<\/p>\n<ul>\n<li>LT25 es un sistema de indexado lineal con una prueba de fuga no destructiva, tanto para productos BFS peque\u00f1os y grandes<\/li>\n<li>Su dise\u00f1o modular es una soluci\u00f3n flexible que se adapta perfectamente a las necesidades del cliente.<\/li>\n<li>Los recipientes se introducen en la m\u00e1quina a trav\u00e9s de la banda transportadora. Un sistema rob\u00f3tico de selecci\u00f3n guiado por visi\u00f3n carga los recipientes BFS en las c\u00e1maras de prueba. Una vez cargados, se realiza una prueba de fuga por vac\u00edo que detecta las fugas en cualquier parte de los recipientes. Tras la prueba, el sistema rob\u00f3tico descarga las partes buenas en la banda de salida. Los recipientes rechazados se colocan en un cubo separado.<\/li>\n<\/ul>\n<p>[\/vc_column_text][\/vc_column_inner][vc_column_inner width=&#8221;1\/3&#8243;][vc_column_text el_class=&#8221;title_lineas&#8221;]<\/p>\n<h4><span style=\"color: #e20026;\">Proceso<\/span><\/h4>\n<p>[\/vc_column_text][vc_column_text el_class=&#8221;icon_list&#8221;]<\/p>\n<ul>\n<li>Sistema apto incluso para productos con peque\u00f1as variaciones de forma<\/li>\n<li>Se entrega con piezas maestras para procesos de calibraci\u00f3n de maquinaria<\/li>\n<li>Gran capacidad de detecci\u00f3n de fugas. Su m\u00e9todo de dos pasos evita la contaminaci\u00f3n de las c\u00e1maras, mientras se pueden detectar grandes fugas con nuestro m\u00f3dulo opcional en l\u00ednea de comprobaci\u00f3n por visi\u00f3n<\/li>\n<\/ul>\n<p>[\/vc_column_text][\/vc_column_inner][vc_column_inner width=&#8221;1\/3&#8243;][vc_column_text el_class=&#8221;title_lineas&#8221;]<\/p>\n<h4><span style=\"color: #e20026;\">Datos t\u00e9cnicos<\/span><\/h4>\n<p>[\/vc_column_text][vc_column_text el_class=&#8221;icon_list&#8221;]<\/p>\n<ul>\n<li>Gran flexibilidad<\/li>\n<li>Tama\u00f1o extremadamente reducido<\/li>\n<li>Gran sensibilidad para detectar fugas gracias cabezales de prueba fijos<\/li>\n<li>Sistema SMED para cambiar r\u00e1pida y f\u00e1cilmente todo el m\u00f3dulo de prueba<\/li>\n<li>Sistema accionado por un detector de fugas ATEQ. Certificaci\u00f3n de la calibraci\u00f3n del equipo de prueba por COFRAC-previa solicitud.<\/li>\n<li>Funciones de graficado en HMI en tiempo real para validaci\u00f3n y seguimiento de la producci\u00f3n<\/li>\n<\/ul>\n<p>[\/vc_column_text][\/vc_column_inner][\/vc_row_inner][\/vc_column][\/vc_row]<\/p>\n<\/div>","protected":false},"excerpt":{"rendered":"<p>[vc_row][vc_column][vc_column_text el_class=&#8221;title_lineas&#8221;] Productos [\/vc_column_text][vc_row_inner][vc_column_inner width=&#8221;1\/2&#8243;][vc_column_text el_class=&#8221;icon_list&#8221;] Bolsa de colostom\u00eda Dispositivo de sujeci\u00f3n de cat\u00e9ter Dispositivo de limpieza Escobilla dental de succi\u00f3n Escobilla dental Botella de alto vac\u00edo Viales est\u00e9riles Tubos de limpieza de sangre [\/vc_column_text][\/vc_column_inner][vc_column_inner width=&#8221;1\/2&#8243;][\/vc_column_inner][\/vc_row_inner][\/vc_column][\/vc_row][vc_row][vc_column][vc_column_text css=&#8221;.vc_custom_1462362670873{padding-bottom: 3px !important;padding-left: 15px !important;background-color: #e8e8e8 !important;}&#8221;] Dispositivo de sujeci\u00f3n de cat\u00e9ter [\/vc_column_text][vc_row_inner][vc_column_inner][vc_gallery type=&#8221;image_grid&#8221; images=&#8221;2569,2568,2672&#8243; el_class=&#8221;foto_margen&#8221;][\/vc_column_inner][\/vc_row_inner][vc_row_inner][vc_column_inner width=&#8221;1\/3&#8243;][vc_column_text el_class=&#8221;title_lineas&#8221;] Configuraci\u00f3n [&hellip;]<\/p>\n","protected":false},"author":4,"featured_media":0,"parent":8878,"menu_order":0,"comment_status":"closed","ping_status":"closed","template":"sectors.php","meta":{"_lmt_disableupdate":"","_lmt_disable":"","footnotes":""},"yst_prominent_words":[],"class_list":["post-8880","page","type-page","status-publish","hentry"],"acf":[],"_links":{"self":[{"href":"https:\/\/www.mondragon-assembly.com\/es-mx\/wp-json\/wp\/v2\/pages\/8880","targetHints":{"allow":["GET"]}}],"collection":[{"href":"https:\/\/www.mondragon-assembly.com\/es-mx\/wp-json\/wp\/v2\/pages"}],"about":[{"href":"https:\/\/www.mondragon-assembly.com\/es-mx\/wp-json\/wp\/v2\/types\/page"}],"author":[{"embeddable":true,"href":"https:\/\/www.mondragon-assembly.com\/es-mx\/wp-json\/wp\/v2\/users\/4"}],"replies":[{"embeddable":true,"href":"https:\/\/www.mondragon-assembly.com\/es-mx\/wp-json\/wp\/v2\/comments?post=8880"}],"version-history":[{"count":1,"href":"https:\/\/www.mondragon-assembly.com\/es-mx\/wp-json\/wp\/v2\/pages\/8880\/revisions"}],"predecessor-version":[{"id":8881,"href":"https:\/\/www.mondragon-assembly.com\/es-mx\/wp-json\/wp\/v2\/pages\/8880\/revisions\/8881"}],"up":[{"embeddable":true,"href":"https:\/\/www.mondragon-assembly.com\/es-mx\/wp-json\/wp\/v2\/pages\/8878"}],"wp:attachment":[{"href":"https:\/\/www.mondragon-assembly.com\/es-mx\/wp-json\/wp\/v2\/media?parent=8880"}],"wp:term":[{"taxonomy":"yst_prominent_words","embeddable":true,"href":"https:\/\/www.mondragon-assembly.com\/es-mx\/wp-json\/wp\/v2\/yst_prominent_words?post=8880"}],"curies":[{"name":"wp","href":"https:\/\/api.w.org\/{rel}","templated":true}]}}