{"id":8884,"date":"2016-04-20T10:49:53","date_gmt":"2016-04-20T08:49:53","guid":{"rendered":"https:\/\/www.mondragon-assembly.com\/es-mx\/?page_id=8884"},"modified":"2016-05-30T10:05:22","modified_gmt":"2016-05-30T10:05:22","slug":"servicio-al-cliente","status":"publish","type":"page","link":"https:\/\/www.mondragon-assembly.com\/es-mx\/equipo-medico\/productosservicios\/servicio-al-cliente\/","title":{"rendered":"Servicio al Cliente"},"content":{"rendered":"<div class=\"wpb-content-wrapper\"><p>[vc_row][vc_column][vc_gallery type=&#8221;flexslider_slide&#8221; interval=&#8221;3&#8243; images=&#8221;10696,10705&#8243; img_size=&#8221;full&#8221;][\/vc_column][\/vc_row][vc_row][vc_column][vc_column_text]Mondragon Assembly dispone de una amplia red de colaboradores a nivel mundial proporcionando un servicio r\u00e1pido y eficaz. En los \u00faltimos a\u00f1os hemos ampliado considerablemente el equipo de asistencia t\u00e9cnica ofreciendo as\u00ed el mejor servicio a nuestros clientes, reduciendo el tiempo de inactividad y garantizando en todo momento la seguridad y la operatividad de nuestros equipos y l\u00edneas.[\/vc_column_text][vc_column_text el_class=&#8221;icon_list&#8221;]<\/p>\n<ul>\n<li>M\u00e1s de 50 t\u00e9cnicos en el mundo<\/li>\n<li>Nuestros servicios de Asistencia t\u00e9cnica incluyen, entre otros:<\/li>\n<li>Telediagn\u00f3stico. Conexi\u00f3n remota por internet y diagn\u00f3stico y soluci\u00f3n a la mayor parte de incidencias.<\/li>\n<li>Programas de mantenimiento preventivo. Visita de personal cualificado para ajustes de maquinaria y consejos.<\/li>\n<li>Suministro de repuestos mec\u00e1nicos, el\u00e9ctrico y varios. Suministro de consumibles y de materias primas en caso de necesidad.<\/li>\n<li>Mantenimiento de urgencia.<\/li>\n<li>Servicios de verificaci\u00f3n del estado de las instalaciones.<\/li>\n<li>Soporte y asistencia durante el arranque de las l\u00edneas.<\/li>\n<li>Inspecciones de seguridad y an\u00e1lisis de riesgos.<\/li>\n<li>Modernizaci\u00f3n de instalaciones para revitalizar y lograr incrementar la productividad de m\u00e1quinas antiguas.<\/li>\n<li>Reingenier\u00eda de l\u00edneas existentes para mejorar su rendimiento.<\/li>\n<li>Simplificaci\u00f3n del uso y mantenimiento de equipos antiguos, mediante el a\u00f1adido de nuevos controles.<\/li>\n<li>Optimizaci\u00f3n de equipos y procesos.<\/li>\n<li>Certificaci\u00f3n CE de m\u00e1quinas antiguas mediante su modernizaci\u00f3n y adecuaci\u00f3n a la norma.<\/li>\n<li>Programas de training.<\/li>\n<\/ul>\n<p>[\/vc_column_text][\/vc_column][\/vc_row]<\/p>\n<\/div>","protected":false},"excerpt":{"rendered":"<p>[vc_row][vc_column][vc_gallery type=&#8221;flexslider_slide&#8221; interval=&#8221;3&#8243; images=&#8221;10696,10705&#8243; img_size=&#8221;full&#8221;][\/vc_column][\/vc_row][vc_row][vc_column][vc_column_text]Mondragon Assembly dispone de una amplia red de colaboradores a nivel mundial proporcionando un servicio r\u00e1pido y eficaz. En los \u00faltimos a\u00f1os hemos ampliado considerablemente el equipo de asistencia t\u00e9cnica ofreciendo as\u00ed el mejor servicio a nuestros clientes, reduciendo el tiempo de inactividad y garantizando en todo momento la seguridad y [&hellip;]<\/p>\n","protected":false},"author":4,"featured_media":0,"parent":8882,"menu_order":0,"comment_status":"closed","ping_status":"closed","template":"sectors.php","meta":{"_lmt_disableupdate":"","_lmt_disable":"","footnotes":""},"yst_prominent_words":[],"class_list":["post-8884","page","type-page","status-publish","hentry"],"acf":[],"_links":{"self":[{"href":"https:\/\/www.mondragon-assembly.com\/es-mx\/wp-json\/wp\/v2\/pages\/8884","targetHints":{"allow":["GET"]}}],"collection":[{"href":"https:\/\/www.mondragon-assembly.com\/es-mx\/wp-json\/wp\/v2\/pages"}],"about":[{"href":"https:\/\/www.mondragon-assembly.com\/es-mx\/wp-json\/wp\/v2\/types\/page"}],"author":[{"embeddable":true,"href":"https:\/\/www.mondragon-assembly.com\/es-mx\/wp-json\/wp\/v2\/users\/4"}],"replies":[{"embeddable":true,"href":"https:\/\/www.mondragon-assembly.com\/es-mx\/wp-json\/wp\/v2\/comments?post=8884"}],"version-history":[{"count":4,"href":"https:\/\/www.mondragon-assembly.com\/es-mx\/wp-json\/wp\/v2\/pages\/8884\/revisions"}],"predecessor-version":[{"id":11660,"href":"https:\/\/www.mondragon-assembly.com\/es-mx\/wp-json\/wp\/v2\/pages\/8884\/revisions\/11660"}],"up":[{"embeddable":true,"href":"https:\/\/www.mondragon-assembly.com\/es-mx\/wp-json\/wp\/v2\/pages\/8882"}],"wp:attachment":[{"href":"https:\/\/www.mondragon-assembly.com\/es-mx\/wp-json\/wp\/v2\/media?parent=8884"}],"wp:term":[{"taxonomy":"yst_prominent_words","embeddable":true,"href":"https:\/\/www.mondragon-assembly.com\/es-mx\/wp-json\/wp\/v2\/yst_prominent_words?post=8884"}],"curies":[{"name":"wp","href":"https:\/\/api.w.org\/{rel}","templated":true}]}}