{"id":8886,"date":"2016-04-20T10:48:37","date_gmt":"2016-04-20T08:48:37","guid":{"rendered":"https:\/\/www.mondragon-assembly.com\/es-mx\/?page_id=8886"},"modified":"2016-06-22T11:49:44","modified_gmt":"2016-06-22T09:49:44","slug":"soluciones-de-automatizacion","status":"publish","type":"page","link":"https:\/\/www.mondragon-assembly.com\/es-mx\/equipo-medico\/productosservicios\/soluciones-de-automatizacion\/","title":{"rendered":"Soluciones de Automatizaci\u00f3n"},"content":{"rendered":"<div class=\"wpb-content-wrapper\"><p>[vc_row][vc_column][vc_column_text css=&#8221;.vc_custom_1462190230883{padding-bottom: 3px !important;padding-left: 15px !important;background-color: #e8e8e8 !important;}&#8221;]<\/p>\n<h3><span style=\"color: #e20026; line-height: 35px;\">L\u00ednea de ensamble autom\u00e1tica<\/span><\/h3>\n<p>[\/vc_column_text][\/vc_column][\/vc_row][vc_row][vc_column width=&#8221;1\/2&#8243;][vc_column_text]L\u00edneas de ensamble autom\u00e1ticas llave en mano para el ensamble y control de una gran variedad de productos. Nuestras soluciones van desde la alimentaci\u00f3n de piezas individuales hasta el empaque de productos terminados, junto con todos los controles de calidad requeridos. La producci\u00f3n puede ser monitoreada de manera continua y los datos guardados en sistemas MES (sistemas de control de la producci\u00f3n).<\/p>\n<p>Mondragon Assembly garantiza la mejor soluci\u00f3n en coste, eficiencia y servicio al cliente.[\/vc_column_text][\/vc_column][vc_column width=&#8221;1\/2&#8243;][vc_gallery type=&#8221;image_grid&#8221; images=&#8221;5709,12541&#8243; el_class=&#8221;foto_margen&#8221;][\/vc_column][\/vc_row][vc_row][vc_column][vc_column_text css=&#8221;.vc_custom_1462190258772{padding-bottom: 3px !important;padding-left: 15px !important;background-color: #e8e8e8 !important;}&#8221;]<\/p>\n<h3><span style=\"color: #e20026; line-height: 35px;\">M\u00f3dulos lineales<\/span><\/h3>\n<p>[\/vc_column_text][\/vc_column][\/vc_row][vc_row][vc_column][vc_gallery type=&#8221;image_grid&#8221; images=&#8221;8177,8141,8150,8159,8168&#8243; img_size=&#8221;&#8221;][vc_column_text]M\u00f3dulos lineales totalmente autom\u00e1ticos, con la transfer r\u00e1pida de Mondragon integrada. Nuestros m\u00f3dulos lineales incluyen las tecnolog\u00edas m\u00e1s avanzadas en alimentaci\u00f3n, manipulaci\u00f3n, producci\u00f3n y control.<\/p>\n<p>Mondragon Assembly garantiza la mejor soluci\u00f3n en coste, eficiencia y servicio al cliente.[\/vc_column_text][\/vc_column][\/vc_row][vc_row][vc_column][vc_column_text css=&#8221;.vc_custom_1462190272451{padding-bottom: 3px !important;padding-left: 15px !important;background-color: #e8e8e8 !important;}&#8221;]<\/p>\n<h3><span style=\"color: #e20026; line-height: 35px;\">M\u00f3dulos\u00a0rotativos<\/span><\/h3>\n<p>[\/vc_column_text][\/vc_column][\/vc_row][vc_row][vc_column][vc_gallery type=&#8221;image_grid&#8221; images=&#8221;8214,8187,8196,8205&#8243;][vc_column_text]M\u00f3dulos lineales totalmente autom\u00e1ticos, con la transfer r\u00e1pida de Mondragon integrada. Nuestros m\u00f3dulos lineales incluyen las tecnolog\u00edas m\u00e1s avanzadas en alimentaci\u00f3n, manipulaci\u00f3n, producci\u00f3n y control.<\/p>\n<p>Mondragon Assembly garantiza la mejor soluci\u00f3n en coste, eficiencia y servicio al cliente.[\/vc_column_text][\/vc_column][\/vc_row][vc_row][vc_column][vc_column_text css=&#8221;.vc_custom_1462190291715{padding-bottom: 3px !important;padding-left: 15px !important;background-color: #e8e8e8 !important;}&#8221;]<\/p>\n<h3><span style=\"color: #e20026; line-height: 35px;\">Celdas rob\u00f3ticas<\/span><\/h3>\n<p>[\/vc_column_text][\/vc_column][\/vc_row][vc_row][vc_column][vc_gallery type=&#8221;image_grid&#8221; images=&#8221;2214,2215,2216,2217,2218&#8243; img_size=&#8221;&#8221; el_class=&#8221;foto_margen&#8221;][vc_column_text]M\u00f3dulos rotativos totalmente autom\u00e1ticos, con platos indexados o continuos. Nuestros m\u00f3dulos rotativos incluyen las tecnolog\u00edas m\u00e1s avanzadas en alimentaci\u00f3n, manipulaci\u00f3n, producci\u00f3n y control.<\/p>\n<p>Mondragon Assembly garantiza la mejor soluci\u00f3n en coste, eficiencia y servicio al cliente.[\/vc_column_text][\/vc_column][\/vc_row][vc_row][vc_column][vc_column_text css=&#8221;.vc_custom_1462190308683{padding-bottom: 3px !important;padding-left: 15px !important;background-color: #e8e8e8 !important;}&#8221;]<\/p>\n<h3><span style=\"color: #e20026; line-height: 35px;\">Sistemas de producci\u00f3n Lean<\/span><\/h3>\n<p>[\/vc_column_text][\/vc_column][\/vc_row][vc_row][vc_column][vc_gallery type=&#8221;image_grid&#8221; images=&#8221;2219,2220,2221,2222,2223&#8243; img_size=&#8221;&#8221; el_class=&#8221;foto_margen&#8221;][vc_column_text]L\u00edneas de ensamble con estaciones de trabajo semiautom\u00e1ticas para fabricaci\u00f3n de piezas en serie.<\/p>\n<p>Mondragon Assembly garantiza la mejor soluci\u00f3n en coste, eficiencia y servicio al cliente.[\/vc_column_text][\/vc_column][\/vc_row]<\/p>\n<\/div>","protected":false},"excerpt":{"rendered":"<p>[vc_row][vc_column][vc_column_text css=&#8221;.vc_custom_1462190230883{padding-bottom: 3px !important;padding-left: 15px !important;background-color: #e8e8e8 !important;}&#8221;] L\u00ednea de ensamble autom\u00e1tica [\/vc_column_text][\/vc_column][\/vc_row][vc_row][vc_column width=&#8221;1\/2&#8243;][vc_column_text]L\u00edneas de ensamble autom\u00e1ticas llave en mano para el ensamble y control de una gran variedad de productos. Nuestras soluciones van desde la alimentaci\u00f3n de piezas individuales hasta el empaque de productos terminados, junto con todos los controles de calidad requeridos. La [&hellip;]<\/p>\n","protected":false},"author":4,"featured_media":0,"parent":8882,"menu_order":0,"comment_status":"closed","ping_status":"closed","template":"sectors.php","meta":{"_lmt_disableupdate":"","_lmt_disable":"","footnotes":""},"yst_prominent_words":[],"class_list":["post-8886","page","type-page","status-publish","hentry"],"acf":[],"_links":{"self":[{"href":"https:\/\/www.mondragon-assembly.com\/es-mx\/wp-json\/wp\/v2\/pages\/8886","targetHints":{"allow":["GET"]}}],"collection":[{"href":"https:\/\/www.mondragon-assembly.com\/es-mx\/wp-json\/wp\/v2\/pages"}],"about":[{"href":"https:\/\/www.mondragon-assembly.com\/es-mx\/wp-json\/wp\/v2\/types\/page"}],"author":[{"embeddable":true,"href":"https:\/\/www.mondragon-assembly.com\/es-mx\/wp-json\/wp\/v2\/users\/4"}],"replies":[{"embeddable":true,"href":"https:\/\/www.mondragon-assembly.com\/es-mx\/wp-json\/wp\/v2\/comments?post=8886"}],"version-history":[{"count":2,"href":"https:\/\/www.mondragon-assembly.com\/es-mx\/wp-json\/wp\/v2\/pages\/8886\/revisions"}],"predecessor-version":[{"id":12582,"href":"https:\/\/www.mondragon-assembly.com\/es-mx\/wp-json\/wp\/v2\/pages\/8886\/revisions\/12582"}],"up":[{"embeddable":true,"href":"https:\/\/www.mondragon-assembly.com\/es-mx\/wp-json\/wp\/v2\/pages\/8882"}],"wp:attachment":[{"href":"https:\/\/www.mondragon-assembly.com\/es-mx\/wp-json\/wp\/v2\/media?parent=8886"}],"wp:term":[{"taxonomy":"yst_prominent_words","embeddable":true,"href":"https:\/\/www.mondragon-assembly.com\/es-mx\/wp-json\/wp\/v2\/yst_prominent_words?post=8886"}],"curies":[{"name":"wp","href":"https:\/\/api.w.org\/{rel}","templated":true}]}}