{"id":8953,"date":"2016-04-15T09:08:16","date_gmt":"2016-04-15T07:08:16","guid":{"rendered":"https:\/\/www.mondragon-assembly.com\/es-mx\/?page_id=8953"},"modified":"2016-05-22T10:34:13","modified_gmt":"2016-05-22T10:34:13","slug":"inspeccion-hi-pot","status":"publish","type":"page","link":"https:\/\/www.mondragon-assembly.com\/es-mx\/solar-automation-solutions\/individual-equipment-2\/inspeccion-hi-pot\/","title":{"rendered":"Inspecci\u00f3n  Hi-Pot"},"content":{"rendered":"<div class=\"wpb-content-wrapper\"><p>[vc_row][vc_column width=&#8221;1\/2&#8243;][vc_column_text]Este equipo realiza los test de aislamiento el\u00e9ctrico del panel.<br \/>\nCumplimos con la norma internacional IEC-61215 para la Calificaci\u00f3n de dise\u00f1o y homologaci\u00f3n.[\/vc_column_text][vc_column_text el_class=&#8221;icon_list&#8221;]Realiza los siguientes tipos de test:<\/p>\n<ul>\n<li>Resistencia de Diel\u00e9ctrica<\/li>\n<li>Pruebas de continuidad y de eficacia<\/li>\n<li>Resistencia de aislamiento<\/li>\n<\/ul>\n<p>[\/vc_column_text][\/vc_column][vc_column width=&#8221;1\/2&#8243;][vc_gallery type=&#8221;flexslider_slide&#8221; interval=&#8221;3&#8243; images=&#8221;2719,2739&#8243; img_size=&#8221;640&#215;480&#8243;][\/vc_column][vc_column][\/vc_column][\/vc_row]<\/p>\n<\/div>","protected":false},"excerpt":{"rendered":"<p>[vc_row][vc_column width=&#8221;1\/2&#8243;][vc_column_text]Este equipo realiza los test de aislamiento el\u00e9ctrico del panel. Cumplimos con la norma internacional IEC-61215 para la Calificaci\u00f3n de dise\u00f1o y homologaci\u00f3n.[\/vc_column_text][vc_column_text el_class=&#8221;icon_list&#8221;]Realiza los siguientes tipos de test: Resistencia de Diel\u00e9ctrica Pruebas de continuidad y de eficacia Resistencia de aislamiento [\/vc_column_text][\/vc_column][vc_column width=&#8221;1\/2&#8243;][vc_gallery type=&#8221;flexslider_slide&#8221; interval=&#8221;3&#8243; images=&#8221;2719,2739&#8243; img_size=&#8221;640&#215;480&#8243;][\/vc_column][vc_column][\/vc_column][\/vc_row]<\/p>\n","protected":false},"author":4,"featured_media":0,"parent":29933,"menu_order":0,"comment_status":"closed","ping_status":"closed","template":"sectors.php","meta":{"_lmt_disableupdate":"","_lmt_disable":"","footnotes":""},"yst_prominent_words":[],"class_list":["post-8953","page","type-page","status-publish","hentry"],"acf":[],"_links":{"self":[{"href":"https:\/\/www.mondragon-assembly.com\/es-mx\/wp-json\/wp\/v2\/pages\/8953","targetHints":{"allow":["GET"]}}],"collection":[{"href":"https:\/\/www.mondragon-assembly.com\/es-mx\/wp-json\/wp\/v2\/pages"}],"about":[{"href":"https:\/\/www.mondragon-assembly.com\/es-mx\/wp-json\/wp\/v2\/types\/page"}],"author":[{"embeddable":true,"href":"https:\/\/www.mondragon-assembly.com\/es-mx\/wp-json\/wp\/v2\/users\/4"}],"replies":[{"embeddable":true,"href":"https:\/\/www.mondragon-assembly.com\/es-mx\/wp-json\/wp\/v2\/comments?post=8953"}],"version-history":[{"count":1,"href":"https:\/\/www.mondragon-assembly.com\/es-mx\/wp-json\/wp\/v2\/pages\/8953\/revisions"}],"predecessor-version":[{"id":8954,"href":"https:\/\/www.mondragon-assembly.com\/es-mx\/wp-json\/wp\/v2\/pages\/8953\/revisions\/8954"}],"up":[{"embeddable":true,"href":"https:\/\/www.mondragon-assembly.com\/es-mx\/wp-json\/wp\/v2\/pages\/29933"}],"wp:attachment":[{"href":"https:\/\/www.mondragon-assembly.com\/es-mx\/wp-json\/wp\/v2\/media?parent=8953"}],"wp:term":[{"taxonomy":"yst_prominent_words","embeddable":true,"href":"https:\/\/www.mondragon-assembly.com\/es-mx\/wp-json\/wp\/v2\/yst_prominent_words?post=8953"}],"curies":[{"name":"wp","href":"https:\/\/api.w.org\/{rel}","templated":true}]}}