{"id":8958,"date":"2016-04-15T09:07:21","date_gmt":"2016-04-15T07:07:21","guid":{"rendered":"https:\/\/www.mondragon-assembly.com\/es-mx\/?page_id=8958"},"modified":"2016-05-22T10:36:57","modified_gmt":"2016-05-22T10:36:57","slug":"inspeccion-ir","status":"publish","type":"page","link":"https:\/\/www.mondragon-assembly.com\/es-mx\/solar-automation-solutions\/individual-equipment-2\/inspeccion-ir\/","title":{"rendered":"Inspecci\u00f3n IR"},"content":{"rendered":"<div class=\"wpb-content-wrapper\"><p>[vc_row][vc_column width=&#8221;1\/2&#8243;][vc_column_text]Adquiere una imagen termogr\u00e1fica del panel, para localizar los puntos calientes y las \u00e1reas oscuras. Muestra cualquier fallo el\u00e9ctrico en los m\u00f3dulos fotovoltaicos.<\/p>\n<h4><\/h4>\n<p>[\/vc_column_text][vc_column_text el_class=&#8221;title_lineas&#8221;]<\/p>\n<h4><span style=\"color: #e20026;\">Caracter\u00edsticas<\/span><\/h4>\n<p>[\/vc_column_text][vc_column_text el_class=&#8221;icon_list&#8221;]<\/p>\n<ul>\n<li>C\u00e1mara oscura con estructura de marco de aluminio<\/li>\n<li>Entrada y salida autom\u00e1tica de panales solares<\/li>\n<li>Banda transportadora<\/li>\n<li>C\u00e1mara IR<\/li>\n<li>Pantalla<\/li>\n<li>Conexi\u00f3n manual de los conectores del m\u00f3dulo<\/li>\n<li>Inspecci\u00f3n visual de los paneles<\/li>\n<li>Manipulaci\u00f3n neumatica para coger el panel del conveyor y mostrarlo al operador<\/li>\n<\/ul>\n<p>[\/vc_column_text][\/vc_column][vc_column width=&#8221;1\/2&#8243;][vc_gallery type=&#8221;flexslider_slide&#8221; interval=&#8221;3&#8243; images=&#8221;2744&#8243; img_size=&#8221;640&#215;480&#8243;][\/vc_column][vc_column][\/vc_column][\/vc_row]<\/p>\n<\/div>","protected":false},"excerpt":{"rendered":"<p>[vc_row][vc_column width=&#8221;1\/2&#8243;][vc_column_text]Adquiere una imagen termogr\u00e1fica del panel, para localizar los puntos calientes y las \u00e1reas oscuras. Muestra cualquier fallo el\u00e9ctrico en los m\u00f3dulos fotovoltaicos. [\/vc_column_text][vc_column_text el_class=&#8221;title_lineas&#8221;] Caracter\u00edsticas [\/vc_column_text][vc_column_text el_class=&#8221;icon_list&#8221;] C\u00e1mara oscura con estructura de marco de aluminio Entrada y salida autom\u00e1tica de panales solares Banda transportadora C\u00e1mara IR Pantalla Conexi\u00f3n manual de los conectores del [&hellip;]<\/p>\n","protected":false},"author":4,"featured_media":0,"parent":29933,"menu_order":0,"comment_status":"closed","ping_status":"closed","template":"sectors.php","meta":{"_lmt_disableupdate":"","_lmt_disable":"","footnotes":""},"yst_prominent_words":[],"class_list":["post-8958","page","type-page","status-publish","hentry"],"acf":[],"_links":{"self":[{"href":"https:\/\/www.mondragon-assembly.com\/es-mx\/wp-json\/wp\/v2\/pages\/8958","targetHints":{"allow":["GET"]}}],"collection":[{"href":"https:\/\/www.mondragon-assembly.com\/es-mx\/wp-json\/wp\/v2\/pages"}],"about":[{"href":"https:\/\/www.mondragon-assembly.com\/es-mx\/wp-json\/wp\/v2\/types\/page"}],"author":[{"embeddable":true,"href":"https:\/\/www.mondragon-assembly.com\/es-mx\/wp-json\/wp\/v2\/users\/4"}],"replies":[{"embeddable":true,"href":"https:\/\/www.mondragon-assembly.com\/es-mx\/wp-json\/wp\/v2\/comments?post=8958"}],"version-history":[{"count":1,"href":"https:\/\/www.mondragon-assembly.com\/es-mx\/wp-json\/wp\/v2\/pages\/8958\/revisions"}],"predecessor-version":[{"id":8969,"href":"https:\/\/www.mondragon-assembly.com\/es-mx\/wp-json\/wp\/v2\/pages\/8958\/revisions\/8969"}],"up":[{"embeddable":true,"href":"https:\/\/www.mondragon-assembly.com\/es-mx\/wp-json\/wp\/v2\/pages\/29933"}],"wp:attachment":[{"href":"https:\/\/www.mondragon-assembly.com\/es-mx\/wp-json\/wp\/v2\/media?parent=8958"}],"wp:term":[{"taxonomy":"yst_prominent_words","embeddable":true,"href":"https:\/\/www.mondragon-assembly.com\/es-mx\/wp-json\/wp\/v2\/yst_prominent_words?post=8958"}],"curies":[{"name":"wp","href":"https:\/\/api.w.org\/{rel}","templated":true}]}}