{"id":11186,"date":"2016-05-26T08:26:37","date_gmt":"2016-05-26T06:26:37","guid":{"rendered":"https:\/\/www.mondragon-assembly.com\/es\/?page_id=11186"},"modified":"2018-10-19T12:11:50","modified_gmt":"2018-10-19T10:11:50","slug":"aviso-legal","status":"publish","type":"page","link":"https:\/\/www.mondragon-assembly.com\/es\/aviso-legal\/","title":{"rendered":"Aviso Legal"},"content":{"rendered":"<div class=\"wpb-content-wrapper\"><p>[vc_row][vc_column][vc_separator][vc_column_text]<\/p>\n<h4><strong>CONDICIONES GENERALES DE ACCESO Y USO DEL SITIO WEB MONDRAGON-ASSEMBLY.COM<\/strong><\/h4>\n<h5><span style=\"color: #e20026;\">1.- INTRODUCCI\u00d3N<\/span><\/h5>\n<p>El presente documento establece las Condiciones Generales de Uso de esta WEB que MONDRAGON ASSEMBLY, S.COOP. presta en Internet.<\/p>\n<p>El acceso a esta WEB se encuentra condicionado a la previa lectura y aceptaci\u00f3n por parte de cualquier usuario de los t\u00e9rminos, condiciones, comunicaciones, advertencias y dem\u00e1s avisos legales contenidos en el presente clausulado.<\/p>\n<p>El acceso a esta WEB tiene car\u00e1cter gratuito y su visualizaci\u00f3n no requiere previa suscripci\u00f3n o registro alguno.<\/p>\n<p>Las conexiones con otros sitios WEB que pudieran existir as\u00ed como el uso que el usuario pueda hacer de las mismas est\u00e1 sujeto a las presentes Condiciones Generales de uso as\u00ed como a los eventuales condicionados espec\u00edficos que los citados sitios WEB requieran. Cualquier utilizaci\u00f3n distinta a la autorizada est\u00e1 expresamente prohibida.<\/p>\n<h5><span style=\"color: #e20026;\">2.- DERECHOS Y OBLIGACIONES DEL PRESTADOR DE LOS SERVICIOS<\/span><\/h5>\n<p>1.- Como proveedor del servicio, MONDRAGON ASSEMBLY, S.COOP., se encuentra obligada a prestar los servicios ofertados por la presente WEB, a garantizar eficazmente el secreto de las comunicaciones que pudieran existir con el usuario as\u00ed como a responder a las reclamaciones que eventualmente pudieran plantearse.<\/p>\n<p>Esta p\u00e1gina WEB no recoge ni almacena datos personales de sus visitantes, a menos que el usuario voluntariamente los facilite.<\/p>\n<p>2.- MONDRAGON ASSEMBLY, S.COOP., se reserva la facultad de efectuar, en cualquier momento y sin necesidad de previo aviso, modificaciones y actualizaciones sobre la informaci\u00f3n contenida en la WEB o en su configuraci\u00f3n o presentaci\u00f3n, sin perjuicio de lo cual procurar\u00e1 ponerlo en conocimiento de los usuarios, siempre que las circunstancias as\u00ed se lo permitan.<\/p>\n<p>3.- Tanto el acceso a la WEB, como el uso que pueda hacerse de la informaci\u00f3n contenida en la misma son de la exclusiva responsabilidad de qui\u00e9n lo realiza. MONDRAGON ASSEMBLY, S.COOP., no responder\u00e1 de ninguna consecuencia, da\u00f1o o perjuicio que pudieran derivarse de dicho acceso o uso de informaci\u00f3n, con excepci\u00f3n de todas aquellas actuaciones que resulten de la aplicaci\u00f3n de las disposiciones legales a las que deba someterse en el estricto ejercicio de sus competencias.<\/p>\n<p>MONDRAGON ASSEMBLY, S.COOP. no garantiza, directa o indirectamente, la informaci\u00f3n o los servicios ofrecidos, salvo aquellas garant\u00edas que en virtud de las leyes aplicables deban ser otorgadas o que queden expl\u00edcitamente descritas en un acuerdo entre esta sociedad y el usuario.<\/p>\n<p>MONDRAGON ASSEMBLY, S.COOP. no garantiza el contenido suministrado, en su caso, por terceras personas, ni garantiza la veracidad, fiabilidad, precisi\u00f3n, oportunidad o conveniencia de la informaci\u00f3n suministrada para el destino que los usuarios o cualquier otra persona hagan de la misma.<\/p>\n<h5><span style=\"color: #e20026;\">3.- DERECHOS Y OBLIGACIONES DEL USUARIO<\/span><\/h5>\n<p>1.- En todo momento, el usuario debe realizar un uso l\u00edcito de los servicios de la presente WEB de acuerdo con la legalidad vigente, respetando los derechos de propiedad intelectual de MONDRAGON ASSEMBLY, S.COOP.<\/p>\n<p>2.- El usuario no realizar\u00e1 a trav\u00e9s de los servicios que pone a su disposici\u00f3n MONDRAGON ASSEMBLY, S.COOP., ninguna acci\u00f3n que cause da\u00f1o o alteraciones de los contenidos, ni obstaculizar\u00e1 el buen funcionamiento de la WEB, no causando problemas t\u00e9cnicos de ninguna \u00edndole, no transfiriendo elementos susceptibles de portar virus inform\u00e1ticos o de da\u00f1ar, interferir o interceptar total o parcialmente la presente WEB, as\u00ed como a no intervenir o alterar el correo electr\u00f3nico de otros usuarios.<\/p>\n<h5><span style=\"color: #e20026;\">4.- EXCLUSI\u00d3N DE GARANT\u00cdAS Y DE RESPONSABILIDAD POR EL FUNCIONAMIENTO DEL SITIO WEB Y DE SUS SERVICIOS<\/span><\/h5>\n<p>1.- MONDRAGON ASSEMBLY, S.COOP. no garantiza la disponibilidad y continuidad del funcionamiento del presente sitio WEB y de sus servicios.<\/p>\n<p>De esta forma, se excluye cualquier responsabilidad por los da\u00f1os y perjuicios de cualquier naturaleza que puedan derivarse de la falta de disponibilidad o de continuidad del funcionamiento del sitio WEB y de sus servicios.<\/p>\n<p>En cualquier caso, MONDRAGON ASSEMBLY, S.COOP. realizar\u00e1 sus mejores esfuerzos de cara a mantener la disponibilidad continuada de la presente WEB.<\/p>\n<p>2.- MONDRAGON ASSEMBLY, S.COOP., pone a disposici\u00f3n de los usuarios los sistemas de privacidad de datos personales que impiden el acceso a los mismos por parte de terceros. (Pol\u00edtica de privacidad de MONDRAGON ASSEMBLY, S.COOP.) MONDRAGON ASSEMBLY, S.COOP. ha implantado todas las medidas de seguridad t\u00e9cnicas y organizativas necesarias que garanticen la integridad, confidencialidad y disponibilidad de los datos personales facilitados por el usuario.<\/p>\n<p>En este sentido, la citada sociedad se exime de toda responsabilidad por los da\u00f1os y perjuicios ocasionados en caso de producirse tal conocimiento.<\/p>\n<p>3.- Pese a que MONDRAGON ASSEMBLY, S.COOP. ha implantado todas aquellas medidas adecuadas para garantizar la seguridad en esta materia, no controla ni garantiza la ausencia de virus ni de otros elementos en los contenidos de la presente p\u00e1gina WEB que puedan producir alteraciones en el sistema inform\u00e1tico (software y hardware) del usuario o en los documentos electr\u00f3nicos y ficheros almacenados en su sistema inform\u00e1tico.<\/p>\n<p>MONDRAGON ASSEMBLY, S.COOP. se exime de cualquier responsabilidad por los da\u00f1os y perjuicios de toda naturaleza que puedan deberse a la presencia de virus en los contenidos que puedan producir alteraciones en el sistema inform\u00e1tico, documentos electr\u00f3nicos, ficheros etc.<\/p>\n<p>4.- MONDRAGON ASSEMBLY, S.COOP., no garantiza la inexistencia de errores en el acceso a la WEB ni en su contenido, Por ello, el usuario, exonera a MONDRAGON ASSEMBLY, S.COOP., de cualquier responsabilidad en relaci\u00f3n con la fiabilidad, utilidad o falsa expectativa que el Portal pudiera producirle durante su navegaci\u00f3n por el mismo.<\/p>\n<h5><span style=\"color: #e20026;\">5.- PROPIEDAD INTELECTUAL<\/span><\/h5>\n<p>Los derechos de propiedad intelectual sobre la presente WEB y de los distintos elementos en ella contenidos, son titularidad de MONDRAGON ASSEMBLY, S.COOP., salvo aqu\u00e9llos de empresas con las que haya firmado el correspondiente contrato para la provisi\u00f3n de contenidos y est\u00e1n protegidos por las normas nacionales e internacionales de propiedad intelectual e industrial. . El ejercicio exclusivo de los derechos de reproducci\u00f3n, distribuci\u00f3n, comunicaci\u00f3n p\u00fablica y transformaci\u00f3n pertenecen a la citada compa\u00f1\u00eda.<\/p>\n<p>El dise\u00f1o, im\u00e1genes, mapas, gr\u00e1ficos, marcas, r\u00f3tulos, signos distintivos o logos de MONDRAGON ASSEMBLY, S.COOP., frames, banners, el software y sus distintos c\u00f3digos, fuente y objeto, etc. de esta WEB son titularidad de MONDRAGON ASSEMBLY, S.COOP., que posee leg\u00edtimamente en exclusiva los derechos de explotaci\u00f3n sobre los mismos.<\/p>\n<p>El usuario que acceda a esta WEB no puede copiar, modificar, distribuir, transmitir, reproducir, publicar, ceder, vender los elementos anteriormente mencionados o crear nuevos productos o servicios derivados de la informaci\u00f3n obtenida.<\/p>\n<p>\u00danicamente queda autorizada la visualizaci\u00f3n y carga para el uso personal y no comercial del usuario, sin que pueda hacerlo extensivo a terceras personas o entidades.<\/p>\n<p>Queda terminantemente prohibida la alteraci\u00f3n de esta WEB por parte del usuario y que pueda afectar a su contenido, tales como v\u00ednculos (o links) y similares.<\/p>\n<p>MONDRAGON ASSEMBLY, S.COOP. velar\u00e1 para que los contenidos de esta WEB no tengan car\u00e1cter pornogr\u00e1fico, xen\u00f3fobo, discriminatorio, racista, difamatorio, ni que fomenten la violencia. Del mismo modo procurar\u00e1 evitar cualquier circunstancia que pueda ser perjudicial para los usuarios.<\/p>\n<h5><span style=\"color: #e20026;\">6.- V\u00cdNCULOS O ENLACES<\/span><\/h5>\n<p>No se podr\u00e1 establecer ning\u00fan v\u00ednculo al Portal desde cualquier otra WEB sin el previo y expreso consentimiento de MONDRAGON ASSEMBLY, S.COOP.<\/p>\n<p>En el supuesto de que la presente p\u00e1gina WEB pudiera contener v\u00ednculos o enlaces con otros portales o sitios WEB no gestionados por MONDRAGON ASSEMBLY, S.COOP., esta sociedad manifiesta que no ejerce control alguno sobre dichos portales o sitios WEB, ni es responsable del contenido de los mismos. Los links que esta WEB pudiera contener se ofrecer\u00e1n, \u00fanicamente, a modo de referencias informativas, sin ning\u00fan tipo de valoraci\u00f3n sobre los contenidos, propietarios, servicios o productos ofrecidos desde los mismos.<\/p>\n<p>En todo caso, MONDRAGON ASSEMBLY, S.COOP. se exonera de toda responsabilidad en relaci\u00f3n con los servicios prestados por dichos terceros frente a cualesquiera reclamaciones de cualquier naturaleza y demandas que pudieran interponerse en relaci\u00f3n con los mismos.<\/p>\n<h5><span style=\"color: #e20026;\">7.- LEY APLICABLE Y JURISDICCI\u00d3N<\/span><\/h5>\n<p>Estas Condiciones Generales de uso y navegaci\u00f3n as\u00ed como cualquier relaci\u00f3n entre el usuario y MONDRAGON ASSEMBLY, S.COOP. se regir\u00e1n por la legislaci\u00f3n espa\u00f1ola.<\/p>\n<p>Para cualquier litigio derivado de la existencia o contenido de las presentes Condiciones Generales o de las relaciones entre el usuario y MONDRAGON ASSEMBLY, S.COOP., ambas partes, con renuncia expresa a cualquier otro fuero que pudiera corresponderles, se someten a la jurisdicci\u00f3n y competencia exclusiva de los Juzgados y Tribunales de Bergara (Gipuzkoa).<\/p>\n<h5><span style=\"color: #e20026;\">8. IDENTIDAD DEL TITULAR DE LA PRESENTE WEB<\/span><\/h5>\n<p>Los datos identificativos del responsable de la presente WEB son:<\/p>\n<p>MONDRAGON S. COOP. , con NIF- F20165940 domiciliada en P\u00ba Bainatxe 5A inscrita en el Registro de cooperativa con el N\u00ba SS-621 el 10-05-1988, e inscrita en el Registro de Cooperativas de Euskadi con el n\u00famero 94\/86 folio GUI-195 asiento 195.[\/vc_column_text][\/vc_column][\/vc_row]<\/p>\n<\/div>","protected":false},"excerpt":{"rendered":"<p>[vc_row][vc_column][vc_separator][vc_column_text] CONDICIONES GENERALES DE ACCESO Y USO DEL SITIO WEB MONDRAGON-ASSEMBLY.COM 1.- INTRODUCCI\u00d3N El presente documento establece las Condiciones Generales de Uso de esta WEB que MONDRAGON ASSEMBLY, S.COOP. presta en Internet. El acceso a esta WEB se encuentra condicionado a la previa lectura y aceptaci\u00f3n por parte de cualquier usuario de los t\u00e9rminos, condiciones, [&hellip;]<\/p>\n","protected":false},"author":4,"featured_media":0,"parent":0,"menu_order":0,"comment_status":"closed","ping_status":"closed","template":"sectors.php","meta":{"_lmt_disableupdate":"","_lmt_disable":"","footnotes":""},"yst_prominent_words":[3276,3277,230,3278,741,3279,987,3280,1284,3281,3266,3267,3268,3269,3270,3271,3272,3273,3274,3275],"class_list":["post-11186","page","type-page","status-publish","hentry"],"acf":[],"_links":{"self":[{"href":"https:\/\/www.mondragon-assembly.com\/es\/wp-json\/wp\/v2\/pages\/11186","targetHints":{"allow":["GET"]}}],"collection":[{"href":"https:\/\/www.mondragon-assembly.com\/es\/wp-json\/wp\/v2\/pages"}],"about":[{"href":"https:\/\/www.mondragon-assembly.com\/es\/wp-json\/wp\/v2\/types\/page"}],"author":[{"embeddable":true,"href":"https:\/\/www.mondragon-assembly.com\/es\/wp-json\/wp\/v2\/users\/4"}],"replies":[{"embeddable":true,"href":"https:\/\/www.mondragon-assembly.com\/es\/wp-json\/wp\/v2\/comments?post=11186"}],"version-history":[{"count":5,"href":"https:\/\/www.mondragon-assembly.com\/es\/wp-json\/wp\/v2\/pages\/11186\/revisions"}],"predecessor-version":[{"id":12708,"href":"https:\/\/www.mondragon-assembly.com\/es\/wp-json\/wp\/v2\/pages\/11186\/revisions\/12708"}],"wp:attachment":[{"href":"https:\/\/www.mondragon-assembly.com\/es\/wp-json\/wp\/v2\/media?parent=11186"}],"wp:term":[{"taxonomy":"yst_prominent_words","embeddable":true,"href":"https:\/\/www.mondragon-assembly.com\/es\/wp-json\/wp\/v2\/yst_prominent_words?post=11186"}],"curies":[{"name":"wp","href":"https:\/\/api.w.org\/{rel}","templated":true}]}}