{"id":1128,"date":"2016-04-15T08:59:16","date_gmt":"2016-04-15T06:59:16","guid":{"rendered":"https:\/\/www.mondragon-assembly.com\/es\/?page_id=1128"},"modified":"2016-05-20T16:44:17","modified_gmt":"2016-05-20T16:44:17","slug":"powertrain","status":"publish","type":"page","link":"https:\/\/www.mondragon-assembly.com\/es\/automovil\/aplicaciones\/powertrain\/","title":{"rendered":"Powertrain"},"content":{"rendered":"<div class=\"wpb-content-wrapper\"><p>[vc_row][vc_column][vc_column_text el_class=\u00bbtitle_lineas\u00bb]<\/p>\n<h4><span style=\"color: #e20026;\">Productos<\/span><\/h4>\n<p>[\/vc_column_text][vc_row_inner][vc_column_inner width=\u00bb1\/2&#8243;][vc_column_text el_class=\u00bbicon_list\u00bb]<\/p>\n<ul>\n<li>EGR (recirculaci\u00f3n de gases de escape)<\/li>\n<li>Sistemas de inyecci\u00f3n\n<ul>\n<li>Inyectores de combustible<\/li>\n<li>Common rail<\/li>\n<li>Filtro de combustible<\/li>\n<li>ECU (Unidad de control electr\u00f3nica)<\/li>\n<\/ul>\n<\/li>\n<li>Sistema de encendido<\/li>\n<li>Actuadores de escape de aire\n<ul>\n<li>Por vac\u00edo<\/li>\n<li>El\u00e9ctrico<\/li>\n<\/ul>\n<\/li>\n<li>V\u00e1lvula de recirculaci\u00f3n<\/li>\n<li>Bomba de vac\u00edo<\/li>\n<li>M\u00f3dulo de aceite<\/li>\n<li>Filtro de aceite<\/li>\n<li>Filtro catal\u00edtico<\/li>\n<\/ul>\n<p>[\/vc_column_text][\/vc_column_inner][vc_column_inner width=\u00bb1\/2&#8243;][vc_column_text el_class=\u00bbicon_list\u00bb]<\/p>\n<ul>\n<li>Llantas<\/li>\n<li>M\u00f3dulos de potencia<\/li>\n<li>Sensor de columna de conducci\u00f3n<\/li>\n<li>Motores el\u00e9ctricos<\/li>\n<li>Motores de limpiaparabrisas<\/li>\n<li>Estatores<\/li>\n<li>Rodamientos:\n<ul>\n<li>De bolas de una fila<\/li>\n<li>C\u00f3nicos<\/li>\n<li>De rodillos de dos filas<\/li>\n<\/ul>\n<\/li>\n<li>ECU ((Unidad de control electr\u00f3nica)<\/li>\n<li>Tanque de combustible<\/li>\n<li>Porta manguetas<\/li>\n<li>Junta de transmisi\u00f3n<\/li>\n<li>Alternador<\/li>\n<\/ul>\n<p>[\/vc_column_text][\/vc_column_inner][\/vc_row_inner][\/vc_column][\/vc_row][vc_row][vc_column][vc_column_text css=\u00bb.vc_custom_1462261942869{padding-bottom: 3px !important;padding-left: 15px !important;background-color: #e8e8e8 !important;}\u00bb]<\/p>\n<h3><span style=\"color: #e20026; line-height: 35px;\">EGR (Recirculaci\u00f3n de gases de escape)<\/span><\/h3>\n<p>[\/vc_column_text][vc_row_inner][vc_column_inner][vc_gallery type=\u00bbimage_grid\u00bb images=\u00bb2260,2261,2262&#8243; el_class=\u00bbfoto_margen\u00bb][\/vc_column_inner][\/vc_row_inner][vc_row_inner][vc_column_inner width=\u00bb1\/3&#8243;][vc_column_text el_class=\u00bbtitle_lineas\u00bb]<\/p>\n<h4><span style=\"color: #e20026;\">Configuraci\u00f3n de la soluci\u00f3n<\/span><\/h4>\n<p>[\/vc_column_text][vc_column_text el_class=\u00bbicon_list\u00bb]<\/p>\n<ul>\n<li>2 celdas de soldadura l\u00e1ser del flap y tapa superior<\/li>\n<li>Guiado del desplazamiento del l\u00e1ser por el robot a trav\u00e9s de c\u00e1mara de visi\u00f3n<\/li>\n<li>Medici\u00f3n de la altura de la trayectoria de la soldadura mediante transductor lineal<\/li>\n<\/ul>\n<p>[\/vc_column_text][\/vc_column_inner][vc_column_inner width=\u00bb1\/3&#8243;][vc_column_text el_class=\u00bbtitle_lineas\u00bb]<\/p>\n<h4><span style=\"color: #e20026;\">Proceso<\/span><\/h4>\n<p>[\/vc_column_text][vc_column_text el_class=\u00bbicon_list\u00bb]<\/p>\n<ul>\n<li>Carga manual de producto en m\u00e1quina<\/li>\n<li>Reconstrucci\u00f3n geom\u00e9trica de la trayectoria<\/li>\n<li>Medici\u00f3n de distancia mediante transductor<\/li>\n<li>Comunicaci\u00f3n de la trayectoria al robot<\/li>\n<li>Ajuste de la trayectoria<\/li>\n<li>Soldadura l\u00e1ser precisa sobre la trayectoria<\/li>\n<\/ul>\n<p>[\/vc_column_text][\/vc_column_inner][vc_column_inner width=\u00bb1\/3&#8243;][vc_column_text el_class=\u00bbtitle_lineas\u00bb]<\/p>\n<h4><span style=\"color: #e20026;\">Datos t\u00e9cnicos<\/span><\/h4>\n<p>[\/vc_column_text][vc_column_text el_class=\u00bbicon_list\u00bb]<\/p>\n<ul>\n<li>Tiempo de ciclo: 26 s<\/li>\n<li>Robot de 6 ejes<\/li>\n<li>Soldadura l\u00e1ser continua del flap<\/li>\n<li>Soldadura l\u00e1ser por puntos de la tapa<\/li>\n<li>Grado de seguridad para l\u00e1ser<\/li>\n<li>Reconstrucci\u00f3n geom\u00e9trica mediante sistema de visi\u00f3n<\/li>\n<\/ul>\n<p>[\/vc_column_text][\/vc_column_inner][\/vc_row_inner][\/vc_column][\/vc_row][vc_row][vc_column][vc_column_text css=\u00bb.vc_custom_1462262262813{padding-bottom: 3px !important;padding-left: 15px !important;background-color: #e8e8e8 !important;}\u00bb]<\/p>\n<h3><span style=\"color: #e20026; line-height: 35px;\">Base de inyector<\/span><\/h3>\n<p>[\/vc_column_text][vc_gallery type=\u00bbimage_grid\u00bb images=\u00bb2264,2266,2265,2263&#8243; img_size=\u00bb\u00bb el_class=\u00bbfoto_margen\u00bb][vc_row_inner][vc_column_inner width=\u00bb1\/3&#8243;][vc_column_text el_class=\u00bbtitle_lineas\u00bb]<\/p>\n<h4><span style=\"color: #e20026;\">Configuraci\u00f3n de la soluci\u00f3n<\/span><\/h4>\n<p>[\/vc_column_text][vc_column_text el_class=\u00bbicon_list\u00bb]<\/p>\n<ul>\n<li>Estaciones tipo lean con operaciones semiautom\u00e1ticas<\/li>\n<li>4 estaciones de ensamble y un test de fin de l\u00ednea<\/li>\n<\/ul>\n<p>[\/vc_column_text][\/vc_column_inner][vc_column_inner width=\u00bb1\/3&#8243;][vc_column_text el_class=\u00bbtitle_lineas\u00bb]<\/p>\n<h4><span style=\"color: #e20026;\">Proceso<\/span><\/h4>\n<p>[\/vc_column_text][vc_column_text el_class=\u00bbicon_list\u00bb]<\/p>\n<ul>\n<li>Doblado y corte del alambre de la bobina motor<\/li>\n<li>Soldadura de la bobina y la escobilla<\/li>\n<li>Inserci\u00f3n final de los terminales<\/li>\n<li>Crimpado del alambre dentro del terminal<\/li>\n<li>Soldadura final y test de funcionamiento.<\/li>\n<\/ul>\n<p>[\/vc_column_text][\/vc_column_inner][vc_column_inner width=\u00bb1\/3&#8243;][vc_column_text el_class=\u00bbtitle_lineas\u00bb]<\/p>\n<h4><span style=\"color: #e20026;\">Datos t\u00e9cnicos<\/span><\/h4>\n<p>[\/vc_column_text][vc_column_text el_class=\u00bbicon_list\u00bb]<\/p>\n<ul>\n<li>Tiempo de ciclo: 25sec<\/li>\n<li>Prensado con monitores de fuerza vs distancia<\/li>\n<li>Sistema de visi\u00f3n de alta resoluci\u00f3n<\/li>\n<li>Soldadura por arco de gran precisi\u00f3n<\/li>\n<li>Test de resistencia<\/li>\n<li>Test de funcionamiento<\/li>\n<li>Base de datos<\/li>\n<\/ul>\n<p>[\/vc_column_text][\/vc_column_inner][\/vc_row_inner][\/vc_column][\/vc_row][vc_row][vc_column][vc_column_text css=\u00bb.vc_custom_1462262689902{padding-bottom: 3px !important;padding-left: 15px !important;background-color: #e8e8e8 !important;}\u00bb]<\/p>\n<h3><span style=\"color: #e20026; line-height: 35px;\">Bomba de vac\u00edo<\/span><\/h3>\n<p>[\/vc_column_text][vc_gallery type=\u00bbimage_grid\u00bb images=\u00bb2270,2269,2272,2271,2273&#8243; img_size=\u00bb\u00bb el_class=\u00bbfoto_margen\u00bb][vc_row_inner][vc_column_inner width=\u00bb1\/3&#8243;][vc_column_text el_class=\u00bbtitle_lineas\u00bb]<\/p>\n<h4><span style=\"color: #e20026;\">Configuraci\u00f3n de la soluci\u00f3n<\/span><\/h4>\n<p>[\/vc_column_text][vc_column_text el_class=\u00bbicon_list\u00bb]<\/p>\n<ul>\n<li>Estaciones tipo lean con operaciones semiautom\u00e1ticas<\/li>\n<li>3 estaciones de prensado<\/li>\n<li>1 atornillado autom\u00e1tico y test de visi\u00f3n<\/li>\n<li>1 test de caudal y una prueba de fuga<\/li>\n<\/ul>\n<p>[\/vc_column_text][\/vc_column_inner][vc_column_inner width=\u00bb1\/3&#8243;][vc_column_text el_class=\u00bbtitle_lineas\u00bb]<\/p>\n<h4><span style=\"color: #e20026;\">Proceso<\/span><\/h4>\n<p>[\/vc_column_text][vc_column_text el_class=\u00bbicon_list\u00bb]<\/p>\n<ul>\n<li>Carga y descarga manual de componentes<\/li>\n<li>Prensado autom\u00e1tico de filtros y v\u00e1lvulas en el cuerpo de aluminio<\/li>\n<li>Atornillado con carga autom\u00e1tica de tornillo mediante gantry XY.<\/li>\n<li>Prueba de fuga y de caudal<\/li>\n<li>Inspecci\u00f3n de componentes mediante sistema de visi\u00f3n<\/li>\n<\/ul>\n<p>[\/vc_column_text][\/vc_column_inner][vc_column_inner width=\u00bb1\/3&#8243;][vc_column_text el_class=\u00bbtitle_lineas\u00bb]<\/p>\n<h4><span style=\"color: #e20026;\">Datos t\u00e9cnicos<\/span><\/h4>\n<p>[\/vc_column_text][vc_column_text el_class=\u00bbicon_list\u00bb]<\/p>\n<ul>\n<li>Tiempo de ciclo: 27s<\/li>\n<li>Poka yokes en los nidos<\/li>\n<li>Detecci\u00f3n de presencia de componentes<\/li>\n<li>Medici\u00f3n del espesor de las v\u00e1lvulas<\/li>\n<li>Control de par y \u00e1ngulo<\/li>\n<li>Prueba de fuga y de caudal<\/li>\n<li>Control de fuerza vs distancia<\/li>\n<\/ul>\n<p>[\/vc_column_text][\/vc_column_inner][\/vc_row_inner][\/vc_column][\/vc_row][vc_row][vc_column][vc_column_text css=\u00bb.vc_custom_1462263149036{padding-bottom: 3px !important;padding-left: 15px !important;background-color: #e8e8e8 !important;}\u00bb]<\/p>\n<h3><span style=\"color: #e20026; line-height: 35px;\">Rodamientos<\/span><\/h3>\n<p>[\/vc_column_text][vc_gallery type=\u00bbimage_grid\u00bb images=\u00bb5952,8349,8358,8367&#8243;][vc_row_inner][vc_column_inner width=\u00bb1\/3&#8243;][vc_column_text el_class=\u00bbtitle_lineas\u00bb]<\/p>\n<h4><span style=\"color: #e20026;\">Configuraci\u00f3n de la soluci\u00f3n<\/span><\/h4>\n<p>[\/vc_column_text][vc_column_text el_class=\u00bbicon_list\u00bb]<\/p>\n<ul>\n<li>L\u00edneas totalmente autom\u00e1ticas<\/li>\n<li>Varias estaciones autom\u00e1ticas unidas por cintas autom\u00e1ticas<\/li>\n<li>Carga autom\u00e1tica de componentes<\/li>\n<li>Celdas rob\u00f3ticas para operaciones complejas<\/li>\n<\/ul>\n<p>[\/vc_column_text][\/vc_column_inner][vc_column_inner width=\u00bb1\/3&#8243;][vc_column_text el_class=\u00bbtitle_lineas\u00bb]<\/p>\n<h4><span style=\"color: #e20026;\">Proceso<\/span><\/h4>\n<p>[\/vc_column_text][vc_column_text el_class=\u00bbicon_list\u00bb]<\/p>\n<ul>\n<li>Alimentaci\u00f3n de anillo interior y exterior<\/li>\n<li>Control de presencia y de posici\u00f3n<\/li>\n<li>Control de dureza<\/li>\n<li>Medici\u00f3n de di\u00e1metros externo e interno<\/li>\n<li>Control del camino de rodadura<\/li>\n<li>Medici\u00f3n de bolas \/ rodillos y alimentaci\u00f3n en la jaula (casando tama\u00f1os)<\/li>\n<li>Engrasado<\/li>\n<li>Ensamble de anillos mediante robot<\/li>\n<li>Medici\u00f3n del juego<\/li>\n<li>Medici\u00f3n de peso total<\/li>\n<li>Prueba de rendimiento<\/li>\n<li>Marcado l\u00e1ser<\/li>\n<li>Descarga<\/li>\n<\/ul>\n<p>[\/vc_column_text][\/vc_column_inner][vc_column_inner width=\u00bb1\/3&#8243;][vc_column_text el_class=\u00bbtitle_lineas\u00bb]<\/p>\n<h4><span style=\"color: #e20026;\">Datos t\u00e9cnicos<\/span><\/h4>\n<p>[\/vc_column_text][vc_column_text el_class=\u00bbicon_list\u00bb]<\/p>\n<ul>\n<li>Tiempo de ciclo: 5.5 \u2013 20 s (dependiendo del tipo de rodamiento)<\/li>\n<li>Cycle time: 5,5s \u2013 20s (depending on bearing)<\/li>\n<li>M\u00faltiples recetas de proceso<\/li>\n<li>Cambio de modelo r\u00e1pido y sencillo<\/li>\n<li>F\u00e1cil mantenimiento<\/li>\n<\/ul>\n<p>[\/vc_column_text][\/vc_column_inner][\/vc_row_inner][\/vc_column][\/vc_row][vc_row][vc_column][vc_column_text css=\u00bb.vc_custom_1462263375759{padding-bottom: 3px !important;padding-left: 15px !important;background-color: #e8e8e8 !important;}\u00bb]<\/p>\n<h3><span style=\"color: #e20026; line-height: 35px;\">M\u00f3dulo \/ filtro de aceite<\/span><\/h3>\n<p>[\/vc_column_text][vc_gallery type=\u00bbimage_grid\u00bb images=\u00bb2278,8386,8377,8395,8404&#8243; el_class=\u00bbfoto_margen\u00bb][vc_row_inner][vc_column_inner width=\u00bb1\/3&#8243;][vc_column_text el_class=\u00bbtitle_lineas\u00bb]<\/p>\n<h4><span style=\"color: #e20026;\">Configuraci\u00f3n de la soluci\u00f3n<\/span><\/h4>\n<p>[\/vc_column_text][vc_column_text el_class=\u00bbicon_list\u00bb]<\/p>\n<ul>\n<li>Estaci\u00f3n de ensamble con operaci\u00f3n manual integrada<\/li>\n<\/ul>\n<p>[\/vc_column_text][\/vc_column_inner][vc_column_inner width=\u00bb1\/3&#8243;][vc_column_text el_class=\u00bbtitle_lineas\u00bb]<\/p>\n<h4><span style=\"color: #e20026;\">Proceso<\/span><\/h4>\n<p>[\/vc_column_text][vc_column_text el_class=\u00bbicon_list\u00bb]<\/p>\n<ul>\n<li>Prensado mediante calor de sockets<\/li>\n<li>Prensado de v\u00e1lvulas<\/li>\n<li>Ensamble de v\u00e1lvula de PVC<\/li>\n<li>Atornillador<\/li>\n<li>Prueba de fuga<\/li>\n<li>Marcado<\/li>\n<\/ul>\n<p>[\/vc_column_text][\/vc_column_inner][vc_column_inner width=\u00bb1\/3&#8243;][vc_column_text el_class=\u00bbtitle_lineas\u00bb]<\/p>\n<h4><span style=\"color: #e20026;\">Datos t\u00e9cnicos<\/span><\/h4>\n<p>[\/vc_column_text][vc_column_text el_class=\u00bbicon_list\u00bb]<\/p>\n<ul>\n<li>Tiempo de ciclo: 40s<\/li>\n<li>Cambio de modelo r\u00e1pido y sencillo<\/li>\n<li>F\u00e1cil mantenimiento<\/li>\n<li>Gesti\u00f3n de datos<\/li>\n<li>Conectividad remota<\/li>\n<\/ul>\n<p>[\/vc_column_text][\/vc_column_inner][\/vc_row_inner][\/vc_column][\/vc_row]<\/p>\n<\/div>","protected":false},"excerpt":{"rendered":"<p>[vc_row][vc_column][vc_column_text el_class=\u00bbtitle_lineas\u00bb] Productos [\/vc_column_text][vc_row_inner][vc_column_inner width=\u00bb1\/2&#8243;][vc_column_text el_class=\u00bbicon_list\u00bb] EGR (recirculaci\u00f3n de gases de escape) Sistemas de inyecci\u00f3n Inyectores de combustible Common rail Filtro de combustible ECU (Unidad de control electr\u00f3nica) Sistema de encendido Actuadores de escape de aire Por vac\u00edo El\u00e9ctrico V\u00e1lvula de recirculaci\u00f3n Bomba de vac\u00edo M\u00f3dulo de aceite Filtro de aceite Filtro catal\u00edtico [\/vc_column_text][\/vc_column_inner][vc_column_inner width=\u00bb1\/2&#8243;][vc_column_text [&hellip;]<\/p>\n","protected":false},"author":4,"featured_media":0,"parent":1118,"menu_order":0,"comment_status":"closed","ping_status":"closed","template":"sectors.php","meta":{"_lmt_disableupdate":"","_lmt_disable":"","footnotes":""},"yst_prominent_words":[],"class_list":["post-1128","page","type-page","status-publish","hentry"],"acf":[],"_links":{"self":[{"href":"https:\/\/www.mondragon-assembly.com\/es\/wp-json\/wp\/v2\/pages\/1128","targetHints":{"allow":["GET"]}}],"collection":[{"href":"https:\/\/www.mondragon-assembly.com\/es\/wp-json\/wp\/v2\/pages"}],"about":[{"href":"https:\/\/www.mondragon-assembly.com\/es\/wp-json\/wp\/v2\/types\/page"}],"author":[{"embeddable":true,"href":"https:\/\/www.mondragon-assembly.com\/es\/wp-json\/wp\/v2\/users\/4"}],"replies":[{"embeddable":true,"href":"https:\/\/www.mondragon-assembly.com\/es\/wp-json\/wp\/v2\/comments?post=1128"}],"version-history":[{"count":5,"href":"https:\/\/www.mondragon-assembly.com\/es\/wp-json\/wp\/v2\/pages\/1128\/revisions"}],"predecessor-version":[{"id":8413,"href":"https:\/\/www.mondragon-assembly.com\/es\/wp-json\/wp\/v2\/pages\/1128\/revisions\/8413"}],"up":[{"embeddable":true,"href":"https:\/\/www.mondragon-assembly.com\/es\/wp-json\/wp\/v2\/pages\/1118"}],"wp:attachment":[{"href":"https:\/\/www.mondragon-assembly.com\/es\/wp-json\/wp\/v2\/media?parent=1128"}],"wp:term":[{"taxonomy":"yst_prominent_words","embeddable":true,"href":"https:\/\/www.mondragon-assembly.com\/es\/wp-json\/wp\/v2\/yst_prominent_words?post=1128"}],"curies":[{"name":"wp","href":"https:\/\/api.w.org\/{rel}","templated":true}]}}