{"id":1132,"date":"2016-04-15T08:59:29","date_gmt":"2016-04-15T06:59:29","guid":{"rendered":"https:\/\/www.mondragon-assembly.com\/es\/?page_id=1132"},"modified":"2016-05-06T08:27:13","modified_gmt":"2016-05-06T08:27:13","slug":"seguridad","status":"publish","type":"page","link":"https:\/\/www.mondragon-assembly.com\/es\/automovil\/aplicaciones\/seguridad\/","title":{"rendered":"Seguridad"},"content":{"rendered":"<div class=\"wpb-content-wrapper\"><p>[vc_row][vc_column][vc_column_text el_class=\u00bbtitle_lineas\u00bb]<\/p>\n<h4><span style=\"color: #e20026;\">Productos<\/span><\/h4>\n<p>[\/vc_column_text][vc_row_inner][vc_column_inner width=\u00bb1\/2&#8243;][vc_column_text el_class=\u00bbicon_list\u00bb]<\/p>\n<ul>\n<li>Pinza de freno<\/li>\n<li>Bomba de asistencia de frenada<\/li>\n<li>Control ABS<\/li>\n<li>Airbags<\/li>\n<li>Amortiguador<\/li>\n<\/ul>\n<p>[\/vc_column_text][\/vc_column_inner][\/vc_row_inner][\/vc_column][\/vc_row][vc_row][vc_column][vc_column_text css=\u00bb.vc_custom_1462265314959{padding-bottom: 3px !important;padding-left: 15px !important;background-color: #e8e8e8 !important;}\u00bb]<\/p>\n<h3><span style=\"color: #e20026; line-height: 35px;\">Pinza de freno<\/span><\/h3>\n<p>[\/vc_column_text][vc_row_inner][vc_column_inner][vc_gallery type=\u00bbimage_grid\u00bb images=\u00bb2285,2286,2287,2288&#8243; el_class=\u00bbfoto_margen\u00bb][\/vc_column_inner][\/vc_row_inner][vc_row_inner][vc_column_inner width=\u00bb1\/3&#8243;][vc_column_text el_class=\u00bbtitle_lineas\u00bb]<\/p>\n<h4><span style=\"color: #e20026;\">Configuraci\u00f3n de la soluci\u00f3n<\/span><\/h4>\n<p>[\/vc_column_text][vc_column_text el_class=\u00bbicon_list\u00bb]<\/p>\n<ul>\n<li>3 estaciones de ensamble semiautom\u00e1ticas<\/li>\n<li>Estaci\u00f3n de prueba de fuga<\/li>\n<li>Estaci\u00f3n final de prueba funcional<\/li>\n<\/ul>\n<p>[\/vc_column_text][\/vc_column_inner][vc_column_inner width=\u00bb1\/3&#8243;][vc_column_text el_class=\u00bbtitle_lineas\u00bb]<\/p>\n<h4><span style=\"color: #e20026;\">Proceso<\/span><\/h4>\n<p>[\/vc_column_text][vc_column_text el_class=\u00bbicon_list\u00bb]<\/p>\n<ul>\n<li>Verificaci\u00f3n de ausencia de marcas y suciedad<\/li>\n<li>Ensamble de pist\u00f3n y sellos<\/li>\n<li>Test de alta y baja presi\u00f3n<\/li>\n<li>Engrasado de pines<\/li>\n<li>Ensamble de soporte y control de modelo<\/li>\n<li>Test de desempe\u00f1o con monitorea de fuerza vs distancia.<\/li>\n<\/ul>\n<p>[\/vc_column_text][\/vc_column_inner][vc_column_inner width=\u00bb1\/3&#8243;][vc_column_text el_class=\u00bbtitle_lineas\u00bb]<\/p>\n<h4><span style=\"color: #e20026;\">Datos t\u00e9cnicos<\/span><\/h4>\n<p>[\/vc_column_text][vc_column_text el_class=\u00bbicon_list\u00bb]<\/p>\n<ul>\n<li>Tiempo de ciclo: 48s<\/li>\n<li>Sistema de visi\u00f3n para verificar ausencia de marcas<\/li>\n<li>Prueba de fuga de alta presi\u00f3n (250Bar)<\/li>\n<li>Prueba de fuga de baja presi\u00f3n (250Bar)<\/li>\n<li>(6Bar)<\/li>\n<li>Presencia y verificaci\u00f3n de modelo de los diferentes componentes mediante c\u00e1maras de visi\u00f3n<\/li>\n<li>Ensamble de pist\u00f3n y sellos mediante mecanismo servocontrolado<\/li>\n<li>Medici\u00f3n de la curva de fuerza vs distancia<\/li>\n<\/ul>\n<p>[\/vc_column_text][\/vc_column_inner][\/vc_row_inner][\/vc_column][\/vc_row][vc_row][vc_column][vc_column_text css=\u00bb.vc_custom_1462265326496{padding-bottom: 3px !important;padding-left: 15px !important;background-color: #e8e8e8 !important;}\u00bb]<\/p>\n<h3><span style=\"color: #e20026; line-height: 35px;\">Amortiguador<\/span><\/h3>\n<p>[\/vc_column_text][vc_gallery type=\u00bbimage_grid\u00bb images=\u00bb2289,2290,2291,2292,2293&#8243; img_size=\u00bb\u00bb el_class=\u00bbfoto_margen\u00bb][vc_row_inner][vc_column_inner width=\u00bb1\/3&#8243;][vc_column_text el_class=\u00bbtitle_lineas\u00bb]<\/p>\n<h4><span style=\"color: #e20026;\">Configuraci\u00f3n de la soluci\u00f3n<\/span><\/h4>\n<p>[\/vc_column_text][vc_column_text el_class=\u00bbicon_list\u00bb]<\/p>\n<ul>\n<li>M\u00e1quina totalmente autom\u00e1tica<\/li>\n<li>Transporte de piezas en platillos con RFID<\/li>\n<li>Configuraci\u00f3n modular y flexible de todas las estaciones (estaciones independientes unidas)<\/li>\n<li>Gesti\u00f3n separada de piezas buenas \/ malas<\/li>\n<li>Estaci\u00f3n de retrabajo<\/li>\n<\/ul>\n<p>[\/vc_column_text][\/vc_column_inner][vc_column_inner width=\u00bb1\/3&#8243;][vc_column_text el_class=\u00bbtitle_lineas\u00bb]<\/p>\n<h4><span style=\"color: #e20026;\">Proceso<\/span><\/h4>\n<p>[\/vc_column_text][vc_column_text el_class=\u00bbicon_list\u00bb]<\/p>\n<ul>\n<li>Dispensado de aceite<\/li>\n<li>Sistema de test servohidr\u00e1ulico con gesti\u00f3n de datos<\/li>\n<li>Sistema de cierre orbital<\/li>\n<li>Test de fuerza de gas<\/li>\n<li>Ensamble de protector y control de altura total<\/li>\n<li>Impresi\u00f3n y aplicado de etiqueta<\/li>\n<\/ul>\n<p>[\/vc_column_text][\/vc_column_inner][vc_column_inner width=\u00bb1\/3&#8243;][vc_column_text el_class=\u00bbtitle_lineas\u00bb]<\/p>\n<h4><span style=\"color: #e20026;\">Datos t\u00e9cnicos<\/span><\/h4>\n<p>[\/vc_column_text][vc_column_text el_class=\u00bbicon_list\u00bb]<\/p>\n<ul>\n<li>Tiempo de ciclo: 6,7 s<\/li>\n<li>Dispensado de aceite con cpk 1.3<\/li>\n<li>Test funcional y de fuerza de gas<\/li>\n<li>Gesti\u00f3n de m\u00faltiples modelos<\/li>\n<li>Cambio de modelo r\u00e1pido y sencillo<\/li>\n<li>F\u00e1cil mantenimiento<\/li>\n<\/ul>\n<p>[\/vc_column_text][\/vc_column_inner][\/vc_row_inner][\/vc_column][\/vc_row][vc_row][vc_column][vc_column_text css=\u00bb.vc_custom_1462265423757{padding-bottom: 3px !important;padding-left: 15px !important;background-color: #e8e8e8 !important;}\u00bb]<\/p>\n<h3><span style=\"color: #e20026; line-height: 35px;\">Airbag<\/span><\/h3>\n<p>[\/vc_column_text][vc_gallery type=\u00bbimage_grid\u00bb images=\u00bb2294,2295&#8243; img_size=\u00bb\u00bb el_class=\u00bbfoto_margen\u00bb][vc_row_inner][vc_column_inner width=\u00bb1\/3&#8243;][vc_column_text el_class=\u00bbtitle_lineas\u00bb]<\/p>\n<h4><span style=\"color: #e20026;\">Configuraci\u00f3n de la soluci\u00f3n<\/span><\/h4>\n<p>[\/vc_column_text][vc_column_text el_class=\u00bbicon_list\u00bb]<\/p>\n<ul>\n<li>4 estaciones semiautom\u00e1ticas para ensamble, plegado y control final<\/li>\n<li>Total trazabilidad<\/li>\n<\/ul>\n<p>[\/vc_column_text][\/vc_column_inner][vc_column_inner width=\u00bb1\/3&#8243;][vc_column_text el_class=\u00bbtitle_lineas\u00bb]<\/p>\n<h4><span style=\"color: #e20026;\">Proceso<\/span><\/h4>\n<p>[\/vc_column_text][vc_column_text el_class=\u00bbicon_list\u00bb]<\/p>\n<ul>\n<li>Ensamble de generador y tapa en cuerpo. Incluye control de inserci\u00f3n<\/li>\n<li>Clipado de la bolsa en el housing y control anal\u00f3gico<\/li>\n<li>Plegado de bolsa. Configuraci\u00f3n de plegado para cada modelo desde panel de control<\/li>\n<li>Control de Tyvek y empaque<\/li>\n<\/ul>\n<p>[\/vc_column_text][\/vc_column_inner][vc_column_inner width=\u00bb1\/3&#8243;][vc_column_text el_class=\u00bbtitle_lineas\u00bb]<\/p>\n<h4><span style=\"color: #e20026;\">Datos t\u00e9cnicos<\/span><\/h4>\n<p>[\/vc_column_text][vc_column_text el_class=\u00bbicon_list\u00bb]<\/p>\n<ul>\n<li>Tiempo de ciclo: 25 s<\/li>\n<li>Pokayokes en todas las operaciones<\/li>\n<li>Cambio de modelo r\u00e1pido y sencillo<\/li>\n<li>F\u00e1cil mantenimiento<\/li>\n<\/ul>\n<p>[\/vc_column_text][\/vc_column_inner][\/vc_row_inner][\/vc_column][\/vc_row]<\/p>\n<\/div>","protected":false},"excerpt":{"rendered":"<p>[vc_row][vc_column][vc_column_text el_class=\u00bbtitle_lineas\u00bb] Productos [\/vc_column_text][vc_row_inner][vc_column_inner width=\u00bb1\/2&#8243;][vc_column_text el_class=\u00bbicon_list\u00bb] Pinza de freno Bomba de asistencia de frenada Control ABS Airbags Amortiguador [\/vc_column_text][\/vc_column_inner][\/vc_row_inner][\/vc_column][\/vc_row][vc_row][vc_column][vc_column_text css=\u00bb.vc_custom_1462265314959{padding-bottom: 3px !important;padding-left: 15px !important;background-color: #e8e8e8 !important;}\u00bb] Pinza de freno [\/vc_column_text][vc_row_inner][vc_column_inner][vc_gallery type=\u00bbimage_grid\u00bb images=\u00bb2285,2286,2287,2288&#8243; el_class=\u00bbfoto_margen\u00bb][\/vc_column_inner][\/vc_row_inner][vc_row_inner][vc_column_inner width=\u00bb1\/3&#8243;][vc_column_text el_class=\u00bbtitle_lineas\u00bb] Configuraci\u00f3n de la soluci\u00f3n [\/vc_column_text][vc_column_text el_class=\u00bbicon_list\u00bb] 3 estaciones de ensamble semiautom\u00e1ticas Estaci\u00f3n de prueba de fuga Estaci\u00f3n final de prueba [&hellip;]<\/p>\n","protected":false},"author":4,"featured_media":0,"parent":1118,"menu_order":0,"comment_status":"closed","ping_status":"closed","template":"sectors.php","meta":{"_lmt_disableupdate":"","_lmt_disable":"","footnotes":""},"yst_prominent_words":[],"class_list":["post-1132","page","type-page","status-publish","hentry"],"acf":[],"_links":{"self":[{"href":"https:\/\/www.mondragon-assembly.com\/es\/wp-json\/wp\/v2\/pages\/1132","targetHints":{"allow":["GET"]}}],"collection":[{"href":"https:\/\/www.mondragon-assembly.com\/es\/wp-json\/wp\/v2\/pages"}],"about":[{"href":"https:\/\/www.mondragon-assembly.com\/es\/wp-json\/wp\/v2\/types\/page"}],"author":[{"embeddable":true,"href":"https:\/\/www.mondragon-assembly.com\/es\/wp-json\/wp\/v2\/users\/4"}],"replies":[{"embeddable":true,"href":"https:\/\/www.mondragon-assembly.com\/es\/wp-json\/wp\/v2\/comments?post=1132"}],"version-history":[{"count":5,"href":"https:\/\/www.mondragon-assembly.com\/es\/wp-json\/wp\/v2\/pages\/1132\/revisions"}],"predecessor-version":[{"id":2859,"href":"https:\/\/www.mondragon-assembly.com\/es\/wp-json\/wp\/v2\/pages\/1132\/revisions\/2859"}],"up":[{"embeddable":true,"href":"https:\/\/www.mondragon-assembly.com\/es\/wp-json\/wp\/v2\/pages\/1118"}],"wp:attachment":[{"href":"https:\/\/www.mondragon-assembly.com\/es\/wp-json\/wp\/v2\/media?parent=1132"}],"wp:term":[{"taxonomy":"yst_prominent_words","embeddable":true,"href":"https:\/\/www.mondragon-assembly.com\/es\/wp-json\/wp\/v2\/yst_prominent_words?post=1132"}],"curies":[{"name":"wp","href":"https:\/\/api.w.org\/{rel}","templated":true}]}}