{"id":1187,"date":"2016-04-22T11:05:59","date_gmt":"2016-04-22T09:05:59","guid":{"rendered":"https:\/\/www.mondragon-assembly.com\/es\/?page_id=1187"},"modified":"2016-05-06T08:26:13","modified_gmt":"2016-05-06T08:26:13","slug":"aplicaciones","status":"publish","type":"page","link":"https:\/\/www.mondragon-assembly.com\/es\/componentes-electricos\/aplicaciones\/","title":{"rendered":"Aplicaciones"},"content":{"rendered":"<div class=\"wpb-content-wrapper\"><p>[vc_row][vc_column][vc_column_text el_class=\u00bbtitle_lineas\u00bb]<\/p>\n<h4><span style=\"color: #e20026;\">Productos<\/span><\/h4>\n<p>[\/vc_column_text][vc_row_inner][vc_column_inner width=\u00bb1\/2&#8243;][vc_column_text el_class=\u00bbicon_list\u00bb]<\/p>\n<ul>\n<li>Interruptores<\/li>\n<li>Enchufes<\/li>\n<li>Diferenciales<\/li>\n<li>Transformadores<\/li>\n<\/ul>\n<p>[\/vc_column_text][\/vc_column_inner][vc_column_inner width=\u00bb1\/2&#8243;][\/vc_column_inner][\/vc_row_inner][\/vc_column][\/vc_row][vc_row][vc_column][vc_column_text css=\u00bb.vc_custom_1462364833849{padding-bottom: 3px !important;padding-left: 15px !important;background-color: #e8e8e8 !important;}\u00bb]<\/p>\n<h3><span style=\"color: #e20026; line-height: 35px;\">Embellecedores de interruptores<\/span><\/h3>\n<p>[\/vc_column_text][vc_row_inner][vc_column_inner][vc_gallery type=\u00bbimage_grid\u00bb images=\u00bb2590,2591,2592&#8243; el_class=\u00bbfoto_margen\u00bb][\/vc_column_inner][\/vc_row_inner][vc_row_inner][vc_column_inner width=\u00bb1\/3&#8243;][vc_column_text el_class=\u00bbtitle_lineas\u00bb]<\/p>\n<h4><span style=\"color: #e20026;\">Configuraci\u00f3n de la soluci\u00f3n<\/span><\/h4>\n<p>[\/vc_column_text][vc_column_text el_class=\u00bbicon_list\u00bb]<\/p>\n<ul>\n<li>Alimentaci\u00f3n autom\u00e1tica de componentes<\/li>\n<li>Dos robots<\/li>\n<li>Comunicaci\u00f3n con dos m\u00e1quinas de inyecci\u00f3n y una m\u00e1quina de embalaje<\/li>\n<\/ul>\n<p>[\/vc_column_text][\/vc_column_inner][vc_column_inner width=\u00bb1\/3&#8243;][vc_column_text el_class=\u00bbtitle_lineas\u00bb]<\/p>\n<h4><span style=\"color: #e20026;\">Proceso<\/span><\/h4>\n<p>[\/vc_column_text][vc_column_text el_class=\u00bbicon_list\u00bb]<\/p>\n<ul>\n<li>Desmoldeado autom\u00e1tico de piezas de pl\u00e1stico (placas y chasis)<\/li>\n<li>Inspecci\u00f3n de la calidad de la inyecci\u00f3n mediante c\u00e1maras de visi\u00f3n<\/li>\n<li>Carga autom\u00e1tica del tornillo met\u00e1lico<\/li>\n<li>Montaje autom\u00e1tico del tornillo met\u00e1lico en el chasis<\/li>\n<li>Montaje de la tapa en el chasis<\/li>\n<li>Rechazo autom\u00e1tico<\/li>\n<\/ul>\n<p>[\/vc_column_text][\/vc_column_inner][vc_column_inner width=\u00bb1\/3&#8243;][vc_column_text el_class=\u00bbtitle_lineas\u00bb]<\/p>\n<h4><span style=\"color: #e20026;\">Datos t\u00e9cnicos<\/span><\/h4>\n<p>[\/vc_column_text][vc_column_text el_class=\u00bbicon_list\u00bb]<\/p>\n<ul>\n<li>Tiempo de ciclo: 6 s<\/li>\n<li>Cuatro modelos diferentes<\/li>\n<li>Plena autonom\u00eda durante ocho horas<\/li>\n<li>Tres c\u00e1maras de inspecci\u00f3n<\/li>\n<li>Pinzas intercambiables<\/li>\n<\/ul>\n<p>[\/vc_column_text][\/vc_column_inner][\/vc_row_inner][\/vc_column][\/vc_row][vc_row][vc_column][vc_column_text css=\u00bb.vc_custom_1462365096975{padding-bottom: 3px !important;padding-left: 15px !important;background-color: #e8e8e8 !important;}\u00bb]<\/p>\n<h3><span style=\"color: #e20026; line-height: 35px;\">Interruptor<\/span><\/h3>\n<p>[\/vc_column_text][vc_gallery type=\u00bbimage_grid\u00bb images=\u00bb2692,2695,2694,2693,2691&#8243; img_size=\u00bb\u00bb el_class=\u00bbfoto_margen\u00bb][vc_row_inner][vc_column_inner width=\u00bb1\/3&#8243;][vc_column_text el_class=\u00bbtitle_lineas\u00bb]<\/p>\n<h4><span style=\"color: #e20026;\">Configuraci\u00f3n de la soluci\u00f3n<\/span><\/h4>\n<p>[\/vc_column_text][vc_column_text el_class=\u00bbicon_list\u00bb]<\/p>\n<ul>\n<li>Transporte de piezas en pallets y transfer r\u00e1pidas<\/li>\n<li>50 estaciones autom\u00e1ticas<\/li>\n<li>10 alimentaciones autom\u00e1ticas<\/li>\n<\/ul>\n<p>[\/vc_column_text][\/vc_column_inner][vc_column_inner width=\u00bb1\/3&#8243;][vc_column_text el_class=\u00bbtitle_lineas\u00bb]<\/p>\n<h4><span style=\"color: #e20026;\">Proceso<\/span><\/h4>\n<p>[\/vc_column_text][vc_column_text el_class=\u00bbicon_list\u00bb]<\/p>\n<ul>\n<li>Alimentaci\u00f3n y ensamble autom\u00e1tico de componentes<\/li>\n<li>Soldadura por ultrasonido<\/li>\n<li>Controles por visi\u00f3n artificial<\/li>\n<li>Control de operaci\u00f3n incluido<\/li>\n<li>Estaci\u00f3n final de control el\u00e9ctrico y marcaje por l\u00e1ser horizontal y vertical<\/li>\n<\/ul>\n<p>[\/vc_column_text][\/vc_column_inner][vc_column_inner width=\u00bb1\/3&#8243;][vc_column_text el_class=\u00bbtitle_lineas\u00bb]<\/p>\n<h4><span style=\"color: #e20026;\">Datos t\u00e9cnicos<\/span><\/h4>\n<p>[\/vc_column_text][vc_column_text el_class=\u00bbicon_list\u00bb]<\/p>\n<ul>\n<li>Tiempo de ciclo: 1.2 s<\/li>\n<li>Diferentes modelos.<\/li>\n<li>Manipulaci\u00f3n mediante motores lineales<\/li>\n<li>Cambio de modelo r\u00e1pido y sencillo<\/li>\n<li>F\u00e1cil mantenimiento<\/li>\n<\/ul>\n<p>[\/vc_column_text][\/vc_column_inner][\/vc_row_inner][\/vc_column][\/vc_row][vc_row][vc_column][vc_column_text css=\u00bb.vc_custom_1462365283071{padding-bottom: 3px !important;padding-left: 15px !important;background-color: #e8e8e8 !important;}\u00bb]<\/p>\n<h3><span style=\"color: #e20026; line-height: 35px;\">Diferencial<\/span><\/h3>\n<p>[\/vc_column_text][vc_gallery type=\u00bbimage_grid\u00bb images=\u00bb2594&#8243; img_size=\u00bb\u00bb el_class=\u00bbfoto_margen\u00bb][vc_row_inner][vc_column_inner width=\u00bb1\/3&#8243;][vc_column_text el_class=\u00bbtitle_lineas\u00bb]<\/p>\n<h4><span style=\"color: #e20026;\">Configuraci\u00f3n de la soluci\u00f3n<\/span><\/h4>\n<p>[\/vc_column_text][vc_column_text el_class=\u00bbicon_list\u00bb]<\/p>\n<ul>\n<li>M\u00e1quina autom\u00e1tica<\/li>\n<li>Transporte de producto sobre cinta<\/li>\n<\/ul>\n<p>[\/vc_column_text][\/vc_column_inner][vc_column_inner width=\u00bb1\/3&#8243;][vc_column_text el_class=\u00bbtitle_lineas\u00bb]<\/p>\n<h4><span style=\"color: #e20026;\">Proceso<\/span><\/h4>\n<p>[\/vc_column_text][vc_column_text el_class=\u00bbicon_list\u00bb]<\/p>\n<ul>\n<li>Carga en cinta<\/li>\n<li>Control de los elementos cargados manualmente<\/li>\n<li>Remachado (2 remaches)<\/li>\n<li>Control de potencia: continuidad, di\u00e9l\u00e9ctrico, marcha)<\/li>\n<li>Tampografiado<\/li>\n<li>Marcado l\u00e1ser<\/li>\n<li>Control de visi\u00f3n (presencia y calidad de los marcados)<\/li>\n<li>Descarga: punzonado de piezas buenas<\/li>\n<li>Descarga de malas<\/li>\n<\/ul>\n<p>[\/vc_column_text][\/vc_column_inner][vc_column_inner width=\u00bb1\/3&#8243;][vc_column_text el_class=\u00bbtitle_lineas\u00bb]<\/p>\n<h4><span style=\"color: #e20026;\">Datos t\u00e9cnicos<\/span><\/h4>\n<p>[\/vc_column_text][vc_column_text el_class=\u00bbicon_list\u00bb]<\/p>\n<ul>\n<li>Producci\u00f3n: 400 piezas\/hora<\/li>\n<li>32 modelos diferentes<\/li>\n<li>4 variantes f\u00edsicas: uni, bi, tri y tetra<\/li>\n<li>Cambio de modelo r\u00e1pido y sencillo<\/li>\n<li>F\u00e1cil mantenimiento<\/li>\n<\/ul>\n<p>[\/vc_column_text][\/vc_column_inner][\/vc_row_inner][\/vc_column][\/vc_row]<\/p>\n<\/div>","protected":false},"excerpt":{"rendered":"<p>[vc_row][vc_column][vc_column_text el_class=\u00bbtitle_lineas\u00bb] Productos [\/vc_column_text][vc_row_inner][vc_column_inner width=\u00bb1\/2&#8243;][vc_column_text el_class=\u00bbicon_list\u00bb] Interruptores Enchufes Diferenciales Transformadores [\/vc_column_text][\/vc_column_inner][vc_column_inner width=\u00bb1\/2&#8243;][\/vc_column_inner][\/vc_row_inner][\/vc_column][\/vc_row][vc_row][vc_column][vc_column_text css=\u00bb.vc_custom_1462364833849{padding-bottom: 3px !important;padding-left: 15px !important;background-color: #e8e8e8 !important;}\u00bb] Embellecedores de interruptores [\/vc_column_text][vc_row_inner][vc_column_inner][vc_gallery type=\u00bbimage_grid\u00bb images=\u00bb2590,2591,2592&#8243; el_class=\u00bbfoto_margen\u00bb][\/vc_column_inner][\/vc_row_inner][vc_row_inner][vc_column_inner width=\u00bb1\/3&#8243;][vc_column_text el_class=\u00bbtitle_lineas\u00bb] Configuraci\u00f3n de la soluci\u00f3n [\/vc_column_text][vc_column_text el_class=\u00bbicon_list\u00bb] Alimentaci\u00f3n autom\u00e1tica de componentes Dos robots Comunicaci\u00f3n con dos m\u00e1quinas de inyecci\u00f3n y una m\u00e1quina de embalaje [\/vc_column_text][\/vc_column_inner][vc_column_inner width=\u00bb1\/3&#8243;][vc_column_text el_class=\u00bbtitle_lineas\u00bb] Proceso [&hellip;]<\/p>\n","protected":false},"author":4,"featured_media":0,"parent":1185,"menu_order":0,"comment_status":"closed","ping_status":"closed","template":"sectors.php","meta":{"_lmt_disableupdate":"","_lmt_disable":"","footnotes":""},"yst_prominent_words":[],"class_list":["post-1187","page","type-page","status-publish","hentry"],"acf":[],"_links":{"self":[{"href":"https:\/\/www.mondragon-assembly.com\/es\/wp-json\/wp\/v2\/pages\/1187","targetHints":{"allow":["GET"]}}],"collection":[{"href":"https:\/\/www.mondragon-assembly.com\/es\/wp-json\/wp\/v2\/pages"}],"about":[{"href":"https:\/\/www.mondragon-assembly.com\/es\/wp-json\/wp\/v2\/types\/page"}],"author":[{"embeddable":true,"href":"https:\/\/www.mondragon-assembly.com\/es\/wp-json\/wp\/v2\/users\/4"}],"replies":[{"embeddable":true,"href":"https:\/\/www.mondragon-assembly.com\/es\/wp-json\/wp\/v2\/comments?post=1187"}],"version-history":[{"count":5,"href":"https:\/\/www.mondragon-assembly.com\/es\/wp-json\/wp\/v2\/pages\/1187\/revisions"}],"predecessor-version":[{"id":3129,"href":"https:\/\/www.mondragon-assembly.com\/es\/wp-json\/wp\/v2\/pages\/1187\/revisions\/3129"}],"up":[{"embeddable":true,"href":"https:\/\/www.mondragon-assembly.com\/es\/wp-json\/wp\/v2\/pages\/1185"}],"wp:attachment":[{"href":"https:\/\/www.mondragon-assembly.com\/es\/wp-json\/wp\/v2\/media?parent=1187"}],"wp:term":[{"taxonomy":"yst_prominent_words","embeddable":true,"href":"https:\/\/www.mondragon-assembly.com\/es\/wp-json\/wp\/v2\/yst_prominent_words?post=1187"}],"curies":[{"name":"wp","href":"https:\/\/api.w.org\/{rel}","templated":true}]}}