{"id":1262,"date":"2016-04-20T09:54:11","date_gmt":"2016-04-20T07:54:11","guid":{"rendered":"https:\/\/www.mondragon-assembly.com\/es\/?page_id=1262"},"modified":"2016-05-27T08:21:05","modified_gmt":"2016-05-27T08:21:05","slug":"componentes-electrodomesticos","status":"publish","type":"page","link":"https:\/\/www.mondragon-assembly.com\/es\/componentes-electrodomesticos\/","title":{"rendered":"Componentes Electrodom\u00e9sticos"},"content":{"rendered":"<div class=\"wpb-content-wrapper\"><p>[vc_row][vc_column width=\u00bb1\/2&#8243;][vc_column_text]Mondragon Assembly es una empresa l\u00edder en el dise\u00f1o y fabricaci\u00f3n de soluciones autom\u00e1ticas para el ensamble de componentes electrodom\u00e9sticos. Somos expertos en el desarrollo de l\u00edneas ultrarr\u00e1pidas de ensamble de componentes electrodom\u00e9sticos.[\/vc_column_text][vc_column_text el_class=\u00bbicon_list\u00bb]<\/p>\n<ul>\n<li>Soluciones llave en mano y maquinaria a medida para soluciones autom\u00e1ticas<\/li>\n<li>Fabricaci\u00f3n de maquinaria autom\u00e1tica y\/o semiautom\u00e1tica de diversos componentes electrodom\u00e9sticos<\/li>\n<li>Dise\u00f1o, montaje, programaci\u00f3n e instalaci\u00f3n de las l\u00edneas de fabricaci\u00f3n hasta la recepci\u00f3n final del proyecto, \u00a0ofreciendo un servicio integral<\/li>\n<li>Soluciones de alta productividad, flexibilidad y excelente calidad<\/li>\n<li>Soluciones de alta velocidad para el ensamble y control de calidad de diversos productos<\/li>\n<li>Soluciones personalizadas: El equipo de ingenier\u00eda de Mondragon Assembly pone a su disposici\u00f3n su experiencia para ayudarle a desarrollar su proyecto.<\/li>\n<li>Soluciones de alta velocidad para el ensamble y control de calidad de diversos productos<\/li>\n<li>Soluciones personalizadas: El equipo de ingenier\u00eda de Mondragon Assembly pone a su disposici\u00f3n su experiencia para ayudarle a desarrollar su proyecto.<\/li>\n<\/ul>\n<p>[\/vc_column_text][\/vc_column][vc_column width=\u00bb1\/2&#8243;][vc_gallery type=\u00bbflexslider_slide\u00bb interval=\u00bb3&#8243; images=\u00bb10297,11405,11414&#8243; img_size=\u00bbfull\u00bb][\/vc_column][\/vc_row]<\/p>\n<\/div>","protected":false},"excerpt":{"rendered":"<p>[vc_row][vc_column width=\u00bb1\/2&#8243;][vc_column_text]Mondragon Assembly es una empresa l\u00edder en el dise\u00f1o y fabricaci\u00f3n de soluciones autom\u00e1ticas para el ensamble de componentes electrodom\u00e9sticos. Somos expertos en el desarrollo de l\u00edneas ultrarr\u00e1pidas de ensamble de componentes electrodom\u00e9sticos.[\/vc_column_text][vc_column_text el_class=\u00bbicon_list\u00bb] Soluciones llave en mano y maquinaria a medida para soluciones autom\u00e1ticas Fabricaci\u00f3n de maquinaria autom\u00e1tica y\/o semiautom\u00e1tica de diversos componentes [&hellip;]<\/p>\n","protected":false},"author":4,"featured_media":0,"parent":0,"menu_order":0,"comment_status":"closed","ping_status":"closed","template":"sectors.php","meta":{"_lmt_disableupdate":"","_lmt_disable":"","footnotes":""},"yst_prominent_words":[],"class_list":["post-1262","page","type-page","status-publish","hentry"],"acf":[],"_links":{"self":[{"href":"https:\/\/www.mondragon-assembly.com\/es\/wp-json\/wp\/v2\/pages\/1262","targetHints":{"allow":["GET"]}}],"collection":[{"href":"https:\/\/www.mondragon-assembly.com\/es\/wp-json\/wp\/v2\/pages"}],"about":[{"href":"https:\/\/www.mondragon-assembly.com\/es\/wp-json\/wp\/v2\/types\/page"}],"author":[{"embeddable":true,"href":"https:\/\/www.mondragon-assembly.com\/es\/wp-json\/wp\/v2\/users\/4"}],"replies":[{"embeddable":true,"href":"https:\/\/www.mondragon-assembly.com\/es\/wp-json\/wp\/v2\/comments?post=1262"}],"version-history":[{"count":5,"href":"https:\/\/www.mondragon-assembly.com\/es\/wp-json\/wp\/v2\/pages\/1262\/revisions"}],"predecessor-version":[{"id":11423,"href":"https:\/\/www.mondragon-assembly.com\/es\/wp-json\/wp\/v2\/pages\/1262\/revisions\/11423"}],"wp:attachment":[{"href":"https:\/\/www.mondragon-assembly.com\/es\/wp-json\/wp\/v2\/media?parent=1262"}],"wp:term":[{"taxonomy":"yst_prominent_words","embeddable":true,"href":"https:\/\/www.mondragon-assembly.com\/es\/wp-json\/wp\/v2\/yst_prominent_words?post=1262"}],"curies":[{"name":"wp","href":"https:\/\/api.w.org\/{rel}","templated":true}]}}