{"id":26908,"date":"2016-04-15T08:01:33","date_gmt":"2016-04-15T07:01:33","guid":{"rendered":"https:\/\/www.mondragon-assembly.com\/energia-solar\/turnkey-lines-for-pv-module-manufacturing\/"},"modified":"2021-04-13T13:25:47","modified_gmt":"2021-04-13T11:25:47","slug":"lineas-de-produccion-llave-en-mano-de-modulos-fotovoltaicos","status":"publish","type":"page","link":"https:\/\/www.mondragon-assembly.com\/es\/solar-automation-solutions\/lineas-de-produccion-llave-en-mano-de-modulos-fotovoltaicos\/","title":{"rendered":"L\u00edneas de producci\u00f3n llave en mano de m\u00f3dulos fotovoltaicos"},"content":{"rendered":"<div class=\"wpb-content-wrapper\"><p>[vc_row content_placement=\u00bbtop\u00bb parallax=\u00bbcontent-moving\u00bb parallax_image=\u00bb25465&#8243; parallax_speed_bg=\u00bb1&#8243; css=\u00bb.vc_custom_1604313685741{margin-top: -25px !important;padding-top: 90px !important;padding-bottom: 110px !important;}\u00bb][vc_column][vc_row_inner][vc_column_inner][vc_column_text css=\u00bb.vc_custom_1618313136080{background-color: #ffffff !important;}\u00bb el_class=\u00bbtxt_encima_foto\u00bb]<\/p>\n<h2 style=\"text-align: center;\"><strong>L\u00cdNEAS DE FABRICACI\u00d3N LLAVE EN MANO DE M\u00d3DULOS FOTOVOLTAICOS<\/strong><\/h2>\n<p>[\/vc_column_text][\/vc_column_inner][\/vc_row_inner][\/vc_column][\/vc_row][vc_row css=\u00bb.vc_custom_1604064744834{margin-top: -25px !important;}\u00bb][vc_column][vc_empty_space height=\u00bb20&#8243;][\/vc_column][\/vc_row][vc_row css=\u00bb.vc_custom_1604064744834{margin-top: -25px !important;}\u00bb][vc_column][vc_column_text css_animation=\u00bbappear\u00bb css=\u00bb.vc_custom_1616585582488{padding-top: 7px !important;padding-right: 20px !important;padding-bottom: 20px !important;padding-left: 20px !important;background-color: #f7f7f7 !important;}\u00bb]<\/p>\n<h3 style=\"text-align: center;\"><span style=\"color: #e40521;\">Somos los mejores colaboradores para ayudar a nuestros socios a competir en el Negocio Solar<\/span><\/h3>\n<h4 style=\"text-align: center;\">Las l\u00edneas llave en mano se ajustan a las necesidades de producci\u00f3n de cada cliente, ofreciendo soluciones dirigidas tanto a peque\u00f1os<br \/>\ncomo a grandes productores combinando distintos niveles de automatizaci\u00f3n.<\/h4>\n<p>[\/vc_column_text][\/vc_column][\/vc_row][vc_row][vc_column width=\u00bb2\/3&#8243;][vc_column_text el_class=\u00bbicon_list\u00bb]<\/p>\n<h4><span style=\"color: #2b3c46; font-weight: bold;\">Apropiadas para las arquitecturas de m\u00f3dulos fotovoltaicos y procesos de fabricaci\u00f3n de strings tanto presentes como futuros:<\/span><\/h4>\n<ul>\n<li>Tama\u00f1os de c\u00e9lulas: hasta M12 (210 mm)<\/li>\n<li>Soldadura y tecnolog\u00edas adhesivas<\/li>\n<li>BIPV<\/li>\n<li>Shingling<\/li>\n<li>Ribbon plano o hilo cil\u00edndrico<\/li>\n<li>C\u00e9lulas enteras y cortadas<\/li>\n<li>M\u00f3dulos monofaciales y bifaciales<\/li>\n<li>M\u00f3dulos de Cristal-Backsheet y de Cristal-Cristal<\/li>\n<\/ul>\n<p>[\/vc_column_text][\/vc_column][vc_column width=\u00bb1\/3&#8243;][vc_column_text el_class=\u00bbicon_list\u00bb]<\/p>\n<h4><span style=\"color: #2b3c46; font-weight: bold;\">Id\u00f3nea para cualquier tecnolog\u00eda de c\u00e9lula:<\/span><\/h4>\n<ul>\n<li>HJT (duplicidad de tecnolog\u00edas: soldadura y adhesivos conductivos)<\/li>\n<li>TOPCON<\/li>\n<li>PERT<\/li>\n<li>PERL<\/li>\n<li>PERC<\/li>\n<li>BSF<\/li>\n<li>Back contact<\/li>\n<\/ul>\n<p>[\/vc_column_text][\/vc_column][\/vc_row][vc_row][vc_column width=\u00bb2\/3&#8243;][vc_column_text el_class=\u00bbicon_list\u00bb]<\/p>\n<h4><span style=\"color: #2b3c46; font-weight: bold;\">Pueden ser adaptadas a cualquier soluci\u00f3n de fabricaci\u00f3n de m\u00f3dulos fotovoltaicos:<\/span><\/h4>\n<ul>\n<li>L\u00edneas modulares, de f\u00e1cil actualizaci\u00f3n a las nuevas tecnolog\u00edas, con una capacidad productiva f\u00e1cilmente escalable<\/li>\n<li>L\u00edneas flexibles de producci\u00f3n para una gran variedad de m\u00f3dulos solares y de tecnolog\u00edas c\u00e9lula<\/li>\n<\/ul>\n<p>[\/vc_column_text][\/vc_column][vc_column width=\u00bb1\/3&#8243;][vc_column_text el_class=\u00bbicon_list\u00bb]<\/p>\n<h4><span style=\"color: #2b3c46; font-weight: bold;\">Nuestras l\u00edneas llave en mano destacan por:<\/span><\/h4>\n<ul>\n<li>Ser l\u00edneas compactas que presentan una gran optimizaci\u00f3n del espacio necesario<\/li>\n<li>Disponer de un dise\u00f1o robusto que les permite funcionar las 24 horas del d\u00eda, 365 d\u00edas al a\u00f1o<\/li>\n<li>Ofrecer un bajo consumo de energ\u00eda y un mantenimiento sencillo<\/li>\n<li>Requerir una menor mano de obra para su operaci\u00f3n<\/li>\n<li>Incorporar un sistema integral de control de producci\u00f3n y de calidad<\/li>\n<\/ul>\n<p>[\/vc_column_text][\/vc_column][\/vc_row][vc_row][vc_column][vc_column_text css_animation=\u00bbappear\u00bb css=\u00bb.vc_custom_1611837454110{padding-top: 7px !important;padding-right: 20px !important;padding-bottom: 20px !important;padding-left: 20px !important;background-color: #f7f7f7 !important;}\u00bb]<\/p>\n<h3 style=\"text-align: center;\"><span style=\"color: #2b3c46; font-weight: bold;\">M\u00e1s de 20 a\u00f1os de excelente fiabilidad y apoyo estrecho garantizado<\/span><\/h3>\n<p>[\/vc_column_text][\/vc_column][\/vc_row][vc_row][vc_column][vc_empty_space height=\u00bb20px\u00bb][\/vc_column][\/vc_row][vc_row][vc_column width=\u00bb1\/2&#8243;][vc_column_text el_class=\u00bbicon_list_subt_gr\u00bb]<\/p>\n<h3><strong>L\u00cdNEA 50 MW<\/strong><\/h3>\n<p>[\/vc_column_text][vc_single_image image=\u00bb21897&#8243; img_size=\u00bbfull\u00bb onclick=\u00bbcustom_link\u00bb css_animation=\u00bbzoomInUp\u00bb link=\u00bbhttps:\/\/www.mondragon-assembly.com\/es\/solar-automation-solutions\/lineas-de-produccion-llave-en-mano-de-modulos-fotovoltaicos\/linea-50-mw\/\u00bb css=\u00bb.vc_custom_1612266294314{border-top-width: 3px !important;border-right-width: 3px !important;border-bottom-width: 3px !important;border-left-width: 3px !important;border-left-color: #fce3e9 !important;border-left-style: solid !important;border-right-color: #fce3e9 !important;border-right-style: solid !important;border-top-color: #fce3e9 !important;border-top-style: solid !important;border-bottom-color: #fce3e9 !important;border-bottom-style: solid !important;}\u00bb][\/vc_column][vc_column width=\u00bb1\/2&#8243;][vc_column_text el_class=\u00bbicon_list_subt_gr\u00bb]<\/p>\n<h3><strong>L\u00cdNEA 100 MW<\/strong><\/h3>\n<p>[\/vc_column_text][vc_single_image image=\u00bb25280&#8243; img_size=\u00bbfull\u00bb onclick=\u00bbcustom_link\u00bb css_animation=\u00bbzoomInUp\u00bb link=\u00bbhttps:\/\/www.mondragon-assembly.com\/es\/solar-automation-solutions\/lineas-de-produccion-llave-en-mano-de-modulos-fotovoltaicos\/linea-100-mw\/\u00bb css=\u00bb.vc_custom_1612266304672{border-top-width: 3px !important;border-right-width: 3px !important;border-bottom-width: 3px !important;border-left-width: 3px !important;border-left-color: #fce3e9 !important;border-left-style: solid !important;border-right-color: #fce3e9 !important;border-right-style: solid !important;border-top-color: #fce3e9 !important;border-top-style: solid !important;border-bottom-color: #fce3e9 !important;border-bottom-style: solid !important;}\u00bb][\/vc_column][\/vc_row][vc_row][vc_column][vc_empty_space][\/vc_column][\/vc_row][vc_row][vc_column width=\u00bb1\/2&#8243;][vc_column_text el_class=\u00bbicon_list_subt_gr\u00bb]<\/p>\n<h3><strong>L\u00cdNEA 150 MW<\/strong><\/h3>\n<p>[\/vc_column_text][vc_single_image image=\u00bb25298&#8243; img_size=\u00bbfull\u00bb onclick=\u00bbcustom_link\u00bb css_animation=\u00bbzoomInUp\u00bb link=\u00bbhttps:\/\/www.mondragon-assembly.com\/es\/solar-automation-solutions\/lineas-de-produccion-llave-en-mano-de-modulos-fotovoltaicos\/linea-150-mw\/\u00bb css=\u00bb.vc_custom_1612266314326{border-top-width: 3px !important;border-right-width: 3px !important;border-bottom-width: 3px !important;border-left-width: 3px !important;border-left-color: #fce3e9 !important;border-left-style: solid !important;border-right-color: #fce3e9 !important;border-right-style: solid !important;border-top-color: #fce3e9 !important;border-top-style: solid !important;border-bottom-color: #fce3e9 !important;border-bottom-style: solid !important;}\u00bb][\/vc_column][vc_column width=\u00bb1\/2&#8243;][vc_column_text el_class=\u00bbicon_list_subt_gr\u00bb]<\/p>\n<h3><strong>L\u00cdNEA 300 MW<\/strong><\/h3>\n<p>[\/vc_column_text][vc_single_image image=\u00bb25316&#8243; img_size=\u00bbfull\u00bb onclick=\u00bbcustom_link\u00bb css_animation=\u00bbzoomInUp\u00bb link=\u00bbhttps:\/\/www.mondragon-assembly.com\/es\/solar-automation-solutions\/lineas-de-produccion-llave-en-mano-de-modulos-fotovoltaicos\/linea-300-mw\/\u00bb css=\u00bb.vc_custom_1612266324062{border-top-width: 3px !important;border-right-width: 3px !important;border-bottom-width: 3px !important;border-left-width: 3px !important;border-left-color: #fce3e9 !important;border-left-style: solid !important;border-right-color: #fce3e9 !important;border-right-style: solid !important;border-top-color: #fce3e9 !important;border-top-style: solid !important;border-bottom-color: #fce3e9 !important;border-bottom-style: solid !important;}\u00bb][\/vc_column][\/vc_row][vc_row][vc_column][vc_empty_space][\/vc_column][\/vc_row][vc_row][vc_column width=\u00bb1\/2&#8243;][vc_column_text el_class=\u00bbicon_list_subt_gr\u00bb]<\/p>\n<h3><strong>L\u00cdNEA 600 MW<\/strong><\/h3>\n<p>[\/vc_column_text][vc_single_image image=\u00bb25334&#8243; img_size=\u00bbfull\u00bb onclick=\u00bbcustom_link\u00bb css_animation=\u00bbzoomInUp\u00bb link=\u00bbhttps:\/\/www.mondragon-assembly.com\/es\/solar-automation-solutions\/lineas-de-produccion-llave-en-mano-de-modulos-fotovoltaicos\/linea-600-mw\/\u00bb css=\u00bb.vc_custom_1612266335006{border-top-width: 3px !important;border-right-width: 3px !important;border-bottom-width: 3px !important;border-left-width: 3px !important;border-left-color: #fce3e9 !important;border-left-style: solid !important;border-right-color: #fce3e9 !important;border-right-style: solid !important;border-top-color: #fce3e9 !important;border-top-style: solid !important;border-bottom-color: #fce3e9 !important;border-bottom-style: solid !important;}\u00bb][\/vc_column][vc_column width=\u00bb1\/2&#8243;][vc_column_text el_class=\u00bbicon_list_subt_gr\u00bb]<\/p>\n<h3><strong>L\u00cdNEA 1200 MW<\/strong><\/h3>\n<p>[\/vc_column_text][vc_single_image image=\u00bb25352&#8243; img_size=\u00bbfull\u00bb onclick=\u00bbcustom_link\u00bb css_animation=\u00bbzoomInUp\u00bb link=\u00bbhttps:\/\/www.mondragon-assembly.com\/es\/solar-automation-solutions\/lineas-de-produccion-llave-en-mano-de-modulos-fotovoltaicos\/linea-1200-mw\/\u00bb css=\u00bb.vc_custom_1612266344301{border-top-width: 3px !important;border-right-width: 3px !important;border-bottom-width: 3px !important;border-left-width: 3px !important;border-left-color: #fce3e9 !important;border-left-style: solid !important;border-right-color: #fce3e9 !important;border-right-style: solid !important;border-top-color: #fce3e9 !important;border-top-style: solid !important;border-bottom-color: #fce3e9 !important;border-bottom-style: solid !important;}\u00bb][\/vc_column][\/vc_row][vc_row][vc_column][vc_empty_space][\/vc_column][\/vc_row]<\/p>\n<\/div>","protected":false},"excerpt":{"rendered":"<p>[vc_row content_placement=\u00bbtop\u00bb parallax=\u00bbcontent-moving\u00bb parallax_image=\u00bb25465&#8243; parallax_speed_bg=\u00bb1&#8243; css=\u00bb.vc_custom_1604313685741{margin-top: -25px !important;padding-top: 90px !important;padding-bottom: 110px !important;}\u00bb][vc_column][vc_row_inner][vc_column_inner][vc_column_text css=\u00bb.vc_custom_1618313136080{background-color: #ffffff !important;}\u00bb el_class=\u00bbtxt_encima_foto\u00bb] L\u00cdNEAS DE FABRICACI\u00d3N LLAVE EN MANO DE M\u00d3DULOS FOTOVOLTAICOS [\/vc_column_text][\/vc_column_inner][\/vc_row_inner][\/vc_column][\/vc_row][vc_row css=\u00bb.vc_custom_1604064744834{margin-top: -25px !important;}\u00bb][vc_column][vc_empty_space height=\u00bb20&#8243;][\/vc_column][\/vc_row][vc_row css=\u00bb.vc_custom_1604064744834{margin-top: -25px !important;}\u00bb][vc_column][vc_column_text css_animation=\u00bbappear\u00bb css=\u00bb.vc_custom_1616585582488{padding-top: 7px !important;padding-right: 20px !important;padding-bottom: 20px !important;padding-left: 20px !important;background-color: #f7f7f7 !important;}\u00bb] Somos los mejores colaboradores para ayudar a nuestros socios a [&hellip;]<\/p>\n","protected":false},"author":4,"featured_media":0,"parent":31260,"menu_order":0,"comment_status":"closed","ping_status":"closed","template":"sectors.php","meta":{"_lmt_disableupdate":"","_lmt_disable":"","footnotes":""},"yst_prominent_words":[1004,1006,1012,1867,2148,3204,3483,254,259,260,261,746,996,997,998],"class_list":["post-26908","page","type-page","status-publish","hentry"],"acf":[],"_links":{"self":[{"href":"https:\/\/www.mondragon-assembly.com\/es\/wp-json\/wp\/v2\/pages\/26908","targetHints":{"allow":["GET"]}}],"collection":[{"href":"https:\/\/www.mondragon-assembly.com\/es\/wp-json\/wp\/v2\/pages"}],"about":[{"href":"https:\/\/www.mondragon-assembly.com\/es\/wp-json\/wp\/v2\/types\/page"}],"author":[{"embeddable":true,"href":"https:\/\/www.mondragon-assembly.com\/es\/wp-json\/wp\/v2\/users\/4"}],"replies":[{"embeddable":true,"href":"https:\/\/www.mondragon-assembly.com\/es\/wp-json\/wp\/v2\/comments?post=26908"}],"version-history":[{"count":24,"href":"https:\/\/www.mondragon-assembly.com\/es\/wp-json\/wp\/v2\/pages\/26908\/revisions"}],"predecessor-version":[{"id":39494,"href":"https:\/\/www.mondragon-assembly.com\/es\/wp-json\/wp\/v2\/pages\/26908\/revisions\/39494"}],"up":[{"embeddable":true,"href":"https:\/\/www.mondragon-assembly.com\/es\/wp-json\/wp\/v2\/pages\/31260"}],"wp:attachment":[{"href":"https:\/\/www.mondragon-assembly.com\/es\/wp-json\/wp\/v2\/media?parent=26908"}],"wp:term":[{"taxonomy":"yst_prominent_words","embeddable":true,"href":"https:\/\/www.mondragon-assembly.com\/es\/wp-json\/wp\/v2\/yst_prominent_words?post=26908"}],"curies":[{"name":"wp","href":"https:\/\/api.w.org\/{rel}","templated":true}]}}