{"id":27088,"date":"2019-06-26T10:44:36","date_gmt":"2019-06-26T09:44:36","guid":{"rendered":"https:\/\/www.mondragon-assembly.com\/tabber-and-stringer\/mts-5000\/"},"modified":"2025-02-19T08:28:57","modified_gmt":"2025-02-19T07:28:57","slug":"mts-6000","status":"publish","type":"page","link":"https:\/\/www.mondragon-assembly.com\/es\/solar-automation-solutions\/maquinas-individuales-2\/tabber-and-stringer\/mts-6000\/","title":{"rendered":"MTS 6000: La Tabber &#038; Stringer de alto rendimiento con la m\u00e1xima eficiencia"},"content":{"rendered":"<div class=\"wpb-content-wrapper\"><p>[vc_row][vc_column][vc_column_text css=\u00bb\u00bb]Tabber &amp; Stringer de alta velocidad con una capacidad de hasta 6000 c\u00e9lulas por hora.[\/vc_column_text][\/vc_column][\/vc_row][vc_row][vc_column][vc_single_image image=\u00bb22319&#8243; img_size=\u00bbfull\u00bb alignment=\u00bbcenter\u00bb style=\u00bbvc_box_outline\u00bb css_animation=\u00bbfadeIn\u00bb][\/vc_column][\/vc_row][vc_row][vc_column width=\u00bb1\/4&#8243;][vc_row_inner][vc_column_inner width=\u00bb1\/4&#8243; css=\u00bb.vc_custom_1620117581607{padding-right: 0px !important;}\u00bb offset=\u00bbvc_col-xs-3&#8243;][vc_single_image image=\u00bb22020&#8243; img_size=\u00bbfull\u00bb][\/vc_column_inner][vc_column_inner width=\u00bb3\/4&#8243; css=\u00bb.vc_custom_1620117617384{padding-left: 3px !important;}\u00bb offset=\u00bbvc_col-xs-9&#8243;][vc_column_text css=\u00bb\u00bb]<\/p>\n<h4><strong>6000<\/strong> c\u00e9lulas\/hora<\/h4>\n<p>[\/vc_column_text][\/vc_column_inner][\/vc_row_inner][\/vc_column][vc_column width=\u00bb1\/4&#8243;][vc_row_inner][vc_column_inner width=\u00bb1\/4&#8243; css=\u00bb.vc_custom_1620117628329{padding-right: 0px !important;}\u00bb offset=\u00bbvc_col-xs-3&#8243;][vc_single_image image=\u00bb22280&#8243; img_size=\u00bbfull\u00bb][\/vc_column_inner][vc_column_inner width=\u00bb3\/4&#8243; css=\u00bb.vc_custom_1620117636329{padding-left: 3px !important;}\u00bb offset=\u00bbvc_col-xs-9&#8243;][vc_column_text css=\u00bb\u00bb]<\/p>\n<h4>Hasta 22BB<\/h4>\n<p>[\/vc_column_text][\/vc_column_inner][\/vc_row_inner][\/vc_column][vc_column width=\u00bb1\/4&#8243;][vc_row_inner css=\u00bb.vc_custom_1561537027700{padding-left: 0px !important;}\u00bb][vc_column_inner width=\u00bb1\/4&#8243; css=\u00bb.vc_custom_1620117646561{padding-right: 0px !important;}\u00bb offset=\u00bbvc_col-xs-3&#8243;][vc_single_image image=\u00bb22271&#8243; img_size=\u00bbfull\u00bb][\/vc_column_inner][vc_column_inner width=\u00bb3\/4&#8243; css=\u00bb.vc_custom_1620117666825{padding-left: 3px !important;}\u00bb offset=\u00bbvc_col-xs-9&#8243;][vc_column_text]<\/p>\n<h4>Double track<\/h4>\n<p>[\/vc_column_text][\/vc_column_inner][\/vc_row_inner][\/vc_column][vc_column width=\u00bb1\/4&#8243;][vc_row_inner][vc_column_inner width=\u00bb1\/4&#8243; css=\u00bb.vc_custom_1620117676800{padding-right: 0px !important;}\u00bb offset=\u00bbvc_col-xs-3&#8243;][vc_single_image image=\u00bb22262&#8243; img_size=\u00bbfull\u00bb][\/vc_column_inner][vc_column_inner width=\u00bb3\/4&#8243; css=\u00bb.vc_custom_1620117695344{padding-left: 0px !important;}\u00bb offset=\u00bbvc_col-xs-9&#8243;][vc_column_text css=\u00bb.vc_custom_1620117845645{padding-left: 2px !important;}\u00bb]<\/p>\n<h4>Adecuado para <strong>c\u00e9lulas<\/strong> cortadas<\/h4>\n<p>[\/vc_column_text][\/vc_column_inner][\/vc_row_inner][\/vc_column][\/vc_row][vc_row full_width=\u00bbstretch_row_content\u00bb][vc_column width=\u00bb1\/6&#8243;][\/vc_column][vc_column width=\u00bb2\/6&#8243;][vc_column_text]<\/p>\n<h3><span style=\"color: #e20026;\"><img decoding=\"async\" class=\"alignnone size-full wp-image-22215\" src=\"https:\/\/www.mondragon-assembly.com\/wp-content\/uploads\/2019\/06\/icon-description.jpg\" alt=\"\" width=\"41\" height=\"41\" \/> Descripci\u00f3n<\/span><\/h3>\n<p>[\/vc_column_text][vc_column_text]Conexiones precisas entre c\u00e9lulas por medio de ribbon plano<br \/>\npara formar strings.[\/vc_column_text][\/vc_column][vc_column width=\u00bb2\/6&#8243;][vc_column_text]<\/p>\n<h3><span style=\"color: #e20026;\"><img decoding=\"async\" class=\"alignnone wp-image-22325 size-full\" src=\"https:\/\/www.mondragon-assembly.com\/wp-content\/uploads\/2019\/06\/icon-advantages.jpg\" alt=\"\" width=\"41\" height=\"41\" \/> Ventajas<\/span><\/h3>\n<p>[\/vc_column_text][vc_column_text el_class=\u00bbicon_list\u00bb]<\/p>\n<ul>\n<li>Reducido tiempo de cambio<\/li>\n<li>Control de calidad avanzado de las c\u00e9lulas y los strings<\/li>\n<li>F\u00e1cil integraci\u00f3n con el sistema MES<\/li>\n<li>Autodiagn\u00f3stico<\/li>\n<li>M\u00ednimo espacio requerido<\/li>\n<li>Bajo coste de mantenimiento<\/li>\n<li>Ergon\u00f3mico, f\u00e1cil acceso a todas las piezas de la m\u00e1quina<\/li>\n<li>Proceso patentado de string continuo<\/li>\n<\/ul>\n<p>[\/vc_column_text][\/vc_column][vc_column width=\u00bb1\/6&#8243;][\/vc_column][\/vc_row][vc_row full_width=\u00bbstretch_row_content\u00bb][vc_column width=\u00bb1\/6&#8243;][\/vc_column][vc_column width=\u00bb2\/6&#8243;][vc_column_text]<\/p>\n<h3><span style=\"color: #e20026;\"><img decoding=\"async\" class=\"alignnone wp-image-22233 size-full\" src=\"https:\/\/www.mondragon-assembly.com\/wp-content\/uploads\/2019\/06\/icon-main-features.jpg\" alt=\"\" width=\"41\" height=\"41\" \/> Caracter\u00edsticas principales<\/span><\/h3>\n<p>[\/vc_column_text][vc_column_text el_class=\u00bbicon_list\u00bb]<\/p>\n<ul>\n<li>Tecnolog\u00eda de soldadura IR sin contacto<\/li>\n<li>Verificaci\u00f3n por visi\u00f3n de las c\u00e9lulas y los strings<\/li>\n<li>Sistema de distribuci\u00f3n de flux sin contacto<\/li>\n<li>Roturas &lt; 0.2%<\/li>\n<li>Disponibilidad t\u00e9cnica (VDI 3423) &gt; 95%<\/li>\n<li>Control de temperatura de las c\u00e9lulas en varias fases<\/li>\n<\/ul>\n<p>[\/vc_column_text][\/vc_column][vc_column width=\u00bb2\/6&#8243;][vc_column_text]<\/p>\n<h3><span style=\"color: #e20026;\"><img decoding=\"async\" class=\"alignnone wp-image-25046 size-full\" src=\"https:\/\/www.mondragon-assembly.com\/wp-content\/uploads\/2020\/10\/icon-module-technology.jpg\" alt=\"\" width=\"41\" height=\"41\" \/> Tecnolog\u00eda de m\u00f3dulos<\/span><\/h3>\n<p>[\/vc_column_text][vc_column_text css=\u00bb\u00bb el_class=\u00bbicon_list\u00bb]<\/p>\n<ul>\n<li>Tama\u00f1os de c\u00e9lula hasta M12+<\/li>\n<li>Hasta 22BB<\/li>\n<li>Adecuado para m\u00f3dulos BIPV<\/li>\n<li>Tipos de c\u00e9lulas: Poly, Mono PERC y TOPCON<\/li>\n<li>C\u00e9lulas cortadas y c\u00e9lulas bifaciales<\/li>\n<\/ul>\n<p>[\/vc_column_text][\/vc_column][vc_column width=\u00bb1\/6&#8243;][\/vc_column][\/vc_row]<\/p>\n<\/div>","protected":false},"excerpt":{"rendered":"<p>[vc_row][vc_column][vc_column_text css=\u00bb\u00bb]Tabber &amp; Stringer de alta velocidad con una capacidad de hasta 6000 c\u00e9lulas por hora.[\/vc_column_text][\/vc_column][\/vc_row][vc_row][vc_column][vc_single_image image=\u00bb22319&#8243; img_size=\u00bbfull\u00bb alignment=\u00bbcenter\u00bb style=\u00bbvc_box_outline\u00bb css_animation=\u00bbfadeIn\u00bb][\/vc_column][\/vc_row][vc_row][vc_column width=\u00bb1\/4&#8243;][vc_row_inner][vc_column_inner width=\u00bb1\/4&#8243; css=\u00bb.vc_custom_1620117581607{padding-right: 0px !important;}\u00bb offset=\u00bbvc_col-xs-3&#8243;][vc_single_image image=\u00bb22020&#8243; img_size=\u00bbfull\u00bb][\/vc_column_inner][vc_column_inner width=\u00bb3\/4&#8243; css=\u00bb.vc_custom_1620117617384{padding-left: 3px !important;}\u00bb offset=\u00bbvc_col-xs-9&#8243;][vc_column_text css=\u00bb\u00bb] 6000 c\u00e9lulas\/hora [\/vc_column_text][\/vc_column_inner][\/vc_row_inner][\/vc_column][vc_column width=\u00bb1\/4&#8243;][vc_row_inner][vc_column_inner width=\u00bb1\/4&#8243; css=\u00bb.vc_custom_1620117628329{padding-right: 0px !important;}\u00bb offset=\u00bbvc_col-xs-3&#8243;][vc_single_image image=\u00bb22280&#8243; img_size=\u00bbfull\u00bb][\/vc_column_inner][vc_column_inner width=\u00bb3\/4&#8243; css=\u00bb.vc_custom_1620117636329{padding-left: 3px !important;}\u00bb offset=\u00bbvc_col-xs-9&#8243;][vc_column_text css=\u00bb\u00bb] Hasta 22BB [\/vc_column_text][\/vc_column_inner][\/vc_row_inner][\/vc_column][vc_column [&hellip;]<\/p>\n","protected":false},"author":4,"featured_media":0,"parent":27024,"menu_order":0,"comment_status":"closed","ping_status":"closed","template":"sectors.php","meta":{"_lmt_disableupdate":"","_lmt_disable":"","footnotes":""},"yst_prominent_words":[397,510,511,555,598,731,977,2120,4504],"class_list":["post-27088","page","type-page","status-publish","hentry"],"acf":[],"_links":{"self":[{"href":"https:\/\/www.mondragon-assembly.com\/es\/wp-json\/wp\/v2\/pages\/27088","targetHints":{"allow":["GET"]}}],"collection":[{"href":"https:\/\/www.mondragon-assembly.com\/es\/wp-json\/wp\/v2\/pages"}],"about":[{"href":"https:\/\/www.mondragon-assembly.com\/es\/wp-json\/wp\/v2\/types\/page"}],"author":[{"embeddable":true,"href":"https:\/\/www.mondragon-assembly.com\/es\/wp-json\/wp\/v2\/users\/4"}],"replies":[{"embeddable":true,"href":"https:\/\/www.mondragon-assembly.com\/es\/wp-json\/wp\/v2\/comments?post=27088"}],"version-history":[{"count":42,"href":"https:\/\/www.mondragon-assembly.com\/es\/wp-json\/wp\/v2\/pages\/27088\/revisions"}],"predecessor-version":[{"id":74954,"href":"https:\/\/www.mondragon-assembly.com\/es\/wp-json\/wp\/v2\/pages\/27088\/revisions\/74954"}],"up":[{"embeddable":true,"href":"https:\/\/www.mondragon-assembly.com\/es\/wp-json\/wp\/v2\/pages\/27024"}],"wp:attachment":[{"href":"https:\/\/www.mondragon-assembly.com\/es\/wp-json\/wp\/v2\/media?parent=27088"}],"wp:term":[{"taxonomy":"yst_prominent_words","embeddable":true,"href":"https:\/\/www.mondragon-assembly.com\/es\/wp-json\/wp\/v2\/yst_prominent_words?post=27088"}],"curies":[{"name":"wp","href":"https:\/\/api.w.org\/{rel}","templated":true}]}}