{"id":27104,"date":"2016-04-15T08:56:00","date_gmt":"2016-04-15T06:56:00","guid":{"rendered":"https:\/\/www.mondragon-assembly.com\/automatic-lay-up\/"},"modified":"2024-10-18T13:32:23","modified_gmt":"2024-10-18T11:32:23","slug":"lay-up-automatico","status":"publish","type":"page","link":"https:\/\/www.mondragon-assembly.com\/es\/solar-automation-solutions\/maquinas-individuales-2\/lay-up-automatico\/","title":{"rendered":"Lay-up autom\u00e1tico: Producci\u00f3n elevada en un espacio m\u00ednimo"},"content":{"rendered":"<div class=\"wpb-content-wrapper\"><p>[vc_row][vc_column][vc_column_text]Lay-up de alta velocidad y precisi\u00f3n con capacidad de hasta 600 strings\/hora.[\/vc_column_text][\/vc_column][\/vc_row][vc_row][vc_column][vc_single_image image=\u00bb72066&#8243; img_size=\u00bbfull\u00bb alignment=\u00bbcenter\u00bb style=\u00bbvc_box_outline\u00bb css_animation=\u00bbfadeIn\u00bb css=\u00bb\u00bb][\/vc_column][\/vc_row][vc_row][vc_column width=\u00bb1\/4&#8243;][\/vc_column][vc_column width=\u00bb1\/4&#8243;][vc_row_inner css=\u00bb.vc_custom_1561537027700{padding-left: 0px !important;}\u00bb][vc_column_inner width=\u00bb1\/4&#8243; css=\u00bb.vc_custom_1620121876754{padding-right: 0px !important;}\u00bb offset=\u00bbvc_col-xs-3&#8243;][vc_single_image image=\u00bb22271&#8243; img_size=\u00bbfull\u00bb][\/vc_column_inner][vc_column_inner width=\u00bb3\/4&#8243; css=\u00bb.vc_custom_1620121884793{padding-right: 0px !important;padding-left: 0px !important;}\u00bb offset=\u00bbvc_col-xs-9&#8243;][vc_column_text]<\/p>\n<h4>Visi\u00f3n + test EL integrado<\/h4>\n<p>[\/vc_column_text][\/vc_column_inner][\/vc_row_inner][\/vc_column][vc_column width=\u00bb1\/4&#8243;][vc_row_inner][vc_column_inner width=\u00bb1\/4&#8243; css=\u00bb.vc_custom_1620121891169{padding-right: 0px !important;}\u00bb offset=\u00bbvc_col-xs-3&#8243;][vc_single_image image=\u00bb22262&#8243; img_size=\u00bbfull\u00bb][\/vc_column_inner][vc_column_inner width=\u00bb3\/4&#8243; css=\u00bb.vc_custom_1620121899337{padding-left: 0px !important;}\u00bb offset=\u00bbvc_col-xs-9&#8243;][vc_column_text]<\/p>\n<h4>Adecuado para <strong>c\u00e9lulas<\/strong> cortadas<\/h4>\n<p>[\/vc_column_text][\/vc_column_inner][\/vc_row_inner][\/vc_column][vc_column width=\u00bb1\/4&#8243; css=\u00bb.vc_custom_1561536382561{padding-right: 0px !important;padding-left: 0px !important;}\u00bb][\/vc_column][\/vc_row][vc_row full_width=\u00bbstretch_row_content\u00bb][vc_column width=\u00bb1\/5&#8243;][\/vc_column][vc_column width=\u00bb2\/5&#8243;][vc_column_text]<\/p>\n<h3><span style=\"color: #e20026;\"><img decoding=\"async\" class=\"alignnone size-full wp-image-22215\" src=\"https:\/\/www.mondragon-assembly.com\/wp-content\/uploads\/2019\/06\/icon-description.jpg\" alt=\"\" width=\"41\" height=\"41\" \/> Descripci\u00f3n<\/span><\/h3>\n<p>[\/vc_column_text][vc_column_text]El lay-up toma los strings de la Tabber &amp; Stringer y los posiciona<br \/>\ncon precisi\u00f3n sobre el cristal.[\/vc_column_text][\/vc_column][vc_column width=\u00bb2\/5&#8243;][vc_column_text]<\/p>\n<h3><span style=\"color: #e20026;\"><img decoding=\"async\" class=\"alignnone wp-image-22325 size-full\" src=\"https:\/\/www.mondragon-assembly.com\/wp-content\/uploads\/2019\/06\/icon-advantages.jpg\" alt=\"\" width=\"41\" height=\"41\" \/> Ventajas<\/span><\/h3>\n<p>[\/vc_column_text][vc_column_text el_class=\u00bbicon_list\u00bb]<\/p>\n<ul>\n<li>Alta precisi\u00f3n (\u00b1 0,5 mm)<\/li>\n<li>Elevada disponibilidad<\/li>\n<li>Bajo coste de mantenimiento<\/li>\n<li>Reducido tiempo de cambio<\/li>\n<li>Garant\u00edas de calidad del panel final<\/li>\n<li>Capaz de gestionar dos Tabber &amp; Stringers<\/li>\n<li>F\u00e1cil integraci\u00f3n con el sistema MES<\/li>\n<li>M\u00ednimo espacio requerido<\/li>\n<\/ul>\n<p>[\/vc_column_text][\/vc_column][\/vc_row][vc_row full_width=\u00bbstretch_row_content\u00bb][vc_column width=\u00bb1\/5&#8243;][\/vc_column][vc_column width=\u00bb2\/5&#8243;][vc_column_text]<\/p>\n<h3><span style=\"color: #e20026;\"><img decoding=\"async\" class=\"alignnone wp-image-22233 size-full\" src=\"https:\/\/www.mondragon-assembly.com\/wp-content\/uploads\/2019\/06\/icon-main-features.jpg\" alt=\"\" width=\"41\" height=\"41\" \/> Caracter\u00edsticas principales<\/span><\/h3>\n<p>[\/vc_column_text][vc_column_text css=\u00bb\u00bb el_class=\u00bbicon_list\u00bb]<\/p>\n<ul>\n<li>Control de posici\u00f3n mediante c\u00e1maras de visi\u00f3n o l\u00e1seres<\/li>\n<li>Sistema de gesti\u00f3n inteligente de strings<\/li>\n<li>Robot de 6 ejes<\/li>\n<li>Estaci\u00f3n de corte de puntas opcional<\/li>\n<li>Test EL como opcional<\/li>\n<\/ul>\n<p>[\/vc_column_text][\/vc_column][vc_column width=\u00bb2\/5&#8243;][vc_column_text]<\/p>\n<h3><span style=\"color: #e20026;\"><img decoding=\"async\" class=\"alignnone wp-image-25046 size-full\" src=\"https:\/\/www.mondragon-assembly.com\/wp-content\/uploads\/2020\/10\/icon-module-technology.jpg\" alt=\"\" width=\"41\" height=\"41\" \/> Tecnolog\u00eda de m\u00f3dulos<\/span><\/h3>\n<p>[\/vc_column_text][vc_column_text css=\u00bb\u00bb el_class=\u00bbicon_list\u00bb]<\/p>\n<ul>\n<li>Tama\u00f1os de c\u00e9lula hasta M12+<\/li>\n<li>Adecuado para m\u00f3dulos BIPV<\/li>\n<li>C\u00e9lulas cortadas y c\u00e9lulas bifaciales<\/li>\n<li>Adecuado para cualquier tecnolog\u00eda de c\u00e9lulas<\/li>\n<\/ul>\n<p>[\/vc_column_text][\/vc_column][\/vc_row]<\/p>\n<\/div>","protected":false},"excerpt":{"rendered":"<p>[vc_row][vc_column][vc_column_text]Lay-up de alta velocidad y precisi\u00f3n con capacidad de hasta 600 strings\/hora.[\/vc_column_text][\/vc_column][\/vc_row][vc_row][vc_column][vc_single_image image=\u00bb72066&#8243; img_size=\u00bbfull\u00bb alignment=\u00bbcenter\u00bb style=\u00bbvc_box_outline\u00bb css_animation=\u00bbfadeIn\u00bb css=\u00bb\u00bb][\/vc_column][\/vc_row][vc_row][vc_column width=\u00bb1\/4&#8243;][\/vc_column][vc_column width=\u00bb1\/4&#8243;][vc_row_inner css=\u00bb.vc_custom_1561537027700{padding-left: 0px !important;}\u00bb][vc_column_inner width=\u00bb1\/4&#8243; css=\u00bb.vc_custom_1620121876754{padding-right: 0px !important;}\u00bb offset=\u00bbvc_col-xs-3&#8243;][vc_single_image image=\u00bb22271&#8243; img_size=\u00bbfull\u00bb][\/vc_column_inner][vc_column_inner width=\u00bb3\/4&#8243; css=\u00bb.vc_custom_1620121884793{padding-right: 0px !important;padding-left: 0px !important;}\u00bb offset=\u00bbvc_col-xs-9&#8243;][vc_column_text] Visi\u00f3n + test EL integrado [\/vc_column_text][\/vc_column_inner][\/vc_row_inner][\/vc_column][vc_column width=\u00bb1\/4&#8243;][vc_row_inner][vc_column_inner width=\u00bb1\/4&#8243; css=\u00bb.vc_custom_1620121891169{padding-right: 0px !important;}\u00bb offset=\u00bbvc_col-xs-3&#8243;][vc_single_image image=\u00bb22262&#8243; img_size=\u00bbfull\u00bb][\/vc_column_inner][vc_column_inner width=\u00bb3\/4&#8243; css=\u00bb.vc_custom_1620121899337{padding-left: 0px !important;}\u00bb [&hellip;]<\/p>\n","protected":false},"author":4,"featured_media":0,"parent":28428,"menu_order":0,"comment_status":"closed","ping_status":"closed","template":"sectors.php","meta":{"_lmt_disableupdate":"","_lmt_disable":"","footnotes":""},"yst_prominent_words":[4279,4805,5418,253,309,554,555,947,977,2120,2147,2191,2321,2826],"class_list":["post-27104","page","type-page","status-publish","hentry"],"acf":[],"_links":{"self":[{"href":"https:\/\/www.mondragon-assembly.com\/es\/wp-json\/wp\/v2\/pages\/27104","targetHints":{"allow":["GET"]}}],"collection":[{"href":"https:\/\/www.mondragon-assembly.com\/es\/wp-json\/wp\/v2\/pages"}],"about":[{"href":"https:\/\/www.mondragon-assembly.com\/es\/wp-json\/wp\/v2\/types\/page"}],"author":[{"embeddable":true,"href":"https:\/\/www.mondragon-assembly.com\/es\/wp-json\/wp\/v2\/users\/4"}],"replies":[{"embeddable":true,"href":"https:\/\/www.mondragon-assembly.com\/es\/wp-json\/wp\/v2\/comments?post=27104"}],"version-history":[{"count":29,"href":"https:\/\/www.mondragon-assembly.com\/es\/wp-json\/wp\/v2\/pages\/27104\/revisions"}],"predecessor-version":[{"id":72070,"href":"https:\/\/www.mondragon-assembly.com\/es\/wp-json\/wp\/v2\/pages\/27104\/revisions\/72070"}],"up":[{"embeddable":true,"href":"https:\/\/www.mondragon-assembly.com\/es\/wp-json\/wp\/v2\/pages\/28428"}],"wp:attachment":[{"href":"https:\/\/www.mondragon-assembly.com\/es\/wp-json\/wp\/v2\/media?parent=27104"}],"wp:term":[{"taxonomy":"yst_prominent_words","embeddable":true,"href":"https:\/\/www.mondragon-assembly.com\/es\/wp-json\/wp\/v2\/yst_prominent_words?post=27104"}],"curies":[{"name":"wp","href":"https:\/\/api.w.org\/{rel}","templated":true}]}}