{"id":27152,"date":"2020-10-25T18:24:57","date_gmt":"2020-10-25T16:24:57","guid":{"rendered":"https:\/\/www.mondragon-assembly.com\/laminators\/jt-inside-best-performance-laminator-on-the-market\/"},"modified":"2021-05-05T10:55:46","modified_gmt":"2021-05-05T08:55:46","slug":"jt-inside-best-performance-laminator-on-the-market","status":"publish","type":"page","link":"https:\/\/www.mondragon-assembly.com\/es\/solar-automation-solutions\/maquinas-individuales-2\/laminators\/jt-inside-best-performance-laminator-on-the-market\/","title":{"rendered":"JT INSIDE: Laminador con el mejor rendimiento del mercado"},"content":{"rendered":"<div class=\"wpb-content-wrapper\"><p>[vc_row][vc_column][vc_column_text]Elevada producci\u00f3n basada en tecnolog\u00eda certificada.[\/vc_column_text][\/vc_column][\/vc_row][vc_row][vc_column][vc_single_image image=\u00bb32080&#8243; img_size=\u00bbfull\u00bb alignment=\u00bbcenter\u00bb style=\u00bbvc_box_outline\u00bb][\/vc_column][\/vc_row][vc_row][vc_column width=\u00bb1\/6&#8243;][\/vc_column][vc_column width=\u00bb2\/6&#8243;][vc_row_inner][vc_column_inner width=\u00bb1\/4&#8243; css=\u00bb.vc_custom_1619778535631{padding-right: 0px !important;}\u00bb offset=\u00bbvc_col-xs-3&#8243;][vc_single_image image=\u00bb22020&#8243; img_size=\u00bbfull\u00bb alignment=\u00bbcenter\u00bb][\/vc_column_inner][vc_column_inner width=\u00bb3\/4&#8243; css=\u00bb.vc_custom_1620201548132{padding-left: 0px !important;}\u00bb offset=\u00bbvc_col-xs-9&#8243;][vc_column_text]<\/p>\n<h4>Tiempo de ciclo &lt;6 min<\/h4>\n<p>[\/vc_column_text][\/vc_column_inner][\/vc_row_inner][\/vc_column][vc_column width=\u00bb2\/6&#8243;][vc_row_inner css=\u00bb.vc_custom_1561537027700{padding-left: 0px !important;}\u00bb][vc_column_inner width=\u00bb1\/4&#8243; css=\u00bb.vc_custom_1619777961928{padding-right: 0px !important;}\u00bb offset=\u00bbvc_col-xs-3&#8243;][vc_single_image image=\u00bb22262&#8243; img_size=\u00bbfull\u00bb alignment=\u00bbcenter\u00bb][\/vc_column_inner][vc_column_inner width=\u00bb3\/4&#8243; offset=\u00bbvc_col-xs-9&#8243; css=\u00bb.vc_custom_1620201559596{padding-left: 0px !important;}\u00bb][vc_column_text]<\/p>\n<h4>Adecuado para m\u00f3dulos Cristal-Backsheet, Cristal-Cristal y BIPV<\/h4>\n<p>[\/vc_column_text][\/vc_column_inner][\/vc_row_inner][\/vc_column][vc_column width=\u00bb1\/6&#8243;][\/vc_column][\/vc_row][vc_row full_width=\u00bbstretch_row_content\u00bb][vc_column width=\u00bb1\/6&#8243;][\/vc_column][vc_column width=\u00bb2\/6&#8243;][vc_column_text]<\/p>\n<h3><span style=\"color: #e20026;\"><img decoding=\"async\" class=\"alignnone size-full wp-image-22215\" src=\"https:\/\/www.mondragon-assembly.com\/wp-content\/uploads\/2019\/06\/icon-description.jpg\" alt=\"\" width=\"41\" height=\"41\" \/> Descripci\u00f3n<\/span><\/h3>\n<p>[\/vc_column_text][vc_column_text]La laminaci\u00f3n es un proceso cr\u00edticos, asegura la calidad y<br \/>\ndurabilidad del m\u00f3dulo fotovoltaico.[\/vc_column_text][\/vc_column][vc_column width=\u00bb2\/6&#8243;][vc_column_text]<\/p>\n<h3><span style=\"color: #e20026;\"><img decoding=\"async\" class=\"alignnone wp-image-22325 size-full\" src=\"https:\/\/www.mondragon-assembly.com\/wp-content\/uploads\/2019\/06\/icon-advantages.jpg\" alt=\"\" width=\"41\" height=\"41\" \/> Ventajas<\/span><\/h3>\n<p>[\/vc_column_text][vc_column_text el_class=\u00bbicon_list\u00bb]<\/p>\n<ul>\n<li>Tama\u00f1o personalizado del plato de calentamiento<\/li>\n<li>Precisi\u00f3n &lt; \u00b1 1\u00baC<\/li>\n<li>Uptime &gt; 95%<\/li>\n<li>Bombas de vac\u00edo y roots pump de primeras marcas<\/li>\n<li>Soluci\u00f3n de laminaci\u00f3n m\u00e1s utilizada en el negocio solar<\/li>\n<li>Optimizaci\u00f3n del proceso a cargo del Servicio de Ingenier\u00eda de Procesos de Mondragon Assembly<\/li>\n<\/ul>\n<p>[\/vc_column_text][\/vc_column][vc_column width=\u00bb1\/6&#8243;][\/vc_column][\/vc_row][vc_row full_width=\u00bbstretch_row_content\u00bb][vc_column width=\u00bb1\/6&#8243;][\/vc_column][vc_column width=\u00bb2\/6&#8243;][vc_column_text]<\/p>\n<h3><span style=\"color: #e20026;\"><img decoding=\"async\" class=\"alignnone wp-image-22233 size-full\" src=\"https:\/\/www.mondragon-assembly.com\/wp-content\/uploads\/2019\/06\/icon-main-features.jpg\" alt=\"\" width=\"41\" height=\"41\" \/> Caracter\u00edsticas principales<\/span><\/h3>\n<p>[\/vc_column_text][vc_column_text el_class=\u00bbicon_list\u00bb]<\/p>\n<ul>\n<li>Laminadora con sistema de membrana<\/li>\n<li>Plato de calentamiento h\u00edbrido patentado<\/li>\n<li>Sistema opcional de elevaci\u00f3n de pins<\/li>\n<li>Configuraci\u00f3n en uno o dos pasos<\/li>\n<li>Proceso de refrigeraci\u00f3n opcional<\/li>\n<\/ul>\n<p>[\/vc_column_text][\/vc_column][vc_column width=\u00bb2\/6&#8243;][vc_column_text]<\/p>\n<h3><span style=\"color: #e20026;\"><img decoding=\"async\" class=\"alignnone wp-image-25046 size-full\" src=\"https:\/\/www.mondragon-assembly.com\/wp-content\/uploads\/2020\/10\/icon-module-technology.jpg\" alt=\"\" width=\"41\" height=\"41\" \/> Tecnolog\u00eda de m\u00f3dulos<\/span><\/h3>\n<p>[\/vc_column_text][vc_column_text el_class=\u00bbicon_list\u00bb]<\/p>\n<ul>\n<li>Adecuado para m\u00f3dulos BIPV<\/li>\n<li>Especialmente dise\u00f1ada para m\u00f3dulos de Cristal-Backsheet<\/li>\n<li>Adecuado para m\u00f3dulos de Cristal-Cristal<\/li>\n<li>V\u00e1lido para cualquier tipo de encapsulante<\/li>\n<\/ul>\n<p>[\/vc_column_text][\/vc_column][vc_column width=\u00bb1\/6&#8243;][\/vc_column][\/vc_row]<\/p>\n<\/div>","protected":false},"excerpt":{"rendered":"<p>[vc_row][vc_column][vc_column_text]Elevada producci\u00f3n basada en tecnolog\u00eda certificada.[\/vc_column_text][\/vc_column][\/vc_row][vc_row][vc_column][vc_single_image image=\u00bb32080&#8243; img_size=\u00bbfull\u00bb alignment=\u00bbcenter\u00bb style=\u00bbvc_box_outline\u00bb][\/vc_column][\/vc_row][vc_row][vc_column width=\u00bb1\/6&#8243;][\/vc_column][vc_column width=\u00bb2\/6&#8243;][vc_row_inner][vc_column_inner width=\u00bb1\/4&#8243; css=\u00bb.vc_custom_1619778535631{padding-right: 0px !important;}\u00bb offset=\u00bbvc_col-xs-3&#8243;][vc_single_image image=\u00bb22020&#8243; img_size=\u00bbfull\u00bb alignment=\u00bbcenter\u00bb][\/vc_column_inner][vc_column_inner width=\u00bb3\/4&#8243; css=\u00bb.vc_custom_1620201548132{padding-left: 0px !important;}\u00bb offset=\u00bbvc_col-xs-9&#8243;][vc_column_text] Tiempo de ciclo &lt;6 min [\/vc_column_text][\/vc_column_inner][\/vc_row_inner][\/vc_column][vc_column width=\u00bb2\/6&#8243;][vc_row_inner css=\u00bb.vc_custom_1561537027700{padding-left: 0px !important;}\u00bb][vc_column_inner width=\u00bb1\/4&#8243; css=\u00bb.vc_custom_1619777961928{padding-right: 0px !important;}\u00bb offset=\u00bbvc_col-xs-3&#8243;][vc_single_image image=\u00bb22262&#8243; img_size=\u00bbfull\u00bb alignment=\u00bbcenter\u00bb][\/vc_column_inner][vc_column_inner width=\u00bb3\/4&#8243; offset=\u00bbvc_col-xs-9&#8243; css=\u00bb.vc_custom_1620201559596{padding-left: 0px !important;}\u00bb][vc_column_text] Adecuado para m\u00f3dulos Cristal-Backsheet, Cristal-Cristal y BIPV [&hellip;]<\/p>\n","protected":false},"author":4,"featured_media":0,"parent":27136,"menu_order":0,"comment_status":"closed","ping_status":"closed","template":"sectors.php","meta":{"_lmt_disableupdate":"","_lmt_disable":"","footnotes":""},"yst_prominent_words":[5095,5096,5097,232,305,1079,1214,2181,4467,4482,4674,4759,4790],"class_list":["post-27152","page","type-page","status-publish","hentry"],"acf":[],"_links":{"self":[{"href":"https:\/\/www.mondragon-assembly.com\/es\/wp-json\/wp\/v2\/pages\/27152","targetHints":{"allow":["GET"]}}],"collection":[{"href":"https:\/\/www.mondragon-assembly.com\/es\/wp-json\/wp\/v2\/pages"}],"about":[{"href":"https:\/\/www.mondragon-assembly.com\/es\/wp-json\/wp\/v2\/types\/page"}],"author":[{"embeddable":true,"href":"https:\/\/www.mondragon-assembly.com\/es\/wp-json\/wp\/v2\/users\/4"}],"replies":[{"embeddable":true,"href":"https:\/\/www.mondragon-assembly.com\/es\/wp-json\/wp\/v2\/comments?post=27152"}],"version-history":[{"count":33,"href":"https:\/\/www.mondragon-assembly.com\/es\/wp-json\/wp\/v2\/pages\/27152\/revisions"}],"predecessor-version":[{"id":40306,"href":"https:\/\/www.mondragon-assembly.com\/es\/wp-json\/wp\/v2\/pages\/27152\/revisions\/40306"}],"up":[{"embeddable":true,"href":"https:\/\/www.mondragon-assembly.com\/es\/wp-json\/wp\/v2\/pages\/27136"}],"wp:attachment":[{"href":"https:\/\/www.mondragon-assembly.com\/es\/wp-json\/wp\/v2\/media?parent=27152"}],"wp:term":[{"taxonomy":"yst_prominent_words","embeddable":true,"href":"https:\/\/www.mondragon-assembly.com\/es\/wp-json\/wp\/v2\/yst_prominent_words?post=27152"}],"curies":[{"name":"wp","href":"https:\/\/api.w.org\/{rel}","templated":true}]}}