{"id":27181,"date":"2020-10-25T14:36:17","date_gmt":"2020-10-25T12:36:17","guid":{"rendered":"https:\/\/www.mondragon-assembly.com\/laminators\/ml-membrane-best-value-laminator\/"},"modified":"2024-01-05T16:48:53","modified_gmt":"2024-01-05T14:48:53","slug":"ml-membrane-best-value-laminator","status":"publish","type":"page","link":"https:\/\/www.mondragon-assembly.com\/es\/solar-automation-solutions\/maquinas-individuales-2\/laminators\/ml-membrane-best-value-laminator\/","title":{"rendered":"ML MEMBRANE: Laminador con la mejor relaci\u00f3n calidad precio"},"content":{"rendered":"<div class=\"wpb-content-wrapper\"><p>[vc_row][vc_column][vc_column_text]Elevada producci\u00f3n basada en tecnolog\u00eda certificada.[\/vc_column_text][\/vc_column][\/vc_row][vc_row][vc_column][vc_single_image image=\u00bb45631&#8243; img_size=\u00bbfull\u00bb alignment=\u00bbcenter\u00bb style=\u00bbvc_box_outline\u00bb][\/vc_column][\/vc_row][vc_row][vc_column width=\u00bb1\/4&#8243;][vc_row_inner][vc_column_inner width=\u00bb1\/4&#8243; css=\u00bb.vc_custom_1619778535631{padding-right: 0px !important;}\u00bb offset=\u00bbvc_col-xs-3&#8243;][vc_single_image image=\u00bb22020&#8243; img_size=\u00bbfull\u00bb alignment=\u00bbcenter\u00bb][\/vc_column_inner][vc_column_inner width=\u00bb3\/4&#8243; css=\u00bb.vc_custom_1620201548132{padding-left: 0px !important;}\u00bb offset=\u00bbvc_col-xs-9&#8243;][vc_column_text]<\/p>\n<h4>Tiempo de ciclo\u00a0\u00a0&lt;7\u00a0min<\/h4>\n<p>[\/vc_column_text][\/vc_column_inner][\/vc_row_inner][\/vc_column][vc_column width=\u00bb1\/4&#8243;][vc_row_inner][vc_column_inner width=\u00bb1\/4&#8243; css=\u00bb.vc_custom_1619777945487{padding-right: 0px !important;}\u00bb offset=\u00bbvc_col-xs-3&#8243;][vc_single_image image=\u00bb22280&#8243; img_size=\u00bbfull\u00bb alignment=\u00bbcenter\u00bb][\/vc_column_inner][vc_column_inner width=\u00bb3\/4&#8243; css=\u00bb.vc_custom_1620201553885{padding-left: 0px !important;}\u00bb offset=\u00bbvc_col-xs-9&#8243;][vc_column_text]<\/p>\n<h4>Tama\u00f1o personalizado del plato de calentamiento<\/h4>\n<p>[\/vc_column_text][\/vc_column_inner][\/vc_row_inner][\/vc_column][vc_column width=\u00bb1\/4&#8243;][vc_row_inner css=\u00bb.vc_custom_1561537027700{padding-left: 0px !important;}\u00bb][vc_column_inner width=\u00bb1\/4&#8243; css=\u00bb.vc_custom_1619777961928{padding-right: 0px !important;}\u00bb offset=\u00bbvc_col-xs-3&#8243;][vc_single_image image=\u00bb22262&#8243; img_size=\u00bbfull\u00bb alignment=\u00bbcenter\u00bb][\/vc_column_inner][vc_column_inner width=\u00bb3\/4&#8243; offset=\u00bbvc_col-xs-9&#8243; css=\u00bb.vc_custom_1620201559596{padding-left: 0px !important;}\u00bb][vc_column_text]<\/p>\n<h4>Adecuado para m\u00f3dulos Cristal-Backsheet<\/h4>\n<p>[\/vc_column_text][\/vc_column_inner][\/vc_row_inner][\/vc_column][vc_column width=\u00bb1\/4&#8243;][vc_row_inner css=\u00bb.vc_custom_1561537027700{padding-left: 0px !important;}\u00bb][vc_column_inner width=\u00bb1\/4&#8243; css=\u00bb.vc_custom_1619777961928{padding-right: 0px !important;}\u00bb offset=\u00bbvc_col-xs-3&#8243;][vc_single_image image=\u00bb64187&#8243; img_size=\u00bbfull\u00bb alignment=\u00bbcenter\u00bb][\/vc_column_inner][vc_column_inner width=\u00bb3\/4&#8243; offset=\u00bbvc_col-xs-9&#8243; css=\u00bb.vc_custom_1620201559596{padding-left: 0px !important;}\u00bb][vc_column_text]<\/p>\n<h4>Plato superior de calentamiento opcional<\/h4>\n<p>[\/vc_column_text][\/vc_column_inner][\/vc_row_inner][\/vc_column][\/vc_row][vc_row full_width=\u00bbstretch_row_content\u00bb][vc_column width=\u00bb1\/6&#8243;][\/vc_column][vc_column width=\u00bb2\/6&#8243;][vc_column_text]<\/p>\n<h3><span style=\"color: #e20026;\"><img decoding=\"async\" class=\"alignnone size-full wp-image-22215\" src=\"https:\/\/www.mondragon-assembly.com\/wp-content\/uploads\/2019\/06\/icon-description.jpg\" alt=\"\" width=\"41\" height=\"41\" \/> Descripci\u00f3n<\/span><\/h3>\n<p>[\/vc_column_text][vc_column_text]La laminaci\u00f3n es uno de los procesos m\u00e1s cr\u00edticos en la l\u00ednea de fabricaci\u00f3n de paneles solares; garantiza la calidad y durabilidad del m\u00f3dulo fotovoltaico. Los materiales correspondientes se colocan sobre el cristal del m\u00f3dulo fotovoltaico que se va a introducir en el laminador. En las c\u00e1maras del laminador se crea un vac\u00edo para eliminar el aire del m\u00f3dulo y, en combinaci\u00f3n con una presi\u00f3n controlada y una temperatura homog\u00e9nea, el resultado es un laminado compacto con la mejor fiabilidad del mercado.[\/vc_column_text][\/vc_column][vc_column width=\u00bb2\/6&#8243;][vc_column_text]<\/p>\n<h3><span style=\"color: #e20026;\"><img decoding=\"async\" class=\"alignnone wp-image-22325 size-full\" src=\"https:\/\/www.mondragon-assembly.com\/wp-content\/uploads\/2019\/06\/icon-advantages.jpg\" alt=\"\" width=\"41\" height=\"41\" \/> Ventajas<\/span><\/h3>\n<p>[\/vc_column_text][vc_column_text el_class=\u00bbicon_list\u00bb]<\/p>\n<ul>\n<li>Prensa laminadora de membrana<\/li>\n<li>Tama\u00f1os de placa calefactora personalizados<\/li>\n<li>Precisi\u00f3n &lt; \u00b1 1,5\u00baC<\/li>\n<li>Bombas de vac\u00edo y roots pump de primeras marcas<\/li>\n<li>Soluci\u00f3n de laminaci\u00f3n m\u00e1s popular en el mercado solar<\/li>\n<li>Optimizaci\u00f3n del proceso por el servicio de ingenier\u00eda de procesos de Mondragon Assembly<\/li>\n<\/ul>\n<p>[\/vc_column_text][\/vc_column][vc_column width=\u00bb1\/6&#8243;][\/vc_column][\/vc_row][vc_row full_width=\u00bbstretch_row_content\u00bb][vc_column width=\u00bb1\/6&#8243;][\/vc_column][vc_column width=\u00bb2\/6&#8243;][vc_column_text]<\/p>\n<h3><span style=\"color: #e20026;\"><img decoding=\"async\" class=\"alignnone wp-image-22233 size-full\" src=\"https:\/\/www.mondragon-assembly.com\/wp-content\/uploads\/2019\/06\/icon-main-features.jpg\" alt=\"\" width=\"41\" height=\"41\" \/> Caracter\u00edsticas principales<\/span><\/h3>\n<p>[\/vc_column_text][vc_column_text el_class=\u00bbicon_list\u00bb]<\/p>\n<ul>\n<li>1 \u00f3 2 pasos de laminaci\u00f3n y prensa de enfriamiento opcional<\/li>\n<li>Laminadora de una o dos pilas<\/li>\n<li>Homogeneidad de temperatura de la placa calefactora \u00b11,5\u00baC<\/li>\n<li>Sistema pin-lift opcional<\/li>\n<li>Apertura simple o doble<\/li>\n<li>Disponibilidad t\u00e9cnica (VDI 3423) &gt; 95%.<\/li>\n<li>Rendimiento &gt; 99,9%<\/li>\n<li>Calentamiento superior opcional<\/li>\n<\/ul>\n<p>[\/vc_column_text][\/vc_column][vc_column width=\u00bb2\/6&#8243;][vc_column_text]<\/p>\n<h3><span style=\"color: #e20026;\"><img decoding=\"async\" class=\"alignnone wp-image-25046 size-full\" src=\"https:\/\/www.mondragon-assembly.com\/wp-content\/uploads\/2020\/10\/icon-module-technology.jpg\" alt=\"\" width=\"41\" height=\"41\" \/> Tecnolog\u00eda de m\u00f3dulos<\/span><\/h3>\n<p>[\/vc_column_text][vc_column_text el_class=\u00bbicon_list\u00bb]<\/p>\n<ul>\n<li>V\u00e1lido para todo tipo de encapsulantes (EVA,POE,TPO,PBV)<\/li>\n<li>Especialmente dise\u00f1ado para m\u00f3dulos Cristal-Backsheet<\/li>\n<li>Adecuado para m\u00f3dulos BIPV<\/li>\n<li>Todo tipo de c\u00e9lulas (PERC,HJT,CIGS&#8230;)<\/li>\n<li>Ribbon plano o hilo redondo<\/li>\n<\/ul>\n<p>[\/vc_column_text][\/vc_column][vc_column width=\u00bb1\/6&#8243;][\/vc_column][\/vc_row]<\/p>\n<\/div>","protected":false},"excerpt":{"rendered":"<p>[vc_row][vc_column][vc_column_text]Elevada producci\u00f3n basada en tecnolog\u00eda certificada.[\/vc_column_text][\/vc_column][\/vc_row][vc_row][vc_column][vc_single_image image=\u00bb45631&#8243; img_size=\u00bbfull\u00bb alignment=\u00bbcenter\u00bb style=\u00bbvc_box_outline\u00bb][\/vc_column][\/vc_row][vc_row][vc_column width=\u00bb1\/4&#8243;][vc_row_inner][vc_column_inner width=\u00bb1\/4&#8243; css=\u00bb.vc_custom_1619778535631{padding-right: 0px !important;}\u00bb offset=\u00bbvc_col-xs-3&#8243;][vc_single_image image=\u00bb22020&#8243; img_size=\u00bbfull\u00bb alignment=\u00bbcenter\u00bb][\/vc_column_inner][vc_column_inner width=\u00bb3\/4&#8243; css=\u00bb.vc_custom_1620201548132{padding-left: 0px !important;}\u00bb offset=\u00bbvc_col-xs-9&#8243;][vc_column_text] Tiempo de ciclo\u00a0\u00a0&lt;7\u00a0min [\/vc_column_text][\/vc_column_inner][\/vc_row_inner][\/vc_column][vc_column width=\u00bb1\/4&#8243;][vc_row_inner][vc_column_inner width=\u00bb1\/4&#8243; css=\u00bb.vc_custom_1619777945487{padding-right: 0px !important;}\u00bb offset=\u00bbvc_col-xs-3&#8243;][vc_single_image image=\u00bb22280&#8243; img_size=\u00bbfull\u00bb alignment=\u00bbcenter\u00bb][\/vc_column_inner][vc_column_inner width=\u00bb3\/4&#8243; css=\u00bb.vc_custom_1620201553885{padding-left: 0px !important;}\u00bb offset=\u00bbvc_col-xs-9&#8243;][vc_column_text] Tama\u00f1o personalizado del plato de calentamiento [\/vc_column_text][\/vc_column_inner][\/vc_row_inner][\/vc_column][vc_column width=\u00bb1\/4&#8243;][vc_row_inner css=\u00bb.vc_custom_1561537027700{padding-left: 0px !important;}\u00bb][vc_column_inner width=\u00bb1\/4&#8243; css=\u00bb.vc_custom_1619777961928{padding-right: [&hellip;]<\/p>\n","protected":false},"author":4,"featured_media":0,"parent":27136,"menu_order":0,"comment_status":"closed","ping_status":"closed","template":"sectors.php","meta":{"_lmt_disableupdate":"","_lmt_disable":"","footnotes":""},"yst_prominent_words":[5095,5096,5097,232,305,1079,1214,2181,4467,4482,4674,4759,4790],"class_list":["post-27181","page","type-page","status-publish","hentry"],"acf":[],"_links":{"self":[{"href":"https:\/\/www.mondragon-assembly.com\/es\/wp-json\/wp\/v2\/pages\/27181","targetHints":{"allow":["GET"]}}],"collection":[{"href":"https:\/\/www.mondragon-assembly.com\/es\/wp-json\/wp\/v2\/pages"}],"about":[{"href":"https:\/\/www.mondragon-assembly.com\/es\/wp-json\/wp\/v2\/types\/page"}],"author":[{"embeddable":true,"href":"https:\/\/www.mondragon-assembly.com\/es\/wp-json\/wp\/v2\/users\/4"}],"replies":[{"embeddable":true,"href":"https:\/\/www.mondragon-assembly.com\/es\/wp-json\/wp\/v2\/comments?post=27181"}],"version-history":[{"count":36,"href":"https:\/\/www.mondragon-assembly.com\/es\/wp-json\/wp\/v2\/pages\/27181\/revisions"}],"predecessor-version":[{"id":66592,"href":"https:\/\/www.mondragon-assembly.com\/es\/wp-json\/wp\/v2\/pages\/27181\/revisions\/66592"}],"up":[{"embeddable":true,"href":"https:\/\/www.mondragon-assembly.com\/es\/wp-json\/wp\/v2\/pages\/27136"}],"wp:attachment":[{"href":"https:\/\/www.mondragon-assembly.com\/es\/wp-json\/wp\/v2\/media?parent=27181"}],"wp:term":[{"taxonomy":"yst_prominent_words","embeddable":true,"href":"https:\/\/www.mondragon-assembly.com\/es\/wp-json\/wp\/v2\/yst_prominent_words?post=27181"}],"curies":[{"name":"wp","href":"https:\/\/api.w.org\/{rel}","templated":true}]}}