{"id":27200,"date":"2016-04-15T09:08:31","date_gmt":"2016-04-15T07:08:31","guid":{"rendered":"https:\/\/www.mondragon-assembly.com\/pv-module-testing\/"},"modified":"2021-02-25T11:28:35","modified_gmt":"2021-02-25T09:28:35","slug":"pv-module-testing","status":"publish","type":"page","link":"https:\/\/www.mondragon-assembly.com\/es\/solar-automation-solutions\/maquinas-individuales-2\/pv-module-testing\/","title":{"rendered":"Testeo de m\u00f3dulos fotovoltaicos"},"content":{"rendered":"<div class=\"wpb-content-wrapper\"><p>[vc_row][vc_column][vc_column_text css=\u00bb.vc_custom_1614245249532{margin-top: -15px !important;}\u00bb]Nuestras soluciones emplean las tecnolog\u00edas m\u00e1s avanzadas para garantizar un rendimiento id\u00f3neo de los m\u00f3dulos fotovoltaicos.[\/vc_column_text][\/vc_column][\/vc_row][vc_row][vc_column][vc_column_text el_class=\u00bbicon_list_subt_gr\u00bb css=\u00bb.vc_custom_1610112159039{margin-top: -10px !important;}\u00bb]<\/p>\n<h3 style=\"font-weight: bold;\"><span style=\"color: #3d3d3d;\">Simulador solar<\/span><\/h3>\n<p>[\/vc_column_text][vc_row_inner][vc_column_inner width=\u00bb1\/2&#8243;][vc_column_text css=\u00bb.vc_custom_1603968427427{margin-top: -10px !important;}\u00bb]<\/p>\n<h3><span style=\"color: #e20026;\"><img decoding=\"async\" class=\"alignnone size-full wp-image-22215\" src=\"https:\/\/www.mondragon-assembly.com\/wp-content\/uploads\/2019\/06\/icon-description.jpg\" alt=\"\" width=\"41\" height=\"41\" \/> Descripci\u00f3n<\/span><\/h3>\n<p>[\/vc_column_text][vc_column_text]Esta m\u00e1quina realiza una evaluaci\u00f3n directa y sencilla de la resistencia en serie para calcular la potencia del m\u00f3dulo, guardando posteriormente las mediciones en el ordenador e imprimiendo una etiqueta con el c\u00f3digo de barras y la potencia medida de cada m\u00f3dulo.[\/vc_column_text][\/vc_column_inner][vc_column_inner width=\u00bb1\/2&#8243;][vc_single_image image=\u00bb22952&#8243; img_size=\u00bbfull\u00bb style=\u00bbvc_box_outline\u00bb css_animation=\u00bbfadeIn\u00bb][\/vc_column_inner][\/vc_row_inner][vc_row_inner][vc_column_inner width=\u00bb1\/2&#8243;][vc_column_text css=\u00bb.vc_custom_1603968431888{margin-top: -10px !important;}\u00bb]<\/p>\n<h3><span style=\"color: #e20026;\"><img decoding=\"async\" class=\"alignnone wp-image-22233 size-full\" src=\"https:\/\/www.mondragon-assembly.com\/wp-content\/uploads\/2019\/06\/icon-main-features.jpg\" alt=\"\" width=\"41\" height=\"41\" \/> Caracter\u00edsticas principales<\/span><\/h3>\n<p>[\/vc_column_text][vc_column_text el_class=\u00bbicon_list\u00bb]<\/p>\n<ul>\n<li>A+A+A+ simuladores<\/li>\n<li>Rango espectral m\u00e1ximo 300-1200 nm<\/li>\n<li>Tecnolog\u00eda Xenon o LED<\/li>\n<li>Rango de irradiaci\u00f3n total 200-1200 W\/m2<\/li>\n<li>Est\u00e1ndar IEC<\/li>\n<li>Tiempo de ciclo &lt; 20 segundos<\/li>\n<li>F\u00e1cil integraci\u00f3n con el sistema MES<\/li>\n<\/ul>\n<p>[\/vc_column_text][\/vc_column_inner][vc_column_inner width=\u00bb1\/2&#8243;][vc_column_text css=\u00bb.vc_custom_1611842587773{margin-top: -10px !important;}\u00bb]<\/p>\n<h3><span style=\"color: #e20026;\"><img decoding=\"async\" class=\"alignnone wp-image-25046 size-full\" src=\"https:\/\/www.mondragon-assembly.com\/wp-content\/uploads\/2020\/10\/icon-module-technology.jpg\" alt=\"\" width=\"41\" height=\"41\" \/> Tecnolog\u00eda de m\u00f3dulos<\/span><\/h3>\n<p>[\/vc_column_text][vc_column_text el_class=\u00bbicon_list\u00bb]<\/p>\n<ul>\n<li>Tipos de c\u00e9lula: HJT, TopCon, Mono-PERC y POLY<\/li>\n<li>M\u00f3dulos con marco y sin marco<\/li>\n<li>C\u00e9lulas enteras y cortadas<\/li>\n<li>M\u00f3dulos monofaciales y bifaciales<\/li>\n<\/ul>\n<p>[\/vc_column_text][\/vc_column_inner][\/vc_row_inner][\/vc_column][\/vc_row][vc_row][vc_column][vc_separator][\/vc_column][\/vc_row][vc_row][vc_column][vc_column_text el_class=\u00bbicon_list_subt_gr\u00bb css=\u00bb.vc_custom_1610112191280{margin-top: -10px !important;}\u00bb]<\/p>\n<h3 style=\"font-weight: bold;\"><span style=\"color: #3d3d3d;\">M\u00e1quina EL<\/span><\/h3>\n<p>[\/vc_column_text][vc_row_inner][vc_column_inner width=\u00bb1\/2&#8243;][vc_column_text css=\u00bb.vc_custom_1603968427427{margin-top: -10px !important;}\u00bb]<\/p>\n<h3><span style=\"color: #e20026;\"><img decoding=\"async\" class=\"alignnone size-full wp-image-22215\" src=\"https:\/\/www.mondragon-assembly.com\/wp-content\/uploads\/2019\/06\/icon-description.jpg\" alt=\"\" width=\"41\" height=\"41\" \/> Descripci\u00f3n<\/span><\/h3>\n<p>[\/vc_column_text][vc_column_text]El sistema de inspecci\u00f3n EL est\u00e1 equipado con c\u00e1maras de alta definici\u00f3n, permitiendo detectar f\u00e1cilmente defectos tales como microgrietas, \u00e1reas oscuras y cortocircuitos.[\/vc_column_text][\/vc_column_inner][vc_column_inner width=\u00bb1\/2&#8243;][vc_single_image image=\u00bb26766&#8243; img_size=\u00bbfull\u00bb style=\u00bbvc_box_outline\u00bb css_animation=\u00bbfadeIn\u00bb][\/vc_column_inner][\/vc_row_inner][vc_row_inner][vc_column_inner width=\u00bb1\/2&#8243;][vc_column_text css=\u00bb.vc_custom_1603968431888{margin-top: -10px !important;}\u00bb]<\/p>\n<h3><span style=\"color: #e20026;\"><img decoding=\"async\" class=\"alignnone wp-image-22233 size-full\" src=\"https:\/\/www.mondragon-assembly.com\/wp-content\/uploads\/2019\/06\/icon-main-features.jpg\" alt=\"\" width=\"41\" height=\"41\" \/> Caracter\u00edsticas principales<\/span><\/h3>\n<p>[\/vc_column_text][vc_column_text el_class=\u00bbicon_list\u00bb]<\/p>\n<ul>\n<li>Adquisici\u00f3n de imagen r\u00e1pida y f\u00e1cil<\/li>\n<li>Software de verificaci\u00f3n autom\u00e1tica<\/li>\n<li>Tiempo de ciclo &lt; 20 segundos<\/li>\n<li>Precisi\u00f3n: 1px = 0,17 mm<\/li>\n<li>F\u00e1cil integraci\u00f3n con el sistema MES<\/li>\n<\/ul>\n<p>[\/vc_column_text][\/vc_column_inner][vc_column_inner width=\u00bb1\/2&#8243;][vc_column_text css=\u00bb.vc_custom_1611842620362{margin-top: -10px !important;}\u00bb]<\/p>\n<h3><span style=\"color: #e20026;\"><img decoding=\"async\" class=\"alignnone wp-image-25046 size-full\" src=\"https:\/\/www.mondragon-assembly.com\/wp-content\/uploads\/2020\/10\/icon-module-technology.jpg\" alt=\"\" width=\"41\" height=\"41\" \/> Tecnolog\u00eda de m\u00f3dulos<\/span><\/h3>\n<p>[\/vc_column_text][vc_column_text el_class=\u00bbicon_list\u00bb]<\/p>\n<ul>\n<li>Tipos de c\u00e9lula: HJT, TopCon, Mono-PERC y POLY<\/li>\n<li>M\u00f3dulos con marco y sin marco<\/li>\n<li>C\u00e9lulas enteras y cortadas<\/li>\n<li>M\u00f3dulos monofaciales y bifaciales<\/li>\n<\/ul>\n<p>[\/vc_column_text][\/vc_column_inner][\/vc_row_inner][\/vc_column][\/vc_row][vc_row][vc_column][vc_separator][\/vc_column][\/vc_row][vc_row][vc_column][vc_column_text el_class=\u00bbicon_list_subt_gr\u00bb css=\u00bb.vc_custom_1610112339991{margin-top: -10px !important;}\u00bb]<\/p>\n<h3 style=\"font-weight: bold;\"><span style=\"color: #3d3d3d;\">Inspecci\u00f3n Hi-Pot<\/span><\/h3>\n<p>[\/vc_column_text][vc_row_inner][vc_column_inner width=\u00bb1\/2&#8243;][vc_column_text css=\u00bb.vc_custom_1603968427427{margin-top: -10px !important;}\u00bb]<\/p>\n<h3><span style=\"color: #e20026;\"><img decoding=\"async\" class=\"alignnone size-full wp-image-22215\" src=\"https:\/\/www.mondragon-assembly.com\/wp-content\/uploads\/2019\/06\/icon-description.jpg\" alt=\"\" width=\"41\" height=\"41\" \/> Descripci\u00f3n<\/span><\/h3>\n<p>[\/vc_column_text][vc_column_text]Este equipo realiza los test de aislamiento el\u00e9ctrico del panel.[\/vc_column_text][\/vc_column_inner][vc_column_inner width=\u00bb1\/2&#8243;][vc_single_image image=\u00bb25843&#8243; img_size=\u00bbfull\u00bb style=\u00bbvc_box_outline\u00bb css_animation=\u00bbfadeIn\u00bb][\/vc_column_inner][\/vc_row_inner][vc_row_inner][vc_column_inner width=\u00bb1\/2&#8243;][vc_column_text css=\u00bb.vc_custom_1603968431888{margin-top: -10px !important;}\u00bb]<\/p>\n<h3><span style=\"color: #e20026;\"><img decoding=\"async\" class=\"alignnone wp-image-22233 size-full\" src=\"https:\/\/www.mondragon-assembly.com\/wp-content\/uploads\/2019\/06\/icon-main-features.jpg\" alt=\"\" width=\"41\" height=\"41\" \/> Caracter\u00edsticas principales<\/span><\/h3>\n<p>[\/vc_column_text][vc_column_text el_class=\u00bbicon_list\u00bb]<\/p>\n<ul>\n<li>Est\u00e1ndar IEC<\/li>\n<li>Se pueden realizar los siguientes tipos de prueba:\n<ul>\n<li>Resistencia diel\u00e9ctrica<\/li>\n<li>Pruebas de continuidad y de eficiencia<\/li>\n<li>Resistencia de aislamiento<\/li>\n<\/ul>\n<\/li>\n<li>F\u00e1cil integraci\u00f3n con el sistema MES<\/li>\n<\/ul>\n<p>[\/vc_column_text][\/vc_column_inner][vc_column_inner width=\u00bb1\/2&#8243;][vc_column_text css=\u00bb.vc_custom_1611842648183{margin-top: -10px !important;}\u00bb]<\/p>\n<h3><span style=\"color: #e20026;\"><img decoding=\"async\" class=\"alignnone wp-image-25046 size-full\" src=\"https:\/\/www.mondragon-assembly.com\/wp-content\/uploads\/2020\/10\/icon-module-technology.jpg\" alt=\"\" width=\"41\" height=\"41\" \/> Tecnolog\u00eda de m\u00f3dulos<\/span><\/h3>\n<p>[\/vc_column_text][vc_column_text el_class=\u00bbicon_list\u00bb]<\/p>\n<ul>\n<li>M\u00f3dulos con marco y sin marco<\/li>\n<\/ul>\n<p>[\/vc_column_text][\/vc_column_inner][\/vc_row_inner][\/vc_column][\/vc_row][vc_row][vc_column][vc_separator][\/vc_column][\/vc_row][vc_row][vc_column][vc_column_text el_class=\u00bbicon_list_subt_gr\u00bb css=\u00bb.vc_custom_1610112349276{margin-top: -10px !important;}\u00bb]<\/p>\n<h3 style=\"font-weight: bold;\"><span style=\"color: #3d3d3d;\">Inspecci\u00f3n visual<\/span><\/h3>\n<p>[\/vc_column_text][vc_row_inner][vc_column_inner width=\u00bb1\/2&#8243;][vc_column_text css=\u00bb.vc_custom_1603968427427{margin-top: -10px !important;}\u00bb]<\/p>\n<h3><span style=\"color: #e20026;\"><img decoding=\"async\" class=\"alignnone size-full wp-image-22215\" src=\"https:\/\/www.mondragon-assembly.com\/wp-content\/uploads\/2019\/06\/icon-description.jpg\" alt=\"\" width=\"41\" height=\"41\" \/> Descripci\u00f3n<\/span><\/h3>\n<p>[\/vc_column_text][vc_column_text]Inspecci\u00f3n autom\u00e1tica o manual del m\u00f3dulo para asegurar la calidad antes del final de la l\u00ednea.[\/vc_column_text][vc_empty_space height=\u00bb15px\u00bb][vc_column_text css=\u00bb.vc_custom_1603968431888{margin-top: -10px !important;}\u00bb]<\/p>\n<h3><span style=\"color: #e20026;\"><img decoding=\"async\" class=\"alignnone wp-image-22233 size-full\" src=\"https:\/\/www.mondragon-assembly.com\/wp-content\/uploads\/2019\/06\/icon-main-features.jpg\" alt=\"\" width=\"41\" height=\"41\" \/> Caracter\u00edsticas principales<\/span><\/h3>\n<p>[\/vc_column_text][vc_column_text el_class=\u00bbicon_list\u00bb]<\/p>\n<ul>\n<li>Opci\u00f3n manual o autom\u00e1tica<\/li>\n<li>Control de la matriz de c\u00e9lulas y strings<\/li>\n<li>C\u00e9lulas rotas o piezas desplazadas<\/li>\n<li>Ribbon desalineado o defectos del hilo<\/li>\n<li>Burbujas u otros defectos de laminado<\/li>\n<li>Dimensiones del m\u00f3dulo externas y rigidez del marco<\/li>\n<li>Otras caracter\u00edsticas bajo pedido<\/li>\n<li>F\u00e1cil integraci\u00f3n con el sistema MES<\/li>\n<\/ul>\n<p>[\/vc_column_text][\/vc_column_inner][vc_column_inner width=\u00bb1\/2&#8243;][vc_single_image image=\u00bb25414&#8243; img_size=\u00bbfull\u00bb style=\u00bbvc_box_outline\u00bb css_animation=\u00bbfadeIn\u00bb][\/vc_column_inner][\/vc_row_inner][vc_row_inner][vc_column_inner][\/vc_column_inner][\/vc_row_inner][\/vc_column][\/vc_row][vc_row][vc_column][vc_empty_space][\/vc_column][\/vc_row]<\/p>\n<\/div>","protected":false},"excerpt":{"rendered":"<p>[vc_row][vc_column][vc_column_text css=\u00bb.vc_custom_1614245249532{margin-top: -15px !important;}\u00bb]Nuestras soluciones emplean las tecnolog\u00edas m\u00e1s avanzadas para garantizar un rendimiento id\u00f3neo de los m\u00f3dulos fotovoltaicos.[\/vc_column_text][\/vc_column][\/vc_row][vc_row][vc_column][vc_column_text el_class=\u00bbicon_list_subt_gr\u00bb css=\u00bb.vc_custom_1610112159039{margin-top: -10px !important;}\u00bb] Simulador solar [\/vc_column_text][vc_row_inner][vc_column_inner width=\u00bb1\/2&#8243;][vc_column_text css=\u00bb.vc_custom_1603968427427{margin-top: -10px !important;}\u00bb] Descripci\u00f3n [\/vc_column_text][vc_column_text]Esta m\u00e1quina realiza una evaluaci\u00f3n directa y sencilla de la resistencia en serie para calcular la potencia del m\u00f3dulo, guardando posteriormente las mediciones en [&hellip;]<\/p>\n","protected":false},"author":4,"featured_media":0,"parent":28428,"menu_order":0,"comment_status":"closed","ping_status":"closed","template":"sectors.php","meta":{"_lmt_disableupdate":"","_lmt_disable":"","footnotes":""},"yst_prominent_words":[],"class_list":["post-27200","page","type-page","status-publish","hentry"],"acf":[],"_links":{"self":[{"href":"https:\/\/www.mondragon-assembly.com\/es\/wp-json\/wp\/v2\/pages\/27200","targetHints":{"allow":["GET"]}}],"collection":[{"href":"https:\/\/www.mondragon-assembly.com\/es\/wp-json\/wp\/v2\/pages"}],"about":[{"href":"https:\/\/www.mondragon-assembly.com\/es\/wp-json\/wp\/v2\/types\/page"}],"author":[{"embeddable":true,"href":"https:\/\/www.mondragon-assembly.com\/es\/wp-json\/wp\/v2\/users\/4"}],"replies":[{"embeddable":true,"href":"https:\/\/www.mondragon-assembly.com\/es\/wp-json\/wp\/v2\/comments?post=27200"}],"version-history":[{"count":30,"href":"https:\/\/www.mondragon-assembly.com\/es\/wp-json\/wp\/v2\/pages\/27200\/revisions"}],"predecessor-version":[{"id":34586,"href":"https:\/\/www.mondragon-assembly.com\/es\/wp-json\/wp\/v2\/pages\/27200\/revisions\/34586"}],"up":[{"embeddable":true,"href":"https:\/\/www.mondragon-assembly.com\/es\/wp-json\/wp\/v2\/pages\/28428"}],"wp:attachment":[{"href":"https:\/\/www.mondragon-assembly.com\/es\/wp-json\/wp\/v2\/media?parent=27200"}],"wp:term":[{"taxonomy":"yst_prominent_words","embeddable":true,"href":"https:\/\/www.mondragon-assembly.com\/es\/wp-json\/wp\/v2\/yst_prominent_words?post=27200"}],"curies":[{"name":"wp","href":"https:\/\/api.w.org\/{rel}","templated":true}]}}