{"id":27296,"date":"2020-11-01T20:52:53","date_gmt":"2020-11-01T18:52:53","guid":{"rendered":"https:\/\/www.mondragon-assembly.com\/other-equipment\/buffer\/"},"modified":"2021-03-28T21:03:20","modified_gmt":"2021-03-28T19:03:20","slug":"buffer","status":"publish","type":"page","link":"https:\/\/www.mondragon-assembly.com\/es\/solar-automation-solutions\/maquinas-individuales-2\/equipos-auxiliares\/buffer\/","title":{"rendered":"Buffer"},"content":{"rendered":"<div class=\"wpb-content-wrapper\"><p>[vc_row][vc_column][vc_single_image image=\u00bb36997&#8243; img_size=\u00bbfull\u00bb alignment=\u00bbcenter\u00bb style=\u00bbvc_box_shadow_border\u00bb css_animation=\u00bbfadeIn\u00bb][\/vc_column][\/vc_row][vc_row full_width=\u00bbstretch_row_content\u00bb][vc_column width=\u00bb1\/5&#8243;][\/vc_column][vc_column width=\u00bb2\/5&#8243;][vc_column_text]<\/p>\n<h3><span style=\"color: #e20026;\"><img decoding=\"async\" class=\"alignnone size-full wp-image-22215\" src=\"https:\/\/www.mondragon-assembly.com\/wp-content\/uploads\/2019\/06\/icon-description.jpg\" alt=\"\" width=\"41\" height=\"41\" \/> Descripci\u00f3n<\/span><\/h3>\n<p>[\/vc_column_text][vc_column_text]El buffer almacena material durante el proceso para compensar y<br \/>\nfiltrar los tiempos de parada de las m\u00e1quinas de l\u00ednea.[\/vc_column_text][\/vc_column][vc_column width=\u00bb2\/5&#8243;][vc_column_text]<\/p>\n<h3><span style=\"color: #e20026;\"><img decoding=\"async\" class=\"alignnone wp-image-22325 size-full\" src=\"https:\/\/www.mondragon-assembly.com\/wp-content\/uploads\/2019\/06\/icon-advantages.jpg\" alt=\"\" width=\"41\" height=\"41\" \/> Ventajas<\/span><\/h3>\n<p>[\/vc_column_text][vc_column_text el_class=\u00bbicon_list\u00bb]<\/p>\n<ul>\n<li>Elevada productividad<\/li>\n<li>Uptime &gt; 95%<\/li>\n<li>No requiere supervisi\u00f3n continua<\/li>\n<li>Permite la compensaci\u00f3n de los tiempos<br \/>\nde parada de las m\u00e1quinas optimizando<br \/>\nel uso de la l\u00ednea de producci\u00f3n, alcanzando<br \/>\nun mayor rendimiento<\/li>\n<\/ul>\n<p>[\/vc_column_text][\/vc_column][\/vc_row][vc_row full_width=\u00bbstretch_row_content\u00bb][vc_column width=\u00bb1\/5&#8243;][\/vc_column][vc_column width=\u00bb2\/5&#8243;][vc_column_text]<\/p>\n<h3><span style=\"color: #e20026;\"><img decoding=\"async\" class=\"alignnone wp-image-22233 size-full\" src=\"https:\/\/www.mondragon-assembly.com\/wp-content\/uploads\/2019\/06\/icon-main-features.jpg\" alt=\"\" width=\"41\" height=\"41\" \/> Caracter\u00edsticas principales<\/span><\/h3>\n<p>[\/vc_column_text][vc_column_text el_class=\u00bbicon_list\u00bb]<\/p>\n<ul>\n<li>Almacena m\u00f3dulos de prelaminado y laminado<\/li>\n<li>Tiempo de ciclo &lt; 22 segundos<\/li>\n<li>Capacidad para 15 m\u00f3dulos<\/li>\n<li>M\u00e9todo LIFO<\/li>\n<\/ul>\n<p>[\/vc_column_text][\/vc_column][vc_column width=\u00bb2\/5&#8243;][\/vc_column][\/vc_row]<\/p>\n<\/div>","protected":false},"excerpt":{"rendered":"<p>[vc_row][vc_column][vc_single_image image=\u00bb36997&#8243; img_size=\u00bbfull\u00bb alignment=\u00bbcenter\u00bb style=\u00bbvc_box_shadow_border\u00bb css_animation=\u00bbfadeIn\u00bb][\/vc_column][\/vc_row][vc_row full_width=\u00bbstretch_row_content\u00bb][vc_column width=\u00bb1\/5&#8243;][\/vc_column][vc_column width=\u00bb2\/5&#8243;][vc_column_text] Descripci\u00f3n [\/vc_column_text][vc_column_text]El buffer almacena material durante el proceso para compensar y filtrar los tiempos de parada de las m\u00e1quinas de l\u00ednea.[\/vc_column_text][\/vc_column][vc_column width=\u00bb2\/5&#8243;][vc_column_text] Ventajas [\/vc_column_text][vc_column_text el_class=\u00bbicon_list\u00bb] Elevada productividad Uptime &gt; 95% No requiere supervisi\u00f3n continua Permite la compensaci\u00f3n de los tiempos de parada de las m\u00e1quinas optimizando [&hellip;]<\/p>\n","protected":false},"author":4,"featured_media":0,"parent":27216,"menu_order":0,"comment_status":"closed","ping_status":"closed","template":"sectors.php","meta":{"_lmt_disableupdate":"","_lmt_disable":"","footnotes":""},"yst_prominent_words":[],"class_list":["post-27296","page","type-page","status-publish","hentry"],"acf":[],"_links":{"self":[{"href":"https:\/\/www.mondragon-assembly.com\/es\/wp-json\/wp\/v2\/pages\/27296","targetHints":{"allow":["GET"]}}],"collection":[{"href":"https:\/\/www.mondragon-assembly.com\/es\/wp-json\/wp\/v2\/pages"}],"about":[{"href":"https:\/\/www.mondragon-assembly.com\/es\/wp-json\/wp\/v2\/types\/page"}],"author":[{"embeddable":true,"href":"https:\/\/www.mondragon-assembly.com\/es\/wp-json\/wp\/v2\/users\/4"}],"replies":[{"embeddable":true,"href":"https:\/\/www.mondragon-assembly.com\/es\/wp-json\/wp\/v2\/comments?post=27296"}],"version-history":[{"count":12,"href":"https:\/\/www.mondragon-assembly.com\/es\/wp-json\/wp\/v2\/pages\/27296\/revisions"}],"predecessor-version":[{"id":37506,"href":"https:\/\/www.mondragon-assembly.com\/es\/wp-json\/wp\/v2\/pages\/27296\/revisions\/37506"}],"up":[{"embeddable":true,"href":"https:\/\/www.mondragon-assembly.com\/es\/wp-json\/wp\/v2\/pages\/27216"}],"wp:attachment":[{"href":"https:\/\/www.mondragon-assembly.com\/es\/wp-json\/wp\/v2\/media?parent=27296"}],"wp:term":[{"taxonomy":"yst_prominent_words","embeddable":true,"href":"https:\/\/www.mondragon-assembly.com\/es\/wp-json\/wp\/v2\/yst_prominent_words?post=27296"}],"curies":[{"name":"wp","href":"https:\/\/api.w.org\/{rel}","templated":true}]}}