{"id":27406,"date":"2020-11-01T21:16:01","date_gmt":"2020-11-01T19:16:01","guid":{"rendered":"https:\/\/www.mondragon-assembly.com\/other-equipment\/automatic-module-sorting\/"},"modified":"2021-03-28T21:07:23","modified_gmt":"2021-03-28T19:07:23","slug":"automatic-module-sorting","status":"publish","type":"page","link":"https:\/\/www.mondragon-assembly.com\/es\/solar-automation-solutions\/maquinas-individuales-2\/equipos-auxiliares\/automatic-module-sorting\/","title":{"rendered":"Clasificaci\u00f3n autom\u00e1tica de m\u00f3dulos"},"content":{"rendered":"<div class=\"wpb-content-wrapper\"><p>[vc_row][vc_column][vc_single_image image=\u00bb25528&#8243; img_size=\u00bbfull\u00bb alignment=\u00bbcenter\u00bb style=\u00bbvc_box_shadow_border\u00bb css_animation=\u00bbfadeIn\u00bb][\/vc_column][\/vc_row][vc_row full_width=\u00bbstretch_row_content\u00bb][vc_column width=\u00bb1\/5&#8243;][\/vc_column][vc_column width=\u00bb2\/5&#8243;][vc_column_text]<\/p>\n<h3><span style=\"color: #e20026;\"><img decoding=\"async\" class=\"alignnone size-full wp-image-22215\" src=\"https:\/\/www.mondragon-assembly.com\/wp-content\/uploads\/2019\/06\/icon-description.jpg\" alt=\"\" width=\"41\" height=\"41\" \/> Descripci\u00f3n<\/span><\/h3>\n<p>[\/vc_column_text][vc_column_text]La m\u00e1quina clasifica y al almacena los m\u00f3dulos en<br \/>\nfunci\u00f3n de los resultados de los diferentes test de<br \/>\ncalidad realizados durante el proceso de fabricaci\u00f3n.[\/vc_column_text][\/vc_column][vc_column width=\u00bb2\/5&#8243;][vc_column_text]<\/p>\n<h3><span style=\"color: #e20026;\"><img decoding=\"async\" class=\"alignnone wp-image-22325 size-full\" src=\"https:\/\/www.mondragon-assembly.com\/wp-content\/uploads\/2019\/06\/icon-advantages.jpg\" alt=\"\" width=\"41\" height=\"41\" \/> Ventajas<\/span><\/h3>\n<p>[\/vc_column_text][vc_column_text el_class=\u00bbicon_list\u00bb]<\/p>\n<ul>\n<li>Cambio de palets sin parada de m\u00e1quina<\/li>\n<li>F\u00e1cil integraci\u00f3n con el sistema MES<\/li>\n<li>Los m\u00f3dulos se disponen de forma autom\u00e1tica<br \/>\ny precisa conforme a unos criterios que pueden<br \/>\nparametrizarse y personalizarse<\/li>\n<li>N\u00famero personalizado de cajones<\/li>\n<\/ul>\n<p>[\/vc_column_text][\/vc_column][\/vc_row][vc_row full_width=\u00bbstretch_row_content\u00bb][vc_column width=\u00bb1\/5&#8243;][\/vc_column][vc_column width=\u00bb2\/5&#8243;][vc_column_text]<\/p>\n<h3><span style=\"color: #e20026;\"><img decoding=\"async\" class=\"alignnone wp-image-22233 size-full\" src=\"https:\/\/www.mondragon-assembly.com\/wp-content\/uploads\/2019\/06\/icon-main-features.jpg\" alt=\"\" width=\"41\" height=\"41\" \/> Caracter\u00edsticas principales<\/span><\/h3>\n<p>[\/vc_column_text][vc_column_text el_class=\u00bbicon_list\u00bb]<\/p>\n<ul>\n<li>Almacenamiento de m\u00f3dulos horizontal o vertical<\/li>\n<li>Gr\u00faa p\u00f3rtico o sistema rob\u00f3tico<\/li>\n<li>Tiempo de ciclo &gt; 22 segundos para m\u00f3dulos<br \/>\nenmarcados y &gt; 36 segundos para m\u00f3dulos sin marco<\/li>\n<\/ul>\n<p>[\/vc_column_text][\/vc_column][vc_column width=\u00bb2\/5&#8243;][\/vc_column][\/vc_row]<\/p>\n<\/div>","protected":false},"excerpt":{"rendered":"<p>[vc_row][vc_column][vc_single_image image=\u00bb25528&#8243; img_size=\u00bbfull\u00bb alignment=\u00bbcenter\u00bb style=\u00bbvc_box_shadow_border\u00bb css_animation=\u00bbfadeIn\u00bb][\/vc_column][\/vc_row][vc_row full_width=\u00bbstretch_row_content\u00bb][vc_column width=\u00bb1\/5&#8243;][\/vc_column][vc_column width=\u00bb2\/5&#8243;][vc_column_text] Descripci\u00f3n [\/vc_column_text][vc_column_text]La m\u00e1quina clasifica y al almacena los m\u00f3dulos en funci\u00f3n de los resultados de los diferentes test de calidad realizados durante el proceso de fabricaci\u00f3n.[\/vc_column_text][\/vc_column][vc_column width=\u00bb2\/5&#8243;][vc_column_text] Ventajas [\/vc_column_text][vc_column_text el_class=\u00bbicon_list\u00bb] Cambio de palets sin parada de m\u00e1quina F\u00e1cil integraci\u00f3n con el sistema MES Los m\u00f3dulos se [&hellip;]<\/p>\n","protected":false},"author":4,"featured_media":0,"parent":27216,"menu_order":0,"comment_status":"closed","ping_status":"closed","template":"sectors.php","meta":{"_lmt_disableupdate":"","_lmt_disable":"","footnotes":""},"yst_prominent_words":[447,554,987,1012,2120,2147,2321],"class_list":["post-27406","page","type-page","status-publish","hentry"],"acf":[],"_links":{"self":[{"href":"https:\/\/www.mondragon-assembly.com\/es\/wp-json\/wp\/v2\/pages\/27406","targetHints":{"allow":["GET"]}}],"collection":[{"href":"https:\/\/www.mondragon-assembly.com\/es\/wp-json\/wp\/v2\/pages"}],"about":[{"href":"https:\/\/www.mondragon-assembly.com\/es\/wp-json\/wp\/v2\/types\/page"}],"author":[{"embeddable":true,"href":"https:\/\/www.mondragon-assembly.com\/es\/wp-json\/wp\/v2\/users\/4"}],"replies":[{"embeddable":true,"href":"https:\/\/www.mondragon-assembly.com\/es\/wp-json\/wp\/v2\/comments?post=27406"}],"version-history":[{"count":14,"href":"https:\/\/www.mondragon-assembly.com\/es\/wp-json\/wp\/v2\/pages\/27406\/revisions"}],"predecessor-version":[{"id":37511,"href":"https:\/\/www.mondragon-assembly.com\/es\/wp-json\/wp\/v2\/pages\/27406\/revisions\/37511"}],"up":[{"embeddable":true,"href":"https:\/\/www.mondragon-assembly.com\/es\/wp-json\/wp\/v2\/pages\/27216"}],"wp:attachment":[{"href":"https:\/\/www.mondragon-assembly.com\/es\/wp-json\/wp\/v2\/media?parent=27406"}],"wp:term":[{"taxonomy":"yst_prominent_words","embeddable":true,"href":"https:\/\/www.mondragon-assembly.com\/es\/wp-json\/wp\/v2\/yst_prominent_words?post=27406"}],"curies":[{"name":"wp","href":"https:\/\/api.w.org\/{rel}","templated":true}]}}