{"id":28428,"date":"2016-04-15T08:54:25","date_gmt":"2016-04-15T07:54:25","guid":{"rendered":"https:\/\/www.mondragon-assembly.com\/energia-solar\/equipo-individual\/"},"modified":"2025-04-03T11:06:37","modified_gmt":"2025-04-03T10:06:37","slug":"maquinas-individuales-2","status":"publish","type":"page","link":"https:\/\/www.mondragon-assembly.com\/es\/solar-automation-solutions\/maquinas-individuales-2\/","title":{"rendered":"M\u00e1quinas individuales"},"content":{"rendered":"<div class=\"wpb-content-wrapper\"><p>[vc_row][vc_column][vc_column_text]Mondragon Assembly ofrece soluciones flexibles, de alta tecnolog\u00eda y m\u00e1xima eficacia para equipos individuales. Nuestras m\u00e1quinas est\u00e1n dise\u00f1adas de acuerdo con las normas europeas m\u00e1s estrictas, garantizando la fortaleza, seguridad y durabilidad de las soluciones desarrolladas.[\/vc_column_text][\/vc_column][\/vc_row][vc_row gap=\u00bb35&#8243;][vc_column width=\u00bb1\/2&#8243; css=\u00bb.vc_custom_1731062278114{padding-top: 150px !important;background-image: url(https:\/\/www.mondragon-assembly.com\/wp-content\/uploads\/2024\/11\/tabber-and-stringers-v2.webp?id=72540) !important;background-position: 0 0 !important;background-repeat: no-repeat !important;}\u00bb el_class=\u00bbcolumna_margen_izq\u00bb][vc_column_text css=\u00bb.vc_custom_1737543280272{margin-bottom: 15px !important;}\u00bb]<\/p>\n<h2 style=\"font-weight: bold;\"><span style=\"color: #ffffff;\">Tabber &amp; Stringers<\/span><\/h2>\n<p><span style=\"color: #ffffff;\">\u00a0Una amplia variedad para satisfacer todas las necesidades de producci\u00f3n<\/span>[\/vc_column_text][vc_btn title=\u00bb&gt; Busque su Stringer\u00bb style=\u00bbcustom\u00bb custom_background=\u00bb#E20026&#8243; custom_text=\u00bb#FFFFFF\u00bb size=\u00bbsm\u00bb css=\u00bb\u00bb link=\u00bburl:https%3A%2F%2Fwww.mondragon-assembly.com%2Fes%2Fsolar-automation-solutions%2Fmaquinas-individuales-2%2Ftabber-and-stringer%2F\u00bb el_class=\u00bbresaltar_texto_btn\u00bb][\/vc_column][vc_column width=\u00bb1\/2&#8243; css=\u00bb.vc_custom_1731062294245{padding-top: 150px !important;background-image: url(https:\/\/www.mondragon-assembly.com\/wp-content\/uploads\/2024\/11\/automatic-lay-up-v2.webp?id=72548) !important;background-position: 0 0 !important;background-repeat: no-repeat !important;}\u00bb][vc_column_text css=\u00bb.vc_custom_1737543323354{margin-bottom: 15px !important;}\u00bb]<\/p>\n<h2 style=\"font-weight: bold;\"><span style=\"color: #ffffff;\">\u00a0Lay-up Autom\u00e1tico<\/span><\/h2>\n<p><span style=\"color: #ffffff;\">Alta velocidad y precisi\u00f3n\u00a0<\/span>[\/vc_column_text][vc_btn title=\u00bb&gt; Busque su Lay-up\u00bb style=\u00bbcustom\u00bb custom_background=\u00bb#E20026&#8243; custom_text=\u00bb#FFFFFF\u00bb size=\u00bbsm\u00bb css=\u00bb\u00bb link=\u00bburl:https%3A%2F%2Fwww.mondragon-assembly.com%2Fes%2Fsolar-automation-solutions%2Fmaquinas-individuales-2%2Flay-up-automatico%2F\u00bb el_class=\u00bbresaltar_texto_btn\u00bb][\/vc_column][\/vc_row][vc_row gap=\u00bb35&#8243;][vc_column width=\u00bb1\/2&#8243; css=\u00bb.vc_custom_1731062307986{padding-top: 150px !important;background-image: url(https:\/\/www.mondragon-assembly.com\/wp-content\/uploads\/2024\/11\/interconnection-machine-v2.webp?id=72575) !important;background-position: 0 0 !important;background-repeat: no-repeat !important;}\u00bb el_class=\u00bbcolumna_margen_izq\u00bb][vc_column_text css=\u00bb.vc_custom_1737543601801{margin-bottom: 15px !important;}\u00bb el_class=\u00bbtxt_interconnection\u00bb]<\/p>\n<h2 style=\"font-weight: bold;\"><span style=\"color: #ffffff;\">M\u00e1quina de interconexi\u00f3n<\/span><\/h2>\n<p><span style=\"color: #ffffff;\">La m\u00e1quina que carga, corta y dobla autom\u00e1ticamente el ribbon<\/span>[\/vc_column_text][vc_btn title=\u00bb&gt; Descubra su IC-120&#8243; style=\u00bbcustom\u00bb custom_background=\u00bb#E20026&#8243; custom_text=\u00bb#FFFFFF\u00bb size=\u00bbsm\u00bb css=\u00bb\u00bb link=\u00bburl:https%3A%2F%2Fwww.mondragon-assembly.com%2Fes%2Fsolar-automation-solutions%2Fmaquinas-individuales-2%2Finterconnection-machine%2F\u00bb el_class=\u00bbresaltar_texto_btn\u00bb][\/vc_column][vc_column width=\u00bb1\/2&#8243; css=\u00bb.vc_custom_1731062320794{padding-top: 150px !important;background-image: url(https:\/\/www.mondragon-assembly.com\/wp-content\/uploads\/2024\/11\/laminators-v2.webp?id=72583) !important;background-position: 0 0 !important;background-repeat: no-repeat !important;}\u00bb][vc_column_text css=\u00bb.vc_custom_1737543726391{margin-bottom: 15px !important;}\u00bb]<\/p>\n<h2 style=\"font-weight: bold;\"><span style=\"color: #ffffff;\">Laminadores<\/span><\/h2>\n<p><span style=\"color: #ffffff;\">Laminadoras personalizadas para adaptarse a t<\/span><span style=\"color: #ffffff;\">odas las necesidades de producci\u00f3n<\/span>[\/vc_column_text][vc_btn title=\u00bb&gt; Descubra su laminadora\u00bb style=\u00bbcustom\u00bb custom_background=\u00bb#E20026&#8243; custom_text=\u00bb#FFFFFF\u00bb size=\u00bbsm\u00bb css=\u00bb\u00bb link=\u00bburl:https%3A%2F%2Fwww.mondragon-assembly.com%2Fes%2Fsolar-automation-solutions%2Fmaquinas-individuales-2%2Flaminators%2F\u00bb el_class=\u00bbresaltar_texto_btn\u00bb][\/vc_column][\/vc_row][vc_row gap=\u00bb35&#8243;][vc_column width=\u00bb1\/2&#8243; css=\u00bb.vc_custom_1731062367966{padding-top: 150px !important;background-image: url(https:\/\/www.mondragon-assembly.com\/wp-content\/uploads\/2024\/11\/pv-module-testing-v2.webp?id=72591) !important;background-position: 0 0 !important;background-repeat: no-repeat !important;}\u00bb el_class=\u00bbcolumna_margen_izq\u00bb][vc_column_text css=\u00bb.vc_custom_1737543923791{margin-bottom: 15px !important;}\u00bb]<\/p>\n<h2 style=\"font-weight: bold;\"><span style=\"color: #ffffff;\">Testeo de m\u00f3dulos fotovoltaicos<\/span><\/h2>\n<p><span style=\"color: #ffffff;\">Para garantizar el rendimiento \u00f3ptimo de los m\u00f3dulos fotovoltaicos<\/span>[\/vc_column_text][vc_btn title=\u00bb&gt; Busque su tecnolog\u00eda\u00bb style=\u00bbcustom\u00bb custom_background=\u00bb#E20026&#8243; custom_text=\u00bb#FFFFFF\u00bb size=\u00bbsm\u00bb css=\u00bb\u00bb link=\u00bburl:https%3A%2F%2Fwww.mondragon-assembly.com%2Fes%2Fsolar-automation-solutions%2Fmaquinas-individuales-2%2Fpv-module-testing%2F\u00bb el_class=\u00bbresaltar_texto_btn\u00bb][\/vc_column][vc_column width=\u00bb1\/2&#8243; css=\u00bb.vc_custom_1731062377285{padding-top: 150px !important;background-image: url(https:\/\/www.mondragon-assembly.com\/wp-content\/uploads\/2024\/11\/second-glass-loading-v2.webp?id=72599) !important;background-position: 0 0 !important;background-repeat: no-repeat !important;}\u00bb][vc_column_text css=\u00bb.vc_custom_1737543969573{margin-bottom: 15px !important;}\u00bb]<\/p>\n<h2 style=\"font-weight: bold;\"><span style=\"color: #ffffff;\">Equipos auxiliares<\/span><\/h2>\n<p><span style=\"color: #ffffff;\">Todo lo que necesita para automatizar su producci\u00f3n<\/span>[\/vc_column_text][vc_btn title=\u00bb&gt; Busque su equipo\u00bb style=\u00bbcustom\u00bb custom_background=\u00bb#E20026&#8243; custom_text=\u00bb#FFFFFF\u00bb size=\u00bbsm\u00bb css=\u00bb\u00bb link=\u00bburl:https%3A%2F%2Fwww.mondragon-assembly.com%2Fes%2Fsolar-automation-solutions%2Fmaquinas-individuales-2%2Fequipos-auxiliares%2F\u00bb el_class=\u00bbresaltar_texto_btn\u00bb][\/vc_column][\/vc_row]<\/p>\n<\/div>","protected":false},"excerpt":{"rendered":"<p>[vc_row][vc_column][vc_column_text]Mondragon Assembly ofrece soluciones flexibles, de alta tecnolog\u00eda y m\u00e1xima eficacia para equipos individuales. Nuestras m\u00e1quinas est\u00e1n dise\u00f1adas de acuerdo con las normas europeas m\u00e1s estrictas, garantizando la fortaleza, seguridad y durabilidad de las soluciones desarrolladas.[\/vc_column_text][\/vc_column][\/vc_row][vc_row gap=\u00bb35&#8243;][vc_column width=\u00bb1\/2&#8243; css=\u00bb.vc_custom_1731062278114{padding-top: 150px !important;background-image: url(https:\/\/www.mondragon-assembly.com\/wp-content\/uploads\/2024\/11\/tabber-and-stringers-v2.webp?id=72540) !important;background-position: 0 0 !important;background-repeat: no-repeat !important;}\u00bb el_class=\u00bbcolumna_margen_izq\u00bb][vc_column_text css=\u00bb.vc_custom_1737543280272{margin-bottom: 15px !important;}\u00bb] Tabber &amp; Stringers [&hellip;]<\/p>\n","protected":false},"author":4,"featured_media":0,"parent":31260,"menu_order":0,"comment_status":"closed","ping_status":"closed","template":"sectors.php","meta":{"_lmt_disableupdate":"","_lmt_disable":"","footnotes":""},"yst_prominent_words":[3837,4176,554,652,746,1012,1431,2120,2121,2147,2186,2363],"class_list":["post-28428","page","type-page","status-publish","hentry"],"acf":[],"_links":{"self":[{"href":"https:\/\/www.mondragon-assembly.com\/es\/wp-json\/wp\/v2\/pages\/28428","targetHints":{"allow":["GET"]}}],"collection":[{"href":"https:\/\/www.mondragon-assembly.com\/es\/wp-json\/wp\/v2\/pages"}],"about":[{"href":"https:\/\/www.mondragon-assembly.com\/es\/wp-json\/wp\/v2\/types\/page"}],"author":[{"embeddable":true,"href":"https:\/\/www.mondragon-assembly.com\/es\/wp-json\/wp\/v2\/users\/4"}],"replies":[{"embeddable":true,"href":"https:\/\/www.mondragon-assembly.com\/es\/wp-json\/wp\/v2\/comments?post=28428"}],"version-history":[{"count":38,"href":"https:\/\/www.mondragon-assembly.com\/es\/wp-json\/wp\/v2\/pages\/28428\/revisions"}],"predecessor-version":[{"id":73985,"href":"https:\/\/www.mondragon-assembly.com\/es\/wp-json\/wp\/v2\/pages\/28428\/revisions\/73985"}],"up":[{"embeddable":true,"href":"https:\/\/www.mondragon-assembly.com\/es\/wp-json\/wp\/v2\/pages\/31260"}],"wp:attachment":[{"href":"https:\/\/www.mondragon-assembly.com\/es\/wp-json\/wp\/v2\/media?parent=28428"}],"wp:term":[{"taxonomy":"yst_prominent_words","embeddable":true,"href":"https:\/\/www.mondragon-assembly.com\/es\/wp-json\/wp\/v2\/yst_prominent_words?post=28428"}],"curies":[{"name":"wp","href":"https:\/\/api.w.org\/{rel}","templated":true}]}}