{"id":30038,"date":"2020-11-19T11:49:26","date_gmt":"2020-11-19T09:49:26","guid":{"rendered":"https:\/\/www.mondragon-assembly.com\/energy-storage\/"},"modified":"2021-03-28T21:43:23","modified_gmt":"2021-03-28T19:43:23","slug":"movilidad-electrica-y-almacenamiento-de-energia","status":"publish","type":"page","link":"https:\/\/www.mondragon-assembly.com\/es\/movilidad-electrica-y-almacenamiento-de-energia\/","title":{"rendered":"E-movilidad y almacenamiento de energia"},"content":{"rendered":"<div class=\"wpb-content-wrapper\"><p>[vc_row css=\u00bb.vc_custom_1604064744834{margin-top: -25px !important;}\u00bb][vc_column][vc_empty_space height=\u00bb20&#8243;][\/vc_column][\/vc_row][vc_row][vc_column][vc_empty_space][\/vc_column][\/vc_row][vc_row css=\u00bb.vc_custom_1604064744834{margin-top: -25px !important;}\u00bb][vc_column][vc_column_text css_animation=\u00bbappear\u00bb css=\u00bb.vc_custom_1616918246713{padding-top: 7px !important;padding-right: 20px !important;padding-bottom: 20px !important;padding-left: 20px !important;background-color: #f7f7f7 !important;}\u00bb]<\/p>\n<h3 style=\"text-align: center;\"><span style=\"color: #2b3c46;\">La demanda de sistemas de almacenamiento de energ\u00eda basados en bater\u00edas de ion de litio est\u00e1 creciendo exponencialmente, tanto en la industria automovil\u00edstica como en las aplicaciones estacionarias.<\/span><\/h3>\n<p>[\/vc_column_text][\/vc_column][\/vc_row][vc_row][vc_column][vc_column_text]Gracias a nuestros m\u00e1s de 40 a\u00f1os de experiencia en sectores como la automoci\u00f3n y la industria fotovoltaica, podemos proporcionar soluciones automatizadas para el almacenamiento de energ\u00eda.<\/p>\n<p>Ofrecemos soluciones con sistemas innovadores y flexibles para la fabricaci\u00f3n de m\u00f3dulos y battery packs, as\u00ed como de pilas de hidr\u00f3geno para distintos sectores, tales como el de la movilidad y el de estacionario, adapt\u00e1ndonos siempre a las necesidades de nuestros clientes.[\/vc_column_text][\/vc_column][\/vc_row][vc_row][vc_column][vc_column_text el_class=\u00bbicon_list\u00bb]Proporcionamos una amplia gama de soluciones para distintas tecnolog\u00edas de almacenamiento de energ\u00eda.<\/p>\n<ul>\n<li>M\u00f3dulos y battery packs\n<ul>\n<li>Tecnolog\u00eda basada en litio<\/li>\n<li>Otras tecnolog\u00edas qu\u00edmicas<\/li>\n<\/ul>\n<\/li>\n<li>Tecnolog\u00edas de hidr\u00f3geno\n<ul>\n<li>Proceso de electr\u00f3lisis<\/li>\n<li>Proceso de fabricaci\u00f3n de pilas<\/li>\n<\/ul>\n<\/li>\n<\/ul>\n<p>[\/vc_column_text][\/vc_column][\/vc_row][vc_row][vc_column][vc_empty_space height=\u00bb10px\u00bb][\/vc_column][\/vc_row][vc_row][vc_column][vc_column_text el_class=\u00bbicon_list_subt\u00bb]<\/p>\n<h4 style=\"color: #3d3d3d; font-weight: bold;\">Soluciones para tecnolog\u00edas de battery packs<\/h4>\n<p>[\/vc_column_text][\/vc_column][\/vc_row][vc_row][vc_column width=\u00bb1\/2&#8243;][vc_single_image image=\u00bb26033&#8243; img_size=\u00bbfull\u00bb alignment=\u00bbcenter\u00bb onclick=\u00bbcustom_link\u00bb css_animation=\u00bbzoomInUp\u00bb css=\u00bb.vc_custom_1613551609311{border-top-width: 3px !important;border-right-width: 3px !important;border-bottom-width: 3px !important;border-left-width: 3px !important;border-left-color: #fce3e9 !important;border-left-style: solid !important;border-right-color: #fce3e9 !important;border-right-style: solid !important;border-top-color: #fce3e9 !important;border-top-style: solid !important;border-bottom-color: #fce3e9 !important;border-bottom-style: solid !important;}\u00bb link=\u00bbhttps:\/\/www.mondragon-assembly.com\/es\/movilidad-electrica-y-almacenamiento-de-energia\/turnkey-lines-for-batteries-modules-packs-assembly\/\u00bb][vc_column_text el_class=\u00bbicon_list_subt\u00bb]<\/p>\n<h4><strong>L\u00edneas de producci\u00f3n para tecnolog\u00edas de battery packs<br \/>\n<\/strong><\/h4>\n<p>[\/vc_column_text][\/vc_column][vc_column width=\u00bb1\/2&#8243;][vc_single_image image=\u00bb35925&#8243; img_size=\u00bbfull\u00bb alignment=\u00bbcenter\u00bb onclick=\u00bbcustom_link\u00bb css_animation=\u00bbzoomInUp\u00bb css=\u00bb.vc_custom_1616960559129{border-top-width: 3px !important;border-right-width: 3px !important;border-bottom-width: 3px !important;border-left-width: 3px !important;border-left-color: #fce3e9 !important;border-left-style: solid !important;border-right-color: #fce3e9 !important;border-right-style: solid !important;border-top-color: #fce3e9 !important;border-top-style: solid !important;border-bottom-color: #fce3e9 !important;border-bottom-style: solid !important;}\u00bb link=\u00bbhttps:\/\/www.mondragon-assembly.com\/es\/movilidad-electrica-y-almacenamiento-de-energia\/energy-estorage-individual-equipment\/\u00bb][vc_toggle title=\u00bbEquipos individuales\u00bb style=\u00bbsimple\u00bb]<\/p>\n<ul>\n<li class=\"icon_list_desplegable\"><a href=\"https:\/\/www.mondragon-assembly.com\/es\/energy-storage\/energy-estorage-individual-equipment\/\">Clasificaci\u00f3n de conjuntos de bater\u00edas cil\u00edndricas y equipos de soldadura<\/a><\/li>\n<li><a href=\"https:\/\/www.mondragon-assembly.com\/es\/energy-storage\/energy-estorage-individual-equipment\/#ancla_prismatic\">M\u00e1quina de soldadura de celdas prism\u00e1ticas<\/a><\/li>\n<\/ul>\n<p>[\/vc_toggle][\/vc_column][\/vc_row][vc_row][vc_column][vc_separator][\/vc_column][\/vc_row][vc_row][vc_column][vc_column_text el_class=\u00bbicon_list_subt\u00bb]<\/p>\n<h4 style=\"color: #3d3d3d; font-weight: bold;\">Soluciones para tecnolog\u00edas autom\u00e1ticas de hidr\u00f3geno<\/h4>\n<p>[\/vc_column_text][\/vc_column][\/vc_row][vc_row][vc_column width=\u00bb1\/2&#8243;][vc_single_image image=\u00bb27632&#8243; img_size=\u00bbfull\u00bb alignment=\u00bbcenter\u00bb onclick=\u00bbcustom_link\u00bb css_animation=\u00bbzoomInUp\u00bb css=\u00bb.vc_custom_1614156814589{border-top-width: 3px !important;border-right-width: 3px !important;border-bottom-width: 3px !important;border-left-width: 3px !important;border-left-color: #fce3e9 !important;border-left-style: solid !important;border-right-color: #fce3e9 !important;border-right-style: solid !important;border-top-color: #fce3e9 !important;border-top-style: solid !important;border-bottom-color: #fce3e9 !important;border-bottom-style: solid !important;}\u00bb link=\u00bbhttps:\/\/www.mondragon-assembly.com\/es\/turnkey-lines-for-bipolar-plate-fuell-cells\/\u00bb][vc_column_text el_class=\u00bbicon_list_subt\u00bb]<\/p>\n<h4><strong>L\u00edneas de producci\u00f3n de placas bipolares de pilas de combustible<br \/>\n<\/strong><\/h4>\n<p>[\/vc_column_text][\/vc_column][vc_column width=\u00bb1\/2&#8243;][\/vc_column][\/vc_row]<\/p>\n<\/div>","protected":false},"excerpt":{"rendered":"<p>[vc_row css=\u00bb.vc_custom_1604064744834{margin-top: -25px !important;}\u00bb][vc_column][vc_empty_space height=\u00bb20&#8243;][\/vc_column][\/vc_row][vc_row][vc_column][vc_empty_space][\/vc_column][\/vc_row][vc_row css=\u00bb.vc_custom_1604064744834{margin-top: -25px !important;}\u00bb][vc_column][vc_column_text css_animation=\u00bbappear\u00bb css=\u00bb.vc_custom_1616918246713{padding-top: 7px !important;padding-right: 20px !important;padding-bottom: 20px !important;padding-left: 20px !important;background-color: #f7f7f7 !important;}\u00bb] La demanda de sistemas de almacenamiento de energ\u00eda basados en bater\u00edas de ion de litio est\u00e1 creciendo exponencialmente, tanto en la industria automovil\u00edstica como en las aplicaciones estacionarias. [\/vc_column_text][\/vc_column][\/vc_row][vc_row][vc_column][vc_column_text]Gracias a nuestros m\u00e1s de 40 a\u00f1os [&hellip;]<\/p>\n","protected":false},"author":4,"featured_media":0,"parent":0,"menu_order":0,"comment_status":"closed","ping_status":"closed","template":"sectors.php","meta":{"_lmt_disableupdate":"","_lmt_disable":"","footnotes":""},"yst_prominent_words":[2120,2246,2473],"class_list":["post-30038","page","type-page","status-publish","hentry"],"acf":[],"_links":{"self":[{"href":"https:\/\/www.mondragon-assembly.com\/es\/wp-json\/wp\/v2\/pages\/30038","targetHints":{"allow":["GET"]}}],"collection":[{"href":"https:\/\/www.mondragon-assembly.com\/es\/wp-json\/wp\/v2\/pages"}],"about":[{"href":"https:\/\/www.mondragon-assembly.com\/es\/wp-json\/wp\/v2\/types\/page"}],"author":[{"embeddable":true,"href":"https:\/\/www.mondragon-assembly.com\/es\/wp-json\/wp\/v2\/users\/4"}],"replies":[{"embeddable":true,"href":"https:\/\/www.mondragon-assembly.com\/es\/wp-json\/wp\/v2\/comments?post=30038"}],"version-history":[{"count":25,"href":"https:\/\/www.mondragon-assembly.com\/es\/wp-json\/wp\/v2\/pages\/30038\/revisions"}],"predecessor-version":[{"id":37540,"href":"https:\/\/www.mondragon-assembly.com\/es\/wp-json\/wp\/v2\/pages\/30038\/revisions\/37540"}],"wp:attachment":[{"href":"https:\/\/www.mondragon-assembly.com\/es\/wp-json\/wp\/v2\/media?parent=30038"}],"wp:term":[{"taxonomy":"yst_prominent_words","embeddable":true,"href":"https:\/\/www.mondragon-assembly.com\/es\/wp-json\/wp\/v2\/yst_prominent_words?post=30038"}],"curies":[{"name":"wp","href":"https:\/\/api.w.org\/{rel}","templated":true}]}}