{"id":30054,"date":"2020-12-30T13:08:35","date_gmt":"2020-12-30T11:08:35","guid":{"rendered":"https:\/\/www.mondragon-assembly.com\/automation-technologies\/"},"modified":"2021-03-28T11:54:05","modified_gmt":"2021-03-28T09:54:05","slug":"automation","status":"publish","type":"page","link":"https:\/\/www.mondragon-assembly.com\/es\/automation\/","title":{"rendered":"Automatizaci\u00f3n"},"content":{"rendered":"<div class=\"wpb-content-wrapper\"><p>[vc_row][vc_column][vc_column_text css_animation=\u00bbleft-to-right\u00bb]La automatizaci\u00f3n industrial sigue siendo una tendencia en el sector; cada a\u00f1o, las soluciones se vuelven m\u00e1s sofisticadas y precisas. Mondragon Assembly, con sus m\u00e1s de 40 a\u00f1os de experiencia y m\u00e1s de 1000 proyectos desarrollados para 80 clientes distintos, se ha convertido en un referente mundial en este campo.<\/p>\n<p>Somos capaces de entender las necesidades de nuestros clientes y podemos ofrecer soluciones modulares para una gran variedad de procesos de ensamble en la fabricaci\u00f3n de distintos componentes industriales para diferentes mercados.[\/vc_column_text][\/vc_column][\/vc_row][vc_row full_width=\u00bbstretch_row_content_no_spaces\u00bb][vc_column][vc_column_text]<div id=\"home-slider-2019\"><div id=\"home-slider-2019-icons\"><ul><li class=\"automotive\" data-target=\"automotive\"><a href=\"https:\/\/www.mondragon-assembly.com\/automotive\/\" title=\"Automated solutions, assembly lines and end of line testers for automotive components.\"><div class=\"imagen\"><\/div><h2>Automotive<\/h2><\/a><\/li><li class=\"electricalcomponents\" data-target=\"electricalcomponents\"><a href=\"https:\/\/www.mondragon-assembly.com\/electrical-components\/\" title=\"Automated turnkey solutions for the manufacturing of electronic components.\"><div class=\"imagen\"><\/div><h2>Electrical Components<\/h2><\/a><\/li><li class=\"medical\" data-target=\"medical\"><a href=\"https:\/\/www.mondragon-assembly.com\/medical\/\" title=\"Automated turnkey solutions for the production of medical devices.\"><div class=\"imagen\"><\/div><h2>Medical<\/h2><\/a><\/li><li class=\"whitegoods\" data-target=\"whitegoods\"><a href=\"https:\/\/www.mondragon-assembly.com\/white-goods\/\" title=\"Assembly lines and automated solutions for manufacturing white goods components.\"><div class=\"imagen\"><\/div><h2>White Goods<\/h2><\/a><\/li><li class=\"cosmetic\" data-target=\"cosmetic\"><a href=\"https:\/\/www.mondragon-assembly.com\/cosmetic\/\" title=\"Automated turnkey solutions for the production of cosmetic products.\"><div class=\"imagen\"><\/div><h2>Cosmetic<\/h2><\/a><\/li><\/ul><\/div><div id=\"home-slider-2019-description\"><h2 class=\"automotive\">Automated solutions, assembly lines and end of line testers for automotive components.<\/h2><h2 class=\"electricalcomponents\">Automated turnkey solutions for the manufacturing of electronic components.<\/h2><h2 class=\"medical\">Automated turnkey solutions for the production of medical devices.<\/h2><h2 class=\"whitegoods\">Assembly lines and automated solutions for manufacturing white goods components.<\/h2><h2 class=\"cosmetic\">Automated turnkey solutions for the production of cosmetic products.<\/h2><\/div><\/div>[\/vc_column_text][\/vc_column][\/vc_row][vc_row][vc_column][vc_column_text]<!-- wpml:html_fragment -->[\/vc_column_text][\/vc_column][\/vc_row]<\/p>\n<\/div>","protected":false},"excerpt":{"rendered":"<p>[vc_row][vc_column][vc_column_text css_animation=\u00bbleft-to-right\u00bb]La automatizaci\u00f3n industrial sigue siendo una tendencia en el sector; cada a\u00f1o, las soluciones se vuelven m\u00e1s sofisticadas y precisas. Mondragon Assembly, con sus m\u00e1s de 40 a\u00f1os de experiencia y m\u00e1s de 1000 proyectos desarrollados para 80 clientes distintos, se ha convertido en un referente mundial en este campo. Somos capaces de entender [&hellip;]<\/p>\n","protected":false},"author":4,"featured_media":0,"parent":0,"menu_order":0,"comment_status":"closed","ping_status":"closed","template":"sectors.php","meta":{"_lmt_disableupdate":"","_lmt_disable":"","footnotes":""},"yst_prominent_words":[902,903,904,254,905,890,906,891,892,893,894,895,896,897,898,899,900,901],"class_list":["post-30054","page","type-page","status-publish","hentry"],"acf":[],"_links":{"self":[{"href":"https:\/\/www.mondragon-assembly.com\/es\/wp-json\/wp\/v2\/pages\/30054","targetHints":{"allow":["GET"]}}],"collection":[{"href":"https:\/\/www.mondragon-assembly.com\/es\/wp-json\/wp\/v2\/pages"}],"about":[{"href":"https:\/\/www.mondragon-assembly.com\/es\/wp-json\/wp\/v2\/types\/page"}],"author":[{"embeddable":true,"href":"https:\/\/www.mondragon-assembly.com\/es\/wp-json\/wp\/v2\/users\/4"}],"replies":[{"embeddable":true,"href":"https:\/\/www.mondragon-assembly.com\/es\/wp-json\/wp\/v2\/comments?post=30054"}],"version-history":[{"count":8,"href":"https:\/\/www.mondragon-assembly.com\/es\/wp-json\/wp\/v2\/pages\/30054\/revisions"}],"predecessor-version":[{"id":36518,"href":"https:\/\/www.mondragon-assembly.com\/es\/wp-json\/wp\/v2\/pages\/30054\/revisions\/36518"}],"wp:attachment":[{"href":"https:\/\/www.mondragon-assembly.com\/es\/wp-json\/wp\/v2\/media?parent=30054"}],"wp:term":[{"taxonomy":"yst_prominent_words","embeddable":true,"href":"https:\/\/www.mondragon-assembly.com\/es\/wp-json\/wp\/v2\/yst_prominent_words?post=30054"}],"curies":[{"name":"wp","href":"https:\/\/api.w.org\/{rel}","templated":true}]}}