{"id":30119,"date":"2020-11-09T23:21:47","date_gmt":"2020-11-09T21:21:47","guid":{"rendered":"https:\/\/www.mondragon-assembly.com\/energy-storage\/energy-estorage-individual-equipment\/"},"modified":"2022-02-10T12:41:01","modified_gmt":"2022-02-10T10:41:01","slug":"energy-estorage-individual-equipment","status":"publish","type":"page","link":"https:\/\/www.mondragon-assembly.com\/es\/movilidad-electrica-y-almacenamiento-de-energia\/energy-estorage-individual-equipment\/","title":{"rendered":"Almacenamiento de energ\u00eda &#8211; Equipo individual"},"content":{"rendered":"<div class=\"wpb-content-wrapper\"><p>[vc_row][vc_column][vc_empty_space][\/vc_column][\/vc_row][vc_row][vc_column][vc_text_separator title=\u00bbCLASIFICACI\u00d3N DE CONJUNTOS DE BATER\u00cdAS CIL\u00cdNDRICAS Y EQUIPOS DE SOLDADURA\u00bb el_class=\u00bbtitle_gr\u00bb][vc_column_text]<\/p>\n<p style=\"margin: 0cm; background: white;\"><span style=\"font-family: Roboto; color: #494a4c;\">Las celdas individuales de ion de litio se conectan en serie a un m\u00f3dulo. Ofrecemos plataformas de montaje para colocar y fijar entre s\u00ed de forma segura las celdas de la bater\u00eda dentro de un m\u00f3dulo. La m\u00e1quina mide y agrupa las celdas para conseguir un battery pack de alto rendimiento. Esta soluci\u00f3n se centra en la producci\u00f3n flexible de battery packs de celdas cil\u00edndricas.<\/span><\/p>\n<p>[\/vc_column_text][vc_single_image image=\u00bb45567&#8243; img_size=\u00bb500&#215;550&#8243; alignment=\u00bbcenter\u00bb][\/vc_column][\/vc_row][vc_row full_width=\u00bbstretch_row_content\u00bb][vc_column width=\u00bb1\/6&#8243;][\/vc_column][vc_column width=\u00bb2\/6&#8243;][vc_column_text]<!-- wpml:html_fragment --><\/p>\n<h3><span style=\"color: #e20026;\"><img decoding=\"async\" class=\"alignnone wp-image-22233 size-full\" src=\"https:\/\/www.mondragon-assembly.com\/wp-content\/uploads\/2019\/06\/icon-main-features.jpg\" alt=\"\" width=\"41\" height=\"41\" \/> Caracter\u00edsticas principales<\/span><\/h3>\n<p>[\/vc_column_text][vc_column_text el_class=\u00bbicon_list\u00bb]<!-- wpml:html_fragment --><\/p>\n<ul>\n<li>Producto\n<ul>\n<li>Celdas de ion de litio 26650<\/li>\n<li>Opcional: 18650 o 21700<\/li>\n<\/ul>\n<\/li>\n<li>Tiempo de ciclo: 3\u00a0segundos\/celda<\/li>\n<li>Disponibilidad t\u00e9cnica: 95\u00a0%<\/li>\n<li>Tres alimentadores de celdas: 330\u00a0celdas\/alimentador (26\u00a0650)<\/li>\n<li>Se requiere un operario para cargar las uniones met\u00e1licas entre celdas<\/li>\n<\/ul>\n<p>[\/vc_column_text][\/vc_column][vc_column width=\u00bb3\/6&#8243;][vc_column_text]<!-- wpml:html_fragment --><\/p>\n<h3><span style=\"color: #e20026;\"><img decoding=\"async\" class=\"alignnone wp-image-22334 size-full\" src=\"https:\/\/www.mondragon-assembly.com\/wp-content\/uploads\/2019\/06\/icon-function.jpg\" alt=\"\" width=\"41\" height=\"41\" \/> Proceso de montaje<\/span><\/h3>\n<p>[\/vc_column_text][vc_column_text el_class=\u00bbicon_list\u00bb]<!-- wpml:html_fragment --><\/p>\n<ul>\n<li>Alimentaci\u00f3n de celdas cil\u00edndricas desde 3 almacenes distintos<\/li>\n<li>Separaci\u00f3n de celdas y pruebas de OCV \/ IR<\/li>\n<li>Clasificaci\u00f3n de celdas en funci\u00f3n de la resistencia interna y el voltaje<\/li>\n<li>Clasificaci\u00f3n de celdas mediante robot en un buffer intermedio<\/li>\n<li>Configuraci\u00f3n del pack de celdas<\/li>\n<li>Soldadura por resistencia de la uni\u00f3n met\u00e1lica<\/li>\n<li>Operaciones manuales\n<ul>\n<li>Colocaci\u00f3n de la uni\u00f3n met\u00e1lica en los m\u00f3dulos<\/li>\n<li>Montaje\/Desmontaje de utillaje<\/li>\n<li>Volteo (180\u00b0)<\/li>\n<\/ul>\n<\/li>\n<\/ul>\n<p>[\/vc_column_text][\/vc_column][\/vc_row][vc_row][vc_column][vc_empty_space][\/vc_column][\/vc_row][vc_row][vc_column][vc_column_text]<!-- wpml:html_fragment --><\/p>\n<h6 id=\"ancla_prismatic\"><span style=\"color: #ffffff;\">.<\/span><\/h6>\n<p>[\/vc_column_text][vc_text_separator title=\u00bbM\u00c1QUINA DE SOLDADURA DE CELDAS PRISM\u00c1TICAS\u00bb el_class=\u00bbtitle_gr\u00bb][vc_column_text css_animation=\u00bbnone\u00bb]Recientemente hemos desarrollado una m\u00e1quina de soldadura de celdas prism\u00e1ticas con capacidad para soldar 3 m\u00f3dulos distintos de celdas prism\u00e1ticas mediante soldadura l\u00e1ser.[\/vc_column_text][vc_row_inner][vc_column_inner][vc_single_image image=\u00bb53656&#8243; img_size=\u00bbfull\u00bb alignment=\u00bbcenter\u00bb][\/vc_column_inner][\/vc_row_inner][\/vc_column][\/vc_row][vc_row full_width=\u00bbstretch_row_content\u00bb][vc_column width=\u00bb1\/5&#8243;][\/vc_column][vc_column width=\u00bb2\/5&#8243;][vc_column_text]<!-- wpml:html_fragment --><\/p>\n<h3><span style=\"color: #e20026;\"><img decoding=\"async\" class=\"alignnone wp-image-22233 size-full\" src=\"https:\/\/www.mondragon-assembly.com\/wp-content\/uploads\/2019\/06\/icon-main-features.jpg\" alt=\"\" width=\"41\" height=\"41\" \/> Caracter\u00edsticas principales<\/span><\/h3>\n<p>[\/vc_column_text][vc_column_text el_class=\u00bbicon_list\u00bb]<!-- wpml:html_fragment --><\/p>\n<ul>\n<li>3 m\u00f3dulos distintos<\/li>\n<li>Duraci\u00f3n del ciclo: 5 minutos \/ battery pack<\/li>\n<li>Disponibilidad t\u00e9cnica: 95\u00a0%<\/li>\n<li>Soldadura l\u00e1ser de 4\u00a0kW.<\/li>\n<\/ul>\n<p>[\/vc_column_text][\/vc_column][vc_column width=\u00bb2\/5&#8243;][vc_column_text]<!-- wpml:html_fragment --><\/p>\n<h3><span style=\"color: #e20026;\"><img decoding=\"async\" class=\"alignnone wp-image-22334 size-full\" src=\"https:\/\/www.mondragon-assembly.com\/wp-content\/uploads\/2019\/06\/icon-function.jpg\" alt=\"\" width=\"41\" height=\"41\" \/> Proceso de montaje<\/span><\/h3>\n<p>[\/vc_column_text][vc_column_text el_class=\u00bbicon_list\u00bb]<!-- wpml:html_fragment --><\/p>\n<ul>\n<li>Colocaci\u00f3n manual en platillos<\/li>\n<li>Pruebas manuales de polaridad y aislamiento<\/li>\n<li>Carga manual de los busbar<\/li>\n<li>Transferencia autom\u00e1tica entre estaciones<\/li>\n<li>Soldadura autom\u00e1tica e inspecci\u00f3n visual<\/li>\n<li>Volteo autom\u00e1tico<\/li>\n<li>Controles finales manuales<\/li>\n<li>Descarga manual<\/li>\n<\/ul>\n<p>[\/vc_column_text][\/vc_column][\/vc_row][vc_row][vc_column][vc_column_text]<!-- wpml:html_fragment -->[\/vc_column_text][\/vc_column][\/vc_row]<\/p>\n<\/div>","protected":false},"excerpt":{"rendered":"<p>[vc_row][vc_column][vc_empty_space][\/vc_column][\/vc_row][vc_row][vc_column][vc_text_separator title=\u00bbCLASIFICACI\u00d3N DE CONJUNTOS DE BATER\u00cdAS CIL\u00cdNDRICAS Y EQUIPOS DE SOLDADURA\u00bb el_class=\u00bbtitle_gr\u00bb][vc_column_text] Las celdas individuales de ion de litio se conectan en serie a un m\u00f3dulo. Ofrecemos plataformas de montaje para colocar y fijar entre s\u00ed de forma segura las celdas de la bater\u00eda dentro de un m\u00f3dulo. La m\u00e1quina mide y agrupa las celdas [&hellip;]<\/p>\n","protected":false},"author":4,"featured_media":0,"parent":30038,"menu_order":0,"comment_status":"closed","ping_status":"closed","template":"sectors.php","meta":{"_lmt_disableupdate":"","_lmt_disable":"","footnotes":""},"yst_prominent_words":[1284],"class_list":["post-30119","page","type-page","status-publish","hentry"],"acf":[],"_links":{"self":[{"href":"https:\/\/www.mondragon-assembly.com\/es\/wp-json\/wp\/v2\/pages\/30119","targetHints":{"allow":["GET"]}}],"collection":[{"href":"https:\/\/www.mondragon-assembly.com\/es\/wp-json\/wp\/v2\/pages"}],"about":[{"href":"https:\/\/www.mondragon-assembly.com\/es\/wp-json\/wp\/v2\/types\/page"}],"author":[{"embeddable":true,"href":"https:\/\/www.mondragon-assembly.com\/es\/wp-json\/wp\/v2\/users\/4"}],"replies":[{"embeddable":true,"href":"https:\/\/www.mondragon-assembly.com\/es\/wp-json\/wp\/v2\/comments?post=30119"}],"version-history":[{"count":25,"href":"https:\/\/www.mondragon-assembly.com\/es\/wp-json\/wp\/v2\/pages\/30119\/revisions"}],"predecessor-version":[{"id":53674,"href":"https:\/\/www.mondragon-assembly.com\/es\/wp-json\/wp\/v2\/pages\/30119\/revisions\/53674"}],"up":[{"embeddable":true,"href":"https:\/\/www.mondragon-assembly.com\/es\/wp-json\/wp\/v2\/pages\/30038"}],"wp:attachment":[{"href":"https:\/\/www.mondragon-assembly.com\/es\/wp-json\/wp\/v2\/media?parent=30119"}],"wp:term":[{"taxonomy":"yst_prominent_words","embeddable":true,"href":"https:\/\/www.mondragon-assembly.com\/es\/wp-json\/wp\/v2\/yst_prominent_words?post=30119"}],"curies":[{"name":"wp","href":"https:\/\/api.w.org\/{rel}","templated":true}]}}