{"id":30151,"date":"2020-11-29T20:01:05","date_gmt":"2020-11-29T18:01:05","guid":{"rendered":"https:\/\/www.mondragon-assembly.com\/contract-manufacturing\/"},"modified":"2021-03-29T12:19:55","modified_gmt":"2021-03-29T10:19:55","slug":"contract-manufacturing","status":"publish","type":"page","link":"https:\/\/www.mondragon-assembly.com\/es\/contract-manufacturing\/","title":{"rendered":"Contract manufacturing"},"content":{"rendered":"<div class=\"wpb-content-wrapper\"><p>[vc_row][vc_column][vc_column_text css_animation=\u00bbleft-to-right\u00bb]Somos especialistas en el dise\u00f1o, la fabricaci\u00f3n y el ensamble de l\u00edneas de fabricaci\u00f3n para la automatizaci\u00f3n de procesos industriales y, gracias a nuestros m\u00e1s de cuarenta a\u00f1os en este mercado, nos hemos consolidado como un socio l\u00edder que proporciona soluciones de alta tecnolog\u00eda para nuestros clientes.<\/p>\n<p>Nuestro equipo de expertos, con sus amplios conocimientos t\u00e9cnicos y experiencia, son capaces de ofrecer soluciones de alta tecnolog\u00eda en el \u00e1mbito de la ingenier\u00eda mec\u00e1nica, el\u00e9ctrica y electr\u00f3nica y su ensamble para distintos productos en diversos sectores.[\/vc_column_text][\/vc_column][\/vc_row][vc_row][vc_column][vc_empty_space][\/vc_column][\/vc_row][vc_row][vc_column width=\u00bb1\/2&#8243;][vc_column_text css_animation=\u00bbleft-to-right\u00bb el_class=\u00bbicon_list\u00bb]<!-- wpml:html_fragment --><\/p>\n<h4 style=\"font-weight: bold;\">En Mondragon Assembly contamos con un alto nivel de experiencia en los siguientes procesos:<\/h4>\n<ul>\n<li>Planificaci\u00f3n y dise\u00f1o de l\u00edneas de fabricaci\u00f3n para componentes industriales<\/li>\n<li>Cadena de suministro mundial con acuerdos internacionales con los OEMs l\u00edderes en sistemas de automatizaci\u00f3n<\/li>\n<li>Montaje, programaci\u00f3n y ajuste de l\u00edneas est\u00e1ndar y adaptadas<\/li>\n<li>Servicio de suministro global de l\u00edneas de producci\u00f3n en las instalaciones del cliente<\/li>\n<\/ul>\n<p>[\/vc_column_text][\/vc_column][vc_column width=\u00bb1\/2&#8243;][vc_single_image image=\u00bb26812&#8243; img_size=\u00bbfull\u00bb style=\u00bbvc_box_outline\u00bb css_animation=\u00bbfadeIn\u00bb][\/vc_column][\/vc_row][vc_row][vc_column][vc_empty_space][\/vc_column][\/vc_row][vc_row css=\u00bb.vc_custom_1609835791864{border-bottom-width: 3px !important;padding-right: 20px !important;padding-left: 20px !important;background-color: #f7f7f7 !important;}\u00bb][vc_column][vc_column_text css_animation=\u00bbleft-to-right\u00bb el_class=\u00bbicon_list\u00bb]<!-- wpml:html_fragment --><\/p>\n<p style=\"text-align: center;\"><strong>Nuestra red de producci\u00f3n global y nuestros m\u00e1s de 1500 proyectos realizados nos permiten ofrecer soluciones para aquellos clientes que desean aumentar la eficiencia de sus procesos de producci\u00f3n y reducir la complejidad interna mediante la subcontrataci\u00f3n de nuestros servicios en cualquier parte del mundo.<\/strong><\/p>\n<p>[\/vc_column_text][\/vc_column][\/vc_row][vc_row][vc_column][vc_column_text]<!-- wpml:html_fragment -->[\/vc_column_text][\/vc_column][\/vc_row]<\/p>\n<\/div>","protected":false},"excerpt":{"rendered":"<p>[vc_row][vc_column][vc_column_text css_animation=\u00bbleft-to-right\u00bb]Somos especialistas en el dise\u00f1o, la fabricaci\u00f3n y el ensamble de l\u00edneas de fabricaci\u00f3n para la automatizaci\u00f3n de procesos industriales y, gracias a nuestros m\u00e1s de cuarenta a\u00f1os en este mercado, nos hemos consolidado como un socio l\u00edder que proporciona soluciones de alta tecnolog\u00eda para nuestros clientes. Nuestro equipo de expertos, con sus amplios [&hellip;]<\/p>\n","protected":false},"author":4,"featured_media":0,"parent":0,"menu_order":0,"comment_status":"closed","ping_status":"closed","template":"sectors.php","meta":{"_lmt_disableupdate":"","_lmt_disable":"","footnotes":""},"yst_prominent_words":[732,746,1006,1955,2120,2130,2146],"class_list":["post-30151","page","type-page","status-publish","hentry"],"acf":[],"_links":{"self":[{"href":"https:\/\/www.mondragon-assembly.com\/es\/wp-json\/wp\/v2\/pages\/30151","targetHints":{"allow":["GET"]}}],"collection":[{"href":"https:\/\/www.mondragon-assembly.com\/es\/wp-json\/wp\/v2\/pages"}],"about":[{"href":"https:\/\/www.mondragon-assembly.com\/es\/wp-json\/wp\/v2\/types\/page"}],"author":[{"embeddable":true,"href":"https:\/\/www.mondragon-assembly.com\/es\/wp-json\/wp\/v2\/users\/4"}],"replies":[{"embeddable":true,"href":"https:\/\/www.mondragon-assembly.com\/es\/wp-json\/wp\/v2\/comments?post=30151"}],"version-history":[{"count":23,"href":"https:\/\/www.mondragon-assembly.com\/es\/wp-json\/wp\/v2\/pages\/30151\/revisions"}],"predecessor-version":[{"id":37891,"href":"https:\/\/www.mondragon-assembly.com\/es\/wp-json\/wp\/v2\/pages\/30151\/revisions\/37891"}],"wp:attachment":[{"href":"https:\/\/www.mondragon-assembly.com\/es\/wp-json\/wp\/v2\/media?parent=30151"}],"wp:term":[{"taxonomy":"yst_prominent_words","embeddable":true,"href":"https:\/\/www.mondragon-assembly.com\/es\/wp-json\/wp\/v2\/yst_prominent_words?post=30151"}],"curies":[{"name":"wp","href":"https:\/\/api.w.org\/{rel}","templated":true}]}}