{"id":31102,"date":"2020-11-23T00:16:20","date_gmt":"2020-11-22T23:16:20","guid":{"rendered":"https:\/\/www.mondragon-assembly.com\/integrated-systems-and-certifications\/"},"modified":"2025-07-02T08:25:45","modified_gmt":"2025-07-02T07:25:45","slug":"sistemas-integrados-de-gestion-y-certificaciones","status":"publish","type":"page","link":"https:\/\/www.mondragon-assembly.com\/es\/sistemas-integrados-de-gestion-y-certificaciones\/","title":{"rendered":"Sistemas integrados de gesti\u00f3n y certificaciones"},"content":{"rendered":"<div class=\"wpb-content-wrapper\"><p>[vc_row][vc_column][vc_column_text css_animation=\u00bbzoomInUp\u00bb css=\u00bb.vc_custom_1614688838545{padding-top: 7px !important;padding-right: 20px !important;padding-bottom: 20px !important;padding-left: 20px !important;background-color: #f7f7f7 !important;}\u00bb]<\/p>\n<h4 style=\"text-align: center;\">En Mondragon Assembly somos conscientes de que para llevar una gesti\u00f3n empresarial eficaz es importante contar con un sistema integrado que sea claro, din\u00e1mico y sencillo para todos las partes interesadas.<\/h4>\n<p>[\/vc_column_text][vc_column_text]<\/p>\n<h4 style=\"text-align: center;\">Actualmente trabajamos con un sistema integrado de gesti\u00f3n en el que estamos certificados en las siguientes normas.<\/h4>\n<p>[\/vc_column_text][\/vc_column][\/vc_row][vc_row][vc_column][vc_single_image image=\u00bb47582&#8243; img_size=\u00bbfull\u00bb alignment=\u00bbcenter\u00bb css_animation=\u00bbfadeInLeft\u00bb][\/vc_column][\/vc_row][vc_row][vc_column][vc_text_separator title=\u00bbMEMORIA ANUAL\u00bb css_animation=\u00bbzoomInUp\u00bb el_class=\u00bbtitle_gr\u00bb][vc_column_text css_animation=\u00bbzoomInUp\u00bb]<\/p>\n<h4 style=\"text-align: center;\">Desde Mondragon Assembly se hace una revisi\u00f3n del Sistema Integrado de Gesti\u00f3n para su valoraci\u00f3n y planificaci\u00f3n de las acciones a abordar el pr\u00f3ximo a\u00f1o, todo ello recogido en una Memoria Anual.<\/h4>\n<p>[\/vc_column_text][vc_video link=\u00bbhttps:\/\/youtu.be\/-G_zd1FTGgA\u00bb el_width=\u00bb70&#8243; align=\u00bbcenter\u00bb css=\u00bb\u00bb][\/vc_column][\/vc_row][vc_row css_animation=\u00bbzoomInUp\u00bb][vc_column width=\u00bb1\/3&#8243;][vc_column_text css=\u00bb.vc_custom_1751441022866{padding-bottom: 10px !important;background-color: #F2F2F2 !important;}\u00bb]<\/p>\n<h3 style=\" display: flex; justify-content: center; align-items: center; background-color: #f2f2f2; margin: 15px 0; height: 80px; \/* altura fija para centrar vertical *\/ padding: 0; \">\n  <a href=\"https:\/\/www.mondragon-assembly.com\/pdf\/Memoria_2020_ES.pdf\" target=\"_blank\" rel=\"noopener noreferrer\" style=\"text-align: center; display: inline-block;\"><br \/>\n    2020<br \/>\n  <\/a><br \/>\n<\/h3>\n<p>[\/vc_column_text][\/vc_column][vc_column css_animation=\u00bbnone\u00bb width=\u00bb1\/3&#8243;][vc_column_text css=\u00bb.vc_custom_1751441057488{padding-bottom: 10px !important;background-color: #F2F2F2 !important;}\u00bb]<\/p>\n<h3 style=\" display: flex; justify-content: center; align-items: center; background-color: #f2f2f2; margin: 15px 0; height: 80px; \/* ajusta la altura si quieres *\/ padding: 0; \">\n  <a href=\"https:\/\/www.mondragon-assembly.com\/pdf\/Memoria_MA_2021.pdf\" target=\"_blank\" rel=\"noopener noreferrer\" style=\"text-align: center;\"><br \/>\n    2021*<br \/>\n  <\/a><br \/>\n<\/h3>\n<p>[\/vc_column_text][\/vc_column][vc_column width=\u00bb1\/3&#8243;][vc_column_text css=\u00bb.vc_custom_1751441081500{padding-bottom: 10px !important;background-color: #F2F2F2 !important;}\u00bb]<\/p>\n<h3 style=\" display: flex; justify-content: center; align-items: center; background-color: #f2f2f2; margin: 15px 0; height: 80px; \/* ajusta seg\u00fan necesites *\/ padding: 0; \">\n  <a href=\"https:\/\/www.mondragon-assembly.com\/pdf\/memoria_sostenibilidad_2022.pdf\" target=\"_blank\" rel=\"noopener noreferrer\" style=\"text-align: center;\"><br \/>\n    2022*<br \/>\n  <\/a><br \/>\n<\/h3>\n<p>[\/vc_column_text][\/vc_column][\/vc_row][vc_row css_animation=\u00bbzoomInUp\u00bb][vc_column width=\u00bb1\/2&#8243;][vc_column_text css=\u00bb.vc_custom_1751441115919{padding-bottom: 10px !important;background-color: #F2F2F2 !important;}\u00bb]<\/p>\n<h3 style=\" display: flex; justify-content: center; align-items: center; background-color: #f2f2f2; margin: 15px 0; height: 80px; \/* ajusta seg\u00fan necesites *\/ padding: 0; \">\n  <a href=\"https:\/\/www.mondragon-assembly.com\/pdf\/EINF_2023_CAS.pdf\" target=\"_blank\" rel=\"noopener noreferrer\" style=\"text-align: center;\"><br \/>\n    2023*<br \/>\n  <\/a><br \/>\n<\/h3>\n<p>[\/vc_column_text][\/vc_column][vc_column css_animation=\u00bbnone\u00bb width=\u00bb1\/2&#8243;][vc_column_text css=\u00bb.vc_custom_1751441140175{padding-bottom: 10px !important;background-color: #F2F2F2 !important;}\u00bb]<\/p>\n<h3 style=\" display: flex; justify-content: center; align-items: center; background-color: #f2f2f2; margin: 15px 0; height: 80px; \/* ajusta esta altura si quieres *\/ padding: 0; \">\n  <a href=\"https:\/\/www.mondragon-assembly.com\/wp-content\/uploads\/2025\/06\/2025-Memoria-de-sostenibilidad.pdf\" target=\"_blank\" rel=\"noopener noreferrer\" style=\"text-align: center;\"><br \/>\n    2024<br \/>\n  <\/a><br \/>\n<\/h3>\n<p>[\/vc_column_text][\/vc_column][\/vc_row][vc_row css_animation=\u00bbzoomInUp\u00bb][vc_column width=\u00bb2\/3&#8243;][vc_column_text css=\u00bb.vc_custom_1653649084616{margin-top: -20px !important;}\u00bb]*Memoria de Sostenibilidad y Estado de Informaci\u00f3n No Financiera[\/vc_column_text][\/vc_column][vc_column width=\u00bb1\/3&#8243;][vc_toggle title=\u00bb\u00bb style=\u00bbsimple\u00bb color=\u00bbmulled_wine\u00bb css_animation=\u00bbfadeIn\u00bb css=\u00bb.vc_custom_1751269489304{margin-left: 120px !important;}\u00bb el_class=\u00bbtoggle_memoriacompleta\u00bb]<\/p>\n<div class=\"wpb_text_column wpb_content_element \">\n<p>\u00b7 <a href=\"https:\/\/www.mondragon-assembly.com\/wp-content\/uploads\/2025\/06\/EINF_2024_Mondragon_Assembly.pdf\">2024*<\/a><\/p>\n<\/div>\n<p>[\/vc_toggle][\/vc_column][\/vc_row][vc_row css_animation=\u00bbzoomInUp\u00bb][vc_column][vc_empty_space height=\u00bb64px\u00bb][\/vc_column][\/vc_row][vc_row][vc_column][vc_text_separator title=\u00bbPOL\u00cdTICAS DEL SISTEMA INTEGRADO DE GESTI\u00d3N\u00bb css_animation=\u00bbzoomInUp\u00bb el_class=\u00bbtitle_gr\u00bb][vc_column_text css_animation=\u00bbzoomInUp\u00bb]<\/p>\n<h4 style=\"text-align: center;\">La direcci\u00f3n de MONDRAG\u00d3N ASSEMBLY S.COOP ha establecido su Pol\u00edtica de Gesti\u00f3n con el fin de marcar las intenciones y directrices de la empresa en cuanto a la estrategia, las personas, los grupos de inter\u00e9s y la responsabilidad social.<\/h4>\n<p>[\/vc_column_text][vc_row_inner][vc_column_inner width=\u00bb1\/3&#8243;][vc_column_text css_animation=\u00bbfadeIn\u00bb]<\/p>\n<h4 style=\"text-align: center;\">Pol\u00edtica de Sostenibilidad<\/h4>\n<p>[\/vc_column_text][vc_icon icon_fontawesome=\u00bbfas fa-users\u00bb color=\u00bbmulled_wine\u00bb background_style=\u00bbrounded\u00bb size=\u00bblg\u00bb align=\u00bbcenter\u00bb css_animation=\u00bbfadeIn\u00bb link=\u00bburl:https%3A%2F%2Fwww.mondragon-assembly.com%2Fpdf%2Fpolitica_sostenibilidad.pdf|target:_blank\u00bb][\/vc_column_inner][vc_column_inner width=\u00bb1\/3&#8243;][vc_column_text css_animation=\u00bbfadeIn\u00bb]<\/p>\n<h4 style=\"text-align: center;\">C\u00f3digo de conducta<\/h4>\n<p>[\/vc_column_text][vc_icon icon_fontawesome=\u00bbfa fa-thumbs-up\u00bb color=\u00bbmulled_wine\u00bb background_style=\u00bbrounded\u00bb size=\u00bblg\u00bb align=\u00bbcenter\u00bb css_animation=\u00bbfadeIn\u00bb link=\u00bburl:https%3A%2F%2Fwww.mondragon-assembly.com%2Fpdf%2FCodigo_conducta.pdf||target:%20_blank|\u00bb][\/vc_column_inner][vc_column_inner width=\u00bb1\/3&#8243;][vc_column_text css_animation=\u00bbfadeIn\u00bb]<\/p>\n<h4 style=\"text-align: center;\">Otras pol\u00edticas<\/h4>\n<p>[\/vc_column_text][vc_icon icon_fontawesome=\u00bbfa fa-balance-scale\u00bb color=\u00bbmulled_wine\u00bb background_style=\u00bbrounded\u00bb size=\u00bblg\u00bb align=\u00bbcenter\u00bb css_animation=\u00bbfadeIn\u00bb link=\u00bb|||\u00bb][vc_toggle title=\u00bb\u00bb style=\u00bbsimple\u00bb color=\u00bbmulled_wine\u00bb size=\u00bblg\u00bb css_animation=\u00bbfadeIn\u00bb css=\u00bb.vc_custom_1614851415777{margin-left: 120px !important;}\u00bb el_class=\u00bbdesplegable_otras_politicas\u00bb]<\/p>\n<div class=\"wpb_text_column wpb_content_element \">\n<p>\u00b7 <a href=\"https:\/\/www.mondragon-assembly.com\/pdf\/Politica_Privacidad_Confidencialidad.pdf\" target=\"_blank\" rel=\"noopener noreferrer\">Privacidad y Confidencialidad<\/a><br \/>\n\u00b7 <a href=\"https:\/\/www.mondragon-assembly.com\/pdf\/Politica_Anticorrupcion.pdf\" target=\"_blank\" rel=\"noopener noreferrer\">Anticorrupci\u00f3n<\/a><br \/>\n\u00b7 <a href=\"https:\/\/www.mondragon-assembly.com\/pdf\/Politica_Conflicto_Acoso.pdf\" target=\"_blank\" rel=\"noopener noreferrer\">Conflicto y acoso<\/a><br \/>\n\u00b7 <a href=\"https:\/\/www.mondragon-assembly.com\/pdf\/Politica_Subvenciones.pdf\" target=\"_blank\" rel=\"noopener noreferrer\">Subvenciones<\/a><br \/>\n\u00b7 <a href=\"https:\/\/www.mondragon-assembly.com\/pdf\/Politica_Conflicto_Interes.pdf\" target=\"_blank\" rel=\"noopener noreferrer\">Conflicto de inter\u00e9s<\/a><\/div>\n<p>[\/vc_toggle][\/vc_column_inner][\/vc_row_inner][\/vc_column][\/vc_row][vc_row css_animation=\u00bbzoomInUp\u00bb][vc_column][vc_empty_space height=\u00bb64px\u00bb][\/vc_column][\/vc_row][vc_row][vc_column][vc_text_separator title=\u00bbCERTIFICACIONES\u00bb css_animation=\u00bbzoomInUp\u00bb el_class=\u00bbtitle_gr\u00bb][vc_column_text css_animation=\u00bbzoomInUp\u00bb]<\/p>\n<h4 style=\"text-align: center;\">Mondragon Assembly Group dispone de diferentes certificados que acreditan la excelencia y calidad de sus procesos, productos y servicios.<\/h4>\n<p>[\/vc_column_text][\/vc_column][\/vc_row][vc_row][vc_column][vc_row_inner][vc_column_inner width=\u00bb1\/3&#8243;][\/vc_column_inner][vc_column_inner width=\u00bb1\/3&#8243;][vc_column_text css=\u00bb.vc_custom_1696410226831{padding-top: 5px !important;padding-bottom: 10px !important;background-color: #f2f2f2 !important;}\u00bb]<\/p>\n<h4 style=\"text-align: center; font-weight: bold; font-size: 16px;\"><span style=\"color: #494a4c;\">MONDRAGON ASSEMBLY GROUP<\/span><\/h4>\n<p>[\/vc_column_text][\/vc_column_inner][vc_column_inner width=\u00bb1\/3&#8243;][\/vc_column_inner][\/vc_row_inner][vc_row_inner css=\u00bb.vc_custom_1685533152454{padding-left: 10px !important;}\u00bb][vc_column_inner width=\u00bb1\/2&#8243;][vc_single_image image=\u00bb63759&#8243; img_size=\u00bb160&#215;153&#8243; alignment=\u00bbcenter\u00bb onclick=\u00bbcustom_link\u00bb img_link_target=\u00bb_blank\u00bb css=\u00bb.vc_custom_1708340760160{padding-top: 20px !important;padding-bottom: 30px !important;border-radius: 3px !important;}\u00bb][\/vc_column_inner][vc_column_inner width=\u00bb1\/2&#8243;][vc_single_image image=\u00bb63822&#8243; img_size=\u00bb160&#215;153&#8243; alignment=\u00bbcenter\u00bb onclick=\u00bbcustom_link\u00bb img_link_target=\u00bb_blank\u00bb css=\u00bb.vc_custom_1708340753149{padding-top: 20px !important;padding-bottom: 30px !important;border-radius: 3px !important;}\u00bb link=\u00bbhttps:\/\/www.mondragon-assembly.com\/certifications\/2023\/2023_ISO19601_Compliance.pdf\u00bb][\/vc_column_inner][\/vc_row_inner][\/vc_column][\/vc_row][vc_row][vc_column][vc_empty_space height=\u00bb30px\u00bb][\/vc_column][\/vc_row][vc_row][vc_column][vc_row_inner][vc_column_inner width=\u00bb1\/3&#8243;][\/vc_column_inner][vc_column_inner width=\u00bb1\/3&#8243;][vc_column_text css=\u00bb.vc_custom_1696410240871{padding-top: 8px !important;padding-bottom: 10px !important;background-color: #f2f2f2 !important;}\u00bb]<\/p>\n<h4 style=\"text-align: center; font-size: 16px;\"><span style=\"text-align: center; font-weight: bold;\">MONDRAGON ASSEMBLY S. COOP.<\/span><br \/>\nHeadquarters (spain)<\/h4>\n<p>[\/vc_column_text][\/vc_column_inner][vc_column_inner width=\u00bb1\/3&#8243;][\/vc_column_inner][\/vc_row_inner][vc_row_inner css=\u00bb.vc_custom_1685533152454{padding-left: 10px !important;}\u00bb][vc_column_inner width=\u00bb1\/4&#8243;][vc_single_image image=\u00bb63831&#8243; img_size=\u00bb150&#215;143&#8243; alignment=\u00bbcenter\u00bb onclick=\u00bbcustom_link\u00bb img_link_target=\u00bb_blank\u00bb css=\u00bb.vc_custom_1696409336408{padding-top: 20px !important;padding-bottom: 30px !important;border-radius: 3px !important;}\u00bb link=\u00bbhttps:\/\/www.mondragon-assembly.com\/certifications\/2023\/2023_ISO9001_Calidad.pdf\u00bb][\/vc_column_inner][vc_column_inner width=\u00bb1\/4&#8243;][vc_single_image image=\u00bb63795&#8243; img_size=\u00bb160&#215;153&#8243; alignment=\u00bbcenter\u00bb onclick=\u00bbcustom_link\u00bb img_link_target=\u00bb_blank\u00bb css=\u00bb.vc_custom_1694421350478{padding-top: 20px !important;padding-bottom: 30px !important;border-radius: 3px !important;}\u00bb link=\u00bbhttps:\/\/www.mondragon-assembly.com\/certifications\/2023\/2023_ISO14001_Medioambiente.pdf\u00bb][\/vc_column_inner][vc_column_inner width=\u00bb1\/4&#8243;][vc_single_image image=\u00bb63804&#8243; img_size=\u00bb160&#215;153&#8243; alignment=\u00bbcenter\u00bb onclick=\u00bbcustom_link\u00bb img_link_target=\u00bb_blank\u00bb css=\u00bb.vc_custom_1694421353283{padding-top: 20px !important;padding-bottom: 30px !important;border-radius: 3px !important;}\u00bb link=\u00bbhttps:\/\/www.mondragon-assembly.com\/certifications\/2023\/2023_ISO45001_SST.pdf\u00bb][\/vc_column_inner][vc_column_inner width=\u00bb1\/4&#8243;][vc_single_image image=\u00bb63768&#8243; img_size=\u00bb160&#215;153&#8243; alignment=\u00bbcenter\u00bb onclick=\u00bbcustom_link\u00bb img_link_target=\u00bb_blank\u00bb css=\u00bb.vc_custom_1694421355999{padding-top: 20px !important;padding-bottom: 30px !important;border-radius: 3px !important;}\u00bb link=\u00bbhttps:\/\/www.mondragon-assembly.com\/certifications\/2023\/2023_SR10_RSC.pdf\u00bb][\/vc_column_inner][\/vc_row_inner][\/vc_column][\/vc_row][vc_row][vc_column][vc_empty_space height=\u00bb30px\u00bb][\/vc_column][\/vc_row][vc_row][vc_column width=\u00bb1\/3&#8243;][vc_row_inner][vc_column_inner][vc_column_text css=\u00bb.vc_custom_1696409213008{padding-top: 9px !important;padding-bottom: 10px !important;background-color: #f2f2f2 !important;}\u00bb]<\/p>\n<h4 style=\"text-align: center; font-size: 16px;\"><span style=\"text-align: center; font-weight: bold;\">MONDRAGON ASSEMBLY DO BRASIL<\/span><br \/>\nAmericana (BRAZIL)<\/h4>\n<p>[\/vc_column_text][\/vc_column_inner][\/vc_row_inner][vc_single_image image=\u00bb63813&#8243; img_size=\u00bb155&#215;148&#8243; alignment=\u00bbcenter\u00bb onclick=\u00bbcustom_link\u00bb img_link_target=\u00bb_blank\u00bb css=\u00bb.vc_custom_1696409378964{border-radius: 3px !important;}\u00bb link=\u00bbhttps:\/\/www.mondragon-assembly.com\/certifications\/2023\/Certificado%20ISO9001-2015%20ano%202022.pdf\u00bb][\/vc_column][vc_column width=\u00bb1\/3&#8243;][vc_row_inner][vc_column_inner][vc_column_text css=\u00bb.vc_custom_1696409269976{padding-top: 9px !important;padding-bottom: 10px !important;background-color: #f2f2f2 !important;}\u00bb]<\/p>\n<h4 style=\"text-align: center; font-size: 16px;\"><span style=\"text-align: center; font-weight: bold;\">MONDRAGON ASSEMBLY (KUNSHAN) CO., LTD.<br \/>\n<\/span><span style=\"text-align: center;\">Kunshan (CHINA)<\/span><\/h4>\n<p>[\/vc_column_text][vc_single_image image=\u00bb65431&#8243; img_size=\u00bb175&#215;147&#8243; alignment=\u00bbcenter\u00bb onclick=\u00bbcustom_link\u00bb img_link_target=\u00bb_blank\u00bb css=\u00bb.vc_custom_1696581133199{border-radius: 3px !important;}\u00bb link=\u00bbhttps:\/\/www.mondragon-assembly.com\/pdf\/zh\/ISO9001_china.pdf\u00bb][\/vc_column_inner][\/vc_row_inner][\/vc_column][vc_column width=\u00bb1\/3&#8243;][vc_column_text css=\u00bb.vc_custom_1696409236527{padding-top: 9px !important;padding-bottom: 10px !important;background-color: #f2f2f2 !important;}\u00bb]<\/p>\n<h4 style=\"text-align: center; font-size: 16px;\"><span style=\"text-align: center; font-weight: bold;\">MONDRAGON ASSEMBLY GmbH<\/span><br \/>\nStahringen (GERMANY)<\/h4>\n<p>[\/vc_column_text][vc_single_image image=\u00bb63750&#8243; img_size=\u00bb180&#215;151&#8243; alignment=\u00bbcenter\u00bb onclick=\u00bbcustom_link\u00bb img_link_target=\u00bb_blank\u00bb css=\u00bb.vc_custom_1707728542224{margin-top: 20px !important;border-radius: 3px !important;}\u00bb link=\u00bbhttps:\/\/www.mondragon-assembly.com\/certifications\/2024\/ISO_9001_Zertifikat.pdf\u00bb][\/vc_column][\/vc_row][vc_row][vc_column width=\u00bb1\/2&#8243;][vc_row_inner css=\u00bb.vc_custom_1694435513733{padding-right: 90px !important;padding-left: 90px !important;}\u00bb][vc_column_inner][vc_column_text css=\u00bb.vc_custom_1751271200906{padding-top: 20px !important;padding-bottom: 20px !important;background-color: #f2f2f2 !important;}\u00bb]<\/p>\n<h4 style=\"text-align: center; font-size: 16px; background-color: #f2f2f2;\"><span style=\"text-align: center; font-weight: bold;\">MONDRAGON ASSEMBLY ORANGE<\/span><br \/>\nOrange (FRANCE)<\/h4>\n<p>[\/vc_column_text][\/vc_column_inner][\/vc_row_inner][vc_single_image image=\u00bb63840&#8243; img_size=\u00bb180&#215;151&#8243; alignment=\u00bbcenter\u00bb onclick=\u00bbcustom_link\u00bb img_link_target=\u00bb_blank\u00bb css=\u00bb.vc_custom_1696409565112{border-radius: 3px !important;}\u00bb link=\u00bbhttps:\/\/www.mondragon-assembly.com\/certifications\/2023\/20230124%20CERTIFICAT%20MONDRAGON_2015.pdf\u00bb][\/vc_column][vc_column width=\u00bb1\/2&#8243;][vc_row_inner css=\u00bb.vc_custom_1694435780429{padding-right: 90px !important;padding-left: 90px !important;}\u00bb][vc_column_inner][vc_column_text css=\u00bb.vc_custom_1751271214856{padding-top: 20px !important;padding-bottom: 20px !important;background-color: #F2F2F2 !important;}\u00bb]<\/p>\n<h4 style=\"text-align: center; font-size: 16px; background-color: #f2f2f2;\"><span style=\"text-align: center; font-weight: bold;\">MONDRAGON ASSEMBLY QUERETARO<\/span><br \/>\nQuer\u00e9taro (MEXICO)<\/h4>\n<p>[\/vc_column_text][\/vc_column_inner][\/vc_row_inner][vc_single_image image=\u00bb66133&#8243; img_size=\u00bb\u00bb alignment=\u00bbcenter\u00bb onclick=\u00bbcustom_link\u00bb img_link_target=\u00bb_blank\u00bb css=\u00bb.vc_custom_1702149646737{border-radius: 3px !important;}\u00bb link=\u00bbhttps:\/\/www.mondragon-assembly.com\/certifications\/2023\/CertificadoEmaER-1605-2006_ES_2021-07-02.pdf\u00bb][\/vc_column][\/vc_row][vc_row][vc_column][vc_empty_space][\/vc_column][\/vc_row][vc_row][vc_column css=\u00bb.vc_custom_1702147195789{background-color: #f2f2f2 !important;}\u00bb][vc_column_text]<\/p>\n<p style=\"text-align: center;\"><span style=\"color: #767171;\"><img decoding=\"async\" class=\"wp-image-31432 alignleft\" style=\"float: left; margin-right: 15px;\" src=\"https:\/\/www.mondragon-assembly.com\/wp-content\/uploads\/2021\/01\/sobre.png\" alt=\"\" width=\"64\" height=\"48\" \/>Si observa alg\u00fan incumplimiento del c\u00f3digo \u00e9tico y de las pol\u00edticas, puede ponerse en contacto a trav\u00e9s del siguiente correo electr\u00f3nico: <a href=\"mailto:socialresponsibility@mondragon-assembly.com\">socialresponsibility@mondragon-assembly.com <\/a>o puede rellenar el siguiente formulario haciendo clic\u00a0<\/span><a style=\"text-decoration: underline;\" href=\"https:\/\/forms.office.com\/e\/TJR590bEnn\" target=\"_blank\" rel=\"noopener\">aqu\u00ed<\/a><span style=\"color: #767171;\"> (totalmente an\u00f3nimo en caso de considerarlo por parte del denunciante).<\/span><\/p>\n<p>[\/vc_column_text][\/vc_column][\/vc_row]<\/p>\n<\/div>","protected":false},"excerpt":{"rendered":"<p>[vc_row][vc_column][vc_column_text css_animation=\u00bbzoomInUp\u00bb css=\u00bb.vc_custom_1614688838545{padding-top: 7px !important;padding-right: 20px !important;padding-bottom: 20px !important;padding-left: 20px !important;background-color: #f7f7f7 !important;}\u00bb] En Mondragon Assembly somos conscientes de que para llevar una gesti\u00f3n empresarial eficaz es importante contar con un sistema integrado que sea claro, din\u00e1mico y sencillo para todos las partes interesadas. [\/vc_column_text][vc_column_text] Actualmente trabajamos con un sistema integrado de gesti\u00f3n en el [&hellip;]<\/p>\n","protected":false},"author":4,"featured_media":0,"parent":0,"menu_order":0,"comment_status":"closed","ping_status":"closed","template":"sectors.php","meta":{"_lmt_disableupdate":"","_lmt_disable":"","footnotes":""},"yst_prominent_words":[731,2130,2360,2833,3267,3889,3891,4098,4101],"class_list":["post-31102","page","type-page","status-publish","hentry"],"acf":[],"_links":{"self":[{"href":"https:\/\/www.mondragon-assembly.com\/es\/wp-json\/wp\/v2\/pages\/31102","targetHints":{"allow":["GET"]}}],"collection":[{"href":"https:\/\/www.mondragon-assembly.com\/es\/wp-json\/wp\/v2\/pages"}],"about":[{"href":"https:\/\/www.mondragon-assembly.com\/es\/wp-json\/wp\/v2\/types\/page"}],"author":[{"embeddable":true,"href":"https:\/\/www.mondragon-assembly.com\/es\/wp-json\/wp\/v2\/users\/4"}],"replies":[{"embeddable":true,"href":"https:\/\/www.mondragon-assembly.com\/es\/wp-json\/wp\/v2\/comments?post=31102"}],"version-history":[{"count":54,"href":"https:\/\/www.mondragon-assembly.com\/es\/wp-json\/wp\/v2\/pages\/31102\/revisions"}],"predecessor-version":[{"id":80492,"href":"https:\/\/www.mondragon-assembly.com\/es\/wp-json\/wp\/v2\/pages\/31102\/revisions\/80492"}],"wp:attachment":[{"href":"https:\/\/www.mondragon-assembly.com\/es\/wp-json\/wp\/v2\/media?parent=31102"}],"wp:term":[{"taxonomy":"yst_prominent_words","embeddable":true,"href":"https:\/\/www.mondragon-assembly.com\/es\/wp-json\/wp\/v2\/yst_prominent_words?post=31102"}],"curies":[{"name":"wp","href":"https:\/\/api.w.org\/{rel}","templated":true}]}}