{"id":37338,"date":"2021-01-22T16:37:45","date_gmt":"2021-01-22T14:37:45","guid":{"rendered":"https:\/\/www.mondragon-assembly.com\/?page_id=37338"},"modified":"2021-05-25T10:59:28","modified_gmt":"2021-05-25T08:59:28","slug":"maquinas-y-lineas-llave-en-mano","status":"publish","type":"page","link":"https:\/\/www.mondragon-assembly.com\/es\/maquinas-y-lineas-llave-en-mano\/","title":{"rendered":"M\u00e1quinas y l\u00edneas llave en mano"},"content":{"rendered":"<div class=\"wpb-content-wrapper\"><p>[vc_row][vc_column][vc_column_text]Somos especialistas en la fabricaci\u00f3n de m\u00e1quinas y l\u00edneas autom\u00e1ticas de entrega llave en mano de componentes industriales para los sectores m\u00e1s exigentes.<\/p>\n<p>Ofrecemos soluciones de fabricaci\u00f3n completamente automatizadas que integran las tecnolog\u00edas de ensamble y los equipos de pruebas m\u00e1s avanzados, adaptados en todo momento a las necesidades de nuestros clientes.[\/vc_column_text][\/vc_column][\/vc_row][vc_row][vc_column][vc_single_image image=\u00bb35637&#8243; img_size=\u00bbfull\u00bb alignment=\u00bbcenter\u00bb css_animation=\u00bbleft-to-right\u00bb][\/vc_column][\/vc_row][vc_row][vc_column][vc_empty_space][\/vc_column][\/vc_row][vc_row][vc_column][vc_single_image image=\u00bb31154&#8243; img_size=\u00bbfull\u00bb alignment=\u00bbcenter\u00bb][\/vc_column][\/vc_row][vc_row][vc_column][vc_empty_space][\/vc_column][\/vc_row]<\/p>\n<\/div>","protected":false},"excerpt":{"rendered":"<p>[vc_row][vc_column][vc_column_text]Somos especialistas en la fabricaci\u00f3n de m\u00e1quinas y l\u00edneas autom\u00e1ticas de entrega llave en mano de componentes industriales para los sectores m\u00e1s exigentes. Ofrecemos soluciones de fabricaci\u00f3n completamente automatizadas que integran las tecnolog\u00edas de ensamble y los equipos de pruebas m\u00e1s avanzados, adaptados en todo momento a las necesidades de nuestros clientes.[\/vc_column_text][\/vc_column][\/vc_row][vc_row][vc_column][vc_single_image image=\u00bb35637&#8243; img_size=\u00bbfull\u00bb alignment=\u00bbcenter\u00bb [&hellip;]<\/p>\n","protected":false},"author":4,"featured_media":0,"parent":0,"menu_order":0,"comment_status":"closed","ping_status":"closed","template":"sectors.php","meta":{"_lmt_disableupdate":"","_lmt_disable":"","footnotes":""},"yst_prominent_words":[1011,2120,2130,2192,2321,2363],"class_list":["post-37338","page","type-page","status-publish","hentry"],"acf":[],"_links":{"self":[{"href":"https:\/\/www.mondragon-assembly.com\/es\/wp-json\/wp\/v2\/pages\/37338","targetHints":{"allow":["GET"]}}],"collection":[{"href":"https:\/\/www.mondragon-assembly.com\/es\/wp-json\/wp\/v2\/pages"}],"about":[{"href":"https:\/\/www.mondragon-assembly.com\/es\/wp-json\/wp\/v2\/types\/page"}],"author":[{"embeddable":true,"href":"https:\/\/www.mondragon-assembly.com\/es\/wp-json\/wp\/v2\/users\/4"}],"replies":[{"embeddable":true,"href":"https:\/\/www.mondragon-assembly.com\/es\/wp-json\/wp\/v2\/comments?post=37338"}],"version-history":[{"count":2,"href":"https:\/\/www.mondragon-assembly.com\/es\/wp-json\/wp\/v2\/pages\/37338\/revisions"}],"predecessor-version":[{"id":37340,"href":"https:\/\/www.mondragon-assembly.com\/es\/wp-json\/wp\/v2\/pages\/37338\/revisions\/37340"}],"wp:attachment":[{"href":"https:\/\/www.mondragon-assembly.com\/es\/wp-json\/wp\/v2\/media?parent=37338"}],"wp:term":[{"taxonomy":"yst_prominent_words","embeddable":true,"href":"https:\/\/www.mondragon-assembly.com\/es\/wp-json\/wp\/v2\/yst_prominent_words?post=37338"}],"curies":[{"name":"wp","href":"https:\/\/api.w.org\/{rel}","templated":true}]}}