{"id":44633,"date":"2022-01-10T13:30:56","date_gmt":"2022-01-10T11:30:56","guid":{"rendered":"https:\/\/www.mondragon-assembly.com\/?page_id=44633"},"modified":"2024-10-10T11:08:23","modified_gmt":"2024-10-10T09:08:23","slug":"mts-eca","status":"publish","type":"page","link":"https:\/\/www.mondragon-assembly.com\/es\/solar-automation-solutions\/maquinas-individuales-2\/tabber-and-stringer\/mts-eca\/","title":{"rendered":"MTS ECA: La mejor soluci\u00f3n para las conexiones de c\u00e9lulas HJT"},"content":{"rendered":"<div class=\"wpb-content-wrapper\"><p>[vc_row][vc_column][vc_column_text]Tabber &amp; Stringer de alta velocidad con capacidad de 1600 c\u00e9lulas\/hora.[\/vc_column_text][\/vc_column][\/vc_row][vc_row][vc_column][vc_single_image image=\u00bb52629&#8243; img_size=\u00bbfull\u00bb alignment=\u00bbcenter\u00bb style=\u00bbvc_box_outline\u00bb css_animation=\u00bbfadeIn\u00bb][\/vc_column][\/vc_row][vc_row full_width=\u00bbstretch_row_content\u00bb css=\u00bb.vc_custom_1705577278886{padding-right: 70px !important;padding-left: 70px !important;}\u00bb][vc_column width=\u00bb1\/6&#8243;][vc_row_inner][vc_column_inner width=\u00bb1\/4&#8243; css=\u00bb.vc_custom_1619414773728{padding-right: 0px !important;}\u00bb offset=\u00bbvc_col-xs-3&#8243;][vc_single_image image=\u00bb22020&#8243; img_size=\u00bbfull\u00bb][\/vc_column_inner][vc_column_inner width=\u00bb3\/4&#8243; css=\u00bb.vc_custom_1619414782465{padding-left: 3px !important;}\u00bb offset=\u00bbvc_col-xs-9&#8243;][vc_column_text]<\/p>\n<h4><strong>1600<\/strong> c\u00e9lulas\/hora<\/h4>\n<p>[\/vc_column_text][\/vc_column_inner][\/vc_row_inner][\/vc_column][vc_column width=\u00bb1\/6&#8243;][vc_row_inner][vc_column_inner width=\u00bb1\/4&#8243; css=\u00bb.vc_custom_1619414817940{padding-right: 0px !important;}\u00bb offset=\u00bbvc_col-xs-3&#8243;][vc_single_image image=\u00bb22280&#8243; img_size=\u00bbfull\u00bb][\/vc_column_inner][vc_column_inner width=\u00bb3\/4&#8243; css=\u00bb.vc_custom_1619414825937{padding-left: 3px !important;}\u00bb offset=\u00bbvc_col-xs-9&#8243;][vc_column_text css=\u00bb\u00bb]<\/p>\n<h4>Hasta 22BB<\/h4>\n<p>[\/vc_column_text][\/vc_column_inner][\/vc_row_inner][\/vc_column][vc_column width=\u00bb1\/6&#8243;][vc_row_inner css=\u00bb.vc_custom_1561537027700{padding-left: 0px !important;}\u00bb][vc_column_inner width=\u00bb1\/4&#8243; css=\u00bb.vc_custom_1619414832767{padding-right: 0px !important;}\u00bb offset=\u00bbvc_col-xs-3&#8243;][vc_single_image image=\u00bb22271&#8243; img_size=\u00bbfull\u00bb][\/vc_column_inner][vc_column_inner width=\u00bb3\/4&#8243; css=\u00bb.vc_custom_1620117252978{padding-left: 3px !important;}\u00bb offset=\u00bbvc_col-xs-9&#8243;][vc_column_text]<\/p>\n<h4><strong>Single<\/strong> track<\/h4>\n<p>[\/vc_column_text][\/vc_column_inner][\/vc_row_inner][\/vc_column][vc_column width=\u00bb1\/6&#8243;][vc_row_inner][vc_column_inner width=\u00bb1\/4&#8243; css=\u00bb.vc_custom_1619414773728{padding-right: 0px !important;}\u00bb offset=\u00bbvc_col-xs-3&#8243;][vc_single_image image=\u00bb22262&#8243; img_size=\u00bbfull\u00bb][\/vc_column_inner][vc_column_inner width=\u00bb3\/4&#8243; css=\u00bb.vc_custom_1619414782465{padding-left: 3px !important;}\u00bb offset=\u00bbvc_col-xs-9&#8243;][vc_column_text]<\/p>\n<h4>Adecuado para<br \/>\nc\u00e9lulas cortadas<\/h4>\n<p>[\/vc_column_text][\/vc_column_inner][\/vc_row_inner][\/vc_column][vc_column width=\u00bb1\/6&#8243;][vc_row_inner][vc_column_inner width=\u00bb1\/5&#8243; css=\u00bb.vc_custom_1619414773728{padding-right: 0px !important;}\u00bb offset=\u00bbvc_col-xs-3&#8243;][vc_single_image image=\u00bb52645&#8243; img_size=\u00bbfull\u00bb][\/vc_column_inner][vc_column_inner width=\u00bb4\/5&#8243; css=\u00bb.vc_custom_1619414782465{padding-left: 3px !important;}\u00bb offset=\u00bbvc_col-xs-9&#8243;][vc_column_text]<\/p>\n<h4>Proceso patentado de Continuous Stringing<\/h4>\n<p>[\/vc_column_text][\/vc_column_inner][\/vc_row_inner][\/vc_column][vc_column width=\u00bb1\/6&#8243;][vc_row_inner][vc_column_inner width=\u00bb1\/5&#8243; css=\u00bb.vc_custom_1619414773728{padding-right: 0px !important;}\u00bb offset=\u00bbvc_col-xs-3&#8243;][vc_single_image image=\u00bb66863&#8243; img_size=\u00bbfull\u00bb][\/vc_column_inner][vc_column_inner width=\u00bb4\/5&#8243; css=\u00bb.vc_custom_1619414782465{padding-left: 3px !important;}\u00bb offset=\u00bbvc_col-xs-9&#8243;][vc_column_text]<\/p>\n<h4>Actualizable<br \/>\na soldadura<\/h4>\n<p>[\/vc_column_text][\/vc_column_inner][\/vc_row_inner][\/vc_column][\/vc_row][vc_row full_width=\u00bbstretch_row_content\u00bb][vc_column width=\u00bb1\/5&#8243;][\/vc_column][vc_column width=\u00bb2\/5&#8243;][vc_column_text]<\/p>\n<h3><span style=\"color: #e20026;\"><img decoding=\"async\" class=\"alignnone size-full wp-image-22215\" src=\"https:\/\/www.mondragon-assembly.com\/wp-content\/uploads\/2019\/06\/icon-description.jpg\" alt=\"\" width=\"41\" height=\"41\" \/> Descripci\u00f3n<\/span><\/h3>\n<p>[\/vc_column_text][vc_column_text]<\/p>\n<ul>\n<li>Conexiones precisas de las c\u00e9lulas con adhesivo el\u00e9ctricamente conductor (ECA).<\/li>\n<li>Preparado para una f\u00e1cil actualizaci\u00f3n de ECA a soldadura del stringer.<\/li>\n<\/ul>\n<p>[\/vc_column_text][\/vc_column][vc_column width=\u00bb2\/5&#8243;][vc_column_text]<\/p>\n<h3><span style=\"color: #e20026;\"><img decoding=\"async\" class=\"alignnone wp-image-22325 size-full\" src=\"https:\/\/www.mondragon-assembly.com\/wp-content\/uploads\/2019\/06\/icon-advantages.jpg\" alt=\"\" width=\"41\" height=\"41\" \/> Ventajas<\/span><\/h3>\n<p>[\/vc_column_text][vc_column_text el_class=\u00bbicon_list\u00bb]<\/p>\n<ul>\n<li>Comprobaci\u00f3n visual de la posici\u00f3n y la calidad de la c\u00e9lula<br \/>\npara aumentar el tiempo de actividad de la m\u00e1quina y reducir<br \/>\nlos errores de calidad y sus consecuencias<\/li>\n<li>Tecnolog\u00eda de dispensaci\u00f3n monitorizada y sistema<br \/>\nde autocorrecci\u00f3n<\/li>\n<li>F\u00e1cil adaptaci\u00f3n al cord\u00f3n de soldadura<\/li>\n<li>F\u00e1cil integraci\u00f3n con el sistema MES<\/li>\n<li>Huella de f\u00e1brica minimizada<\/li>\n<li>Control de tiempo para autodiagn\u00f3stico<\/li>\n<li>Dise\u00f1o modular con varias opciones<\/li>\n<li>Proceso de Continuous Stringing patentado<\/li>\n<\/ul>\n<p>[\/vc_column_text][\/vc_column][\/vc_row][vc_row full_width=\u00bbstretch_row_content\u00bb][vc_column width=\u00bb1\/5&#8243;][\/vc_column][vc_column width=\u00bb2\/5&#8243;][vc_column_text]<\/p>\n<h3><span style=\"color: #e20026;\"><img decoding=\"async\" class=\"alignnone wp-image-22233 size-full\" src=\"https:\/\/www.mondragon-assembly.com\/wp-content\/uploads\/2019\/06\/icon-main-features.jpg\" alt=\"\" width=\"41\" height=\"41\" \/> Caracter\u00edsticas principales<\/span><\/h3>\n<p>[\/vc_column_text][vc_column_text el_class=\u00bbicon_list\u00bb]<\/p>\n<ul>\n<li>Curado: Placas calefactoras desde abajo y calefacci\u00f3n IR opcional desde arriba<\/li>\n<li>Sistemas anti-camber para mejorar la rigidez del ribbon<\/li>\n<li>Flexibilidad para poder procesar diferentes modelos y con un tiempo de cambio m\u00ednimo<\/li>\n<li>Tecnolog\u00eda de dosificaci\u00f3n precisa para la parte delantera y trasera de la c\u00e9lula<\/li>\n<li>Comprobaci\u00f3n de la posici\u00f3n y la calidad de la c\u00e9lula mediante visi\u00f3n parada autom\u00e1tica en caso de rotura detectada, asistencia para alineaciones<\/li>\n<li>Control de la temperatura de las c\u00e9lulas con varios pasos<\/li>\n<li>Roturas &lt; 0,2%<\/li>\n<li>Disponibilidad t\u00e9cnica (VDI 3423) &gt; 95<\/li>\n<\/ul>\n<p>[\/vc_column_text][\/vc_column][vc_column width=\u00bb2\/5&#8243;][vc_column_text]<\/p>\n<h3><span style=\"color: #e20026;\"><img decoding=\"async\" class=\"alignnone wp-image-25046 size-full\" src=\"https:\/\/www.mondragon-assembly.com\/wp-content\/uploads\/2020\/10\/icon-module-technology.jpg\" alt=\"\" width=\"41\" height=\"41\" \/> Tecnolog\u00eda de m\u00f3dulos<\/span><\/h3>\n<p>[\/vc_column_text][vc_column_text css=\u00bb\u00bb el_class=\u00bbicon_list\u00bb]<\/p>\n<ul>\n<li>Tama\u00f1o de celda hasta M12+<\/li>\n<li>Hasta 22 BB<\/li>\n<li>Apto para m\u00f3dulos BIPV<\/li>\n<li>Tipos de c\u00e9lulas: Poly, mono PERC y TOPCON<\/li>\n<li>C\u00e9lulas cortadas y bifaciales<\/li>\n<li>Ribbon plano o hilo<\/li>\n<\/ul>\n<p>[\/vc_column_text][\/vc_column][\/vc_row]<\/p>\n<\/div>","protected":false},"excerpt":{"rendered":"<p>[vc_row][vc_column][vc_column_text]Tabber &amp; Stringer de alta velocidad con capacidad de 1600 c\u00e9lulas\/hora.[\/vc_column_text][\/vc_column][\/vc_row][vc_row][vc_column][vc_single_image image=\u00bb52629&#8243; img_size=\u00bbfull\u00bb alignment=\u00bbcenter\u00bb style=\u00bbvc_box_outline\u00bb css_animation=\u00bbfadeIn\u00bb][\/vc_column][\/vc_row][vc_row full_width=\u00bbstretch_row_content\u00bb css=\u00bb.vc_custom_1705577278886{padding-right: 70px !important;padding-left: 70px !important;}\u00bb][vc_column width=\u00bb1\/6&#8243;][vc_row_inner][vc_column_inner width=\u00bb1\/4&#8243; css=\u00bb.vc_custom_1619414773728{padding-right: 0px !important;}\u00bb offset=\u00bbvc_col-xs-3&#8243;][vc_single_image image=\u00bb22020&#8243; img_size=\u00bbfull\u00bb][\/vc_column_inner][vc_column_inner width=\u00bb3\/4&#8243; css=\u00bb.vc_custom_1619414782465{padding-left: 3px !important;}\u00bb offset=\u00bbvc_col-xs-9&#8243;][vc_column_text] 1600 c\u00e9lulas\/hora [\/vc_column_text][\/vc_column_inner][\/vc_row_inner][\/vc_column][vc_column width=\u00bb1\/6&#8243;][vc_row_inner][vc_column_inner width=\u00bb1\/4&#8243; css=\u00bb.vc_custom_1619414817940{padding-right: 0px !important;}\u00bb offset=\u00bbvc_col-xs-3&#8243;][vc_single_image image=\u00bb22280&#8243; img_size=\u00bbfull\u00bb][\/vc_column_inner][vc_column_inner width=\u00bb3\/4&#8243; css=\u00bb.vc_custom_1619414825937{padding-left: 3px !important;}\u00bb offset=\u00bbvc_col-xs-9&#8243;][vc_column_text css=\u00bb\u00bb] Hasta 22BB [\/vc_column_text][\/vc_column_inner][\/vc_row_inner][\/vc_column][vc_column [&hellip;]<\/p>\n","protected":false},"author":4,"featured_media":0,"parent":27024,"menu_order":0,"comment_status":"closed","ping_status":"closed","template":"sectors.php","meta":{"_lmt_disableupdate":"","_lmt_disable":"","footnotes":""},"yst_prominent_words":[232,249,310,1214,4493,4674,5285],"class_list":["post-44633","page","type-page","status-publish","hentry"],"acf":[],"_links":{"self":[{"href":"https:\/\/www.mondragon-assembly.com\/es\/wp-json\/wp\/v2\/pages\/44633","targetHints":{"allow":["GET"]}}],"collection":[{"href":"https:\/\/www.mondragon-assembly.com\/es\/wp-json\/wp\/v2\/pages"}],"about":[{"href":"https:\/\/www.mondragon-assembly.com\/es\/wp-json\/wp\/v2\/types\/page"}],"author":[{"embeddable":true,"href":"https:\/\/www.mondragon-assembly.com\/es\/wp-json\/wp\/v2\/users\/4"}],"replies":[{"embeddable":true,"href":"https:\/\/www.mondragon-assembly.com\/es\/wp-json\/wp\/v2\/comments?post=44633"}],"version-history":[{"count":17,"href":"https:\/\/www.mondragon-assembly.com\/es\/wp-json\/wp\/v2\/pages\/44633\/revisions"}],"predecessor-version":[{"id":71893,"href":"https:\/\/www.mondragon-assembly.com\/es\/wp-json\/wp\/v2\/pages\/44633\/revisions\/71893"}],"up":[{"embeddable":true,"href":"https:\/\/www.mondragon-assembly.com\/es\/wp-json\/wp\/v2\/pages\/27024"}],"wp:attachment":[{"href":"https:\/\/www.mondragon-assembly.com\/es\/wp-json\/wp\/v2\/media?parent=44633"}],"wp:term":[{"taxonomy":"yst_prominent_words","embeddable":true,"href":"https:\/\/www.mondragon-assembly.com\/es\/wp-json\/wp\/v2\/yst_prominent_words?post=44633"}],"curies":[{"name":"wp","href":"https:\/\/api.w.org\/{rel}","templated":true}]}}