{"id":708,"date":"2016-04-15T08:55:34","date_gmt":"2016-04-15T06:55:34","guid":{"rendered":"https:\/\/www.mondragon-assembly.com\/es\/?page_id=708"},"modified":"2017-01-16T11:28:41","modified_gmt":"2017-01-16T09:28:41","slug":"tabber-stringer-1400","status":"publish","type":"page","link":"https:\/\/www.mondragon-assembly.com\/es\/solar-automation-solutions\/maquinas-individuales-2\/tabber-and-stringer\/tabber-stringer-1400\/","title":{"rendered":"Tabber and Stringer TS1400"},"content":{"rendered":"<div class=\"wpb-content-wrapper\"><p>[vc_row][vc_column width=\u00bb1\/2&#8243;][vc_column_text]<\/p>\n<p>Tabber&amp;stringer muy flexible, puede hacer m\u00f3dulos est\u00e1ndar o m\u00f3dulos especiales con c\u00e9lulas cortadas, por ejemplo, de muy f\u00e1cil manejo y econ\u00f3mica con una capacidad de producci\u00f3n media-alta de &gt;40MW\/a\u00f1o.<\/p>\n<h4><\/h4>\n<p>[\/vc_column_text][vc_column_text el_class=\u00bbtitle_lineas\u00bb]<\/p>\n<h4><span style=\"color: #e20026;\">Descripci\u00f3n<\/span><\/h4>\n<p>[\/vc_column_text][vc_column_text]La Tabber&amp;stringer de Mondragon Assembly es f\u00e1cil de operar, precisa y fiable.S\u00f3lo cambiando unos pocos par\u00e1metros podemos cambiar el string de forma inmediata.<\/p>\n<p>Gracias a nuestro conocimiento y experiencia tecnol\u00f3gica en procesos y equipamientos de solar, nuestro equipo ofrece dise\u00f1os modulares y con funciones avanzadas, de bajo coste y de alto rendimiento.<\/p>\n<p>La Tabber&amp;Stringer cuenta principalmente con cuatro elementos destacables: Control de calidad de las c\u00e9lulas por visi\u00f3n artificial, control avanzado del proceso de soldadura IR, servo-accionamientos y sistemas de alimentaci\u00f3n de ribbons hasta 5 bus bar.[\/vc_column_text][\/vc_column][vc_column width=\u00bb1\/2&#8243;][vc_gallery interval=\u00bb3&#8243; images=\u00bb2762&#8243; img_size=\u00bbfull\u00bb][vc_column_text el_class=\u00bbyoutubemodal\u00bb css=\u00bb.vc_custom_1484558904565{margin-top: -70px !important;}\u00bb]<\/p>\n<h4><a href=\"https:\/\/www.youtube.com\/embed\/-xh1g9Keszc\"><img decoding=\"async\" class=\"alignnone wp-image-15035 size-full\" src=\"https:\/\/www.mondragon-assembly.com\/wp-content\/uploads\/2016\/12\/YouTube-icon.png\" width=\"30\" height=\"21\" \/><\/a>\u00a0<a href=\"https:\/\/www.youtube.com\/embed\/-xh1g9Keszc\">V\u00eddeo<\/a><\/h4>\n<p>[\/vc_column_text][\/vc_column][\/vc_row][vc_row][vc_column][vc_column_text el_class=\u00bbtitle_lineas\u00bb]<\/p>\n<h4><span style=\"color: #e20026;\">Ventajas<\/span><\/h4>\n<p>[\/vc_column_text][vc_column_text el_class=\u00bbicon_list\u00bb]<\/p>\n<ul>\n<li>Sistema de control de visi\u00f3n para ver la calidad de c\u00e9lulas para detectar y apartar las defectuosas<\/li>\n<li>Control de temperatura de c\u00e9lulas para asegurar una buena soldadura<\/li>\n<li>Control de tiempo para un correcto auto-diagnostico<\/li>\n<li>Ilimitado n\u00famero de recetas de procesos, en los que el mismo modelo o m\u00f3dulo puede asumir diferentes par\u00e1metros de proceso, dependiendo de los materiales que se usen.<\/li>\n<li>Flexibilidad para procesar diferentes modelos o dimensiones de c\u00e9lulas con un tiempo de cambio muy reducido. Trabajamos con c\u00e9lulas cortadas. Hasta c\u00e9lulas 1\/6 de 6.\u201d<\/li>\n<\/ul>\n<p>[\/vc_column_text][vc_column_text el_class=\u00bbtitle_lineas\u00bb]<\/p>\n<h4><span style=\"color: #e20026;\">Caracter\u00edsticas principales<\/span><\/h4>\n<p>[\/vc_column_text][vc_column_text el_class=\u00bbicon_list\u00bb]<\/p>\n<ul>\n<li>Soldadura IR sin contacto para no generar stress en la c\u00e9lula<\/li>\n<li>Dosificado de flux sobre el bus bar sin contacto con la c\u00e9lula<\/li>\n<li>Sistemas anti-camber para mejorar la linealidad del ribbon<\/li>\n<li>Visi\u00f3n artificial<\/li>\n<\/ul>\n<p>[\/vc_column_text][\/vc_column][\/vc_row][vc_row][vc_column][vc_table vc_table_theme=\u00bbclassic_pink\u00bb][bg#e20026;b]Par%C3%A1metros%20de%20la%20c%C3%A9lula,[bg#e20026]|Rango%20de%20dimensiones%20de%20la%20c%C3%A9lula,Cortar%20celdas%20de%206%E2%80%9D%3A%20%C2%BD%E2%80%9D%3B1%2F4%E2%80%9D%2C1%2F6%E2%80%9D.%20Se%20estudiar%C3%A1n%20otros%20tama%C3%B1os|Rango%20de%20espesores%20de%20la%20c%C3%A9lula,[c#5e5e5e]160%20-%20300%20%C2%B5m|Geometr%C3%ADa%20de%20la%20c%C3%A9lula,Todas|[c#ffffff;bg#e20026;b]Tabs,[bg#e20026]|N%C3%BAmero%20de%20tabs%20por%20c%C3%A9lula,2%20-3-4-5|Espacio%20entre%20tabs,Espacio%20entre%20tabs%3A%202BB%3A%2078%20o%2075%3B%203BB%3A52%3B4BB%3A%2039%3B5BB%3A%2031%2C2%20(M%C3%ADnimo%2025mm)|Proceso%20de%20soldadura%20de%20tabs,Continuo|[bg#e20026;c#ffffff;b]Strings,[bg#e20026]|N%C3%BAmero%20de%20c%C3%A9lulas%20(125%20x%20125%20mm)%20por%20string,15|N%C3%BAmero%20de%20c%C3%A9lulas%20(156%20x%20156%20mm)%20por%20string,12|Longitud%20m%C3%A1x.%20de%20string,1960%20mm|Distancia%20entre%20c%C3%A9lulas%20dentro%20del%20string,2%2C5%20-%20160%20mm%20(mayor%20bajo%20petici%C3%B3n)|N%C3%BAmero%20m%C3%A1x.%20de%20strings%20paralelos%20en%20unidad%20de%20montaje,8|Tama%C3%B1o%20m%C3%A1x.%20de%20m%C3%B3dulo%20(L%20x%20A),2000%20x%201100%20mm|Tama%C3%B1o%20m%C3%ADn.%20de%20m%C3%B3dulo%20(L%20x%20A),1400&#215;600%20mm|[bg#e20026;c#ffffff;b]Tabbing%20%26%20Stringing,[bg#e20026]|Alineaci%C3%B3n%20de%20c%C3%A9lulas,Sistema%20Visi%C3%B3n|Proceso%20de%20tabbing%20%26%20stringing,Un%20paso|M%C3%A9todo%20de%20aplicaci%C3%B3n%20de%20flujo,Autom%C3%A1tico%2C%20sin%20contacto|Proceso%20de%20soldadura,IR|[bg#e20026;b;c#ffffff]Sistema%20de%20transporte%20de%20c%C3%A9lulas,[bg#e20026]|Tabbing%20%26%20stringing,Walking%20Beam|[bg#e20026;c#ffffff;b]Carga%20y%20descarga,[bg#e20026]|N%C3%BAmero%20m%C3%A1x.%20de%20c%C3%A9lulas%20por%20casete%20(buffer),200%20c%C3%A9lulas%20(5%20casetes%20por%20buffer)|Descarga%20de%20c%C3%A9lulas,Adept%20S800%20Scara%20Robot|Descarga%20de%20strings,Layup%20sobre%20cristal|[bg#e20026;c#ffffff;b]Prestaciones,[bg#e20026;c#ffffff;b]|Producci%C3%B3n%20m%C3%A1x.%20%2F%20nominal,1400%2F1300%20c%C3%A9lulas%2Fh|Relaci%C3%B3n%20promedio%20de%20rotura%20de%20c%C3%A9lulas,%3C0%2C2%20%25%20(con%20c%C3%A9lulas%20certificadas)|[bg#e20026;c#ffffff;b]Suministro%20de%20aire%20y%20electricidad,[bg#e20026;c#ffffff;b]|Presi%C3%B3n%20y%20flujo%20de%20aire%20comprimido,5%20bar%20750%20Nl%2Fmin|Potencia%20instalada,31%20kW%20(trif%C3%A1sica%2C%20380-420%20V%2C%2050-60%20Hz)|Consumo%20de%20energ%C3%ADa%20durante%20el%20calentamiento,12%20kWh|Consumo%20de%20energ%C3%ADa,6%20kWh|[bg#e20026;c#ffffff;b]Dimensiones,[bg#e20026;c#ffffff;b]|Peso,4000%20kg|L%20x%20ancho%20(%2Bbandas%20transportadoras)%20x%20H,6%2C5%20x%203%2C2x%202%2C1%20m|[bg#e20026;c#ffffff;b]Control%20y%20software%20del%20sistema,[bg#e20026;c#ffffff;b]|Hardware,PLC%20Beckhoff%20con%20pantalla%20t%C3%A1ctil|Software%20que%20permite%20el%20diagn%C3%B3stico%20remoto,S%C3%AD|Datos%20adquiridos%20compatibles%20con%20Access%2C%20Excel,s%C3%AD[\/vc_table][\/vc_column][\/vc_row]<\/p>\n<\/div>","protected":false},"excerpt":{"rendered":"<p>[vc_row][vc_column width=\u00bb1\/2&#8243;][vc_column_text] Tabber&amp;stringer muy flexible, puede hacer m\u00f3dulos est\u00e1ndar o m\u00f3dulos especiales con c\u00e9lulas cortadas, por ejemplo, de muy f\u00e1cil manejo y econ\u00f3mica con una capacidad de producci\u00f3n media-alta de &gt;40MW\/a\u00f1o. [\/vc_column_text][vc_column_text el_class=\u00bbtitle_lineas\u00bb] Descripci\u00f3n [\/vc_column_text][vc_column_text]La Tabber&amp;stringer de Mondragon Assembly es f\u00e1cil de operar, precisa y fiable.S\u00f3lo cambiando unos pocos par\u00e1metros podemos cambiar el string de [&hellip;]<\/p>\n","protected":false},"author":4,"featured_media":0,"parent":27024,"menu_order":0,"comment_status":"closed","ping_status":"closed","template":"sectors.php","meta":{"_lmt_disableupdate":"","_lmt_disable":"","footnotes":""},"yst_prominent_words":[],"class_list":["post-708","page","type-page","status-publish","hentry"],"acf":[],"_links":{"self":[{"href":"https:\/\/www.mondragon-assembly.com\/es\/wp-json\/wp\/v2\/pages\/708","targetHints":{"allow":["GET"]}}],"collection":[{"href":"https:\/\/www.mondragon-assembly.com\/es\/wp-json\/wp\/v2\/pages"}],"about":[{"href":"https:\/\/www.mondragon-assembly.com\/es\/wp-json\/wp\/v2\/types\/page"}],"author":[{"embeddable":true,"href":"https:\/\/www.mondragon-assembly.com\/es\/wp-json\/wp\/v2\/users\/4"}],"replies":[{"embeddable":true,"href":"https:\/\/www.mondragon-assembly.com\/es\/wp-json\/wp\/v2\/comments?post=708"}],"version-history":[{"count":5,"href":"https:\/\/www.mondragon-assembly.com\/es\/wp-json\/wp\/v2\/pages\/708\/revisions"}],"predecessor-version":[{"id":15115,"href":"https:\/\/www.mondragon-assembly.com\/es\/wp-json\/wp\/v2\/pages\/708\/revisions\/15115"}],"up":[{"embeddable":true,"href":"https:\/\/www.mondragon-assembly.com\/es\/wp-json\/wp\/v2\/pages\/27024"}],"wp:attachment":[{"href":"https:\/\/www.mondragon-assembly.com\/es\/wp-json\/wp\/v2\/media?parent=708"}],"wp:term":[{"taxonomy":"yst_prominent_words","embeddable":true,"href":"https:\/\/www.mondragon-assembly.com\/es\/wp-json\/wp\/v2\/yst_prominent_words?post=708"}],"curies":[{"name":"wp","href":"https:\/\/api.w.org\/{rel}","templated":true}]}}