{"id":72379,"date":"2024-11-06T12:45:14","date_gmt":"2024-11-06T11:45:14","guid":{"rendered":"https:\/\/www.mondragon-assembly.com\/?page_id=72379"},"modified":"2025-04-03T11:03:37","modified_gmt":"2025-04-03T10:03:37","slug":"maquinas-individuales","status":"publish","type":"page","link":"https:\/\/www.mondragon-assembly.com\/es\/solar-automation-solutions\/maquinas-individuales\/","title":{"rendered":"M\u00e1quinas individuales"},"content":{"rendered":"<div class=\"wpb-content-wrapper\"><p>[vc_row][vc_column][vc_column_text]Mondragon Assembly ofrece soluciones flexibles, de alta tecnolog\u00eda y m\u00e1xima eficacia para equipos individuales. Nuestras m\u00e1quinas est\u00e1n dise\u00f1adas de acuerdo con las normas europeas m\u00e1s estrictas, garantizando la fortaleza, seguridad y durabilidad de las soluciones desarrolladas.[\/vc_column_text][\/vc_column][\/vc_row][vc_row][vc_column width=\u00bb1\/2&#8243;][vc_single_image image=\u00bb45783&#8243; img_size=\u00bbfull\u00bb onclick=\u00bbcustom_link\u00bb css_animation=\u00bbfadeIn\u00bb css=\u00bb.vc_custom_1613650979940{border-top-width: 3px !important;border-right-width: 3px !important;border-bottom-width: 3px !important;border-left-width: 3px !important;border-left-color: #fce3e9 !important;border-left-style: solid !important;border-right-color: #fce3e9 !important;border-right-style: solid !important;border-top-color: #fce3e9 !important;border-top-style: solid !important;border-bottom-color: #fce3e9 !important;border-bottom-style: solid !important;}\u00bb link=\u00bbhttps:\/\/www.mondragon-assembly.com\/es\/solar-automation-solutions\/maquinas-individuales\/tabber-and-stringer\/\u00bb][vc_column_text css=\u00bb.vc_custom_1604999102957{margin-top: -10px !important;}\u00bb el_class=\u00bbicon_list_subt\u00bb]<\/p>\n<h4><strong>Tabber &amp; Stringers<\/strong><\/h4>\n<p>[\/vc_column_text][\/vc_column][vc_column width=\u00bb1\/2&#8243;][vc_single_image image=\u00bb72066&#8243; img_size=\u00bbfull\u00bb onclick=\u00bbcustom_link\u00bb css_animation=\u00bbfadeIn\u00bb css=\u00bb.vc_custom_1729251444756{border-top-width: 3px !important;border-right-width: 3px !important;border-bottom-width: 3px !important;border-left-width: 3px !important;border-left-style: solid !important;border-right-style: solid !important;border-top-style: solid !important;border-bottom-style: solid !important;border-color: #fce3e9 !important;}\u00bb link=\u00bbhttps:\/\/www.mondragon-assembly.com\/es\/solar-automation-solutions\/maquinas-individuales\/automatic-lay-up\/\u00bb][vc_column_text el_class=\u00bbicon_list_subt\u00bb]<\/p>\n<h4><strong>Lay-up autom\u00e1tico<\/strong><\/h4>\n<p>[\/vc_column_text][\/vc_column][\/vc_row][vc_row][vc_column width=\u00bb1\/2&#8243;][vc_single_image image=\u00bb46414&#8243; img_size=\u00bbfull\u00bb onclick=\u00bbcustom_link\u00bb css=\u00bb.vc_custom_1613652545758{border-top-width: 3px !important;border-right-width: 3px !important;border-bottom-width: 3px !important;border-left-width: 3px !important;border-left-color: #fce3e9 !important;border-left-style: solid !important;border-right-color: #fce3e9 !important;border-right-style: solid !important;border-top-color: #fce3e9 !important;border-top-style: solid !important;border-bottom-color: #fce3e9 !important;border-bottom-style: solid !important;}\u00bb link=\u00bbhttps:\/\/www.mondragon-assembly.com\/es\/solar-automation-solutions\/maquinas-individuales\/interconnection-machine\/\u00bb][vc_column_text el_class=\u00bbicon_list_subt\u00bb]<\/p>\n<h4><strong>M\u00e1quina de interconexi\u00f3n<\/strong><\/h4>\n<p>[\/vc_column_text][\/vc_column][vc_column width=\u00bb1\/2&#8243;][vc_single_image image=\u00bb22537&#8243; img_size=\u00bbfull\u00bb onclick=\u00bbcustom_link\u00bb css_animation=\u00bbfadeIn\u00bb css=\u00bb.vc_custom_1612266468388{border-top-width: 3px !important;border-right-width: 3px !important;border-bottom-width: 3px !important;border-left-width: 3px !important;border-left-color: #fce3e9 !important;border-left-style: solid !important;border-right-color: #fce3e9 !important;border-right-style: solid !important;border-top-color: #fce3e9 !important;border-top-style: solid !important;border-bottom-color: #fce3e9 !important;border-bottom-style: solid !important;}\u00bb link=\u00bbhttps:\/\/www.mondragon-assembly.com\/es\/solar-automation-solutions\/maquinas-individuales\/laminators\/\u00bb][vc_column_text el_class=\u00bbicon_list_subt\u00bb]<\/p>\n<h4><strong>Laminadores<\/strong><\/h4>\n<p>[\/vc_column_text][\/vc_column][\/vc_row][vc_row][vc_column width=\u00bb1\/2&#8243;][vc_single_image image=\u00bb22546&#8243; img_size=\u00bbfull\u00bb onclick=\u00bbcustom_link\u00bb css_animation=\u00bbfadeIn\u00bb css=\u00bb.vc_custom_1612266478320{border-top-width: 3px !important;border-right-width: 3px !important;border-bottom-width: 3px !important;border-left-width: 3px !important;border-left-color: #fce3e9 !important;border-left-style: solid !important;border-right-color: #fce3e9 !important;border-right-style: solid !important;border-top-color: #fce3e9 !important;border-top-style: solid !important;border-bottom-color: #fce3e9 !important;border-bottom-style: solid !important;}\u00bb link=\u00bbhttps:\/\/www.mondragon-assembly.com\/es\/solar-automation-solutions\/maquinas-individuales\/pv-module-testing\/\u00bb][vc_column_text css=\u00bb.vc_custom_1611821181661{margin-top: -10px !important;}\u00bb el_class=\u00bbicon_list_subt\u00bb]<\/p>\n<h4>Testeo de m\u00f3dulos fotovoltaicos<\/h4>\n<p>[\/vc_column_text][\/vc_column][vc_column width=\u00bb1\/2&#8243;][vc_single_image image=\u00bb23690&#8243; img_size=\u00bbfull\u00bb onclick=\u00bbcustom_link\u00bb css_animation=\u00bbfadeIn\u00bb css=\u00bb.vc_custom_1743674611026{border-top-width: 3px !important;border-right-width: 3px !important;border-bottom-width: 3px !important;border-left-width: 3px !important;border-left-style: solid !important;border-right-style: solid !important;border-top-style: solid !important;border-bottom-style: solid !important;border-color: #fce3e9 !important;}\u00bb link=\u00bbhttps:\/\/www.mondragon-assembly.com\/es\/solar-automation-solutions\/maquinas-individuales-2\/equipos-auxiliares\/\u00bb][vc_column_text css=\u00bb.vc_custom_1611821198515{margin-top: -10px !important;}\u00bb el_class=\u00bbicon_list_subt\u00bb]<\/p>\n<h4>Equipos auxiliares<\/h4>\n<p>[\/vc_column_text][\/vc_column][\/vc_row]<\/p>\n<\/div>","protected":false},"excerpt":{"rendered":"<p>[vc_row][vc_column][vc_column_text]Mondragon Assembly ofrece soluciones flexibles, de alta tecnolog\u00eda y m\u00e1xima eficacia para equipos individuales. Nuestras m\u00e1quinas est\u00e1n dise\u00f1adas de acuerdo con las normas europeas m\u00e1s estrictas, garantizando la fortaleza, seguridad y durabilidad de las soluciones desarrolladas.[\/vc_column_text][\/vc_column][\/vc_row][vc_row][vc_column width=\u00bb1\/2&#8243;][vc_single_image image=\u00bb45783&#8243; img_size=\u00bbfull\u00bb onclick=\u00bbcustom_link\u00bb css_animation=\u00bbfadeIn\u00bb css=\u00bb.vc_custom_1613650979940{border-top-width: 3px !important;border-right-width: 3px !important;border-bottom-width: 3px !important;border-left-width: 3px !important;border-left-color: #fce3e9 !important;border-left-style: solid !important;border-right-color: #fce3e9 [&hellip;]<\/p>\n","protected":false},"author":4,"featured_media":0,"parent":31260,"menu_order":0,"comment_status":"closed","ping_status":"closed","template":"sectors.php","meta":{"_lmt_disableupdate":"","_lmt_disable":"","footnotes":""},"yst_prominent_words":[1431,2120,2363,4176],"class_list":["post-72379","page","type-page","status-publish","hentry"],"acf":[],"_links":{"self":[{"href":"https:\/\/www.mondragon-assembly.com\/es\/wp-json\/wp\/v2\/pages\/72379","targetHints":{"allow":["GET"]}}],"collection":[{"href":"https:\/\/www.mondragon-assembly.com\/es\/wp-json\/wp\/v2\/pages"}],"about":[{"href":"https:\/\/www.mondragon-assembly.com\/es\/wp-json\/wp\/v2\/types\/page"}],"author":[{"embeddable":true,"href":"https:\/\/www.mondragon-assembly.com\/es\/wp-json\/wp\/v2\/users\/4"}],"replies":[{"embeddable":true,"href":"https:\/\/www.mondragon-assembly.com\/es\/wp-json\/wp\/v2\/comments?post=72379"}],"version-history":[{"count":2,"href":"https:\/\/www.mondragon-assembly.com\/es\/wp-json\/wp\/v2\/pages\/72379\/revisions"}],"predecessor-version":[{"id":76158,"href":"https:\/\/www.mondragon-assembly.com\/es\/wp-json\/wp\/v2\/pages\/72379\/revisions\/76158"}],"up":[{"embeddable":true,"href":"https:\/\/www.mondragon-assembly.com\/es\/wp-json\/wp\/v2\/pages\/31260"}],"wp:attachment":[{"href":"https:\/\/www.mondragon-assembly.com\/es\/wp-json\/wp\/v2\/media?parent=72379"}],"wp:term":[{"taxonomy":"yst_prominent_words","embeddable":true,"href":"https:\/\/www.mondragon-assembly.com\/es\/wp-json\/wp\/v2\/yst_prominent_words?post=72379"}],"curies":[{"name":"wp","href":"https:\/\/api.w.org\/{rel}","templated":true}]}}