{"id":757,"date":"2016-04-15T09:08:16","date_gmt":"2016-04-15T07:08:16","guid":{"rendered":"https:\/\/www.mondragon-assembly.com\/es\/?page_id=757"},"modified":"2016-05-06T08:12:16","modified_gmt":"2016-05-06T08:12:16","slug":"inspeccion-hi-pot","status":"publish","type":"page","link":"https:\/\/www.mondragon-assembly.com\/es\/solar-automation-solutions\/maquinas-individuales-2\/inspeccion-hi-pot\/","title":{"rendered":"Inspecci\u00f3n  Hi-Pot"},"content":{"rendered":"<div class=\"wpb-content-wrapper\"><p>[vc_row][vc_column width=\u00bb1\/2&#8243;][vc_column_text]Este equipo realiza los test de aislamiento el\u00e9ctrico del panel.<br \/>\nCumplimos con la norma internacional IEC-61215 para la Calificaci\u00f3n de dise\u00f1o y homologaci\u00f3n.[\/vc_column_text][vc_column_text el_class=\u00bbicon_list\u00bb]Realiza los siguientes tipos de test:<\/p>\n<ul>\n<li>Resistencia de Diel\u00e9ctrica<\/li>\n<li>Pruebas de continuidad y de eficacia<\/li>\n<li>Resistencia de aislamiento<\/li>\n<\/ul>\n<p>[\/vc_column_text][\/vc_column][vc_column width=\u00bb1\/2&#8243;][vc_gallery type=\u00bbflexslider_slide\u00bb interval=\u00bb3&#8243; images=\u00bb2719,2739&#8243; img_size=\u00bb640&#215;480&#8243;][\/vc_column][vc_column][\/vc_column][\/vc_row]<\/p>\n<\/div>","protected":false},"excerpt":{"rendered":"<p>[vc_row][vc_column width=\u00bb1\/2&#8243;][vc_column_text]Este equipo realiza los test de aislamiento el\u00e9ctrico del panel. Cumplimos con la norma internacional IEC-61215 para la Calificaci\u00f3n de dise\u00f1o y homologaci\u00f3n.[\/vc_column_text][vc_column_text el_class=\u00bbicon_list\u00bb]Realiza los siguientes tipos de test: Resistencia de Diel\u00e9ctrica Pruebas de continuidad y de eficacia Resistencia de aislamiento [\/vc_column_text][\/vc_column][vc_column width=\u00bb1\/2&#8243;][vc_gallery type=\u00bbflexslider_slide\u00bb interval=\u00bb3&#8243; images=\u00bb2719,2739&#8243; img_size=\u00bb640&#215;480&#8243;][\/vc_column][vc_column][\/vc_column][\/vc_row]<\/p>\n","protected":false},"author":4,"featured_media":0,"parent":28428,"menu_order":0,"comment_status":"closed","ping_status":"closed","template":"sectors.php","meta":{"_lmt_disableupdate":"","_lmt_disable":"","footnotes":""},"yst_prominent_words":[],"class_list":["post-757","page","type-page","status-publish","hentry"],"acf":[],"_links":{"self":[{"href":"https:\/\/www.mondragon-assembly.com\/es\/wp-json\/wp\/v2\/pages\/757","targetHints":{"allow":["GET"]}}],"collection":[{"href":"https:\/\/www.mondragon-assembly.com\/es\/wp-json\/wp\/v2\/pages"}],"about":[{"href":"https:\/\/www.mondragon-assembly.com\/es\/wp-json\/wp\/v2\/types\/page"}],"author":[{"embeddable":true,"href":"https:\/\/www.mondragon-assembly.com\/es\/wp-json\/wp\/v2\/users\/4"}],"replies":[{"embeddable":true,"href":"https:\/\/www.mondragon-assembly.com\/es\/wp-json\/wp\/v2\/comments?post=757"}],"version-history":[{"count":5,"href":"https:\/\/www.mondragon-assembly.com\/es\/wp-json\/wp\/v2\/pages\/757\/revisions"}],"predecessor-version":[{"id":2834,"href":"https:\/\/www.mondragon-assembly.com\/es\/wp-json\/wp\/v2\/pages\/757\/revisions\/2834"}],"up":[{"embeddable":true,"href":"https:\/\/www.mondragon-assembly.com\/es\/wp-json\/wp\/v2\/pages\/28428"}],"wp:attachment":[{"href":"https:\/\/www.mondragon-assembly.com\/es\/wp-json\/wp\/v2\/media?parent=757"}],"wp:term":[{"taxonomy":"yst_prominent_words","embeddable":true,"href":"https:\/\/www.mondragon-assembly.com\/es\/wp-json\/wp\/v2\/yst_prominent_words?post=757"}],"curies":[{"name":"wp","href":"https:\/\/api.w.org\/{rel}","templated":true}]}}