{"id":759,"date":"2016-04-15T09:07:21","date_gmt":"2016-04-15T07:07:21","guid":{"rendered":"https:\/\/www.mondragon-assembly.com\/es\/?page_id=759"},"modified":"2017-01-24T18:14:08","modified_gmt":"2017-01-24T16:14:08","slug":"inspeccion-ir","status":"publish","type":"page","link":"https:\/\/www.mondragon-assembly.com\/es\/solar-automation-solutions\/maquinas-individuales-2\/inspeccion-ir\/","title":{"rendered":"Inspecci\u00f3n IR"},"content":{"rendered":"<div class=\"wpb-content-wrapper\"><p>[vc_row][vc_column width=\u00bb1\/2&#8243;][vc_column_text]Adquiere una imagen termogr\u00e1fica del panel, para localizar los puntos calientes y las \u00e1reas oscuras. Muestra cualquier fallo el\u00e9ctrico en los m\u00f3dulos fotovoltaicos.<\/p>\n<h4><\/h4>\n<p>[\/vc_column_text][vc_column_text el_class=\u00bbtitle_lineas\u00bb]<\/p>\n<h4><span style=\"color: #e20026;\">Caracter\u00edsticas<\/span><\/h4>\n<p>[\/vc_column_text][vc_column_text el_class=\u00bbicon_list\u00bb]<\/p>\n<ul>\n<li>C\u00e1mara oscura con estructura de marco de aluminio<\/li>\n<li>Entrada y salida autom\u00e1tica de panales solares<\/li>\n<li>Banda transportadora<\/li>\n<li>C\u00e1mara IR<\/li>\n<li>Pantalla<\/li>\n<li>Conexi\u00f3n manual de los conectores del m\u00f3dulo<\/li>\n<li>Inspecci\u00f3n visual de los paneles<\/li>\n<li>Manipulaci\u00f3n neumatica para coger el panel del conveyor y mostrarlo al operador<\/li>\n<\/ul>\n<p>[\/vc_column_text][\/vc_column][vc_column width=\u00bb1\/2&#8243;][vc_gallery type=\u00bbflexslider_slide\u00bb interval=\u00bb3&#8243; images=\u00bb2744&#8243; img_size=\u00bb640&#215;480&#8243;][\/vc_column][vc_column][\/vc_column][\/vc_row]<\/p>\n<\/div>","protected":false},"excerpt":{"rendered":"<p>[vc_row][vc_column width=\u00bb1\/2&#8243;][vc_column_text]Adquiere una imagen termogr\u00e1fica del panel, para localizar los puntos calientes y las \u00e1reas oscuras. Muestra cualquier fallo el\u00e9ctrico en los m\u00f3dulos fotovoltaicos. [\/vc_column_text][vc_column_text el_class=\u00bbtitle_lineas\u00bb] Caracter\u00edsticas [\/vc_column_text][vc_column_text el_class=\u00bbicon_list\u00bb] C\u00e1mara oscura con estructura de marco de aluminio Entrada y salida autom\u00e1tica de panales solares Banda transportadora C\u00e1mara IR Pantalla Conexi\u00f3n manual de los conectores del [&hellip;]<\/p>\n","protected":false},"author":4,"featured_media":0,"parent":28428,"menu_order":0,"comment_status":"closed","ping_status":"closed","template":"sectors.php","meta":{"_lmt_disableupdate":"","_lmt_disable":"","footnotes":""},"yst_prominent_words":[554,984,987,988],"class_list":["post-759","page","type-page","status-publish","hentry"],"acf":[],"_links":{"self":[{"href":"https:\/\/www.mondragon-assembly.com\/es\/wp-json\/wp\/v2\/pages\/759","targetHints":{"allow":["GET"]}}],"collection":[{"href":"https:\/\/www.mondragon-assembly.com\/es\/wp-json\/wp\/v2\/pages"}],"about":[{"href":"https:\/\/www.mondragon-assembly.com\/es\/wp-json\/wp\/v2\/types\/page"}],"author":[{"embeddable":true,"href":"https:\/\/www.mondragon-assembly.com\/es\/wp-json\/wp\/v2\/users\/4"}],"replies":[{"embeddable":true,"href":"https:\/\/www.mondragon-assembly.com\/es\/wp-json\/wp\/v2\/comments?post=759"}],"version-history":[{"count":5,"href":"https:\/\/www.mondragon-assembly.com\/es\/wp-json\/wp\/v2\/pages\/759\/revisions"}],"predecessor-version":[{"id":3698,"href":"https:\/\/www.mondragon-assembly.com\/es\/wp-json\/wp\/v2\/pages\/759\/revisions\/3698"}],"up":[{"embeddable":true,"href":"https:\/\/www.mondragon-assembly.com\/es\/wp-json\/wp\/v2\/pages\/28428"}],"wp:attachment":[{"href":"https:\/\/www.mondragon-assembly.com\/es\/wp-json\/wp\/v2\/media?parent=759"}],"wp:term":[{"taxonomy":"yst_prominent_words","embeddable":true,"href":"https:\/\/www.mondragon-assembly.com\/es\/wp-json\/wp\/v2\/yst_prominent_words?post=759"}],"curies":[{"name":"wp","href":"https:\/\/api.w.org\/{rel}","templated":true}]}}