{"id":12636,"date":"2016-05-26T08:17:37","date_gmt":"2016-05-26T07:17:37","guid":{"rendered":"https:\/\/www.mondragon-assembly.com\/fr\/?page_id=12636"},"modified":"2016-06-27T11:09:18","modified_gmt":"2016-06-27T09:09:18","slug":"politique-de-cookies","status":"publish","type":"page","link":"https:\/\/www.mondragon-assembly.com\/fr\/politique-de-cookies\/","title":{"rendered":"Politique de cookies"},"content":{"rendered":"<div class=\"wpb-content-wrapper\"><p>[vc_row][vc_column][vc_separator][vc_column_text]<\/p>\n<h3>INFORMATIONS UTILES SUR L&rsquo;UTILISATION DE COOKIES SUR CE SITE WEB<\/h3>\n<p>Conform\u00e9ment aux dispositions de l&rsquo;article 22.2 de la Loi sur les services de la soci\u00e9t\u00e9 de l&rsquo;information et du commerce \u00e9lectronique (LSSI), et \u00e0 la Directive europ\u00e9enne 2009\/136\/CE, MONDRAGON ASSEMBLY, S.COOP., vous informe que ce site accepte l&rsquo;utilisation de cookies.<\/p>\n<h4><span style=\"text-decoration: underline; color: #e20026;\">Qu&rsquo;est-ce qu&rsquo;un cookie?<\/span><\/h4>\n<p>Un cookie est un petit fichier texte qui stocke de l&rsquo;information utile sur le disque dur de votre ordinateur. Chaque fois que vous visitez ce site, notre serveur reconna\u00eet le cookie et nous renseigne sur votre derni\u00e8re visite.<\/p>\n<h4><span style=\"text-decoration: underline; color: #e20026;\">Puis-je \u00e9viter de stocker des cookies sur mon ordinateur?<\/span><\/h4>\n<p>La plupart des navigateurs acceptent l&rsquo;utilisation de cookies de fa\u00e7on automatique, mais vous pouvez modifier la configuration du navigateur pour qu&rsquo;il ne les accepte pas.<\/p>\n<h4><span style=\"text-decoration: underline;\"><span style=\"color: #e20026; text-decoration: underline;\">Quel type de cookies utilise ce site?<\/span><\/span><\/h4>\n<p>MONDRAGON ASSEMBLY, S.COOP. utilise les cookies suivants:<\/p>\n<p><strong>Cookies d&rsquo;analyse<\/strong>.- Les cookies d&rsquo;analyse recueillent des informations pour \u00e9valuer l&rsquo;utilisation que vous faites du site et l&rsquo;activit\u00e9 g\u00e9n\u00e9rale de celui-ci. L&rsquo;analyse du site Web consiste \u00e0 mesurer, collecter, analyser et cr\u00e9er des rapports \u00e0 partir des donn\u00e9es Internet dans le but de comprendre et d&rsquo;optimiser l&rsquo;utilisation du site Web. Ce type de cookies est utilis\u00e9 avec le domaine \u00ab mondragon-assembly.com \u00bb.<\/p>\n<p><strong>Cookies d&rsquo;int\u00e9gration de tiers<\/strong>.- Les cookies sociaux sont n\u00e9cessaires aux r\u00e9seaux sociaux externes (Facebook, Google et Twitter). Leur fonction est de contr\u00f4ler l&rsquo;interaction avec les widgets sociaux au sein du site. Ce type de cookies est utilis\u00e9 avec les domaines \u00ab facebook.com \u00bb, \u00ab google.com \u00bb et \u00ab twitter.com \u00bb.<\/p>\n<p><strong>Cookies techniques<\/strong>.- Les cookies techniques sont ceux strictement n\u00e9cessaires \u00e0 l&rsquo;utilisation de ce site Web. Ce type de cookies est utilis\u00e9 avec le domaine \u00ab mondragon-assembly.com \u00bb.<\/p>\n<p><strong>Cookies fonctionnels<\/strong>.- Les cookies fonctionnels sont ceux strictement n\u00e9cessaires pour assurer les prestations de services demand\u00e9es par les usagers sur ce site. Ce type de cookies est utilis\u00e9 avec le domaine \u00ab mondragon-assembly.com \u00bb.<\/p>\n<p>Si vous souhaitez nous faire parvenir un commentaire ou demander plus d&rsquo;information sur l&rsquo;usage de cookies sur notre site, vous pouvez nous contacter par courrier \u00e9lectronique \u00e0 l&rsquo;adresse <a href=\"mailto:info@mondragon-assembly.com\">info@mondragon-assembly.com<\/a>[\/vc_column_text][\/vc_column][\/vc_row]<\/p>\n<\/div>","protected":false},"excerpt":{"rendered":"<p>[vc_row][vc_column][vc_separator][vc_column_text] INFORMATIONS UTILES SUR L&rsquo;UTILISATION DE COOKIES SUR CE SITE WEB Conform\u00e9ment aux dispositions de l&rsquo;article 22.2 de la Loi sur les services de la soci\u00e9t\u00e9 de l&rsquo;information et du commerce \u00e9lectronique (LSSI), et \u00e0 la Directive europ\u00e9enne 2009\/136\/CE, MONDRAGON ASSEMBLY, S.COOP., vous informe que ce site accepte l&rsquo;utilisation de cookies. Qu&rsquo;est-ce qu&rsquo;un cookie? Un [&hellip;]<\/p>\n","protected":false},"author":4,"featured_media":0,"parent":0,"menu_order":0,"comment_status":"closed","ping_status":"closed","template":"sectors.php","meta":{"_lmt_disableupdate":"","_lmt_disable":"","footnotes":""},"yst_prominent_words":[],"class_list":["post-12636","page","type-page","status-publish","hentry"],"acf":[],"_links":{"self":[{"href":"https:\/\/www.mondragon-assembly.com\/fr\/wp-json\/wp\/v2\/pages\/12636","targetHints":{"allow":["GET"]}}],"collection":[{"href":"https:\/\/www.mondragon-assembly.com\/fr\/wp-json\/wp\/v2\/pages"}],"about":[{"href":"https:\/\/www.mondragon-assembly.com\/fr\/wp-json\/wp\/v2\/types\/page"}],"author":[{"embeddable":true,"href":"https:\/\/www.mondragon-assembly.com\/fr\/wp-json\/wp\/v2\/users\/4"}],"replies":[{"embeddable":true,"href":"https:\/\/www.mondragon-assembly.com\/fr\/wp-json\/wp\/v2\/comments?post=12636"}],"version-history":[{"count":1,"href":"https:\/\/www.mondragon-assembly.com\/fr\/wp-json\/wp\/v2\/pages\/12636\/revisions"}],"predecessor-version":[{"id":12644,"href":"https:\/\/www.mondragon-assembly.com\/fr\/wp-json\/wp\/v2\/pages\/12636\/revisions\/12644"}],"wp:attachment":[{"href":"https:\/\/www.mondragon-assembly.com\/fr\/wp-json\/wp\/v2\/media?parent=12636"}],"wp:term":[{"taxonomy":"yst_prominent_words","embeddable":true,"href":"https:\/\/www.mondragon-assembly.com\/fr\/wp-json\/wp\/v2\/yst_prominent_words?post=12636"}],"curies":[{"name":"wp","href":"https:\/\/api.w.org\/{rel}","templated":true}]}}