{"id":12656,"date":"2016-05-26T08:17:09","date_gmt":"2016-05-26T06:17:09","guid":{"rendered":"https:\/\/www.mondragon-assembly.com\/fr\/?page_id=12656"},"modified":"2016-06-27T11:08:54","modified_gmt":"2016-06-27T09:08:54","slug":"politique-de-confidentialite","status":"publish","type":"page","link":"https:\/\/www.mondragon-assembly.com\/fr\/politique-de-confidentialite\/","title":{"rendered":"Politique de Confidentialit\u00e9"},"content":{"rendered":"<div class=\"wpb-content-wrapper\"><p>[vc_row][vc_column][vc_separator][vc_column_text]<span style=\"text-decoration: underline; color: #e20026;\">PROTECTION DES DONN\u00c9ES PERSONNELLES<\/span><br \/>\n\u00c0 travers son site, Mondragon Assembly S.Coop. ne collecte aucune donn\u00e9e personnelle sans votre connaissance, ni ne les c\u00e8de \u00e0 des tiers.<\/p>\n<p><span style=\"text-decoration: underline; color: #e20026;\">CONTACTS<\/span><br \/>\nParticuli\u00e8rement soucieux de la s\u00e9curit\u00e9 et de la confidentialit\u00e9 des donn\u00e9es apport\u00e9es par ses clients\/usagers, Mondragon Assembly S.Coop. garantit la s\u00e9curit\u00e9 et la confidentialit\u00e9 des informations que vous nous fournissez.<br \/>\nLes donn\u00e9es \u00e0 caract\u00e8re personnel fournies par courrier \u00e9lectronique en remplissant le formulaire disponible dans la section Contacts ne sont pas conserv\u00e9es dans des fichiers ou des bases de donn\u00e9es. Elles sont uniquement collect\u00e9es dans le but de pouvoir r\u00e9pondre \u00e0 la demande.<br \/>\nEn application de l&rsquo;article 4 de la Loi Organique 15\/1999, du 13 d\u00e9cembre, sur la protection des donn\u00e9es \u00e0 caract\u00e8re personnel (LOPD), ces donn\u00e9es seront annul\u00e9es une fois remplie la fonction pour laquelle elles ont \u00e9t\u00e9 collect\u00e9es.<\/p>\n<p><span style=\"text-decoration: underline; color: #e20026;\">LIENS<br \/>\n<\/span>La Politique de confidentialit\u00e9 ici pr\u00e9sent\u00e9e ne concerne que le site web de Mondragon Assembly S.Coop. et n&rsquo;est pas garantie pour les acc\u00e8s par le biais de liens avec ce site, ni de liens de ce site vers d&rsquo;autres sites Web.[\/vc_column_text][\/vc_column][\/vc_row]<\/p>\n<\/div>","protected":false},"excerpt":{"rendered":"<p>[vc_row][vc_column][vc_separator][vc_column_text]PROTECTION DES DONN\u00c9ES PERSONNELLES \u00c0 travers son site, Mondragon Assembly S.Coop. ne collecte aucune donn\u00e9e personnelle sans votre connaissance, ni ne les c\u00e8de \u00e0 des tiers. CONTACTS Particuli\u00e8rement soucieux de la s\u00e9curit\u00e9 et de la confidentialit\u00e9 des donn\u00e9es apport\u00e9es par ses clients\/usagers, Mondragon Assembly S.Coop. garantit la s\u00e9curit\u00e9 et la confidentialit\u00e9 des informations que vous [&hellip;]<\/p>\n","protected":false},"author":4,"featured_media":0,"parent":0,"menu_order":0,"comment_status":"closed","ping_status":"closed","template":"sectors.php","meta":{"_lmt_disableupdate":"","_lmt_disable":"","footnotes":""},"yst_prominent_words":[],"class_list":["post-12656","page","type-page","status-publish","hentry"],"acf":[],"_links":{"self":[{"href":"https:\/\/www.mondragon-assembly.com\/fr\/wp-json\/wp\/v2\/pages\/12656","targetHints":{"allow":["GET"]}}],"collection":[{"href":"https:\/\/www.mondragon-assembly.com\/fr\/wp-json\/wp\/v2\/pages"}],"about":[{"href":"https:\/\/www.mondragon-assembly.com\/fr\/wp-json\/wp\/v2\/types\/page"}],"author":[{"embeddable":true,"href":"https:\/\/www.mondragon-assembly.com\/fr\/wp-json\/wp\/v2\/users\/4"}],"replies":[{"embeddable":true,"href":"https:\/\/www.mondragon-assembly.com\/fr\/wp-json\/wp\/v2\/comments?post=12656"}],"version-history":[{"count":1,"href":"https:\/\/www.mondragon-assembly.com\/fr\/wp-json\/wp\/v2\/pages\/12656\/revisions"}],"predecessor-version":[{"id":12662,"href":"https:\/\/www.mondragon-assembly.com\/fr\/wp-json\/wp\/v2\/pages\/12656\/revisions\/12662"}],"wp:attachment":[{"href":"https:\/\/www.mondragon-assembly.com\/fr\/wp-json\/wp\/v2\/media?parent=12656"}],"wp:term":[{"taxonomy":"yst_prominent_words","embeddable":true,"href":"https:\/\/www.mondragon-assembly.com\/fr\/wp-json\/wp\/v2\/yst_prominent_words?post=12656"}],"curies":[{"name":"wp","href":"https:\/\/api.w.org\/{rel}","templated":true}]}}